{"id":97793,"date":"2026-03-20T09:12:23","date_gmt":"2026-03-20T09:12:23","guid":{"rendered":"https:\/\/soydeaqui.ddns.net\/pachuca\/index.php\/producto\/switch-gigabit-poe-administrable-24-puertos-1000-mbps-poe-1-puerto-1000-mbps-uplink-1-puertos-sfp-uplink-configuracion-nube-hik-partner-pro-modo-extendido-hasta-300-metros-230-w\/"},"modified":"2026-03-20T09:12:25","modified_gmt":"2026-03-20T09:12:25","slug":"switch-gigabit-poe-administrable-24-puertos-1000-mbps-poe-1-puerto-1000-mbps-uplink-1-puertos-sfp-uplink-configuracion-nube-hik-partner-pro-modo-extendido-hasta-300-metros-230-w","status":"publish","type":"product","link":"https:\/\/soydeaqui.ddns.net\/pachuca\/index.php\/producto\/switch-gigabit-poe-administrable-24-puertos-1000-mbps-poe-1-puerto-1000-mbps-uplink-1-puertos-sfp-uplink-configuracion-nube-hik-partner-pro-modo-extendido-hasta-300-metros-230-w\/","title":{"rendered":"Switch Gigabit PoE+ \/ Administrable \/ 24 Puertos 1000 Mbps PoE+ \/ 1 Puerto 1000 Mbps Uplink  \/ 1 Puertos SFP Uplink \/ Configuraci\u00f3n Nube Hik-Partner Pro \/ Modo Extendido hasta 300 Metros \/ 230 W"},"content":{"rendered":"<div style='width: 100%; max-width: 1200px; margin: 0 auto; font-family: sans-serif; line-height: 1.6; color: inherit; background-color: transparent;'>\n<p style='text-align: center; margin: 0; padding: 0;'> <img style='width: 45%; height: auto; border: 1px solid rgba(150&comma;150&comma;150&comma;0.3); border-radius: 8px;' src='https:\/\/ftp3.syscom.mx\/usuarios\/jsosa\/HIKVISION\/imagenes\/logo\/hikvision%20see%20far.png' alt='Logo Hikvision'> <\/p>\n<div style='position: relative; padding-bottom: 56.25%; height: 0; overflow: hidden; margin: 30px 0;'>   <\/div>\n<div style='display: flex; flex-wrap: wrap; gap: 30px; margin: 30px 0;'>\n<div style='flex: 1 1 300px; min-width: 280px;'>\n<h4 style='font-size: 18px; border-bottom: 2px solid currentColor; padding-bottom: 5px; margin-top: 0; color: inherit; opacity: 0.8; text-align: center;'>\u00bfQu\u00e9 es Hik-Partner Pro?<\/h4>\n<div style='position: relative; padding-bottom: 56.25%; height: 0; overflow: hidden;'>   <\/div>\n<\/p><\/div>\n<div style='flex: 1 1 300px; min-width: 280px;'>\n<h4 style='font-size: 18px; border-bottom: 2px solid currentColor; padding-bottom: 5px; margin-top: 0; color: inherit; opacity: 0.8; text-align: center;'>Activa tus Equipos en 3 Pasos<\/h4>\n<div style='position: relative; padding-bottom: 56.25%; height: 0; overflow: hidden;'>   <\/div>\n<\/p><\/div>\n<div style='flex: 1 1 300px; min-width: 280px;'>\n<h4 style='font-size: 18px; border-bottom: 2px solid currentColor; padding-bottom: 5px; margin-top: 0; color: inherit; opacity: 0.8; text-align: center;'>\u00a1Vincula tus dispositivos!<\/h4>\n<div style='position: relative; padding-bottom: 56.25%; height: 0; overflow: hidden;'>   <\/div>\n<\/p><\/div>\n<\/p><\/div>\n<h1 style='font-size: 24px; color: #232a6f; text-align: center; margin: 30px 0;'>Especif\u00edcaciones<\/h1>\n<div style='display: flex; flex-wrap: wrap; gap: 20px; margin: 30px 0;'>\n<div style='flex: 1 1 250px; border: 1px solid rgba(150&comma; 150&comma; 150&comma; 0.4); border-radius: 8px; overflow: hidden; display: flex; flex-direction: column;'>\n<div style='padding: 15px; border-bottom: 1px solid rgba(150&comma; 150&comma; 150&comma; 0.2); font-weight: bold; font-size: 16px; background: #df001e; color: #ffffff;'>Caracter\u00edsticas Principales:<\/div>\n<div style='padding: 15px; color: inherit;'>\n<ul style='padding-left: 20px; margin: 0; font-size: 14px; list-style-type: disc;'>\n<li style='margin-bottom: 5px;'>Switch de 24 puertos 10 \/ 100 \/ 1000 Mbps PoE<\/li>\n<li style='margin-bottom: 5px;'>1 Puerto UPLINK 10 \/ 100 \/ 1000 Mbps<\/li>\n<li style='margin-bottom: 5px;'>1 Puerto SFP (trasnceptores compatibles <a style='color: inherit; text-decoration: none;' href='https:\/\/www.syscom.mx\/producto\/HK-SFP-1.25G-20-1310-DF-HIKVISION-191779.html' target='_blank' rel='noopener'><strong>HK-SFP-1.25G-20-1310-DF<\/strong><\/a> \/ <a style='color: inherit; text-decoration: none;' href='https:\/\/www.syscom.mx\/producto\/HK-SFP-1.25G-1310-DF-MM-HIKVISION-170393.html' target='_blank' rel='noopener'><strong>HK-SFP-1.25G-1310-DF-MM<\/strong><\/a>)<\/li>\n<li style='margin-bottom: 5px;'>Monitoreo y control de datos en puertos importantes<\/li>\n<li style='margin-bottom: 5px;'>Modo Extendido HASTA 300 Metros<\/li>\n<li style='margin-bottom: 5px;'>Optimizacion de bufer para garantizar la transmisi\u00f3n de video<\/li>\n<li style='margin-bottom: 5px;'><strong>Gestion WEB desde la IP (192.168.1.64)<\/strong><\/li>\n<li style='margin-bottom: 5px;'>Administraci\u00f3n desde <strong>HikPartner Pro<\/strong><\/li>\n<li style='margin-bottom: 5px;'><strong>Tasa de reenvio de paquetes 41.66 MPPS<\/strong><\/li>\n<\/ul><\/div>\n<\/p><\/div>\n<div style='flex: 1 1 250px; border: 1px solid rgba(150&comma; 150&comma; 150&comma; 0.4); border-radius: 8px; overflow: hidden; display: flex; flex-direction: column;'>\n<div style='padding: 15px; border-bottom: 1px solid rgba(150&comma; 150&comma; 150&comma; 0.2); font-weight: bold; font-size: 16px; background: #df001e; color: #ffffff;'>Caracter\u00edsticas F\u00edsicas y El\u00e9ctricas:<\/div>\n<div style='padding: 15px; color: inherit;'>\n<ul style='padding-left: 20px; margin: 0; font-size: 14px; list-style-type: disc;'>\n<li style='margin-bottom: 5px;'>Capacidad m\u00e1xima de Watts: 230 W<\/li>\n<li style='margin-bottom: 5px;'>Administraci\u00f3n m\u00e1xima de Watts por puerto: 30 W<\/li>\n<li style='margin-bottom: 5px;'>24 puerto PoE 802.3af\/at<\/li>\n<li style='margin-bottom: 5px;'>Alimentaci\u00f3n: 100-240 V AC&comma; 4 A (Incluye fuente de alimentaci\u00f3n)<\/li>\n<li style='margin-bottom: 5px;'>Dimensiones: 440.0 mm \u00d7 220.8 mm \u00d7 44.0 mm<\/li>\n<li style='margin-bottom: 5px;'>Peso: 3.20 Kg<\/li>\n<\/ul><\/div>\n<\/p><\/div>\n<\/p><\/div>\n<div style='display: flex; flex-wrap: wrap; gap: 20px; margin: 30px 0;'>\n<div style='flex: 1 1 250px; border: 1px solid rgba(150&comma; 150&comma; 150&comma; 0.4); border-radius: 8px; overflow: hidden; display: flex; flex-direction: column;'>\n<div style='padding: 15px; border-bottom: 1px solid rgba(150&comma; 150&comma; 150&comma; 0.2); font-weight: bold; font-size: 16px; background: #df001e; color: #ffffff;'>Caracter\u00edsticas Avanzadas<\/div>\n<div style='padding: 15px; color: inherit;'>\n<ul style='padding-left: 20px; margin: 0; font-size: 14px; list-style-type: disc;'>\n<li style='margin-bottom: 5px;'><strong>Aislado de puertos<\/strong><\/li>\n<li style='margin-bottom: 5px;'><strong>PoE Watchdog<\/strong><\/li>\n<li style='margin-bottom: 5px;'><strong>Link Aggregation<\/strong><\/li>\n<li style='margin-bottom: 5px;'><strong>Prevencion de loop<\/strong><\/li>\n<li style='margin-bottom: 5px;'><strong>VLAN&#8217;S<\/strong><\/li>\n<\/ul><\/div>\n<\/p><\/div>\n<\/p><\/div>\n<div style='display: flex; flex-wrap: wrap; gap: 20px; margin: 30px 0;'>\n<div style='flex: 1 1 250px; border: 1px solid rgba(150&comma; 150&comma; 150&comma; 0.4); border-radius: 8px; overflow: hidden; display: flex; flex-direction: column;'>\n<div style='padding: 15px; border-bottom: 1px solid rgba(150&comma; 150&comma; 150&comma; 0.2); font-weight: bold; font-size: 16px; background: #df001e; color: #ffffff;'>Consideraciones<\/div>\n<div style='padding: 15px; color: inherit;'>\n<ul style='padding-left: 20px; margin: 0; font-size: 14px; list-style-type: disc;'>\n<li style='margin-bottom: 5px;'>Nota: Las distancias del modo extendido pueden variar seg\u00fan las condiciones de instalaci\u00f3n y los dispositivos utilizados&comma; es necesario usar cable UTP CAT 6 100% COBRE<\/li>\n<li style='margin-bottom: 5px;'>El modo extendido y el extensor PoE solo soportan equipos que trabaje con el estandar PoE (IEEE 802.3af\/at)<\/li>\n<li style='margin-bottom: 5px;'>El switch suministra PoE Estandarizado (PoE Activo) no puede alimentar equipos que manejen PoE Pasivo<\/li>\n<li style='margin-bottom: 5px;'>El Switch cuenta con un <strong>bot\u00f3n<\/strong> para regresar a valores de fabrica (es necesario dejar presionado por 10 seg)<\/li>\n<li style='margin-bottom: 5px; color: #e74c3c;'><strong>Montable en rack<\/strong><\/li>\n<\/ul><\/div>\n<\/p><\/div>\n<\/p><\/div>\n<h3 style='font-size: 18px; color: inherit; text-align: center; margin: 30px 0;'><strong>Distancias Modo Extendido<\/strong><\/h3>\n<p style='text-align: center; margin: 20px 0; padding: 0;'> <img style='width: 100%; height: auto; border: 1px solid rgba(150&comma;150&comma;150&comma;0.3); border-radius: 8px;' src='https:\/\/ftp3.syscom.mx\/usuarios\/jsosa\/HIKVISION\/redes\/poeextended.PNG' alt='Distancias Modo Extendido'> <\/p>\n<h3 style='font-size: 18px; color: inherit; text-align: center; margin: 30px 0;'><strong>Funcionamiento PoE Extended<\/strong><\/h3>\n<p style='margin: 20px 0;'> <span style='font-family: verdana&comma; geneva&comma; sans-serif;'>Los Switches PoE de Hikvision permiten al momento de utilizar un extensor PoE Hikvision modelo <a style='color: inherit; text-decoration: none;' href='https:\/\/www.syscom.mx\/producto\/DS-3E0103DP-E-R-HIKVISION-230170.html'>DS-3E0103DP-E\/R<\/a> o <a style='color: inherit; text-decoration: none;' href='https:\/\/www.syscom.mx\/producto\/DS-3E0503DP-E-R-HIKVISION-230171.html'>DS-3E0503DP-E\/R<\/a> alcanzar distancias de hasta <strong>200 metros<\/strong><\/span> <\/p>\n<p style='text-align: center; margin: 20px 0; padding: 0;'> <img style='width: 100%; height: auto; border: 1px solid rgba(150&comma;150&comma;150&comma;0.3); border-radius: 8px;' src='https:\/\/ftp3.syscom.mx\/usuarios\/alexh\/Hikvision\/imagen\/Distancias.PNG' alt='Distancias'> <\/p>\n<\/p><\/div>\n","protected":false},"excerpt":{"rendered":"<p>Switch Gigabit PoE+ \/ Administrable \/ 24 Puertos 1000 Mbps PoE+ \/ 1 Puerto 1000 Mbps Uplink  \/ 1 Puertos SFP Uplink \/ Configuraci\u00f3n Nube Hik-Partner Pro \/ Modo Extendido hasta 300 Metros \/ 230 W<\/p>\n","protected":false},"featured_media":97792,"comment_status":"open","ping_status":"closed","template":"","meta":[],"product_brand":[],"product_cat":[1986],"product_tag":[54,664,1987],"class_list":{"0":"post-97793","1":"product","2":"type-product","3":"status-publish","4":"has-post-thumbnail","6":"product_cat-switches-poe","7":"product_tag-hikvision","8":"product_tag-networking","9":"product_tag-switches-poe","11":"first","12":"instock","13":"sale","14":"shipping-taxable","15":"purchasable","16":"product-type-simple"},"_links":{"self":[{"href":"https:\/\/soydeaqui.ddns.net\/pachuca\/index.php\/wp-json\/wp\/v2\/product\/97793","targetHints":{"allow":["GET"]}}],"collection":[{"href":"https:\/\/soydeaqui.ddns.net\/pachuca\/index.php\/wp-json\/wp\/v2\/product"}],"about":[{"href":"https:\/\/soydeaqui.ddns.net\/pachuca\/index.php\/wp-json\/wp\/v2\/types\/product"}],"replies":[{"embeddable":true,"href":"https:\/\/soydeaqui.ddns.net\/pachuca\/index.php\/wp-json\/wp\/v2\/comments?post=97793"}],"wp:featuredmedia":[{"embeddable":true,"href":"https:\/\/soydeaqui.ddns.net\/pachuca\/index.php\/wp-json\/wp\/v2\/media\/97792"}],"wp:attachment":[{"href":"https:\/\/soydeaqui.ddns.net\/pachuca\/index.php\/wp-json\/wp\/v2\/media?parent=97793"}],"wp:term":[{"taxonomy":"product_brand","embeddable":true,"href":"https:\/\/soydeaqui.ddns.net\/pachuca\/index.php\/wp-json\/wp\/v2\/product_brand?post=97793"},{"taxonomy":"product_cat","embeddable":true,"href":"https:\/\/soydeaqui.ddns.net\/pachuca\/index.php\/wp-json\/wp\/v2\/product_cat?post=97793"},{"taxonomy":"product_tag","embeddable":true,"href":"https:\/\/soydeaqui.ddns.net\/pachuca\/index.php\/wp-json\/wp\/v2\/product_tag?post=97793"}],"curies":[{"name":"wp","href":"https:\/\/api.w.org\/{rel}","templated":true}]}}