{"id":97789,"date":"2026-03-20T09:12:11","date_gmt":"2026-03-20T09:12:11","guid":{"rendered":"https:\/\/soydeaqui.ddns.net\/pachuca\/index.php\/producto\/carrete-de-2-km-de-fibra-ptica-drop-plana-interior-exterior-g-657a2-monomodo-de-2-hilos-bifibra-dielctrica-forro-negro-no-soporta-conectores-mecnicos\/"},"modified":"2026-03-20T09:12:19","modified_gmt":"2026-03-20T09:12:19","slug":"carrete-de-2-km-de-fibra-ptica-drop-plana-interior-exterior-g-657a2-monomodo-de-2-hilos-bifibra-dielctrica-forro-negro-no-soporta-conectores-mecnicos","status":"publish","type":"product","link":"https:\/\/soydeaqui.ddns.net\/pachuca\/index.php\/producto\/carrete-de-2-km-de-fibra-ptica-drop-plana-interior-exterior-g-657a2-monomodo-de-2-hilos-bifibra-dielctrica-forro-negro-no-soporta-conectores-mecnicos\/","title":{"rendered":"Carrete de 2 km de Fibra ?ptica Drop Plana, Interior\/Exterior G.657A2 Monomodo de 2 Hilos (Bifibra), Diel?ctrica, Forro Negro, (No Soporta Conectores Mec?nicos)"},"content":{"rendered":"<div style='width: 100%; max-width: 1200px; margin: 0 auto; font-family: sans-serif; line-height: 1.6; color: inherit; background-color: transparent;'>\n<div style='display: flex; flex-wrap: wrap; gap: 30px; margin-bottom: 30px;'>\n<div style='flex: 1 1 300px; min-width: 280px;'>\n<h3 style='font-size: 22px; border-bottom: 2px solid currentColor; padding-bottom: 5px; margin-top: 0; color: inherit; opacity: 0.8;'>Descripci\u00f3n<\/h3>\n<p style='margin: 15px 0; color: inherit;'>El cable de fibra \u00f3ptica tipo Drop&comma; es ideal para instalaciones en interiores o exteriores dentro de canalizaciones.<\/p>\n<p style='margin: 15px 0; color: inherit;'>*Precio por carrete de 2 km<\/p>\n<p style='margin: 15px 0; color: inherit;'><strong>NOTA:<\/strong> Esta fibra no soporta conectores mec\u00e1nicos&comma; est\u00e1 dise\u00f1ada para fusionarse con pigtails.<\/p>\n<\/p><\/div>\n<\/p><\/div>\n<div style='display: flex; flex-wrap: wrap; gap: 20px; margin-bottom: 30px;'>\n<div style='flex: 1 1 250px; border: 1px solid rgba(150&comma; 150&comma; 150&comma; 0.4); border-radius: 8px; overflow: hidden; display: flex; flex-direction: column;'>\n<div style='padding: 15px; border-bottom: 1px solid rgba(150&comma; 150&comma; 150&comma; 0.2); font-weight: bold; font-size: 18px; color: inherit;'>Caracter\u00edsticas<\/div>\n<div style='padding: 15px; color: inherit;'>\n<ul style='padding-left: 20px; margin: 0; font-size: 14px; list-style-type: disc; color: inherit;'>\n<li style='margin-bottom: 5px;'>Fibra \u00d3ptica Drop G.657A2 plana BIF (insensible a las curvaturas)<\/li>\n<li style='margin-bottom: 5px;'>Forro: LSZH (Bajo Humo&comma; Cero Hal\u00f3genos)<\/li>\n<li style='margin-bottom: 5px;'>Tensi\u00f3n M\u00e1xima: 80N<\/li>\n<li style='margin-bottom: 5px;'>Aplicaciones: Interior\/Exterior (No A\u00e9rea)<\/li>\n<li style='margin-bottom: 5px;'>Rango de Temperatura: -20\u00b0C a +60\u00b0C<\/li>\n<li style='margin-bottom: 5px;'>Peso (kg\/km): 12 \u00b1 3 kg\/km<\/li>\n<li style='margin-bottom: 5px;'>2 hilos (bifibra)<\/li>\n<li style='margin-bottom: 5px;'>Di\u00e1metro: 2 \u00b1 0.3 mm (H) x 3 \u00b1 0.3 mm<\/li>\n<li style='margin-bottom: 5px;'>Radio m\u00ednimo de curvatura: Instalaci\u00f3n 30H&comma; Operaci\u00f3n 15H<\/li>\n<li style='margin-bottom: 5px;'>Resistencia al aplastamiento: 1000N\/10cm<\/li>\n<\/ul><\/div>\n<\/p><\/div>\n<div style='flex: 1 1 250px; border: 1px solid rgba(150&comma; 150&comma; 150&comma; 0.4); border-radius: 8px; overflow: hidden; display: flex; flex-direction: column;'>\n<div style='padding: 15px; border-bottom: 1px solid rgba(150&comma; 150&comma; 150&comma; 0.2); font-weight: bold; font-size: 18px; color: inherit;'>Especificaciones<\/div>\n<div style='padding: 15px; color: inherit;'>\n<ul style='padding-left: 20px; margin: 0; font-size: 14px; list-style-type: disc; color: inherit;'>\n<li style='margin-bottom: 5px;'><strong>Norma:<\/strong> G.657A2<\/li>\n<li style='margin-bottom: 5px;'><strong>Tipo:<\/strong> Monomodo<\/li>\n<li style='margin-bottom: 5px;'><strong>Construcci\u00f3n:<\/strong> Diel\u00e9ctrica<\/li>\n<li style='margin-bottom: 5px;'><strong>Forro:<\/strong> Negro<\/li>\n<li style='margin-bottom: 5px;'><strong>Longitud:<\/strong> 2 km<\/li>\n<\/ul><\/div>\n<\/p><\/div>\n<div style='flex: 1 1 250px; border: 1px solid rgba(150&comma; 150&comma; 150&comma; 0.4); border-radius: 8px; overflow: hidden; display: flex; flex-direction: column;'>\n<div style='padding: 15px; border-bottom: 1px solid rgba(150&comma; 150&comma; 150&comma; 0.2); font-weight: bold; font-size: 18px; color: inherit;'>Aplicaciones<\/div>\n<div style='padding: 15px; color: inherit;'>\n<ul style='padding-left: 20px; margin: 0; font-size: 14px; list-style-type: disc; color: inherit;'>\n<li style='margin-bottom: 5px;'>Redes FTTH<\/li>\n<li style='margin-bottom: 5px;'>Distribuci\u00f3n interior\/exterior de fibra \u00f3ptica<\/li>\n<li style='margin-bottom: 5px;'>Instalaciones en canalizaciones<\/li>\n<\/ul><\/div>\n<\/p><\/div>\n<\/p><\/div>\n<div style='display: flex; flex-wrap: wrap; gap: 30px; margin-bottom: 30px;'>\n<div style='flex: 1 1 300px; min-width: 280px;'>\n<h3 style='font-size: 22px; border-bottom: 2px solid currentColor; padding-bottom: 5px; margin-top: 0; color: inherit; opacity: 0.8;'>Secci\u00f3n Transversal<\/h3>\n<p> <img style='width: 100%; height: auto; border: 1px solid rgba(150&comma;150&comma;150&comma;0.3); border-radius: 8px;' src='https:\/\/ftp3.syscom.mx\/usuarios\/orobles\/FiberHome\/Fibra\/Seccion-Transversal-H.JPG' alt='Secci\u00f3n transversal de la fibra \u00f3ptica'> <\/div>\n<\/p><\/div>\n<\/p><\/div>\n","protected":false},"excerpt":{"rendered":"<p>Carrete de 2 km de Fibra ?ptica Drop Plana, Interior\/Exterior G.657A2 Monomodo de 2 Hilos (Bifibra), Diel?ctrica, Forro Negro, (No Soporta Conectores Mec?nicos)<\/p>\n","protected":false},"featured_media":97788,"comment_status":"open","ping_status":"closed","template":"","meta":[],"product_brand":[],"product_cat":[625],"product_tag":[488,611,435],"class_list":{"0":"post-97789","1":"product","2":"type-product","3":"status-publish","4":"has-post-thumbnail","6":"product_cat-fibra-optica-cables-y-conectores","7":"product_tag-cables-y-conectores","8":"product_tag-fibra-optica","9":"product_tag-linkedpro-by-epcom","11":"first","12":"instock","13":"sale","14":"shipping-taxable","15":"purchasable","16":"product-type-simple"},"_links":{"self":[{"href":"https:\/\/soydeaqui.ddns.net\/pachuca\/index.php\/wp-json\/wp\/v2\/product\/97789","targetHints":{"allow":["GET"]}}],"collection":[{"href":"https:\/\/soydeaqui.ddns.net\/pachuca\/index.php\/wp-json\/wp\/v2\/product"}],"about":[{"href":"https:\/\/soydeaqui.ddns.net\/pachuca\/index.php\/wp-json\/wp\/v2\/types\/product"}],"replies":[{"embeddable":true,"href":"https:\/\/soydeaqui.ddns.net\/pachuca\/index.php\/wp-json\/wp\/v2\/comments?post=97789"}],"wp:featuredmedia":[{"embeddable":true,"href":"https:\/\/soydeaqui.ddns.net\/pachuca\/index.php\/wp-json\/wp\/v2\/media\/97788"}],"wp:attachment":[{"href":"https:\/\/soydeaqui.ddns.net\/pachuca\/index.php\/wp-json\/wp\/v2\/media?parent=97789"}],"wp:term":[{"taxonomy":"product_brand","embeddable":true,"href":"https:\/\/soydeaqui.ddns.net\/pachuca\/index.php\/wp-json\/wp\/v2\/product_brand?post=97789"},{"taxonomy":"product_cat","embeddable":true,"href":"https:\/\/soydeaqui.ddns.net\/pachuca\/index.php\/wp-json\/wp\/v2\/product_cat?post=97789"},{"taxonomy":"product_tag","embeddable":true,"href":"https:\/\/soydeaqui.ddns.net\/pachuca\/index.php\/wp-json\/wp\/v2\/product_tag?post=97789"}],"curies":[{"name":"wp","href":"https:\/\/api.w.org\/{rel}","templated":true}]}}