{"id":97785,"date":"2026-03-20T09:12:01","date_gmt":"2026-03-20T09:12:01","guid":{"rendered":"https:\/\/soydeaqui.ddns.net\/pachuca\/index.php\/producto\/carrete-de-2-kilmetros-de-fibra-ptica-drop-plana-interior-exterior-g-657a2-monomodo-de-1-hilo-unifibra-dielctrica-forro-negro-compatible-con-conectores-fasc-fascup-fasclc\/"},"modified":"2026-03-20T09:12:09","modified_gmt":"2026-03-20T09:12:09","slug":"carrete-de-2-kilmetros-de-fibra-ptica-drop-plana-interior-exterior-g-657a2-monomodo-de-1-hilo-unifibra-dielctrica-forro-negro-compatible-con-conectores-fasc-fascup-fasclc","status":"publish","type":"product","link":"https:\/\/soydeaqui.ddns.net\/pachuca\/index.php\/producto\/carrete-de-2-kilmetros-de-fibra-ptica-drop-plana-interior-exterior-g-657a2-monomodo-de-1-hilo-unifibra-dielctrica-forro-negro-compatible-con-conectores-fasc-fascup-fasclc\/","title":{"rendered":"Carrete de 2 Kil?metros de Fibra ?ptica Drop Plana, Interior\/Exterior G.657A2 Monomodo de 1 Hilo (Unifibra), Diel?ctrica, Forro Negro, Compatible con Conectores FASC, FASCUP, FASCLC"},"content":{"rendered":"<div style='width: 100%; max-width: 1200px; margin: 0 auto; font-family: sans-serif; line-height: 1.6; color: inherit; background-color: transparent;'>\n<div style='display: flex; flex-wrap: wrap; gap: 30px; margin-bottom: 30px;'>\n<div style='flex: 1 1 300px; min-width: 280px;'>\n<h3 style='font-size: 22px; border-bottom: 2px solid currentColor; padding-bottom: 5px; margin-top: 0; color: inherit; opacity: 0.8;'>Caracter\u00edsticas del producto<\/h3>\n<ul style='padding-left: 20px; font-size: 15px; color: inherit;'>\n<li style='margin-bottom: 5px;'><span>Fibra \u00d3ptica Drop G.657A2 plana BIF (insensible a las curvaturas)<\/span><\/li>\n<li style='margin-bottom: 5px;'><span>Forro: LSZH (Bajo Humo&comma; Cero Hal\u00f3genos)<\/span><\/li>\n<li style='margin-bottom: 5px;'><span>Tensi\u00f3n Maxima: 80N<\/span><\/li>\n<li style='margin-bottom: 5px;'><span>Aplicaciones: Interior\/Exterior (No A\u00e9rea)<\/span><\/li>\n<li style='margin-bottom: 5px;'><span>Rango de Temperatura: -20\u00b0C a +60\u00b0C<\/span><\/li>\n<li style='margin-bottom: 5px;'><span>Peso (kg\/km): 12 \u00b1 3 kg\/km<\/span><\/li>\n<li style='margin-bottom: 5px;'><span>1 hilo (unifibra)<\/span><\/li>\n<li style='margin-bottom: 5px;'><span>Di\u00e1metro: 2 \u00b1 0.3 mm (H) x 3 \u00b1 0.3 mm<\/span><\/li>\n<li style='margin-bottom: 5px;'><span>Radio m\u00ednimo de curvatura: Instalaci\u00f3n 30H&comma; Operaci\u00f3n 15H<\/span><\/li>\n<li style='margin-bottom: 5px;'><span>Resistencia al aplastamiento: 1000N\/10cm<\/span><\/li>\n<\/ul><\/div>\n<\/p><\/div>\n<div style='display: flex; flex-wrap: wrap; gap: 20px; margin-bottom: 30px;'>\n<div style='flex: 1 1 250px; border: 1px solid rgba(150&comma; 150&comma; 150&comma; 0.4); border-radius: 8px; overflow: hidden; display: flex; flex-direction: column;'>\n<div style='padding: 15px; border-bottom: 1px solid rgba(150&comma; 150&comma; 150&comma; 0.2); font-weight: bold; font-size: 18px; color: inherit;'>Compatibilidad<\/div>\n<div style='padding: 15px; color: inherit;'>\n<ul style='padding-left: 20px; margin: 0; font-size: 14px; list-style-type: disc;'>\n<li style='margin-bottom: 5px;'><span>FASC<\/span><\/li>\n<li style='margin-bottom: 5px;'><span>FASCUPC<\/span><\/li>\n<li style='margin-bottom: 5px;'><span>LP-SM-SCUPC<\/span><\/li>\n<li style='margin-bottom: 5px;'><span>LP-SM-SCAPC<\/span><\/li>\n<li style='margin-bottom: 5px;'><span>FASC-LC<\/span><\/li>\n<\/ul><\/div>\n<\/p><\/div>\n<div style='flex: 1 1 250px; border: 1px solid rgba(150&comma; 150&comma; 150&comma; 0.4); border-radius: 8px; overflow: hidden; display: flex; flex-direction: column;'>\n<div style='padding: 15px; border-bottom: 1px solid rgba(150&comma; 150&comma; 150&comma; 0.2); font-weight: bold; font-size: 18px; color: inherit;'>Especificaciones<\/div>\n<div style='padding: 15px; color: inherit;'>\n<ul style='padding-left: 20px; margin: 0; font-size: 14px; list-style-type: disc;'>\n<li style='margin-bottom: 5px;'><strong>Longitud:<\/strong> 2 km<\/li>\n<li style='margin-bottom: 5px;'><strong>Tipo:<\/strong> Drop plana<\/li>\n<li style='margin-bottom: 5px;'><strong>Est\u00e1ndar:<\/strong> G.657A2<\/li>\n<li style='margin-bottom: 5px;'><strong>Tipo de fibra:<\/strong> Monomodo<\/li>\n<li style='margin-bottom: 5px;'><strong>Material:<\/strong> Diel\u00e9ctrica<\/li>\n<li style='margin-bottom: 5px;'><strong>Color:<\/strong> Negro<\/li>\n<\/ul><\/div>\n<\/p><\/div>\n<\/p><\/div>\n<div style='margin-bottom: 30px;'>\n<div style='display: flex; flex-wrap: wrap; gap: 15px; justify-content: center;'> <img style='width: 100%; max-width: 300px; height: auto; border: 1px solid rgba(150&comma;150&comma;150&comma;0.3); border-radius: 8px;' src='https:\/\/ftp3.syscom.mx\/usuarios\/orobles\/FiberHome\/Fibra\/Seccion-Transversal-H.JPG' alt='Secci\u00f3n transversal fibra \u00f3ptica'> <img style='width: 100%; max-width: 300px; height: auto; border: 1px solid rgba(150&comma;150&comma;150&comma;0.3); border-radius: 8px;' src='https:\/\/ftp3.syscom.mx\/usuarios\/orobles\/FiberHome\/ICDROPA21C-1.JPG' alt='Fibra \u00f3ptica Drop plana'> <img style='width: 100%; max-width: 300px; height: auto; border: 1px solid rgba(150&comma;150&comma;150&comma;0.3); border-radius: 8px;' src='https:\/\/ftp3.syscom.mx\/usuarios\/orobles\/FiberHome\/ICDROPA21C-1.png' alt='Fibra \u00f3ptica Drop plana'> <\/div>\n<\/p><\/div>\n<div style='margin-bottom: 30px; text-align: center;'>\n<h3 style='font-size: 22px; border-bottom: 2px solid currentColor; padding-bottom: 5px; margin-top: 0; margin-bottom: 20px; color: inherit; opacity: 0.8; display: inline-block;'>Instalaci\u00f3n<\/h3>\n<\/p><\/div>\n<div style='display: flex; flex-wrap: wrap; gap: 30px; margin-bottom: 30px;'>\n<div style='flex: 1 1 400px; min-width: 300px;'>\n<div style='position: relative; padding-bottom: 56.25%; height: 0; overflow: hidden; margin-bottom: 30px;'>   <\/div>\n<\/p><\/div>\n<div style='flex: 1 1 400px; min-width: 300px;'>\n<div style='position: relative; padding-bottom: 56.25%; height: 0; overflow: hidden; margin-bottom: 30px;'>   <\/div>\n<\/p><\/div>\n<\/p><\/div>\n<div style='margin-bottom: 30px;'>\n<p style='font-size: 14px; color: inherit; text-align: center;'>*Precio por carrete de 2 km<\/p>\n<\/p><\/div>\n<\/p><\/div>\n","protected":false},"excerpt":{"rendered":"<p>Carrete de 2 Kil?metros de Fibra ?ptica Drop Plana, Interior\/Exterior G.657A2 Monomodo de 1 Hilo (Unifibra), Diel?ctrica, Forro Negro, Compatible con Conectores FASC, FASCUP, FASCLC<\/p>\n","protected":false},"featured_media":97784,"comment_status":"open","ping_status":"closed","template":"","meta":[],"product_brand":[],"product_cat":[625],"product_tag":[488,611,435],"class_list":{"0":"post-97785","1":"product","2":"type-product","3":"status-publish","4":"has-post-thumbnail","6":"product_cat-fibra-optica-cables-y-conectores","7":"product_tag-cables-y-conectores","8":"product_tag-fibra-optica","9":"product_tag-linkedpro-by-epcom","11":"first","12":"instock","13":"sale","14":"shipping-taxable","15":"purchasable","16":"product-type-simple"},"_links":{"self":[{"href":"https:\/\/soydeaqui.ddns.net\/pachuca\/index.php\/wp-json\/wp\/v2\/product\/97785","targetHints":{"allow":["GET"]}}],"collection":[{"href":"https:\/\/soydeaqui.ddns.net\/pachuca\/index.php\/wp-json\/wp\/v2\/product"}],"about":[{"href":"https:\/\/soydeaqui.ddns.net\/pachuca\/index.php\/wp-json\/wp\/v2\/types\/product"}],"replies":[{"embeddable":true,"href":"https:\/\/soydeaqui.ddns.net\/pachuca\/index.php\/wp-json\/wp\/v2\/comments?post=97785"}],"wp:featuredmedia":[{"embeddable":true,"href":"https:\/\/soydeaqui.ddns.net\/pachuca\/index.php\/wp-json\/wp\/v2\/media\/97784"}],"wp:attachment":[{"href":"https:\/\/soydeaqui.ddns.net\/pachuca\/index.php\/wp-json\/wp\/v2\/media?parent=97785"}],"wp:term":[{"taxonomy":"product_brand","embeddable":true,"href":"https:\/\/soydeaqui.ddns.net\/pachuca\/index.php\/wp-json\/wp\/v2\/product_brand?post=97785"},{"taxonomy":"product_cat","embeddable":true,"href":"https:\/\/soydeaqui.ddns.net\/pachuca\/index.php\/wp-json\/wp\/v2\/product_cat?post=97785"},{"taxonomy":"product_tag","embeddable":true,"href":"https:\/\/soydeaqui.ddns.net\/pachuca\/index.php\/wp-json\/wp\/v2\/product_tag?post=97785"}],"curies":[{"name":"wp","href":"https:\/\/api.w.org\/{rel}","templated":true}]}}