{"id":97778,"date":"2026-03-20T09:11:40","date_gmt":"2026-03-20T09:11:40","guid":{"rendered":"https:\/\/soydeaqui.ddns.net\/pachuca\/index.php\/producto\/dream-wall-cloud-gateway-10g-disenado-para-montaje-en-pared-con-wifi-6-integrado-switch-poe-de-alta-potencia-y-compatibilidad-total-con-aplicaciones-unifi\/"},"modified":"2026-03-20T09:11:56","modified_gmt":"2026-03-20T09:11:56","slug":"dream-wall-cloud-gateway-10g-disenado-para-montaje-en-pared-con-wifi-6-integrado-switch-poe-de-alta-potencia-y-compatibilidad-total-con-aplicaciones-unifi","status":"publish","type":"product","link":"https:\/\/soydeaqui.ddns.net\/pachuca\/index.php\/producto\/dream-wall-cloud-gateway-10g-disenado-para-montaje-en-pared-con-wifi-6-integrado-switch-poe-de-alta-potencia-y-compatibilidad-total-con-aplicaciones-unifi\/","title":{"rendered":"Dream Wall Cloud Gateway 10G Dise\u00f1ado para Montaje en Pared con WiFi 6 Integrado, Switch PoE de Alta Potencia y Compatibilidad Total con Aplicaciones UniFi"},"content":{"rendered":"<div style='width: 100%; max-width: 1200px; margin: 0 auto; font-family: sans-serif; line-height: 1.6; color: inherit; background-color: transparent;'>\n<div style='display: flex; flex-wrap: wrap; gap: 30px; align-items: center; margin-bottom: 30px;'>\n<div style='flex: 1 1 320px; min-width: 280px;'>\n<div style='position: relative; padding-bottom: 56.25%; height: 0; overflow: hidden;'> <video style='position: absolute; top: 0; left: 0; width: 100%; height: 100%; border: 1px solid rgba(150&comma;150&comma;150&comma;0.3); border-radius: 8px;' autoplay muted loop playsinline><source src='https:\/\/ftp3.syscom.mx\/usuarios\/adiaz\/Ubiquiti\/Imagenes\/UDW\/UDW-hero.mp4' type='video\/mp4'><img style='width: 100%; height: auto; border: 1px solid rgba(150&comma;150&comma;150&comma;0.3); border-radius: 8px;' src='https:\/\/ftp3.syscom.mx\/usuarios\/adiaz\/Ubiquiti\/Imagenes\/UDW\/fallback.avif' alt='Ubiquiti UDW'><\/video> <\/div>\n<\/p><\/div>\n<div style='flex: 1 1 360px; min-width: 280px;'>\n<h2 style='font-size: 22px; margin-top: 0; color: inherit;'>Dream Wall<\/h2>\n<div style='margin: 8px 0; color: inherit; font-weight: 600;'>Modelo: <span style='font-weight: 700;'>UDW<\/span><\/div>\n<p style='margin: 0; color: inherit;'>Cloud Gateway <strong>10G<\/strong> Dise\u00f1ado para Montaje en Pared con WiFi 6 Integrado&comma; Switch PoE y Compatibilidad total con todas las aplicaciones UniFi.<\/p>\n<\/p><\/div>\n<\/p><\/div>\n<div style='text-align: center; margin: 30px 0;'> <span style='font-size: 20px; color: inherit; font-weight: 700;'>Especificaciones<\/span> <\/div>\n<div style='display: flex; flex-wrap: wrap; gap: 20px; margin-bottom: 30px;'>\n<div style='flex: 1 1 250px; border: 1px solid rgba(150&comma; 150&comma; 150&comma; 0.4); border-radius: 8px; overflow: hidden; display: flex; flex-direction: column;'>\n<div style='padding: 15px; border-bottom: 1px solid rgba(150&comma; 150&comma; 150&comma; 0.2); font-weight: bold; font-size: 18px; color: inherit;'>Caracter\u00edsticas principales<\/div>\n<div style='padding: 15px; color: inherit;'>\n<ul style='padding-left: 20px; margin: 0; font-size: 14px; list-style-type: disc;'>\n<li style='margin-bottom: 5px;'>Punto de Acceso <strong>WiFi 6<\/strong> Integrado<\/li>\n<li style='margin-bottom: 5px;'>Incluye el paquete completo de aplicaciones UniFi para la gesti\u00f3n de dispositivos<\/li>\n<li style='margin-bottom: 5px;'>Enrutamiento de m\u00e1s de 3&comma;5 Gbps con IDS\/IPS<\/li>\n<li style='margin-bottom: 5px;'>(1) Puerto 10G SFP+&comma; (17) Puertos LAN RJ45 GbE Incluidos (4) PoE++&comma; (4) PoE+ y (4) puertos PoE<\/li>\n<li style='margin-bottom: 5px;'>(1) Puerto WAN SFP+ de 10 G y (1) Puerto WAN RJ45 de 2&comma;5 GbE<\/li>\n<li style='margin-bottom: 5px;'>Pantalla T\u00e1ctil de 4&comma;7&#8242; para Gesti\u00f3n<\/li>\n<li style='margin-bottom: 5px;'>SSD de 128 GB Integrado y Tarjeta MicroSD de 512 GB Preinstalada<\/li>\n<\/ul><\/div>\n<\/p><\/div>\n<div style='flex: 1 1 250px; border: 1px solid rgba(150&comma; 150&comma; 150&comma; 0.4); border-radius: 8px; overflow: hidden; display: flex; flex-direction: column;'>\n<div style='padding: 15px; border-bottom: 1px solid rgba(150&comma; 150&comma; 150&comma; 0.2); font-weight: bold; font-size: 18px; color: inherit;'>Caracter\u00edsticas f\u00edsicas y el\u00e9ctricas<\/div>\n<div style='padding: 15px; color: inherit;'>\n<ul style='padding-left: 20px; margin: 0; font-size: 14px; list-style-type: disc;'>\n<li style='margin-bottom: 5px;'>549 x 342 x 62 mm (21.6 x 13.5 x 2.4&#8242;)<\/li>\n<li style='margin-bottom: 5px;'>Peso: 8.6 kg (19 lb)<\/li>\n<li style='margin-bottom: 5px;'>Material de la carcasa: Policarbonato&comma; Acero galvanizado&comma; Aleaci\u00f3n de aluminio.<\/li>\n<li style='margin-bottom: 5px;'>Alimentaci\u00f3n: 100-240V~ 7A Max.&comma; 50\/60 Hz<\/li>\n<li style='margin-bottom: 5px;'>Temperatura de operaci\u00f3n: -10 a 40 \u00b0C (14 a 104 \u00b0F)<\/li>\n<li style='margin-bottom: 5px;'>Humedad de operaci\u00f3n: 5\u201395% sin condensaci\u00f3n<\/li>\n<\/ul><\/div>\n<\/p><\/div>\n<div style='flex: 1 1 250px; border: 1px solid rgba(150&comma; 150&comma; 150&comma; 0.4); border-radius: 8px; overflow: hidden; display: flex; flex-direction: column;'>\n<div style='padding: 15px; border-bottom: 1px solid rgba(150&comma; 150&comma; 150&comma; 0.2); font-weight: bold; font-size: 18px; color: inherit;'>Rendimiento<\/div>\n<div style='padding: 15px; color: inherit;'>\n<ul style='padding-left: 20px; margin: 0; font-size: 14px; list-style-type: disc;'>\n<li style='margin-bottom: 5px;'>Cantidad de dispositivos UniFi soportados: Hasta 100 dispositivos<\/li>\n<li style='margin-bottom: 5px;'>Cantidad de C\u00e1maras soportadas: (12) HD; (7) 2K \u00f3 (4) 4K<\/li>\n<li style='margin-bottom: 5px;'>Usuarios Simultaneos Conectados: Hasta 300 Usuarios<\/li>\n<li style='margin-bottom: 5px;'>Almacenamiento: MicroSD de 512 GB preinstalada para NVR y SSD de 128 GB integrado para grabaciones de detecci\u00f3n<\/li>\n<li style='margin-bottom: 5px;'>Puertos WAN M\u00e1ximos: 8<\/li>\n<li style='margin-bottom: 5px;'>Puertos WAN por defecto: (1) 10G SFP+; (1) 2.5 GbE RJ45<\/li>\n<li style='margin-bottom: 5px;'>Puertos LAN: (17) 1 GbE RJ45 (4 PoE++; 4 PoE+; 4 PoE); (1) 2.5 GbE RJ45; 2 10G SFP+<\/li>\n<\/ul><\/div>\n<\/p><\/div>\n<div style='flex: 1 1 250px; border: 1px solid rgba(150&comma; 150&comma; 150&comma; 0.4); border-radius: 8px; overflow: hidden; display: flex; flex-direction: column;'>\n<div style='padding: 15px; border-bottom: 1px solid rgba(150&comma; 150&comma; 150&comma; 0.2); font-weight: bold; font-size: 18px; color: inherit;'>Seguridad<\/div>\n<div style='padding: 15px; color: inherit;'>\n<ul style='padding-left: 20px; margin: 0; font-size: 14px; list-style-type: disc;'>\n<li style='margin-bottom: 5px;'>Firewall<\/li>\n<li style='margin-bottom: 5px;'>DPI e Identificaci\u00f3n de Tr\u00e1fico<\/li>\n<li style='margin-bottom: 5px;'>Intrusion Prevention (IPS\/IDS)<\/li>\n<li style='margin-bottom: 5px;'>Ad Blocking<\/li>\n<li style='margin-bottom: 5px;'>Firmas IDS\/IPS: M\u00e1s de 55&comma;000 con CyberSecure (se vende por separado)<\/li>\n<\/ul><\/div>\n<\/p><\/div>\n<div style='flex: 1 1 250px; border: 1px solid rgba(150&comma; 150&comma; 150&comma; 0.4); border-radius: 8px; overflow: hidden; display: flex; flex-direction: column;'>\n<div style='padding: 15px; border-bottom: 1px solid rgba(150&comma; 150&comma; 150&comma; 0.2); font-weight: bold; font-size: 18px; color: inherit;'>WiFi<\/div>\n<div style='padding: 15px; color: inherit;'>\n<ul style='padding-left: 20px; margin: 0; font-size: 14px; list-style-type: disc;'>\n<li style='margin-bottom: 5px;'>802.11a\/b\/g\/n\/ac\/ax (WiFi 6)<\/li>\n<li style='margin-bottom: 5px;'>Throughput: 5 GHz: 2.4 Gbps; 2.4 GHz: 300 Mbps<\/li>\n<li style='margin-bottom: 5px;'>Ganancia de la antena: 5 GHz: 6 dBi; 2.4 GHz: 5.9 dBi<\/li>\n<li style='margin-bottom: 5px;'>Area de cobertura: Hasta 140 m\u00b2 (1&comma;500 ft\u00b2)<\/li>\n<\/ul><\/div>\n<\/p><\/div>\n<\/p><\/div>\n<div style='display: flex; flex-wrap: wrap; gap: 30px; margin-bottom: 30px;'>\n<div style='flex: 1 1 100%; max-width: 500px; margin: 0 auto;'>\n<div style='border: 1px solid rgba(150&comma; 150&comma; 150&comma; 0.4); border-radius: 8px; overflow: hidden; padding: 15px; background-color: rgba(150&comma; 150&comma; 150&comma; 0.05);'>\n<h3 style='margin: 0 0 15px; font-size: 18px; font-weight: 600; color: inherit;'>Accesorios Recomendados<\/h3>\n<div style='display: flex; flex-wrap: wrap; gap: 15px; justify-content: center;'> <a href='https:\/\/www.syscom.mx\/producto\/UACC-CM-RJ45-MG-UBIQUITI-216630.html' target='_blank' style='flex: 0 1 160px; text-decoration: none; color: inherit;'> <\/p>\n<div style='border: 1px solid rgba(150&comma; 150&comma; 150&comma; 0.4); border-radius: 8px; padding: 10px; text-align: center; background-color: rgba(150&comma; 150&comma; 150&comma; 0.05);'> <img style='width: 35%; height: auto; border: 1px solid rgba(150&comma;150&comma;150&comma;0.3); border-radius: 8px;' src='https:\/\/ftp3.syscom.mx\/usuarios\/adiaz\/Ubiquiti\/Imagenes\/UDR7\/uacc-cm-rj45-mg-1.png' alt='UACC-CM-RJ45-MG'> <\/p>\n<div style='margin-top: 8px; font-weight: 600; color: inherit; font-size: 14px;'>UACC-CM-RJ45-MG<\/div>\n<\/p><\/div>\n<p> <\/a> <\/div>\n<\/p><\/div>\n<\/p><\/div>\n<\/p><\/div>\n<div style='display: flex; flex-wrap: wrap; gap: 30px; margin-bottom: 30px;'>\n<div style='flex: 1 1 100%; text-align: center;'>\n<div style='border: 1px solid rgba(150&comma; 150&comma; 150&comma; 0.4); border-radius: 8px; overflow: hidden; padding: 15px; background-color: rgba(150&comma; 150&comma; 150&comma; 0.05);'>\n<h3 style='margin: 0 0 15px; font-size: 18px; font-weight: 600; color: inherit;'>Contenido del Paquete<\/h3>\n<p> <img style='width: 100%; height: auto; border: 1px solid rgba(150&comma;150&comma;150&comma;0.3); border-radius: 8px;' src='https:\/\/ftp3.syscom.mx\/usuarios\/adiaz\/Ubiquiti\/Imagenes\/UDW\/contenido.avif' alt='Contenido del paquete UDW'> <\/div>\n<\/p><\/div>\n<\/p><\/div>\n<\/p><\/div>\n","protected":false},"excerpt":{"rendered":"<p>Dream Wall Cloud Gateway 10G Dise\u00f1ado para Montaje en Pared con WiFi 6 Integrado, Switch PoE de Alta Potencia y Compatibilidad Total con Aplicaciones UniFi<\/p>\n","protected":false},"featured_media":97777,"comment_status":"open","ping_status":"closed","template":"","meta":[],"product_brand":[],"product_cat":[2234],"product_tag":[122,2235,166],"class_list":{"0":"post-97778","1":"product","2":"type-product","3":"status-publish","4":"has-post-thumbnail","6":"product_cat-nvrs-network-video-recorders","7":"product_tag-camaras-ip-y-nvrs","8":"product_tag-nvrs-network-video-recorders","9":"product_tag-ubiquiti","11":"first","12":"instock","13":"sale","14":"shipping-taxable","15":"purchasable","16":"product-type-simple"},"_links":{"self":[{"href":"https:\/\/soydeaqui.ddns.net\/pachuca\/index.php\/wp-json\/wp\/v2\/product\/97778","targetHints":{"allow":["GET"]}}],"collection":[{"href":"https:\/\/soydeaqui.ddns.net\/pachuca\/index.php\/wp-json\/wp\/v2\/product"}],"about":[{"href":"https:\/\/soydeaqui.ddns.net\/pachuca\/index.php\/wp-json\/wp\/v2\/types\/product"}],"replies":[{"embeddable":true,"href":"https:\/\/soydeaqui.ddns.net\/pachuca\/index.php\/wp-json\/wp\/v2\/comments?post=97778"}],"wp:featuredmedia":[{"embeddable":true,"href":"https:\/\/soydeaqui.ddns.net\/pachuca\/index.php\/wp-json\/wp\/v2\/media\/97777"}],"wp:attachment":[{"href":"https:\/\/soydeaqui.ddns.net\/pachuca\/index.php\/wp-json\/wp\/v2\/media?parent=97778"}],"wp:term":[{"taxonomy":"product_brand","embeddable":true,"href":"https:\/\/soydeaqui.ddns.net\/pachuca\/index.php\/wp-json\/wp\/v2\/product_brand?post=97778"},{"taxonomy":"product_cat","embeddable":true,"href":"https:\/\/soydeaqui.ddns.net\/pachuca\/index.php\/wp-json\/wp\/v2\/product_cat?post=97778"},{"taxonomy":"product_tag","embeddable":true,"href":"https:\/\/soydeaqui.ddns.net\/pachuca\/index.php\/wp-json\/wp\/v2\/product_tag?post=97778"}],"curies":[{"name":"wp","href":"https:\/\/api.w.org\/{rel}","templated":true}]}}