{"id":97776,"date":"2026-03-20T09:11:36","date_gmt":"2026-03-20T09:11:36","guid":{"rendered":"https:\/\/soydeaqui.ddns.net\/pachuca\/index.php\/producto\/camara-ip-antiexplosion-4k-con-inteligencia-artificial-lente-varifocal-ip66-iecex-atex-clase-i-ii-iii-division-1-grupos-bcdefg\/"},"modified":"2026-03-20T09:11:37","modified_gmt":"2026-03-20T09:11:37","slug":"camara-ip-antiexplosion-4k-con-inteligencia-artificial-lente-varifocal-ip66-iecex-atex-clase-i-ii-iii-division-1-grupos-bcdefg","status":"publish","type":"product","link":"https:\/\/soydeaqui.ddns.net\/pachuca\/index.php\/producto\/camara-ip-antiexplosion-4k-con-inteligencia-artificial-lente-varifocal-ip66-iecex-atex-clase-i-ii-iii-division-1-grupos-bcdefg\/","title":{"rendered":"Camara IP antiexplosion 4K con inteligencia artificial\/ Lente varifocal\/ IP66\/ IECEX, ATEX Clase I II III, Division 1 Grupos B,C,D,E,F,G"},"content":{"rendered":"<div style='width: 100%; max-width: 1200px; margin: 0 auto; font-family: sans-serif; line-height: 1.6; color: inherit; background-color: transparent;'> <!-- Secci\u00f3n 1 --> <\/p>\n<div style='display: flex; flex-wrap: wrap; gap: 30px; margin-bottom: 30px;'>\n<div style='flex: 1 1 300px; min-width: 280px;'> <img style='width: 100%; height: auto; border: 1px solid rgba(150&comma;150&comma;150&comma;0.3); border-radius: 8px;' src='https:\/\/ftp3.syscom.mx\/usuarios\/imendez\/Hanwha\/Serie%20X\/GIF\/WiseStream.gif' alt=''> <\/div>\n<div style='flex: 1 1 300px; min-width: 280px;'>\n<h3 style='font-size: 22px; border-bottom: 2px solid currentColor; padding-bottom: 5px; margin-top: 0; color: inherit; opacity: 0.8;'>H.265 + WiseStream II<\/h3>\n<p style='font-size: 15px; color: inherit; text-align: justify;'>Mediante WiseStream II&comma; la tecnolog\u00eda de compresi\u00f3n de v\u00eddeo de Hanwha Techwin&comma; la serie Wisenet X reduce el almacenamiento de datos hasta un 99% en comparaci\u00f3n con la actual tecnolog\u00eda H.264&comma; cuando se combina con la compresi\u00f3n H.265. Los costes del sistema se reducen enormemente sin comprometer la calidad de las im\u00e1genes.<\/p>\n<\/p><\/div>\n<\/p><\/div>\n<p> <!-- Secci\u00f3n 2 --> <\/p>\n<div style='display: flex; flex-wrap: wrap; gap: 30px; margin-bottom: 30px;'>\n<div style='flex: 1 1 300px; min-width: 280px;'>\n<h3 style='font-size: 22px; border-bottom: 2px solid currentColor; padding-bottom: 5px; margin-top: 0; color: inherit; opacity: 0.8;'>An\u00e1lisis de v\u00eddeo basado en Deep Learning<\/h3>\n<p style='font-size: 15px; color: inherit;'>Las c\u00e1maras Wisenet AI que utilizan algoritmos AI filtran los movimientos irrelevantes causados por cambios ambientales como agitar \u00e1rboles&comma; sombras o animales. Mientras que las c\u00e1maras convencionales detectan el movimiento en funci\u00f3n de sus p\u00edxeles y generan eventos incluso si los usuarios desean ignorarlo&comma; las c\u00e1maras Wisenet AI basadas en Deep Learning generan alarmas de eventos solo para personas y veh\u00edculos&comma; reduciendo las falsas alarmas para una operaci\u00f3n m\u00e1s eficiente<\/p>\n<\/p><\/div>\n<div style='flex: 1 1 300px; min-width: 280px;'> <img style='width: 100%; height: auto; border: 1px solid rgba(150&comma;150&comma;150&comma;0.3); border-radius: 8px;' src='https:\/\/ftp3.syscom.mx\/usuarios\/gmagos\/Hanwha\/fotos\/feature_1-min2.gif' alt=''> <\/div>\n<\/p><\/div>\n<p> <!-- Secci\u00f3n 3 --> <\/p>\n<div style='display: flex; flex-wrap: wrap; gap: 30px; margin-bottom: 30px;'>\n<div style='flex: 1 1 300px; min-width: 280px;'> <img style='width: 100%; height: auto; border: 1px solid rgba(150&comma;150&comma;150&comma;0.3); border-radius: 8px;' src='https:\/\/ftp3.syscom.mx\/usuarios\/fotos\/TNB9000\/188256-captura_de_pantalla_2020-06-10_a_la(s)_17.42.10.png' alt=''> <\/div>\n<div style='flex: 1 1 300px; min-width: 280px;'>\n<h3 style='font-size: 22px; border-bottom: 2px solid currentColor; padding-bottom: 5px; margin-top: 0; color: inherit; opacity: 0.8;'>BestShots<\/h3>\n<p style='font-size: 15px; color: inherit;'>Los metadatos que incluyen el atributo (personas: edad&comma; sexo&comma; colores de la ropa de arriba \/ abajo&comma; usar anteojos&comma; veh\u00edculo: tipos&comma; colores) se env\u00edan al servidor de fondo y se utilizan para extraer informaci\u00f3n sobre situaciones espec\u00edficas&comma; lo que reduce significativamente el tiempo para buscar todo el video. Las c\u00e1maras con AI de la serie Wisenet P est\u00e1n equipadas con la funci\u00f3n BestShot para la reidentificaci\u00f3n que garantiza que solo las im\u00e1genes m\u00e1s adecuadas de los objetos clasificados se env\u00eden al servidor de fondo.<\/p>\n<\/p><\/div>\n<\/p><\/div>\n<p> <!-- Secci\u00f3n de especificaciones --> <\/p>\n<h3 style='font-size: 22px; border-bottom: 2px solid currentColor; padding-bottom: 5px; margin-top: 0; color: inherit; opacity: 0.8; text-align: center; margin-bottom: 30px;'>Caracter\u00edsticas t\u00e9cnicas<\/h3>\n<p> <!-- Cards de especificaciones --> <\/p>\n<div style='display: flex; flex-wrap: wrap; gap: 20px; margin-bottom: 30px;'> <!-- Card 1 --> <\/p>\n<div style='flex: 1 1 250px; border: 1px solid rgba(150&comma; 150&comma; 150&comma; 0.4); border-radius: 8px; overflow: hidden; display: flex; flex-direction: column;'>\n<div style='padding: 15px; border-bottom: 1px solid rgba(150&comma; 150&comma; 150&comma; 0.2); font-weight: bold; font-size: 18px; color: inherit;'>Video<\/div>\n<div style='padding: 15px; color: inherit;'>\n<ul style='padding-left: 20px; margin: 0; font-size: 14px; list-style-type: disc;'>\n<li style='margin-bottom: 5px;'><strong>Compresi\u00f3n:<\/strong> H.265 &#038; WiseStream II \/ H.264 \/ MJPEG<\/li>\n<li style='margin-bottom: 5px;'><strong>Resoluci\u00f3n:<\/strong> 4K (8MP)<\/li>\n<li style='margin-bottom: 5px;'><strong>Sensor:<\/strong> 1\/1.8&#8242;<\/li>\n<li style='margin-bottom: 5px;'><strong>Iluminaci\u00f3n m\u00ednima:<\/strong> Color: 0.03Lux<\/li>\n<\/ul><\/div>\n<\/p><\/div>\n<p> <!-- Card 2 --> <\/p>\n<div style='flex: 1 1 250px; border: 1px solid rgba(150&comma; 150&comma; 150&comma; 0.4); border-radius: 8px; overflow: hidden; display: flex; flex-direction: column;'>\n<div style='padding: 15px; border-bottom: 1px solid rgba(150&comma; 150&comma; 150&comma; 0.2); font-weight: bold; font-size: 18px; color: inherit;'>Funciones<\/div>\n<div style='padding: 15px; color: inherit;'>\n<ul style='padding-left: 20px; margin: 0; font-size: 14px; list-style-type: disc;'>\n<li style='margin-bottom: 5px;'><strong>Compensaci\u00f3n de luz:<\/strong> WDR 120dB&comma; BLC<\/li>\n<li style='margin-bottom: 5px;'><strong>Enfoque:<\/strong> Simple<\/li>\n<\/ul><\/div>\n<\/p><\/div>\n<p> <!-- Card 3 --> <\/p>\n<div style='flex: 1 1 250px; border: 1px solid rgba(150&comma; 150&comma; 150&comma; 0.4); border-radius: 8px; overflow: hidden; display: flex; flex-direction: column;'>\n<div style='padding: 15px; border-bottom: 1px solid rgba(150&comma; 150&comma; 150&comma; 0.2); font-weight: bold; font-size: 18px; color: inherit;'>Interfaces<\/div>\n<div style='padding: 15px; color: inherit;'>\n<ul style='padding-left: 20px; margin: 0; font-size: 14px; list-style-type: disc;'>\n<li style='margin-bottom: 5px;'><strong>Puerto Ethernet:<\/strong> 1 RJ45 10\/100 Base-T<\/li>\n<\/ul><\/div>\n<\/p><\/div>\n<p> <!-- Card 4 --> <\/p>\n<div style='flex: 1 1 250px; border: 1px solid rgba(150&comma; 150&comma; 150&comma; 0.4); border-radius: 8px; overflow: hidden; display: flex; flex-direction: column;'>\n<div style='padding: 15px; border-bottom: 1px solid rgba(150&comma; 150&comma; 150&comma; 0.2); font-weight: bold; font-size: 18px; color: inherit;'>Certificaci\u00f3n Antiexplosi\u00f3n<\/div>\n<div style='padding: 15px; color: inherit;'>\n<ul style='padding-left: 20px; margin: 0; font-size: 14px; list-style-type: disc;'>\n<li style='margin-bottom: 5px;'>Class I II III Division 1 Groups B&comma; C&comma; D&comma; E&comma; F&comma; G<\/li>\n<li style='margin-bottom: 5px;'>cFMus Approved and II 2 G Ex db IIB+H2 II 2 D Ex tb IIIC IECEX ATEX certified<\/li>\n<\/ul><\/div>\n<\/p><\/div>\n<p> <!-- Card 5 --> <\/p>\n<div style='flex: 1 1 250px; border: 1px solid rgba(150&comma; 150&comma; 150&comma; 0.4); border-radius: 8px; overflow: hidden; display: flex; flex-direction: column;'>\n<div style='padding: 15px; border-bottom: 1px solid rgba(150&comma; 150&comma; 150&comma; 0.2); font-weight: bold; font-size: 18px; color: inherit;'>Caracter\u00edsticas F\u00edsicas y El\u00e9ctricas<\/div>\n<div style='padding: 15px; color: inherit;'>\n<ul style='padding-left: 20px; margin: 0; font-size: 14px; list-style-type: disc;'>\n<li style='margin-bottom: 5px;'><strong>Temperatura de Operaci\u00f3n:<\/strong> -40 a 55\u00b0C<\/li>\n<li style='margin-bottom: 5px;'><strong>Alimentaci\u00f3n:<\/strong> PoE+ 802.03at<\/li>\n<li style='margin-bottom: 5px;'><strong>Consumo:<\/strong> 25.5W<\/li>\n<li style='margin-bottom: 5px;'><strong>Dimensiones:<\/strong> \u00d8 182.8 x 151.1 x 351.7mm<\/li>\n<li style='margin-bottom: 5px;'><strong>Peso:<\/strong> 6.35kg<\/li>\n<li style='margin-bottom: 5px;'><strong>Montaje necesario:<\/strong> HT-F1XX-WM (Se adquiere por separado)<\/li>\n<\/ul><\/div>\n<\/p><\/div>\n<p> <!-- Card 6 --> <\/p>\n<div style='flex: 1 1 250px; border: 1px solid rgba(150&comma; 150&comma; 150&comma; 0.4); border-radius: 8px; overflow: hidden; display: flex; flex-direction: column;'>\n<div style='padding: 15px; border-bottom: 1px solid rgba(150&comma; 150&comma; 150&comma; 0.2); font-weight: bold; font-size: 18px; color: inherit;'>An\u00e1lisis de eventos con base en el motor de IA<\/div>\n<div style='padding: 15px; color: inherit;'>\n<ul style='padding-left: 20px; margin: 0; font-size: 14px; list-style-type: disc;'>\n<li style='margin-bottom: 5px;'>Detecci\u00f3n de objetos<\/li>\n<li style='margin-bottom: 5px;'>Merodeo<\/li>\n<li style='margin-bottom: 5px;'>Detecci\u00f3n de direcci\u00f3n<\/li>\n<li style='margin-bottom: 5px;'>Cruce de l\u00ednea virtual<\/li>\n<li style='margin-bottom: 5px;'>Entrada \/ Salida<\/li>\n<\/ul><\/div>\n<\/p><\/div>\n<p> <!-- Card 7 --> <\/p>\n<div style='flex: 1 1 250px; border: 1px solid rgba(150&comma; 150&comma; 150&comma; 0.4); border-radius: 8px; overflow: hidden; display: flex; flex-direction: column;'>\n<div style='padding: 15px; border-bottom: 1px solid rgba(150&comma; 150&comma; 150&comma; 0.2); font-weight: bold; font-size: 18px; color: inherit;'>Clasificaci\u00f3n de objetos<\/div>\n<div style='padding: 15px; color: inherit;'>\n<ul style='padding-left: 20px; margin: 0; font-size: 14px; list-style-type: disc;'>\n<li style='margin-bottom: 5px;'>Persona\/Rostro<\/li>\n<li style='margin-bottom: 5px;'>Veh\u00edculo<\/li>\n<li style='margin-bottom: 5px;'>Matricula de vehiculos con atributos<\/li>\n<li style='margin-bottom: 5px;'>BestShot por objeto<\/li>\n<li style='margin-bottom: 5px;'>Conteo de personas<\/li>\n<\/ul><\/div>\n<\/p><\/div>\n<p> <!-- Card 8 --> <\/p>\n<div style='flex: 1 1 250px; border: 1px solid rgba(150&comma; 150&comma; 150&comma; 0.4); border-radius: 8px; overflow: hidden; display: flex; flex-direction: column;'>\n<div style='padding: 15px; border-bottom: 1px solid rgba(150&comma; 150&comma; 150&comma; 0.2); font-weight: bold; font-size: 18px; color: inherit;'>An\u00e1lisis de eventos<\/div>\n<div style='padding: 15px; color: inherit;'>\n<ul style='padding-left: 20px; margin: 0; font-size: 14px; list-style-type: disc;'>\n<li style='margin-bottom: 5px;'>Aparici\u00f3n \/ Desaparici\u00f3n<\/li>\n<li style='margin-bottom: 5px;'>Detecci\u00f3n de Desenfoque<\/li>\n<li style='margin-bottom: 5px;'>Detecci\u00f3n de Audio<\/li>\n<li style='margin-bottom: 5px;'>Detecci\u00f3n de Movimiento<\/li>\n<li style='margin-bottom: 5px;'>Sabotaje<\/li>\n<li style='margin-bottom: 5px;'>Clasificaci\u00f3n de sonidos<\/li>\n<\/ul><\/div>\n<\/p><\/div>\n<p> <!-- Card 9 --> <\/p>\n<div style='flex: 1 1 250px; border: 1px solid rgba(150&comma; 150&comma; 150&comma; 0.4); border-radius: 8px; overflow: hidden; display: flex; flex-direction: column;'>\n<div style='padding: 15px; border-bottom: 1px solid rgba(150&comma; 150&comma; 150&comma; 0.2); font-weight: bold; font-size: 18px; color: inherit;'>Otras caracter\u00edsticas<\/div>\n<div style='padding: 15px; color: inherit;'>\n<ul style='padding-left: 20px; margin: 0; font-size: 14px; list-style-type: disc;'>\n<li style='margin-bottom: 5px;'>H.265 &#038; WiseStream II<\/li>\n<li style='margin-bottom: 5px;'>Anal\u00edticos de Audio<\/li>\n<li style='margin-bottom: 5px;'>Resoluci\u00f3n 8K<\/li>\n<li style='margin-bottom: 5px;'>Anal\u00edticos basados en IA<\/li>\n<li style='margin-bottom: 5px;'>Detecci\u00f3n de Rostros<\/li>\n<li style='margin-bottom: 5px;'>Funci\u00f3n Handover<\/li>\n<\/ul><\/div>\n<\/p><\/div>\n<\/p><\/div>\n<p> <!-- Notas --> <\/p>\n<div style='margin-bottom: 30px; padding: 15px; border-left: 5px solid #f37324; background-color: rgba(243&comma; 115&comma; 36&comma; 0.05); color: inherit;'>\n<p style='margin: 0; font-size: 14px;'><strong>NOTA:<\/strong> Corroborar certificacion antiexplosion en la hoja de especificaciones<\/p>\n<\/p><\/div>\n<div style='margin-bottom: 30px; padding: 15px; border-left: 5px solid #f37324; background-color: rgba(243&comma; 115&comma; 36&comma; 0.05); color: inherit;'>\n<p style='margin: 0; font-size: 14px;'><strong>3 A\u00f1os de garant\u00eda<\/strong><\/p>\n<\/p><\/div>\n<p> <!-- Separador --> <\/p>\n<hr style='border: 0; border-top: 1px solid rgba(150&comma; 150&comma; 150&comma; 0.3); margin: 30px 0;'> <!-- Videos --> <\/p>\n<div style='display: flex; flex-wrap: wrap; gap: 30px; margin-bottom: 30px; justify-content: center;'>\n<div style='flex: 1 1 300px; min-width: 280px;'>\n<div style='position: relative; padding-bottom: 56.25%; height: 0; overflow: hidden; margin-bottom: 30px;'>   <\/div>\n<\/p><\/div>\n<div style='flex: 1 1 300px; min-width: 280px;'>\n<div style='position: relative; padding-bottom: 56.25%; height: 0; overflow: hidden; margin-bottom: 30px;'>   <\/div>\n<\/p><\/div>\n<div style='flex: 1 1 300px; min-width: 280px;'>\n<div style='position: relative; padding-bottom: 56.25%; height: 0; overflow: hidden; margin-bottom: 30px;'>   <\/div>\n<\/p><\/div>\n<div style='flex: 1 1 300px; min-width: 280px;'>\n<div style='position: relative; padding-bottom: 56.25%; height: 0; overflow: hidden; margin-bottom: 30px;'>   <\/div>\n<\/p><\/div>\n<div style='flex: 1 1 300px; min-width: 280px;'>\n<div style='position: relative; padding-bottom: 56.25%; height: 0; overflow: hidden; margin-bottom: 30px;'>   <\/div>\n<\/p><\/div>\n<div style='flex: 1 1 300px; min-width: 280px;'>\n<div style='position: relative; padding-bottom: 56.25%; height: 0; overflow: hidden; margin-bottom: 30px;'>   <\/div>\n<\/p><\/div>\n<\/p><\/div>\n<\/p><\/div>\n","protected":false},"excerpt":{"rendered":"<p>Camara IP antiexplosion 4K con inteligencia artificial\/ Lente varifocal\/ IP66\/ IECEX, ATEX Clase I II III, Division 1 Grupos B,C,D,E,F,G<\/p>\n","protected":false},"featured_media":97775,"comment_status":"open","ping_status":"closed","template":"","meta":[],"product_brand":[],"product_cat":[2258],"product_tag":[2259,122,1055],"class_list":{"0":"post-97776","1":"product","2":"type-product","3":"status-publish","4":"has-post-thumbnail","6":"product_cat-antiexplosion","7":"product_tag-antiexplosion","8":"product_tag-camaras-ip-y-nvrs","9":"product_tag-hanwha-vision","11":"first","12":"outofstock","13":"sale","14":"shipping-taxable","15":"purchasable","16":"product-type-simple"},"_links":{"self":[{"href":"https:\/\/soydeaqui.ddns.net\/pachuca\/index.php\/wp-json\/wp\/v2\/product\/97776","targetHints":{"allow":["GET"]}}],"collection":[{"href":"https:\/\/soydeaqui.ddns.net\/pachuca\/index.php\/wp-json\/wp\/v2\/product"}],"about":[{"href":"https:\/\/soydeaqui.ddns.net\/pachuca\/index.php\/wp-json\/wp\/v2\/types\/product"}],"replies":[{"embeddable":true,"href":"https:\/\/soydeaqui.ddns.net\/pachuca\/index.php\/wp-json\/wp\/v2\/comments?post=97776"}],"wp:featuredmedia":[{"embeddable":true,"href":"https:\/\/soydeaqui.ddns.net\/pachuca\/index.php\/wp-json\/wp\/v2\/media\/97775"}],"wp:attachment":[{"href":"https:\/\/soydeaqui.ddns.net\/pachuca\/index.php\/wp-json\/wp\/v2\/media?parent=97776"}],"wp:term":[{"taxonomy":"product_brand","embeddable":true,"href":"https:\/\/soydeaqui.ddns.net\/pachuca\/index.php\/wp-json\/wp\/v2\/product_brand?post=97776"},{"taxonomy":"product_cat","embeddable":true,"href":"https:\/\/soydeaqui.ddns.net\/pachuca\/index.php\/wp-json\/wp\/v2\/product_cat?post=97776"},{"taxonomy":"product_tag","embeddable":true,"href":"https:\/\/soydeaqui.ddns.net\/pachuca\/index.php\/wp-json\/wp\/v2\/product_tag?post=97776"}],"curies":[{"name":"wp","href":"https:\/\/api.w.org\/{rel}","templated":true}]}}