{"id":97774,"date":"2026-03-20T09:11:32","date_gmt":"2026-03-20T09:11:32","guid":{"rendered":"https:\/\/soydeaqui.ddns.net\/pachuca\/index.php\/producto\/tandemvu-ptz-ip-4-megapixel-con-camara-panoramica-6-megapixel-32x-zoom-200-mts-ir-30-mts-luz-blanca-acusense-ip66-alerta-audible-y-luz-estroboscopica-autoseguimiento-hi-poe-alarmas\/"},"modified":"2026-03-20T09:11:33","modified_gmt":"2026-03-20T09:11:33","slug":"tandemvu-ptz-ip-4-megapixel-con-camara-panoramica-6-megapixel-32x-zoom-200-mts-ir-30-mts-luz-blanca-acusense-ip66-alerta-audible-y-luz-estroboscopica-autoseguimiento-hi-poe-alarmas","status":"publish","type":"product","link":"https:\/\/soydeaqui.ddns.net\/pachuca\/index.php\/producto\/tandemvu-ptz-ip-4-megapixel-con-camara-panoramica-6-megapixel-32x-zoom-200-mts-ir-30-mts-luz-blanca-acusense-ip66-alerta-audible-y-luz-estroboscopica-autoseguimiento-hi-poe-alarmas\/","title":{"rendered":"[TandemVu] PTZ IP 4 Megapixel con C\u00e1mara Panoramica 6 Megapixel \/ 32X Zoom \/ 200 mts IR \/ 30 mts Luz Blanca \/ ACUSENSE \/ IP66 \/ Alerta Audible y Luz Estroboscopica \/ Autoseguimiento \/ Hi-PoE \/ Alarmas I\/O \/ Ultra Baja Iluminaci\u00f3n \/ Micro SD"},"content":{"rendered":"<div style='width: 100%; max-width: 1200px; margin: 0 auto; font-family: sans-serif; line-height: 1.6; color: inherit; background-color: transparent;'>\n<p style='text-align: center;'><img style='width: 45%; height: auto; border: 1px solid rgba(150&comma;150&comma;150&comma;0.3); border-radius: 8px;' src='https:\/\/ftp3.syscom.mx\/usuarios\/jsosa\/HIKVISION\/imagenes\/logo\/hikvision%20see%20far.png' alt='Logo Hikvision'><\/p>\n<div style='display: flex; flex-wrap: wrap; gap: 30px; margin-bottom: 30px;'>\n<div style='flex: 1 1 300px; min-width: 280px;'>\n<h3 style='font-size: 22px; border-bottom: 2px solid currentColor; padding-bottom: 5px; margin-top: 0; color: inherit; opacity: 0.8;'>Caracter\u00edsticas principales<\/h3>\n<div style='display: flex; flex-direction: column; gap: 15px;'>\n<div>\n<h4 style='font-size: 18px; margin-top: 0; margin-bottom: 10px; color: inherit; opacity: 0.85;'>C\u00e1mara PTZ<\/h4>\n<ul style='padding-left: 20px; font-size: 15px; color: inherit;'>\n<li style='margin-bottom: 5px;'>Resoluci\u00f3n m\u00e1xima: 4 Megapixel (2560 x 1440)<\/li>\n<li style='margin-bottom: 5px;'>Iluminaci\u00f3n m\u00ednima: color 0.005 Lux @ (F1.6&comma; AGC ON)<\/li>\n<li style='margin-bottom: 5px;'>Iluminaci\u00f3n m\u00ednima: B\/N 0.001 Lux @ (F1.6&comma; AGC ON)<\/li>\n<li style='margin-bottom: 5px;'>D\u00eda \/ Noche Real (filtro ICR)<\/li>\n<li style='margin-bottom: 5px;'>Distancia focal: 5.9 a 188.8 mm (32X zoom \u00f3ptico \/ 16X zoom digital)<\/li>\n<li style='margin-bottom: 5px;'>Funciones normales: HLC \/ ROI \/ WDR 120dB \/ BLC<\/li>\n<li style='margin-bottom: 5px;'>Distancia de infrarrojo: 200 mts Smart IR<\/li>\n<\/ul><\/div>\n<div>\n<h4 style='font-size: 18px; margin-top: 0; margin-bottom: 10px; color: inherit; opacity: 0.85;'>C\u00e1mara Panor\u00e1mica<\/h4>\n<ul style='padding-left: 20px; font-size: 15px; color: inherit;'>\n<li style='margin-bottom: 5px;'>Resoluci\u00f3n m\u00e1xima: 6 Megapixel (3632 x 1632)<\/li>\n<li style='margin-bottom: 5px;'>Iluminaci\u00f3n m\u00ednima: color 0.005 Lux @ (F1.6&comma; AGC ON)<\/li>\n<li style='margin-bottom: 5px;'>Iluminaci\u00f3n m\u00ednima: 0 Lux con Luz Blanca<\/li>\n<li style='margin-bottom: 5px;'>D\u00eda \/ Noche Real (filtro ICR)<\/li>\n<li style='margin-bottom: 5px;'>Distancia luz blanca: 30 mts<\/li>\n<li style='margin-bottom: 5px;'>Distancia focal: 2 x 2.8 mm<\/li>\n<\/ul><\/div>\n<\/p><\/div>\n<ul style='padding-left: 20px; font-size: 15px; color: inherit;'>\n<li style='margin-bottom: 5px;'>Funciones normales: HLC \/ ROI \/ WDR 120dB \/ BLC<\/li>\n<li style='margin-bottom: 5px;'>Detecci\u00f3n de Rostro \/ Detecci\u00f3n de Intrusi\u00f3n \/ Cruce de l\u00ednea \/ Entrada-Salida de Regi\u00f3n \/ Objeto Removido \/ Equipaje Desatendido<\/li>\n<li style='margin-bottom: 5px;'>Compresi\u00f3n: H.265+ \/ H.265 \/ H.264+ \/ H.264<\/li>\n<li style='margin-bottom: 5px;'>Compatible con la plataforma de Hik-Connect<\/li>\n<li style='margin-bottom: 5px;'>Soporta autoseguimiento (seguimiento inteligente) desde PTZ<\/li>\n<\/ul><\/div>\n<div style='flex: 1 1 300px; min-width: 280px;'>\n<h3 style='font-size: 22px; border-bottom: 2px solid currentColor; padding-bottom: 5px; margin-top: 0; margin-bottom: 20px; color: inherit; opacity: 0.8;'>Caracter\u00edsticas F\u00edsicas y El\u00e9ctricas<\/h3>\n<ul style='padding-left: 20px; font-size: 15px; color: inherit;'>\n<li style='margin-bottom: 5px;'>Alimentaci\u00f3n: 24 VCA \/ Hi-PoE \/ 60 W<\/li>\n<li style='margin-bottom: 5px;'>Temperatura de operaci\u00f3n: -30\u00b0C a 65\u00b0C \/ Humedad al 90% m\u00e1ximo<\/li>\n<li style='margin-bottom: 5px;'>Uso en exterior IP66<\/li>\n<li style='margin-bottom: 5px;'>Protecci\u00f3n contra sobretensiones y protecci\u00f3n contra voltajes transistorios<\/li>\n<li style='margin-bottom: 5px;'>Dimensiones: 222.3 x 387.2 mm<\/li>\n<li style='margin-bottom: 5px;'>Peso: 4.75 Kgs<\/li>\n<li style='margin-bottom: 5px;'>Se recomienda usar el modelo <a href='https:\/\/www.syscom.mx\/producto\/LAS60-57CN-RJ45-HIKVISION-72655.html' style='color: inherit; text-decoration: underline;' target='_blank' rel='noopener'>LAS-6057-CNRJ45<\/a> en caso de que requieran alimentar el domo por medio de PoE<\/li>\n<li style='margin-bottom: 5px; font-weight: bold;'>No incluye fuente de alimentaci\u00f3n<\/li>\n<li style='margin-bottom: 5px; font-weight: bold;'>Incluye montaje para pared<\/li>\n<\/ul>\n<h4 style='font-size: 18px; margin-top: 25px; margin-bottom: 10px; color: inherit; opacity: 0.85;'>Accesorios<\/h4>\n<ul style='padding-left: 20px; font-size: 15px; color: inherit;'>\n<li style='margin-bottom: 5px;'>Montaje de techo tipo tubo&comma; modelo: <a href='https:\/\/www.syscom.mx\/producto\/DS-1661ZJ-HIKVISION-69425.html' style='color: inherit; text-decoration: underline;' target='_blank' rel='noopener'>DS-1661ZJ<\/a><\/li>\n<li style='margin-bottom: 5px;'>Montaje de poste&comma; modelo: <a href='https:\/\/www.syscom.mx\/producto\/DS-1602ZJ-POLE-HIKVISION-78569.html' style='color: inherit; text-decoration: underline;' target='_blank' rel='noopener'>DS-1602ZJ-POLE<\/a><\/li>\n<li style='margin-bottom: 5px;'>Montaje de esquina&comma; modelo: <a href='https:\/\/www.syscom.mx\/producto\/DS-1602ZJ-CORNER-HIKVISION-153163.html' style='color: inherit; text-decoration: underline;' target='_blank' rel='noopener'>DS-1602ZJ-CORNER<\/a><\/li>\n<\/ul><\/div>\n<div style='flex: 1 1 300px; min-width: 280px;'>\n<h3 style='font-size: 22px; border-bottom: 2px solid currentColor; padding-bottom: 5px; margin-top: 0; margin-bottom: 20px; color: inherit; opacity: 0.8;'>Caracter\u00edsticas Generales<\/h3>\n<div style='display: flex; flex-direction: column; gap: 15px;'>\n<div>\n<h4 style='font-size: 18px; margin-top: 0; margin-bottom: 10px; color: inherit; opacity: 0.85;'>Funciones PTZ<\/h4>\n<ul style='padding-left: 20px; font-size: 15px; color: inherit;'>\n<li style='margin-bottom: 5px;'>Paneo: 360\u00b0<\/li>\n<li style='margin-bottom: 5px;'>Tildeo: -15\u00b0 a 90\u00ba<\/li>\n<li style='margin-bottom: 5px;'>Presets: 300<\/li>\n<li style='margin-bottom: 5px;'>Patrol: 8 (hasta 32 presets por patrol)<\/li>\n<li style='margin-bottom: 5px;'>Pattern: 4 (hasta 10 minutos por pattern)<\/li>\n<li style='margin-bottom: 5px;'>Tareas calendarizadas<\/li>\n<li style='margin-bottom: 5px;'>Soporta hasta 20 usuarios simult\u00e1neos<\/li>\n<\/ul><\/div>\n<div>\n<h4 style='font-size: 18px; margin-top: 0; margin-bottom: 10px; color: inherit; opacity: 0.85;'>Entradas y Salidas<\/h4>\n<ul style='padding-left: 20px; font-size: 15px; color: inherit;'>\n<li style='margin-bottom: 5px;'>Entradas de alarma: 2<\/li>\n<li style='margin-bottom: 5px;'>Salidas de alarma: 1<\/li>\n<li style='margin-bottom: 5px;'>Entradas de audio: 1<\/li>\n<li style='margin-bottom: 5px;'>Salidas de audio: 1<\/li>\n<li style='margin-bottom: 5px;'>Puerto de red: 1 (10 \/ 100 Mbps \/ Hi-PoE)<\/li>\n<li style='margin-bottom: 5px;'>Almacenamiento micro SD de hasta 512 GB \/ ANR (Automatic Network Recovery)<\/li>\n<li style='margin-bottom: 5px;'>Soporta ONVIF (Profile S&comma; Profile G&comma; Profile T) \/ ISAPI \/ SDK<\/li>\n<\/ul><\/div>\n<\/p><\/div>\n<\/p><\/div>\n<\/p><\/div>\n<div style='display: flex; flex-wrap: wrap; gap: 30px; margin-bottom: 30px;'>\n<div style='flex: 1 1 300px; min-width: 280px;'>\n<h3 style='font-size: 22px; border-bottom: 2px solid currentColor; padding-bottom: 5px; margin-top: 0; margin-bottom: 20px; color: inherit; opacity: 0.8;'>Consideraciones<\/h3>\n<ul style='padding-left: 20px; font-size: 15px; color: inherit;'>\n<li style='margin-bottom: 5px;'>Soporta Smart Linkage<\/li>\n<li style='margin-bottom: 5px;'>Se recomienda integrarse en grabadores de la serie NI-M&comma; NXI-K&comma; NXI-I&comma; NXI-M<\/li>\n<\/ul><\/div>\n<\/p><\/div>\n<div style='display: flex; flex-wrap: wrap; gap: 30px; margin-bottom: 30px;'>\n<div style='flex: 1 1 300px; min-width: 280px;'> <img style='width: 100%; height: auto; border: 1px solid rgba(150&comma;150&comma;150&comma;0.3); border-radius: 8px;' src='https:\/\/ftp3.syscom.mx\/usuarios\/jsosa\/HIKVISION\/imagenes\/banners\/solution%20complete.png' alt='Soluci\u00f3n completa'> <\/div>\n<\/p><\/div>\n<\/p><\/div>\n","protected":false},"excerpt":{"rendered":"<p>[TandemVu] PTZ IP 4 Megapixel con C\u00e1mara Panoramica 6 Megapixel \/ 32X Zoom \/ 200 mts IR \/ 30 mts Luz Blanca \/ ACUSENSE \/ IP66 \/ Alerta Audible y Luz Estroboscopica \/ Autoseguimiento \/ Hi-PoE \/ Alarmas I\/O \/ Ultra Baja Iluminaci\u00f3n \/ Micro SD<\/p>\n","protected":false},"featured_media":97773,"comment_status":"open","ping_status":"closed","template":"","meta":[],"product_brand":[],"product_cat":[1224],"product_tag":[122,54,1225],"class_list":{"0":"post-97774","1":"product","2":"type-product","3":"status-publish","4":"has-post-thumbnail","6":"product_cat-ptz","7":"product_tag-camaras-ip-y-nvrs","8":"product_tag-hikvision","9":"product_tag-ptz","11":"first","12":"instock","13":"sale","14":"shipping-taxable","15":"purchasable","16":"product-type-simple"},"_links":{"self":[{"href":"https:\/\/soydeaqui.ddns.net\/pachuca\/index.php\/wp-json\/wp\/v2\/product\/97774","targetHints":{"allow":["GET"]}}],"collection":[{"href":"https:\/\/soydeaqui.ddns.net\/pachuca\/index.php\/wp-json\/wp\/v2\/product"}],"about":[{"href":"https:\/\/soydeaqui.ddns.net\/pachuca\/index.php\/wp-json\/wp\/v2\/types\/product"}],"replies":[{"embeddable":true,"href":"https:\/\/soydeaqui.ddns.net\/pachuca\/index.php\/wp-json\/wp\/v2\/comments?post=97774"}],"wp:featuredmedia":[{"embeddable":true,"href":"https:\/\/soydeaqui.ddns.net\/pachuca\/index.php\/wp-json\/wp\/v2\/media\/97773"}],"wp:attachment":[{"href":"https:\/\/soydeaqui.ddns.net\/pachuca\/index.php\/wp-json\/wp\/v2\/media?parent=97774"}],"wp:term":[{"taxonomy":"product_brand","embeddable":true,"href":"https:\/\/soydeaqui.ddns.net\/pachuca\/index.php\/wp-json\/wp\/v2\/product_brand?post=97774"},{"taxonomy":"product_cat","embeddable":true,"href":"https:\/\/soydeaqui.ddns.net\/pachuca\/index.php\/wp-json\/wp\/v2\/product_cat?post=97774"},{"taxonomy":"product_tag","embeddable":true,"href":"https:\/\/soydeaqui.ddns.net\/pachuca\/index.php\/wp-json\/wp\/v2\/product_tag?post=97774"}],"curies":[{"name":"wp","href":"https:\/\/api.w.org\/{rel}","templated":true}]}}