{"id":97749,"date":"2026-03-20T09:10:13","date_gmt":"2026-03-20T09:10:13","guid":{"rendered":"https:\/\/soydeaqui.ddns.net\/pachuca\/index.php\/producto\/camara-domo-6mp-con-inteligencia-artificial-lente-motorizado-de-4-4-a-9-3mm-wdr-120db-ranura-microsd-hasta-1tb-ip67-ik10-nema4x-ip6k9k\/"},"modified":"2026-03-20T09:10:30","modified_gmt":"2026-03-20T09:10:30","slug":"camara-domo-6mp-con-inteligencia-artificial-lente-motorizado-de-4-4-a-9-3mm-wdr-120db-ranura-microsd-hasta-1tb-ip67-ik10-nema4x-ip6k9k","status":"publish","type":"product","link":"https:\/\/soydeaqui.ddns.net\/pachuca\/index.php\/producto\/camara-domo-6mp-con-inteligencia-artificial-lente-motorizado-de-4-4-a-9-3mm-wdr-120db-ranura-microsd-hasta-1tb-ip67-ik10-nema4x-ip6k9k\/","title":{"rendered":"C\u00e1mara Domo 6MP con Inteligencia Artificial\/ Lente Motorizado de 4.4 a 9.3mm\/ WDR 120dB\/ Ranura MicroSD hasta 1TB\/ IP67\/ IK10+\/ NEMA4X\/ IP6K9K"},"content":{"rendered":"<div style='width: 100%; max-width: 1200px; margin: 0 auto; font-family: sans-serif; line-height: 1.6; color: inherit; background-color: transparent;'> <!-- Secci\u00f3n de compresi\u00f3n de video --> <\/p>\n<div style='display: flex; flex-wrap: wrap; gap: 30px; margin-bottom: 30px;'>\n<div style='flex: 1 1 300px; min-width: 280px;'> <img style='width: 100%; height: auto; border: 1px solid rgba(150&comma;150&comma;150&comma;0.3); border-radius: 8px;' src='https:\/\/ftp3.syscom.mx\/usuarios\/imendez\/Hanwha\/Serie%20X\/GIF\/WiseStream.gif' alt='Tecnolog\u00eda WiseStream II'> <\/div>\n<div style='flex: 1 1 300px; min-width: 280px;'>\n<h3 style='font-size: 22px; border-bottom: 2px solid currentColor; padding-bottom: 5px; margin-top: 0; color: inherit; opacity: 0.8;'>H.265 + WiseStream II<\/h3>\n<p style='text-align: justify; font-size: 15px; color: inherit;'> Mediante WiseStream II&comma; la tecnolog\u00eda de compresi\u00f3n de v\u00eddeo de Hanwha Techwin&comma; la serie Wisenet X reduce el almacenamiento de datos hasta un 99% en comparaci\u00f3n con la actual tecnolog\u00eda H.264&comma; cuando se combina con la compresi\u00f3n H.265. Los costes del sistema se reducen enormemente sin comprometer la calidad de las im\u00e1genes. <\/p>\n<\/p><\/div>\n<\/p><\/div>\n<p> <!-- An\u00e1lisis de video basado en Deep Learning --> <\/p>\n<div style='margin-bottom: 30px;'>\n<h3 style='font-size: 22px; border-bottom: 2px solid currentColor; padding-bottom: 5px; margin-top: 0; color: inherit; opacity: 0.8;'>An\u00e1lisis de v\u00eddeo basado en Deep Learning<\/h3>\n<p style='font-size: 15px; color: inherit;'> Las c\u00e1maras Wisenet AI que utilizan algoritmos AI filtran los movimientos irrelevantes causados por cambios ambientales como agitar \u00e1rboles&comma; sombras o animales. Mientras que las c\u00e1maras convencionales detectan el movimiento en funci\u00f3n de sus p\u00edxeles y generan eventos incluso si los usuarios desean ignorarlo&comma; las c\u00e1maras Wisenet AI basadas en Deep Learning generan alarmas de eventos solo para personas y veh\u00edculos&comma; reduciendo las falsas alarmas para una operaci\u00f3n m\u00e1s eficiente <\/p>\n<\/p><\/div>\n<p> <!-- Secci\u00f3n de caracter\u00edsticas t\u00e9cnicas --> <\/p>\n<div style='margin-bottom: 30px;'>\n<h3 style='font-size: 22px; border-bottom: 2px solid currentColor; padding-bottom: 5px; margin-top: 0; color: inherit; opacity: 0.8; text-align: center;'>Caracter\u00edsticas t\u00e9cnicas<\/h3>\n<div style='display: flex; flex-wrap: wrap; gap: 20px; margin-top: 20px;'> <!-- Columna 1 --> <\/p>\n<div style='flex: 1 1 250px; border: 1px solid rgba(150&comma; 150&comma; 150&comma; 0.4); border-radius: 8px; overflow: hidden; display: flex; flex-direction: column;'>\n<div style='padding: 15px; border-bottom: 1px solid rgba(150&comma; 150&comma; 150&comma; 0.2); font-weight: bold; font-size: 18px; color: inherit;'>Video<\/div>\n<div style='padding: 15px; color: inherit;'>\n<ul style='padding-left: 20px; margin: 0; font-size: 14px; list-style-type: disc;'>\n<li style='margin-bottom: 5px;'><strong>Compresi\u00f3n:<\/strong> H.265 &#038; WiseStream III \/ H.264 \/ MJPEG<\/li>\n<li style='margin-bottom: 5px;'><strong>Resoluci\u00f3n:<\/strong> 3328X1872 (6MP)<\/li>\n<li style='margin-bottom: 5px;'><strong>Sensor:<\/strong> 1\/1.8&#8242;<\/li>\n<li style='margin-bottom: 5px;'><strong>Iluminaci\u00f3n M\u00ednima:<\/strong> Color: 0.03Lux&comma; BW: 0 Lux (IR encendido)<\/li>\n<li style='margin-bottom: 5px;'><strong>Lente:<\/strong> Motorizado de 4.4 a 9.3 mm (\u00c1ngulo 113\u00ba)<\/li>\n<li style='margin-bottom: 5px;'><strong>Memoria RAM:<\/strong> 4GB<\/li>\n<li style='margin-bottom: 5px;'><strong>Memoria Flash:<\/strong> 512MB<\/li>\n<\/ul><\/div>\n<\/p><\/div>\n<p> <!-- Columna 2 --> <\/p>\n<div style='flex: 1 1 250px; border: 1px solid rgba(150&comma; 150&comma; 150&comma; 0.4); border-radius: 8px; overflow: hidden; display: flex; flex-direction: column;'>\n<div style='padding: 15px; border-bottom: 1px solid rgba(150&comma; 150&comma; 150&comma; 0.2); font-weight: bold; font-size: 18px; color: inherit;'>Almacenamiento<\/div>\n<div style='padding: 15px; color: inherit;'>\n<ul style='padding-left: 20px; margin: 0; font-size: 14px; list-style-type: disc;'>\n<li style='margin-bottom: 5px;'><strong>Almacenamiento:<\/strong> 2 Ranuras para tarjeta microSD de hasta 512 GB cada una (1TB m\u00e1ximo)<\/li>\n<\/ul><\/div>\n<div style='padding: 15px; border-top: 1px solid rgba(150&comma; 150&comma; 150&comma; 0.2); border-bottom: 1px solid rgba(150&comma; 150&comma; 150&comma; 0.2); font-weight: bold; font-size: 18px; color: inherit;'>Funciones<\/div>\n<div style='padding: 15px; color: inherit;'>\n<ul style='padding-left: 20px; margin: 0; font-size: 14px; list-style-type: disc;'>\n<li style='margin-bottom: 5px;'><strong>Compensaci\u00f3n de luz:<\/strong> WDR 120dB&comma; BLC&comma; HLC&comma; SSDR<\/li>\n<li style='margin-bottom: 5px;'><strong>Enfoque:<\/strong> Simple&comma; P-IRIS<\/li>\n<\/ul><\/div>\n<\/p><\/div>\n<p> <!-- Columna 3 --> <\/p>\n<div style='flex: 1 1 250px; border: 1px solid rgba(150&comma; 150&comma; 150&comma; 0.4); border-radius: 8px; overflow: hidden; display: flex; flex-direction: column;'>\n<div style='padding: 15px; border-bottom: 1px solid rgba(150&comma; 150&comma; 150&comma; 0.2); font-weight: bold; font-size: 18px; color: inherit;'>Interfaces<\/div>\n<div style='padding: 15px; color: inherit;'>\n<ul style='padding-left: 20px; margin: 0; font-size: 14px; list-style-type: disc;'>\n<li style='margin-bottom: 5px;'><strong>Puerto Ethernet:<\/strong> RJ45 10\/100 Base-T<\/li>\n<li style='margin-bottom: 5px;'><strong>Entrada\/Salida de audio:<\/strong> Opcional (Necesario modelo SPM-4210W)<\/li>\n<li style='margin-bottom: 5px;'><strong>Entrada\/Salida de alarma:<\/strong> Opcional (Necesario modelo SPM-4210W)<\/li>\n<\/ul><\/div>\n<div style='padding: 15px; border-top: 1px solid rgba(150&comma; 150&comma; 150&comma; 0.2); border-bottom: 1px solid rgba(150&comma; 150&comma; 150&comma; 0.2); font-weight: bold; font-size: 18px; color: inherit;'>Caracter\u00edsticas F\u00edsicas y El\u00e9ctricas<\/div>\n<div style='padding: 15px; color: inherit;'>\n<ul style='padding-left: 20px; margin: 0; font-size: 14px; list-style-type: disc;'>\n<li style='margin-bottom: 5px;'><strong>Temperatura de Operaci\u00f3n:<\/strong> -40 a 55\u00b0C<\/li>\n<li style='margin-bottom: 5px;'><strong>Certificaci\u00f3n:<\/strong> IP66 \/ IP67 \/ IK10&comma; NEMA4X&comma; IP6K9K<\/li>\n<li style='margin-bottom: 5px;'><strong>Alimentaci\u00f3n:<\/strong> PoE 802.03at tipo 2&comma; Clase 4<\/li>\n<li style='margin-bottom: 5px;'><strong>Consumo:<\/strong> 22.5W<\/li>\n<li style='margin-bottom: 5px;'><strong>Dimensiones:<\/strong> \u00d8 180 x 135mm<\/li>\n<li style='margin-bottom: 5px;'><strong>Peso:<\/strong> 2 Kg<\/li>\n<\/ul><\/div>\n<\/p><\/div>\n<\/p><\/div>\n<\/p><\/div>\n<p> <!-- Secci\u00f3n de anal\u00edticos --> <\/p>\n<div style='margin-bottom: 30px;'>\n<h3 style='font-size: 22px; border-bottom: 2px solid currentColor; padding-bottom: 5px; margin-top: 0; color: inherit; opacity: 0.8; text-align: center;'>Anal\u00edticos<\/h3>\n<div style='display: flex; flex-wrap: wrap; gap: 20px; margin-top: 20px;'> <!-- Anal\u00edticos de IA --> <\/p>\n<div style='flex: 1 1 250px; border: 1px solid rgba(150&comma; 150&comma; 150&comma; 0.4); border-radius: 8px; overflow: hidden; display: flex; flex-direction: column;'>\n<div style='padding: 15px; border-bottom: 1px solid rgba(150&comma; 150&comma; 150&comma; 0.2); font-weight: bold; font-size: 18px; color: inherit;'>An\u00e1lisis de eventos con base en el motor de IA<\/div>\n<div style='padding: 15px; color: inherit;'>\n<ul style='padding-left: 20px; margin: 0; font-size: 14px; list-style-type: disc;'>\n<li style='margin-bottom: 5px;'>Detecci\u00f3n de objetos<\/li>\n<li style='margin-bottom: 5px;'>Merodeo<\/li>\n<li style='margin-bottom: 5px;'>Detecci\u00f3n de direcci\u00f3n<\/li>\n<li style='margin-bottom: 5px;'><strong>Cruce de l\u00ednea virtual<\/strong><\/li>\n<li style='margin-bottom: 5px;'>Entrada \/ Salida<\/li>\n<\/ul><\/div>\n<\/p><\/div>\n<p> <!-- Clasificaci\u00f3n de objetos --> <\/p>\n<div style='flex: 1 1 250px; border: 1px solid rgba(150&comma; 150&comma; 150&comma; 0.4); border-radius: 8px; overflow: hidden; display: flex; flex-direction: column;'>\n<div style='padding: 15px; border-bottom: 1px solid rgba(150&comma; 150&comma; 150&comma; 0.2); font-weight: bold; font-size: 18px; color: inherit;'>Clasificaci\u00f3n de objetos<\/div>\n<div style='padding: 15px; color: inherit;'>\n<ul style='padding-left: 20px; margin: 0; font-size: 14px; list-style-type: disc;'>\n<li style='margin-bottom: 5px;'>Persona\/Rostro<\/li>\n<li style='margin-bottom: 5px;'>Veh\u00edculo<\/li>\n<li style='margin-bottom: 5px;'>BestShot por objeto<\/li>\n<\/ul><\/div>\n<\/p><\/div>\n<p> <!-- An\u00e1lisis de eventos --> <\/p>\n<div style='flex: 1 1 250px; border: 1px solid rgba(150&comma; 150&comma; 150&comma; 0.4); border-radius: 8px; overflow: hidden; display: flex; flex-direction: column;'>\n<div style='padding: 15px; border-bottom: 1px solid rgba(150&comma; 150&comma; 150&comma; 0.2); font-weight: bold; font-size: 18px; color: inherit;'>An\u00e1lisis de eventos<\/div>\n<div style='padding: 15px; color: inherit;'>\n<ul style='padding-left: 20px; margin: 0; font-size: 14px; list-style-type: disc;'>\n<li style='margin-bottom: 5px;'>Aparici\u00f3n \/ Desaparici\u00f3n<\/li>\n<li style='margin-bottom: 5px;'>Detecci\u00f3n de Desenfoque<\/li>\n<li style='margin-bottom: 5px;'>Detecci\u00f3n de Movimiento<\/li>\n<li style='margin-bottom: 5px;'>Sabotaje<\/li>\n<li style='margin-bottom: 5px;'>Detecci\u00f3n de Audio (Necesario modelo SPM-4210W)<\/li>\n<li style='margin-bottom: 5px;'>Clasificaci\u00f3n de sonidos (Necesario modelo SPM-4210W)<\/li>\n<\/ul><\/div>\n<\/p><\/div>\n<\/p><\/div>\n<\/p><\/div>\n<p> <!-- Secci\u00f3n de caracter\u00edsticas adicionales --> <\/p>\n<div style='margin-bottom: 30px;'>\n<h3 style='font-size: 22px; border-bottom: 2px solid currentColor; padding-bottom: 5px; margin-top: 0; color: inherit; opacity: 0.8; text-align: center;'>Otras caracter\u00edsticas<\/h3>\n<div style='display: flex; flex-wrap: wrap; gap: 20px; margin-top: 20px; justify-content: center;'>\n<div style='flex: 1 1 200px; border-left: 5px solid #F37934; border-radius: 5px; padding: 10px;'> <strong style='font-size: 15px; color: inherit;'>H.265 &#038; WiseStream II<\/strong> <\/div>\n<div style='flex: 1 1 200px; border-left: 5px solid #F37934; border-radius: 5px; padding: 10px;'> <strong style='font-size: 15px; color: inherit;'>Anal\u00edticos de Audio<\/strong> <\/div>\n<div style='flex: 1 1 200px; border-left: 5px solid #F37934; border-radius: 5px; padding: 10px;'> <strong style='font-size: 15px; color: inherit;'>Resoluci\u00f3n 8K<\/strong> <\/div>\n<\/p><\/div>\n<\/p><\/div>\n<p> <!-- Secci\u00f3n de videos --> <\/p>\n<div style='margin-bottom: 30px;'>\n<div style='display: flex; flex-wrap: wrap; gap: 20px; justify-content: center;'>\n<div style='flex: 1 1 300px; min-width: 280px;'>\n<div style='position: relative; padding-bottom: 56.25%; height: 0; overflow: hidden; margin-bottom: 30px;'>   <\/div>\n<\/p><\/div>\n<div style='flex: 1 1 300px; min-width: 280px;'>\n<div style='position: relative; padding-bottom: 56.25%; height: 0; overflow: hidden; margin-bottom: 30px;'>   <\/div>\n<\/p><\/div>\n<div style='flex: 1 1 300px; min-width: 280px;'>\n<div style='position: relative; padding-bottom: 56.25%; height: 0; overflow: hidden; margin-bottom: 30px;'>   <\/div>\n<\/p><\/div>\n<\/p><\/div>\n<\/p><\/div>\n<p> <!-- Secci\u00f3n de caracter\u00edsticas adicionales 2 --> <\/p>\n<div style='margin-bottom: 30px;'>\n<div style='display: flex; flex-wrap: wrap; gap: 20px; justify-content: center;'>\n<div style='flex: 1 1 200px; border-left: 5px solid #F37934; border-radius: 5px; padding: 10px;'> <strong style='font-size: 15px; color: inherit;'>Anal\u00edticos basados en IA<\/strong> <\/div>\n<div style='flex: 1 1 200px; border-left: 5px solid #F37934; border-radius: 5px; padding: 10px;'> <strong style='font-size: 15px; color: inherit;'>Detecci\u00f3n de Rostros<\/strong> <\/div>\n<div style='flex: 1 1 200px; border-left: 5px solid #F37934; border-radius: 5px; padding: 10px;'> <strong style='font-size: 15px; color: inherit;'>Funci\u00f3n Handover<\/strong> <\/div>\n<\/p><\/div>\n<\/p><\/div>\n<p> <!-- Secci\u00f3n de videos 2 --> <\/p>\n<div style='margin-bottom: 30px;'>\n<div style='display: flex; flex-wrap: wrap; gap: 20px; justify-content: center;'>\n<div style='flex: 1 1 300px; min-width: 280px;'>\n<div style='position: relative; padding-bottom: 56.25%; height: 0; overflow: hidden; margin-bottom: 30px;'>   <\/div>\n<\/p><\/div>\n<div style='flex: 1 1 300px; min-width: 280px;'>\n<div style='position: relative; padding-bottom: 56.25%; height: 0; overflow: hidden; margin-bottom: 30px;'>   <\/div>\n<\/p><\/div>\n<div style='flex: 1 1 300px; min-width: 280px;'>\n<div style='position: relative; padding-bottom: 56.25%; height: 0; overflow: hidden; margin-bottom: 30px;'>   <\/div>\n<\/p><\/div>\n<\/p><\/div>\n<\/p><\/div>\n<p> <!-- Enlace a soporte --> <\/p>\n<div style='text-align: center; margin: 30px 0;'> <a href='http:\/\/soporte.syscom.mx\/videovigilancia\/hanwha-lista-de-tips-tecnicos' target='_blank' rel='noopener' style='color: inherit; text-decoration: none;'> <img style='width: 432px; max-width: 100%; height: auto; border: 1px solid rgba(150&comma;150&comma;150&comma;0.3); border-radius: 8px;' src='https:\/\/ftp3.syscom.mx\/usuarios\/gmagos\/Hanwha\/fotos\/basede1.png' alt='Base de conocimiento Hanwha' \/> <\/a> <\/div>\n<\/p><\/div>\n","protected":false},"excerpt":{"rendered":"<p>C\u00e1mara Domo 6MP con Inteligencia Artificial\/ Lente Motorizado de 4.4 a 9.3mm\/ WDR 120dB\/ Ranura MicroSD hasta 1TB\/ IP67\/ IK10+\/ NEMA4X\/ IP6K9K<\/p>\n","protected":false},"featured_media":97748,"comment_status":"open","ping_status":"closed","template":"","meta":[],"product_brand":[],"product_cat":[2056],"product_tag":[122,2057,1055],"class_list":{"0":"post-97749","1":"product","2":"type-product","3":"status-publish","4":"has-post-thumbnail","6":"product_cat-domo-eyeball-turret","7":"product_tag-camaras-ip-y-nvrs","8":"product_tag-domo-eyeball-turret","9":"product_tag-hanwha-vision","11":"first","12":"outofstock","13":"sale","14":"shipping-taxable","15":"purchasable","16":"product-type-simple"},"_links":{"self":[{"href":"https:\/\/soydeaqui.ddns.net\/pachuca\/index.php\/wp-json\/wp\/v2\/product\/97749","targetHints":{"allow":["GET"]}}],"collection":[{"href":"https:\/\/soydeaqui.ddns.net\/pachuca\/index.php\/wp-json\/wp\/v2\/product"}],"about":[{"href":"https:\/\/soydeaqui.ddns.net\/pachuca\/index.php\/wp-json\/wp\/v2\/types\/product"}],"replies":[{"embeddable":true,"href":"https:\/\/soydeaqui.ddns.net\/pachuca\/index.php\/wp-json\/wp\/v2\/comments?post=97749"}],"wp:featuredmedia":[{"embeddable":true,"href":"https:\/\/soydeaqui.ddns.net\/pachuca\/index.php\/wp-json\/wp\/v2\/media\/97748"}],"wp:attachment":[{"href":"https:\/\/soydeaqui.ddns.net\/pachuca\/index.php\/wp-json\/wp\/v2\/media?parent=97749"}],"wp:term":[{"taxonomy":"product_brand","embeddable":true,"href":"https:\/\/soydeaqui.ddns.net\/pachuca\/index.php\/wp-json\/wp\/v2\/product_brand?post=97749"},{"taxonomy":"product_cat","embeddable":true,"href":"https:\/\/soydeaqui.ddns.net\/pachuca\/index.php\/wp-json\/wp\/v2\/product_cat?post=97749"},{"taxonomy":"product_tag","embeddable":true,"href":"https:\/\/soydeaqui.ddns.net\/pachuca\/index.php\/wp-json\/wp\/v2\/product_tag?post=97749"}],"curies":[{"name":"wp","href":"https:\/\/api.w.org\/{rel}","templated":true}]}}