{"id":97734,"date":"2026-03-20T09:09:34","date_gmt":"2026-03-20T09:09:34","guid":{"rendered":"https:\/\/soydeaqui.ddns.net\/pachuca\/index.php\/producto\/adaptador-de-red-synology-e10g30-t2-doble-puerto-10-gbe-pcie-3-0-x8-compatible-con-synology-link-aggregation\/"},"modified":"2026-03-20T09:09:38","modified_gmt":"2026-03-20T09:09:38","slug":"adaptador-de-red-synology-e10g30-t2-doble-puerto-10-gbe-pcie-3-0-x8-compatible-con-synology-link-aggregation","status":"publish","type":"product","link":"https:\/\/soydeaqui.ddns.net\/pachuca\/index.php\/producto\/adaptador-de-red-synology-e10g30-t2-doble-puerto-10-gbe-pcie-3-0-x8-compatible-con-synology-link-aggregation\/","title":{"rendered":"Adaptador de Red Synology E10G30-T2 | Doble Puerto 10 GbE | PCIe 3.0 x8 | Compatible con Synology | Link Aggregation."},"content":{"rendered":"<div style='width: 100%; max-width: 1200px; margin: 0 auto; font-family: sans-serif; line-height: 1.6; color: inherit; background-color: transparent;'>\n<div style='margin-bottom: 30px;'>\n<p style='font-size: 18px; line-height: 1.6; margin: 0 0 20px; color: inherit;'>El adaptador de red Synology E10G30-T2 de doble puerto de 10 GbE est\u00e1 dise\u00f1ado para aumentar el rendimiento de la red en sistemas Synology compatibles. Ideal para empresas que requieren soporte para un n\u00famero creciente de usuarios en tareas de copia de seguridad&comma; posproducci\u00f3n&comma; virtualizaci\u00f3n y otras cargas de trabajo con un uso intensivo del ancho de banda.<\/p>\n<\/div>\n<div style='margin-bottom: 30px;'>\n<h2 style='font-size: 24px; margin: 0 0 20px; border-bottom: 2px solid currentColor; padding-bottom: 5px; color: inherit; opacity: 0.8;'>Caracter\u00edsticas Principales<\/h2>\n<div style='display: flex; flex-wrap: wrap; gap: 20px;'>\n<div style='flex: 1 1 250px; min-width: 280px; border: 1px solid rgba(150&comma; 150&comma; 150&comma; 0.4); border-radius: 8px; overflow: hidden; display: flex; flex-direction: column;'>\n<div style='padding: 15px; border-bottom: 1px solid rgba(150&comma; 150&comma; 150&comma; 0.2); font-weight: bold; font-size: 18px; color: inherit;'>Caracter\u00edsticas<\/div>\n<div style='padding: 15px; color: inherit;'>\n<ul style='padding-left: 20px; margin: 0; font-size: 14px; list-style-type: disc; color: inherit;'>\n<li style='margin-bottom: 5px;'>Dos puertos de 10 GbE para conectividad de alto rendimiento<\/li>\n<li style='margin-bottom: 5px;'>Compatibilidad con Link Aggregation para aumentar el rendimiento y la redundancia<\/li>\n<li style='margin-bottom: 5px;'>Negociaci\u00f3n autom\u00e1tica entre 10 Gbps y 1 Gbps<\/li>\n<li style='margin-bottom: 5px;'>Compatibilidad con tecnolog\u00edas de descarga de CPU<\/li>\n<li style='margin-bottom: 5px;'>Equilibrio de carga para un rendimiento \u00f3ptimo del sistema<\/li>\n<li style='margin-bottom: 5px;'>Garant\u00eda limitada de 3 a\u00f1os<\/li>\n<\/ul>\n<\/div>\n<\/div>\n<\/div>\n<\/div>\n<\/div>\n<div style='margin-bottom: 30px;'>\n<h2 style='font-size: 24px; margin: 0 0 20px; border-bottom: 2px solid currentColor; padding-bottom: 5px; color: inherit; opacity: 0.8;'>Detalles T\u00e9cnicos<\/h2>\n<div style='display: flex; flex-wrap: wrap; gap: 20px;'>\n<div style='flex: 1 1 250px; min-width: 280px; border: 1px solid rgba(150&comma; 150&comma; 150&comma; 0.4); border-radius: 8px; overflow: hidden; display: flex; flex-direction: column;'>\n<div style='padding: 15px; border-bottom: 1px solid rgba(150&comma; 150&comma; 150&comma; 0.2); font-weight: bold; font-size: 18px; color: inherit;'>Especificaciones<\/div>\n<div style='padding: 15px; color: inherit;'>\n<ul style='padding-left: 20px; margin: 0; font-size: 14px; list-style-type: disc; color: inherit;'>\n<li style='margin-bottom: 5px;'>Interfaz de bus del host: PCIe 3.0 x8<\/li>\n<li style='margin-bottom: 5px;'>Velocidad de conexi\u00f3n: 10 Gbps \/ 1 Gbps<\/li>\n<li style='margin-bottom: 5px;'>Conector: RJ45 de cobre<\/li>\n<li style='margin-bottom: 5px;'>Modo de funcionamiento de red: D\u00faplex completo<\/li>\n<li style='margin-bottom: 5px;'>Tama\u00f1o: 68&comma;9 x 167&comma;7 x 14&comma;7 mm<\/li>\n<li style='margin-bottom: 5px;'>Entorno operativo: 32\u00b0F a 104\u00b0F (0\u00b0C a 40\u00b0C)&comma; 8% a 80% HR<\/li>\n<li style='margin-bottom: 5px;'>Entorno de almacenamiento: -5\u00b0F a 140\u00b0F (-20\u00b0C a 60\u00b0C)&comma; 5% a 95% HR<\/li>\n<\/ul>\n<\/div>\n<\/div>\n<\/div>\n<div style='flex: 1 1 250px; min-width: 280px; border: 1px solid rgba(150&comma; 150&comma; 150&comma; 0.4); border-radius: 8px; overflow: hidden; display: flex; flex-direction: column;'>\n<div style='padding: 15px; border-bottom: 1px solid rgba(150&comma; 150&comma; 150&comma; 0.2); font-weight: bold; font-size: 18px; color: inherit;'>Interfaces y Conectividad<\/div>\n<div style='padding: 15px; color: inherit;'>\n<ul style='padding-left: 20px; margin: 0; font-size: 14px; list-style-type: disc; color: inherit;'>\n<li style='margin-bottom: 5px;'>Ethernet IEEE 802.3an 10GBASE-T de 10 Gbps<\/li>\n<li style='margin-bottom: 5px;'>Ethernet IEEE 802.3ab 1000BASE-T de 1 Gbps<\/li>\n<li style='margin-bottom: 5px;'>IEEE 802.3ad Link Aggregation<\/li>\n<li style='margin-bottom: 5px;'>Control de flujo IEEE 802.3x<\/li>\n<li style='margin-bottom: 5px;'>Compatibilidad con Jumbo Frame de 1&comma;5 a 9 KB<\/li>\n<li style='margin-bottom: 5px;'>Descarga de suma de comprobaci\u00f3n TCP\/UDP<\/li>\n<li style='margin-bottom: 5px;'>Descarga de recepci\u00f3n grande (LRO)<\/li>\n<li style='margin-bottom: 5px;'>Descarga de segmentaci\u00f3n gen\u00e9rica (GSO)<\/li>\n<li style='margin-bottom: 5px;'>Descarga de segmentaci\u00f3n TCP (TSO)<\/li>\n<li style='margin-bottom: 5px;'>Escala lateral de recepci\u00f3n (RSS)<\/li>\n<li style='margin-bottom: 5px;'>Escala lateral de transmisi\u00f3n (TSS)<\/li>\n<li style='margin-bottom: 5px;'>SR-IOV<\/li>\n<\/ul>\n<\/div>\n<\/div>\n<\/div>\n<\/div>\n<\/div>\n<div style='margin-bottom: 30px;'>\n<h2 style='font-size: 24px; margin: 0 0 20px; border-bottom: 2px solid currentColor; padding-bottom: 5px; color: inherit; opacity: 0.8;'>Aplicaciones y Casos de Uso<\/h2>\n<div style='display: flex; flex-wrap: wrap; gap: 20px;'>\n<div style='flex: 1 1 250px; min-width: 280px; border: 1px solid rgba(150&comma; 150&comma; 150&comma; 0.4); border-radius: 8px; overflow: hidden; display: flex; flex-direction: column;'>\n<div style='padding: 15px; border-bottom: 1px solid rgba(150&comma; 150&comma; 150&comma; 0.2); font-weight: bold; font-size: 18px; color: inherit;'>Copia de Seguridad<\/div>\n<div style='padding: 15px; color: inherit;'>\n<p style='margin: 0 0 10px; font-size: 14px; color: inherit;'>Ideal para tareas de copia de seguridad de alto rendimiento en entornos empresariales.<\/p>\n<\/div>\n<\/div>\n<\/div>\n<div style='flex: 1 1 250px; min-width: 280px; border: 1px solid rgba(150&comma; 150&comma; 150&comma; 0.4); border-radius: 8px; overflow: hidden; display: flex; flex-direction: column;'>\n<div style='padding: 15px; border-bottom: 1px solid rgba(150&comma; 150&comma; 150&comma; 0.2); font-weight: bold; font-size: 18px; color: inherit;'>Posproducci\u00f3n<\/div>\n<div style='padding: 15px; color: inherit;'>\n<p style='margin: 0 0 10px; font-size: 14px; color: inherit;'>Perfecto para flujos de trabajo de posproducci\u00f3n que requieren transferencias de datos r\u00e1pidas.<\/p>\n<\/div>\n<\/div>\n<\/div>\n<div style='flex: 1 1 250px; min-width: 280px; border: 1px solid rgba(150&comma; 150&comma; 150&comma; 0.4); border-radius: 8px; overflow: hidden; display: flex; flex-direction: column;'>\n<div style='padding: 15px; border-bottom: 1px solid rgba(150&comma; 150&comma; 150&comma; 0.2); font-weight: bold; font-size: 18px; color: inherit;'>Virtualizaci\u00f3n<\/div>\n<div style='padding: 15px; color: inherit;'>\n<p style='margin: 0 0 10px; font-size: 14px; color: inherit;'>Optimizado para entornos de virtualizaci\u00f3n que demandan un ancho de banda elevado.<\/p>\n<\/div>\n<\/div>\n<\/div>\n<\/div>\n<\/div>\n<\/div>\n","protected":false},"excerpt":{"rendered":"<p>Adaptador de Red Synology E10G30-T2 | Doble Puerto 10 GbE | PCIe 3.0 x8 | Compatible con Synology | Link Aggregation.<\/p>\n","protected":false},"featured_media":97733,"comment_status":"open","ping_status":"closed","template":"","meta":[],"product_brand":[],"product_cat":[2285],"product_tag":[2286,2065,1976],"class_list":{"0":"post-97734","1":"product","2":"type-product","3":"status-publish","4":"has-post-thumbnail","6":"product_cat-perifericos-internos-y-tarjetas-de-expansion","7":"product_tag-perifericos-internos-y-tarjetas-de-expansion","8":"product_tag-servidores-almacenamiento","9":"product_tag-synology","11":"first","12":"outofstock","13":"sale","14":"shipping-taxable","15":"purchasable","16":"product-type-simple"},"_links":{"self":[{"href":"https:\/\/soydeaqui.ddns.net\/pachuca\/index.php\/wp-json\/wp\/v2\/product\/97734","targetHints":{"allow":["GET"]}}],"collection":[{"href":"https:\/\/soydeaqui.ddns.net\/pachuca\/index.php\/wp-json\/wp\/v2\/product"}],"about":[{"href":"https:\/\/soydeaqui.ddns.net\/pachuca\/index.php\/wp-json\/wp\/v2\/types\/product"}],"replies":[{"embeddable":true,"href":"https:\/\/soydeaqui.ddns.net\/pachuca\/index.php\/wp-json\/wp\/v2\/comments?post=97734"}],"wp:featuredmedia":[{"embeddable":true,"href":"https:\/\/soydeaqui.ddns.net\/pachuca\/index.php\/wp-json\/wp\/v2\/media\/97733"}],"wp:attachment":[{"href":"https:\/\/soydeaqui.ddns.net\/pachuca\/index.php\/wp-json\/wp\/v2\/media?parent=97734"}],"wp:term":[{"taxonomy":"product_brand","embeddable":true,"href":"https:\/\/soydeaqui.ddns.net\/pachuca\/index.php\/wp-json\/wp\/v2\/product_brand?post=97734"},{"taxonomy":"product_cat","embeddable":true,"href":"https:\/\/soydeaqui.ddns.net\/pachuca\/index.php\/wp-json\/wp\/v2\/product_cat?post=97734"},{"taxonomy":"product_tag","embeddable":true,"href":"https:\/\/soydeaqui.ddns.net\/pachuca\/index.php\/wp-json\/wp\/v2\/product_tag?post=97734"}],"curies":[{"name":"wp","href":"https:\/\/api.w.org\/{rel}","templated":true}]}}