{"id":97729,"date":"2026-03-20T09:09:18","date_gmt":"2026-03-20T09:09:18","guid":{"rendered":"https:\/\/soydeaqui.ddns.net\/pachuca\/index.php\/producto\/camara-domo-4k-con-inteligencia-artificial-lente-motorizado-de-4-4-a-9-3mm-p-iris-wdr-120db-ip67-ip6k9k-ik10-nema4x-microsd-hasta-1tb-onvif\/"},"modified":"2026-03-20T09:09:29","modified_gmt":"2026-03-20T09:09:29","slug":"camara-domo-4k-con-inteligencia-artificial-lente-motorizado-de-4-4-a-9-3mm-p-iris-wdr-120db-ip67-ip6k9k-ik10-nema4x-microsd-hasta-1tb-onvif","status":"publish","type":"product","link":"https:\/\/soydeaqui.ddns.net\/pachuca\/index.php\/producto\/camara-domo-4k-con-inteligencia-artificial-lente-motorizado-de-4-4-a-9-3mm-p-iris-wdr-120db-ip67-ip6k9k-ik10-nema4x-microsd-hasta-1tb-onvif\/","title":{"rendered":"C\u00e1mara Domo 4K con Inteligencia artificial \/ Lente Motorizado de 4.4 a 9.3mm\/ P-Iris\/ WDR 120dB\/ IP67\/ IP6K9K\/ IK10+\/ NEMA4X\/ MicroSD hasta 1TB\/ ONVIF"},"content":{"rendered":"<div style='width: 100%; max-width: 1200px; margin: 0 auto; font-family: sans-serif; line-height: 1.6; color: inherit; background-color: transparent;'> <!-- Secci\u00f3n de contenido con flex\/grid --> <\/p>\n<div style='display: flex; flex-wrap: wrap; gap: 30px; margin-bottom: 30px;'>\n<div style='flex: 1 1 300px; min-width: 280px;'>\n<h3 style='font-size: 22px; border-bottom: 2px solid currentColor; padding-bottom: 5px; margin-top: 0; color: inherit; opacity: 0.8;'>H.265 + WiseStream II<\/h3>\n<p style='text-align: justify; font-size: 15px; color: inherit;'> Mediante WiseStream II&comma; la tecnolog\u00eda de compresi\u00f3n de v\u00eddeo de Hanwha Techwin&comma; la serie Wisenet X reduce el almacenamiento de datos hasta un 99% en comparaci\u00f3n con la actual tecnolog\u00eda H.264&comma; cuando se combina con la compresi\u00f3n H.265. Los costes del sistema se reducen enormemente sin comprometer la calidad de las im\u00e1genes. <\/p>\n<div style='width: 100%; margin: 20px 0;'> <img style='width: 100%; height: auto; border: 1px solid rgba(150&comma;150&comma;150&comma;0.3); border-radius: 8px;' src='https:\/\/ftp3.syscom.mx\/usuarios\/imendez\/Hanwha\/Serie%20X\/GIF\/WiseStream.gif' alt=''> <\/div>\n<\/p><\/div>\n<\/p><\/div>\n<div style='display: flex; flex-wrap: wrap; gap: 30px; margin-bottom: 30px;'>\n<div style='flex: 1 1 300px; min-width: 280px;'>\n<h3 style='font-size: 22px; border-bottom: 2px solid currentColor; padding-bottom: 5px; margin-top: 0; color: inherit; opacity: 0.8;'>An\u00e1lisis de v\u00eddeo basado en Deep Learning<\/h3>\n<p style='font-size: 15px; color: inherit;'> Las c\u00e1maras Wisenet AI que utilizan algoritmos AI filtran los movimientos irrelevantes causados por cambios ambientales como agitar \u00e1rboles&comma; sombras o animales. Mientras que las c\u00e1maras convencionales detectan el movimiento en funci\u00f3n de sus p\u00edxeles y generan eventos incluso si los usuarios desean ignorarlo&comma; las c\u00e1maras Wisenet AI basadas en Deep Learning generan alarmas de eventos solo para personas y veh\u00edculos&comma; reduciendo las falsas alarmas para una operaci\u00f3n m\u00e1s eficiente <\/p>\n<\/p><\/div>\n<\/p><\/div>\n<p> <!-- Secci\u00f3n de caracter\u00edsticas t\u00e9cnicas --> <\/p>\n<div style='display: flex; flex-wrap: wrap; gap: 20px; margin-bottom: 30px;'>\n<div style='flex: 1 1 300px; min-width: 280px;'>\n<h3 style='font-size: 20px; border-left: 5px solid #f37324; padding-left: 10px; margin-top: 0; color: inherit; opacity: 0.9;'>Video<\/h3>\n<ul style='padding-left: 20px; font-size: 14px; color: inherit; list-style-type: disc;'>\n<li style='margin-bottom: 5px;'><strong>Compresi\u00f3n:<\/strong> H.265 &#038; WiseStream II \/ H.264 \/ MJPEG<\/li>\n<li style='margin-bottom: 5px;'><strong>Resoluci\u00f3n:<\/strong> 4K (8MP)<\/li>\n<li style='margin-bottom: 5px;'><strong>Sensor:<\/strong> 1\/1.8&#8242;<\/li>\n<li style='margin-bottom: 5px;'><strong>Iluminaci\u00f3n m\u00ednima:<\/strong> Color: 0.03Lux&comma; BW: 0 Lux (IR encendido)<\/li>\n<li style='margin-bottom: 5px;'><strong>Lente:<\/strong> Motorizado de 4.4 a 9.3 MM<\/li>\n<li style='margin-bottom: 5px;'><strong>Iluminaci\u00f3n Infraroja:<\/strong> 15 a 30m<\/li>\n<\/ul><\/div>\n<div style='flex: 1 1 300px; min-width: 280px;'>\n<h3 style='font-size: 20px; border-left: 5px solid #f37324; padding-left: 10px; margin-top: 0; color: inherit; opacity: 0.9;'>Almacenamiento<\/h3>\n<ul style='padding-left: 20px; font-size: 14px; color: inherit; list-style-type: disc;'>\n<li style='margin-bottom: 5px;'><strong>Capacidad:<\/strong> 2 Ranuras para tarjeta microSD de hasta 512 GB (1TB max.)<\/li>\n<\/ul>\n<h3 style='font-size: 20px; border-left: 5px solid #f37324; padding-left: 10px; margin-top: 20px; margin-bottom: 10px; color: inherit; opacity: 0.9;'>Funciones<\/h3>\n<ul style='padding-left: 20px; font-size: 14px; color: inherit; list-style-type: disc;'>\n<li style='margin-bottom: 5px;'><strong>Compensaci\u00f3n de luz:<\/strong> WDR 120dB&comma; BLC&comma; HLC&comma; SSDR<\/li>\n<li style='margin-bottom: 5px;'><strong>Enfoque:<\/strong> P-IRIS&comma; enfoque simple<\/li>\n<li style='margin-bottom: 5px;'><strong>Integraci\u00f3n:<\/strong> ONVIF S\/G\/T\/M&comma; SUNAPI&comma; Plataforma abierta Wisenet<\/li>\n<\/ul><\/div>\n<div style='flex: 1 1 300px; min-width: 280px;'>\n<h3 style='font-size: 20px; border-left: 5px solid #f37324; padding-left: 10px; margin-top: 0; color: inherit; opacity: 0.9;'>Interfaces<\/h3>\n<ul style='padding-left: 20px; font-size: 14px; color: inherit; list-style-type: disc;'>\n<li style='margin-bottom: 5px;'><strong>Puerto Ethernet:<\/strong> 10\/100 Base-T<\/li>\n<li style='margin-bottom: 5px;'><strong>Memoria RAM:<\/strong> 4GB<\/li>\n<li style='margin-bottom: 5px;'><strong>Memoria Flash:<\/strong> 512MB<\/li>\n<\/ul>\n<h3 style='font-size: 20px; border-left: 5px solid #f37324; padding-left: 10px; margin-top: 20px; margin-bottom: 10px; color: inherit; opacity: 0.9;'>Caracter\u00edsticas F\u00edsicas y El\u00e9ctricas<\/h3>\n<ul style='padding-left: 20px; font-size: 14px; color: inherit; list-style-type: disc;'>\n<li style='margin-bottom: 5px;'><strong>Temperatura de Operaci\u00f3n:<\/strong> -50 a 55\u00b0C<\/li>\n<li style='margin-bottom: 5px;'><strong>Certificaci\u00f3n:<\/strong> IP66 \/ IP67 \/ IP6K9K&comma; IK10+&comma; NEMA4X<\/li>\n<li style='margin-bottom: 5px;'><strong>Alimentaci\u00f3n:<\/strong> PoE 802.03at tipo 2&comma; Clase 4<\/li>\n<li style='margin-bottom: 5px;'><strong>Consumo:<\/strong> 22.5W<\/li>\n<li style='margin-bottom: 5px;'><strong>Dimensiones:<\/strong> \u00d8 180 x 135mm<\/li>\n<li style='margin-bottom: 5px;'><strong>Peso:<\/strong> 2 Kg<\/li>\n<\/ul><\/div>\n<div style='flex: 1 1 300px; min-width: 280px;'>\n<h3 style='font-size: 20px; border-left: 5px solid #f37324; padding-left: 10px; margin-top: 0; color: inherit; opacity: 0.9;'>An\u00e1lisis de eventos con base en el motor de IA<\/h3>\n<ul style='padding-left: 20px; font-size: 14px; color: inherit; list-style-type: disc;'>\n<li style='margin-bottom: 5px;'>Detecci\u00f3n de objetos<\/li>\n<li style='margin-bottom: 5px;'>Merodeo<\/li>\n<li style='margin-bottom: 5px;'>Detecci\u00f3n de direcci\u00f3n<\/li>\n<li style='margin-bottom: 5px;'><strong>Cruce de l\u00ednea virtual<\/strong><\/li>\n<li style='margin-bottom: 5px;'>Entrada \/ Salida<\/li>\n<\/ul><\/div>\n<div style='flex: 1 1 300px; min-width: 280px;'>\n<h3 style='font-size: 20px; border-left: 5px solid #f37324; padding-left: 10px; margin-top: 0; color: inherit; opacity: 0.9;'>Clasificaci\u00f3n de objetos<\/h3>\n<ul style='padding-left: 20px; font-size: 14px; color: inherit; list-style-type: disc;'>\n<li style='margin-bottom: 5px;'>Persona\/Rostro<\/li>\n<li style='margin-bottom: 5px;'>Veh\u00edculo<\/li>\n<li style='margin-bottom: 5px;'>Matr\u00edcula de veh\u00edculos con atributos<\/li>\n<li style='margin-bottom: 5px;'>BestShot por objeto<\/li>\n<\/ul><\/div>\n<div style='flex: 1 1 300px; min-width: 280px;'>\n<h3 style='font-size: 20px; border-left: 5px solid #f37324; padding-left: 10px; margin-top: 0; color: inherit; opacity: 0.9;'>An\u00e1lisis de eventos<\/h3>\n<ul style='padding-left: 20px; font-size: 14px; color: inherit; list-style-type: disc;'>\n<li style='margin-bottom: 5px;'>Aparici\u00f3n \/ Desaparici\u00f3n<\/li>\n<li style='margin-bottom: 5px;'>Detecci\u00f3n de Desenfoque<\/li>\n<li style='margin-bottom: 5px;'>Detecci\u00f3n de Audio<\/li>\n<li style='margin-bottom: 5px;'>Detecci\u00f3n de Movimiento<\/li>\n<li style='margin-bottom: 5px;'>Sabotaje<\/li>\n<li style='margin-bottom: 5px;'><strong>Clasificaci\u00f3n de sonidos<\/strong><\/li>\n<\/ul><\/div>\n<\/p><\/div>\n<p> <!-- Secci\u00f3n de caracter\u00edsticas adicionales --> <\/p>\n<div style='margin: 40px 0;'>\n<h3 style='font-size: 20px; text-align: center; margin-bottom: 30px; color: inherit; opacity: 0.9;'>Otras caracter\u00edsticas<\/h3>\n<div style='display: flex; flex-wrap: wrap; gap: 20px; justify-content: center; margin-bottom: 40px;'>\n<div style='flex: 1 1 200px; max-width: 300px; border: 1px solid rgba(150&comma;150&comma;150&comma;0.4); border-radius: 8px; padding: 15px; text-align: center; color: inherit;'> <strong style='color: inherit;'>H.265 &#038; WiseStream II<\/strong> <\/div>\n<div style='flex: 1 1 200px; max-width: 300px; border: 1px solid rgba(150&comma;150&comma;150&comma;0.4); border-radius: 8px; padding: 15px; text-align: center; color: inherit;'> <strong style='color: inherit;'>Anal\u00edticos de Audio<\/strong> <\/div>\n<div style='flex: 1 1 200px; max-width: 300px; border: 1px solid rgba(150&comma;150&comma;150&comma;0.4); border-radius: 8px; padding: 15px; text-align: center; color: inherit;'> <strong style='color: inherit;'>Resoluci\u00f3n 8K<\/strong> <\/div>\n<\/p><\/div>\n<p> <!-- Videos --> <\/p>\n<div style='display: flex; flex-wrap: wrap; gap: 20px; justify-content: center; margin-bottom: 30px;'>\n<div style='flex: 1 1 300px; max-width: 560px;'>\n<div style='position: relative; padding-bottom: 56.25%; height: 0; overflow: hidden;'>   <\/div>\n<\/p><\/div>\n<div style='flex: 1 1 300px; max-width: 560px;'>\n<div style='position: relative; padding-bottom: 56.25%; height: 0; overflow: hidden;'>   <\/div>\n<\/p><\/div>\n<div style='flex: 1 1 300px; max-width: 560px;'>\n<div style='position: relative; padding-bottom: 56.25%; height: 0; overflow: hidden;'>   <\/div>\n<\/p><\/div>\n<\/p><\/div>\n<div style='display: flex; flex-wrap: wrap; gap: 20px; justify-content: center; margin-bottom: 40px;'>\n<div style='flex: 1 1 200px; max-width: 300px; border: 1px solid rgba(150&comma;150&comma;150&comma;0.4); border-radius: 8px; padding: 15px; text-align: center; color: inherit;'> <strong style='color: inherit;'>Anal\u00edticos basados en IA<\/strong> <\/div>\n<div style='flex: 1 1 200px; max-width: 300px; border: 1px solid rgba(150&comma;150&comma;150&comma;0.4); border-radius: 8px; padding: 15px; text-align: center; color: inherit;'> <strong style='color: inherit;'>Detecci\u00f3n de Rostros<\/strong> <\/div>\n<div style='flex: 1 1 200px; max-width: 300px; border: 1px solid rgba(150&comma;150&comma;150&comma;0.4); border-radius: 8px; padding: 15px; text-align: center; color: inherit;'> <strong style='color: inherit;'>Funci\u00f3n Handover<\/strong> <\/div>\n<\/p><\/div>\n<p> <!-- M\u00e1s videos --> <\/p>\n<div style='display: flex; flex-wrap: wrap; gap: 20px; justify-content: center; margin-bottom: 30px;'>\n<div style='flex: 1 1 300px; max-width: 560px;'>\n<div style='position: relative; padding-bottom: 56.25%; height: 0; overflow: hidden;'>   <\/div>\n<\/p><\/div>\n<div style='flex: 1 1 300px; max-width: 560px;'>\n<div style='position: relative; padding-bottom: 56.25%; height: 0; overflow: hidden;'>   <\/div>\n<\/p><\/div>\n<div style='flex: 1 1 300px; max-width: 560px;'>\n<div style='position: relative; padding-bottom: 56.25%; height: 0; overflow: hidden;'>   <\/div>\n<\/p><\/div>\n<\/p><\/div>\n<p> <!-- Enlace a base de conocimiento --> <\/p>\n<div style='text-align: center; margin: 40px 0;'> <a style='display: inline-block; text-decoration: none;' href='http:\/\/soporte.syscom.mx\/videovigilancia\/hanwha-lista-de-tips-tecnicos' target='_blank' rel='noopener'> <img style='width: 432px; height: auto; border: 1px solid rgba(150&comma;150&comma;150&comma;0.3); border-radius: 8px;' src='https:\/\/ftp3.syscom.mx\/usuarios\/gmagos\/Hanwha\/fotos\/basede1.png' alt='Base de Conocimiento Hanwha'> <\/a> <\/div>\n<\/p><\/div>\n<p> <!-- Separador final --> <\/p>\n<hr style='border: 0; border-top: 1px solid rgba(150&comma; 150&comma; 150&comma; 0.3); margin: 30px 0;'> <\/div>\n","protected":false},"excerpt":{"rendered":"<p>C\u00e1mara Domo 4K con Inteligencia artificial \/ Lente Motorizado de 4.4 a 9.3mm\/ P-Iris\/ WDR 120dB\/ IP67\/ IP6K9K\/ IK10+\/ NEMA4X\/ MicroSD hasta 1TB\/ ONVIF<\/p>\n","protected":false},"featured_media":97728,"comment_status":"open","ping_status":"closed","template":"","meta":[],"product_brand":[],"product_cat":[2056],"product_tag":[122,2057,1055],"class_list":{"0":"post-97729","1":"product","2":"type-product","3":"status-publish","4":"has-post-thumbnail","6":"product_cat-domo-eyeball-turret","7":"product_tag-camaras-ip-y-nvrs","8":"product_tag-domo-eyeball-turret","9":"product_tag-hanwha-vision","11":"first","12":"outofstock","13":"sale","14":"shipping-taxable","15":"purchasable","16":"product-type-simple"},"_links":{"self":[{"href":"https:\/\/soydeaqui.ddns.net\/pachuca\/index.php\/wp-json\/wp\/v2\/product\/97729","targetHints":{"allow":["GET"]}}],"collection":[{"href":"https:\/\/soydeaqui.ddns.net\/pachuca\/index.php\/wp-json\/wp\/v2\/product"}],"about":[{"href":"https:\/\/soydeaqui.ddns.net\/pachuca\/index.php\/wp-json\/wp\/v2\/types\/product"}],"replies":[{"embeddable":true,"href":"https:\/\/soydeaqui.ddns.net\/pachuca\/index.php\/wp-json\/wp\/v2\/comments?post=97729"}],"wp:featuredmedia":[{"embeddable":true,"href":"https:\/\/soydeaqui.ddns.net\/pachuca\/index.php\/wp-json\/wp\/v2\/media\/97728"}],"wp:attachment":[{"href":"https:\/\/soydeaqui.ddns.net\/pachuca\/index.php\/wp-json\/wp\/v2\/media?parent=97729"}],"wp:term":[{"taxonomy":"product_brand","embeddable":true,"href":"https:\/\/soydeaqui.ddns.net\/pachuca\/index.php\/wp-json\/wp\/v2\/product_brand?post=97729"},{"taxonomy":"product_cat","embeddable":true,"href":"https:\/\/soydeaqui.ddns.net\/pachuca\/index.php\/wp-json\/wp\/v2\/product_cat?post=97729"},{"taxonomy":"product_tag","embeddable":true,"href":"https:\/\/soydeaqui.ddns.net\/pachuca\/index.php\/wp-json\/wp\/v2\/product_tag?post=97729"}],"curies":[{"name":"wp","href":"https:\/\/api.w.org\/{rel}","templated":true}]}}