{"id":97691,"date":"2026-03-20T09:07:37","date_gmt":"2026-03-20T09:07:37","guid":{"rendered":"https:\/\/soydeaqui.ddns.net\/pachuca\/index.php\/producto\/bateria-de-litio-ciclo-profundo-12-8-vcc-100ah-lifepo4-valvula-de-alivio-solar-marina-maximo-100-a-de-descarga\/"},"modified":"2026-03-20T09:07:47","modified_gmt":"2026-03-20T09:07:47","slug":"bateria-de-litio-ciclo-profundo-12-8-vcc-100ah-lifepo4-valvula-de-alivio-solar-marina-maximo-100-a-de-descarga","status":"publish","type":"product","link":"https:\/\/soydeaqui.ddns.net\/pachuca\/index.php\/producto\/bateria-de-litio-ciclo-profundo-12-8-vcc-100ah-lifepo4-valvula-de-alivio-solar-marina-maximo-100-a-de-descarga\/","title":{"rendered":"Bater\u00eda de Litio Ciclo Profundo, 12.8 Vcc 100Ah LiFePO4 V\u00e1lvula de Alivio, Solar, Marina, M\u00e1ximo 100 A de Descarga"},"content":{"rendered":"<div style=\"width: 100%; max-width: 1200px; margin: 0 auto; font-family: sans-serif; line-height: 1.6; color: inherit; background-color: transparent;\"><!-- Advertencias importantes --><\/p>\n<div style=\"display: flex; flex-direction: column; gap: 15px; margin-bottom: 30px; padding: 20px; border-left: 4px solid rgba(255&comma; 0&comma; 0&comma; 0.6); background-color: rgba(255&comma; 0&comma; 0&comma; 0.05);\">\n<h3 style=\"font-size: 20px; margin-top: 0; color: inherit;\">Importante!<\/h3>\n<ul style=\"padding-left: 20px; margin: 0; color: inherit;\">\n<li style=\"margin-bottom: 10px;\">La carga y descarga de esta bater&iacute;a de Litio (LiFePO<sub style=\"font-size: 0.75em; vertical-align: sub;\">4<\/sub>) se deber&aacute; hacer respetando los par&aacute;metros en la especificaci&oacute;n del producto.<\/li>\n<li style=\"margin-bottom: 10px;\">Para sistemas de energ&iacute;a solar se recomienda utilizar controlador de carga marca EPEVER Serie XTRA-XXXX-N o TRACER-XXXX-AN&comma; se requieren programaci&oacute;n de par&aacute;metros para bater&iacute;a (LiFePO<sub style=\"font-size: 0.75em; vertical-align: sub;\">4<\/sub>)<\/li>\n<\/ul>\n<\/div>\n<p><!-- Controladores recomendados --><\/p>\n<div style=\"margin-bottom: 30px;\">\n<h3 style=\"font-size: 20px; border-bottom: 2px solid currentColor; padding-bottom: 5px; margin-top: 0; margin-bottom: 15px; color: inherit;\">Controladores Solares Recomendados<\/h3>\n<div style=\"display: flex; flex-wrap: wrap; gap: 15px; margin-bottom: 15px;\">\n<div style=\"flex: 1 1 200px; min-width: 180px; border: 1px solid rgba(150&comma; 150&comma; 150&comma; 0.3); border-radius: 6px; padding: 10px; font-size: 15px; color: inherit;\">XTRA-2210N &#8211; Controlador Solar MPPT 20A 12\/24V&comma; Voc 100Vcc<\/div>\n<div style=\"flex: 1 1 200px; min-width: 180px; border: 1px solid rgba(150&comma; 150&comma; 150&comma; 0.3); border-radius: 6px; padding: 10px; font-size: 15px; color: inherit;\">XTRA-3210N &#8211; Controlador Solar MPPT 30A 12\/24V&comma; Voc 100Vcc<\/div>\n<div style=\"flex: 1 1 200px; min-width: 180px; border: 1px solid rgba(150&comma; 150&comma; 150&comma; 0.3); border-radius: 6px; padding: 10px; font-size: 15px; color: inherit;\">XTRA-4210N &#8211; Controlador Solar MPPT 40A 12\/24V&comma; Voc 100Vcc<\/div>\n<div style=\"flex: 1 1 200px; min-width: 180px; border: 1px solid rgba(150&comma; 150&comma; 150&comma; 0.3); border-radius: 6px; padding: 10px; font-size: 15px; color: inherit;\">XTRA-4210N-XDS2-LI &#8211; Controlador Solar MPPT 40A 12\/24V&comma; Voc 100Vcc<\/div>\n<\/div>\n<p style=\"margin-bottom: 15px; color: inherit;\">Para programaci&oacute;n de los modelos XTRA series se deber&aacute;n seguir las instrucciones de los documentos anexos en pesta&ntilde;a de descarga.<\/p>\n<ul style=\"padding-left: 20px; color: inherit;\">\n<li style=\"margin-bottom: 5px; color: #2880b9;\">Manual-Lithium-iron-phosphate-(LiFePO4)_<\/li>\n<li style=\"color: #2880b9;\">Programaci&oacute;n de Par&aacute;metros de Controlador XTRA-XXXX-N para Bater&iacute;a de Litio (LiFePO4)_R2<\/li>\n<\/ul>\n<\/div>\n<p><!-- Especificaciones --><\/p>\n<div style=\"display: flex; flex-wrap: wrap; gap: 30px; margin-bottom: 30px;\">\n<div style=\"flex: 1 1 300px; min-width: 280px;\">\n<h3 style=\"font-size: 20px; border-bottom: 2px solid currentColor; padding-bottom: 5px; margin-top: 0; margin-bottom: 15px; color: inherit;\">Especificaci&oacute;n<\/h3>\n<ul style=\"padding-left: 20px; font-size: 15px; color: inherit;\">\n<li style=\"margin-bottom: 8px;\"><strong>Capacidad:<\/strong> 100 Ah<\/li>\n<li style=\"margin-bottom: 8px;\"><strong>Voltaje Nominal:<\/strong> 12.8 Vcc<\/li>\n<li style=\"margin-bottom: 8px;\"><strong>Voltaje de Corte:<\/strong> 10 Vcc<\/li>\n<li style=\"margin-bottom: 8px;\"><strong>Corriente de Descarga normal:<\/strong> 20 A<\/li>\n<li style=\"margin-bottom: 8px;\"><strong>Corriente de Descarga M&aacute;xima:<\/strong> 100 A<\/li>\n<li style=\"margin-bottom: 8px;\"><strong>Temperatura de Operaci&oacute;n:<\/strong> -20&deg;C a +60&deg;C<\/li>\n<li style=\"margin-bottom: 8px;\"><strong>Peso:<\/strong> 11 kg<\/li>\n<li style=\"margin-bottom: 0;\"><strong>Dimensiones:<\/strong> 260 x 208 x 170 mm<\/li>\n<\/ul>\n<\/div>\n<div style=\"flex: 1 1 300px; min-width: 280px;\">\n<h3 style=\"font-size: 20px; border-bottom: 2px solid currentColor; padding-bottom: 5px; margin-top: 0; margin-bottom: 15px; color: inherit;\">Par&aacute;metros de Carga<\/h3>\n<ul style=\"padding-left: 20px; font-size: 15px; color: inherit;\">\n<li style=\"margin-bottom: 8px;\"><strong>Modo de Carga:<\/strong> CC\/CV<\/li>\n<li style=\"margin-bottom: 8px;\"><strong>Voltaje de Ciclo de Carga:<\/strong> 14.4 Vcc<\/li>\n<li style=\"margin-bottom: 8px;\"><strong>Voltaje de Flotaci&oacute;n:<\/strong> 13.5 Vcc<\/li>\n<li style=\"margin-bottom: 0;\"><strong>Corriente de Carga:<\/strong> 20 A<\/li>\n<\/ul>\n<\/div>\n<\/div>\n<p><!-- Precauciones --><\/p>\n<div style=\"margin-bottom: 30px;\">\n<h3 style=\"font-size: 20px; border-bottom: 2px solid currentColor; padding-bottom: 5px; margin-top: 0; margin-bottom: 15px; color: inherit;\">Precauciones<\/h3>\n<ul style=\"padding-left: 20px; font-size: 15px; color: inherit;\">\n<li style=\"margin-bottom: 8px;\">No haga corto entre terminales o invierta la polaridad<\/li>\n<li style=\"margin-bottom: 8px;\">No desensamble o modifique la bater&iacute;a<\/li>\n<li style=\"margin-bottom: 8px;\">Mantenga la bater&iacute;a lejos del alcance de los ni&ntilde;os<\/li>\n<li style=\"margin-bottom: 8px;\">No exponga la bater&iacute;a a temperaturas superiores a 60&deg;C<\/li>\n<li style=\"margin-bottom: 8px;\">No utilizar en sistemas de arranque de Veh&iacute;culos<\/li>\n<li style=\"margin-bottom: 0;\">No hacer m&aacute;s de 4 paralelos<\/li>\n<li style=\"margin-bottom: 0;\">No usar en m&aacute;s de 48 Vcc<\/li>\n<\/ul>\n<\/div>\n<p><!-- Soporte t\u00e9cnico --><\/p>\n<div style=\"padding: 20px; background-color: rgba(0&comma; 0&comma; 0&comma; 0.05); border-left: 4px solid rgba(0&comma; 0&comma; 0&comma; 0.2);\">\n<p style=\"margin: 0; font-weight: bold; color: inherit;\">Para soporte t&eacute;cnico comunicarse a nuestro departamento de Ingenier&iacute;a<\/p>\n<\/div>\n<\/div>\n","protected":false},"excerpt":{"rendered":"<p>Bater\u00eda de Litio Ciclo Profundo, 12.8 Vcc 100Ah LiFePO4 V\u00e1lvula de Alivio, Solar, Marina, M\u00e1ximo 100 A de Descarga<\/p>\n","protected":false},"featured_media":97690,"comment_status":"open","ping_status":"closed","template":"","meta":[],"product_brand":[],"product_cat":[1160],"product_tag":[143,142,1178],"class_list":{"0":"post-97691","1":"product","2":"type-product","3":"status-publish","4":"has-post-thumbnail","6":"product_cat-baterias-energia-videovigilancia","7":"product_tag-baterias","8":"product_tag-energia","9":"product_tag-epcom-power-line-by-ritar","11":"first","12":"outofstock","13":"sale","14":"shipping-taxable","15":"purchasable","16":"product-type-simple"},"_links":{"self":[{"href":"https:\/\/soydeaqui.ddns.net\/pachuca\/index.php\/wp-json\/wp\/v2\/product\/97691","targetHints":{"allow":["GET"]}}],"collection":[{"href":"https:\/\/soydeaqui.ddns.net\/pachuca\/index.php\/wp-json\/wp\/v2\/product"}],"about":[{"href":"https:\/\/soydeaqui.ddns.net\/pachuca\/index.php\/wp-json\/wp\/v2\/types\/product"}],"replies":[{"embeddable":true,"href":"https:\/\/soydeaqui.ddns.net\/pachuca\/index.php\/wp-json\/wp\/v2\/comments?post=97691"}],"wp:featuredmedia":[{"embeddable":true,"href":"https:\/\/soydeaqui.ddns.net\/pachuca\/index.php\/wp-json\/wp\/v2\/media\/97690"}],"wp:attachment":[{"href":"https:\/\/soydeaqui.ddns.net\/pachuca\/index.php\/wp-json\/wp\/v2\/media?parent=97691"}],"wp:term":[{"taxonomy":"product_brand","embeddable":true,"href":"https:\/\/soydeaqui.ddns.net\/pachuca\/index.php\/wp-json\/wp\/v2\/product_brand?post=97691"},{"taxonomy":"product_cat","embeddable":true,"href":"https:\/\/soydeaqui.ddns.net\/pachuca\/index.php\/wp-json\/wp\/v2\/product_cat?post=97691"},{"taxonomy":"product_tag","embeddable":true,"href":"https:\/\/soydeaqui.ddns.net\/pachuca\/index.php\/wp-json\/wp\/v2\/product_tag?post=97691"}],"curies":[{"name":"wp","href":"https:\/\/api.w.org\/{rel}","templated":true}]}}