{"id":97677,"date":"2026-03-20T09:07:03","date_gmt":"2026-03-20T09:07:03","guid":{"rendered":"https:\/\/soydeaqui.ddns.net\/pachuca\/index.php\/producto\/pantalla-de-guia-de-trafico-pitch-de-pixel-20-mm-brillo-8000-cd-m2-visor-110-horizontal-55-vertical-funcionalidades-de-informacion-de-trafico-carcasa-de-acero-laminado-en-frio-2\/"},"modified":"2026-03-20T09:07:07","modified_gmt":"2026-03-20T09:07:07","slug":"pantalla-de-guia-de-trafico-pitch-de-pixel-20-mm-brillo-8000-cd-m2-visor-110-horizontal-55-vertical-funcionalidades-de-informacion-de-trafico-carcasa-de-acero-laminado-en-frio-2","status":"publish","type":"product","link":"https:\/\/soydeaqui.ddns.net\/pachuca\/index.php\/producto\/pantalla-de-guia-de-trafico-pitch-de-pixel-20-mm-brillo-8000-cd-m2-visor-110-horizontal-55-vertical-funcionalidades-de-informacion-de-trafico-carcasa-de-acero-laminado-en-frio-2\/","title":{"rendered":"Pantalla de Gu\u00eda de Tr\u00e1fico \/ Pitch de Pixel 20 mm \/ Brillo 8000 cd\/m2 \/ Visor 110\u00b0 Horizontal, 55\u00b0 Vertical \/ Funcionalidades de Informaci\u00f3n de Tr\u00e1fico \/ Carcasa de Acero Laminado en Fr\u00edo \/ Protocolos NTCIP"},"content":{"rendered":"<div style='width: 100%; max-width: 1200px; margin: 0 auto; font-family: sans-serif; line-height: 1.6; color: inherit; background-color: transparent;'>\n<p style='text-align: center; margin: 0 0 20px 0;'><img style='width: 45%; height: auto; border: 1px solid rgba(150&comma;150&comma;150&comma;0.3); border-radius: 8px;' src='https:\/\/ftp3.syscom.mx\/usuarios\/jsosa\/HIKVISION\/imagenes\/logo\/hikvision%20see%20far.png' alt='Logo Hikvision'><\/p>\n<div style='display: flex; flex-wrap: wrap; gap: 30px; margin-bottom: 30px;'>\n<div style='flex: 1 1 300px; min-width: 280px;'>\n<h3 style='font-size: 22px; border-bottom: 2px solid currentColor; padding-bottom: 5px; margin-top: 0; color: inherit; opacity: 0.8;'>Caracter\u00edsticas Generales<\/h3>\n<ul style='padding-left: 20px; font-size: 15px; color: inherit;'>\n<li style='margin-bottom: 5px;'>Utilizado para liberar informaci\u00f3n de gu\u00eda de tr\u00e1fico<\/li>\n<li style='margin-bottom: 5px;'>Carcasa de acero laminado en fr\u00edo<\/li>\n<li style='margin-bottom: 5px;'>Dimensiones de gabinete: 1280 mm \u00d7 1280 mm \u00d7 137 mm<\/li>\n<li style='margin-bottom: 5px;'>Peso neto: aproximadamente 97 kg<\/li>\n<li style='margin-bottom: 5px;'><strong>M\u00f3dulo de imagen:<\/strong> LED full color 1R1G1B<\/li>\n<li style='margin-bottom: 5px;'><strong>\u00c1ngulo de visi\u00f3n:<\/strong> Horizontal 110\u00b0&comma; Vertical 55\u00b0<\/li>\n<\/ul><\/div>\n<div style='flex: 1 1 300px; min-width: 280px;'>\n<h3 style='font-size: 22px; border-bottom: 2px solid currentColor; padding-bottom: 5px; margin-top: 0; color: inherit; opacity: 0.8;'>Funcionalidades<\/h3>\n<ul style='padding-left: 20px; font-size: 15px; color: inherit;'>\n<li style='margin-bottom: 5px;'>Informa sobre peligros en la carretera<\/li>\n<li style='margin-bottom: 5px;'>Sugiere rutas y medidas de seguridad<\/li>\n<li style='margin-bottom: 5px;'>Admite m\u00faltiples formatos de visualizaci\u00f3n: Texto&comma; Imagen&comma; GIF&comma; Video<\/li>\n<li style='margin-bottom: 5px;'>Control de brillo en 100 niveles<\/li>\n<\/ul><\/div>\n<div style='flex: 1 1 300px; min-width: 280px;'>\n<h3 style='font-size: 22px; border-bottom: 2px solid currentColor; padding-bottom: 5px; margin-top: 0; color: inherit; opacity: 0.8;'>Interfaces y Conectividad<\/h3>\n<ul style='padding-left: 20px; font-size: 15px; color: inherit;'>\n<li style='margin-bottom: 5px;'>1 interfaz de red RJ45<\/li>\n<li style='margin-bottom: 5px;'>Protocolos de red NTCIP<\/li>\n<li style='margin-bottom: 5px;'>Alimentaci\u00f3n: 110-220 VAC&comma; 50 a 60 Hz<\/li>\n<li style='margin-bottom: 5px;'>Funcionamiento en temperaturas de -40\u00b0C a +70\u00b0C<\/li>\n<\/ul><\/div>\n<\/p><\/div>\n<hr style='border: 0; border-top: 1px solid rgba(150&comma; 150&comma; 150&comma; 0.3); margin: 30px 0;'>\n<p style='margin: 30px 0 0 0;'><img style='width: 100%; height: auto; border: 1px solid rgba(150&comma;150&comma;150&comma;0.3); border-radius: 8px;' src='https:\/\/ftp3.syscom.mx\/usuarios\/jsosa\/HIKVISION\/imagenes\/banners\/solution%20complete.png' alt='Banner soluci\u00f3n completa'><\/p>\n<\/p><\/div>\n","protected":false},"excerpt":{"rendered":"<p>Pantalla de Gu\u00eda de Tr\u00e1fico \/ Pitch de Pixel 20 mm \/ Brillo 8000 cd\/m2 \/ Visor 110\u00b0 Horizontal, 55\u00b0 Vertical \/ Funcionalidades de Informaci\u00f3n de Tr\u00e1fico \/ Carcasa de Acero Laminado en Fr\u00edo \/ Protocolos NTCIP<\/p>\n","protected":false},"featured_media":97676,"comment_status":"open","ping_status":"closed","template":"","meta":[],"product_brand":[],"product_cat":[438],"product_tag":[439,122,54],"class_list":{"0":"post-97677","1":"product","2":"type-product","3":"status-publish","4":"has-post-thumbnail","6":"product_cat-bala","7":"product_tag-bala","8":"product_tag-camaras-ip-y-nvrs","9":"product_tag-hikvision","11":"first","12":"outofstock","13":"sale","14":"shipping-taxable","15":"purchasable","16":"product-type-simple"},"_links":{"self":[{"href":"https:\/\/soydeaqui.ddns.net\/pachuca\/index.php\/wp-json\/wp\/v2\/product\/97677","targetHints":{"allow":["GET"]}}],"collection":[{"href":"https:\/\/soydeaqui.ddns.net\/pachuca\/index.php\/wp-json\/wp\/v2\/product"}],"about":[{"href":"https:\/\/soydeaqui.ddns.net\/pachuca\/index.php\/wp-json\/wp\/v2\/types\/product"}],"replies":[{"embeddable":true,"href":"https:\/\/soydeaqui.ddns.net\/pachuca\/index.php\/wp-json\/wp\/v2\/comments?post=97677"}],"wp:featuredmedia":[{"embeddable":true,"href":"https:\/\/soydeaqui.ddns.net\/pachuca\/index.php\/wp-json\/wp\/v2\/media\/97676"}],"wp:attachment":[{"href":"https:\/\/soydeaqui.ddns.net\/pachuca\/index.php\/wp-json\/wp\/v2\/media?parent=97677"}],"wp:term":[{"taxonomy":"product_brand","embeddable":true,"href":"https:\/\/soydeaqui.ddns.net\/pachuca\/index.php\/wp-json\/wp\/v2\/product_brand?post=97677"},{"taxonomy":"product_cat","embeddable":true,"href":"https:\/\/soydeaqui.ddns.net\/pachuca\/index.php\/wp-json\/wp\/v2\/product_cat?post=97677"},{"taxonomy":"product_tag","embeddable":true,"href":"https:\/\/soydeaqui.ddns.net\/pachuca\/index.php\/wp-json\/wp\/v2\/product_tag?post=97677"}],"curies":[{"name":"wp","href":"https:\/\/api.w.org\/{rel}","templated":true}]}}