{"id":97668,"date":"2026-03-20T09:06:42","date_gmt":"2026-03-20T09:06:42","guid":{"rendered":"https:\/\/soydeaqui.ddns.net\/pachuca\/index.php\/producto\/auriculares-hitune-x6-true-hybrid-con-cancelacion-activa-de-ruido\/"},"modified":"2026-03-20T09:06:43","modified_gmt":"2026-03-20T09:06:43","slug":"auriculares-hitune-x6-true-hybrid-con-cancelacion-activa-de-ruido","status":"publish","type":"product","link":"https:\/\/soydeaqui.ddns.net\/pachuca\/index.php\/producto\/auriculares-hitune-x6-true-hybrid-con-cancelacion-activa-de-ruido\/","title":{"rendered":"Auriculares HiTune X6 True Hybrid con cancelaci\u00f3n activa de ruido"},"content":{"rendered":"<div style='width: 100%; max-width: 1200px; margin: 0 auto; font-family: sans-serif; line-height: 1.6; color: inherit; background-color: transparent;'> <!-- Im\u00e1genes --> <\/p>\n<div style='display: flex; flex-wrap: wrap; gap: 15px; margin-bottom: 30px;'>\n<div style='flex: 1 1 300px; min-width: 280px;'> <img style='width: 100%; height: auto; border: 1px solid rgba(150&comma;150&comma;150&comma;0.3); border-radius: 8px;' src='http:\/\/ftp3.syscom.mx\/usuarios\/hallende\/UGREEN2\/Input%20Devices\/90242\/90242-20.jpg' alt=''> <\/div>\n<div style='flex: 1 1 300px; min-width: 280px;'> <img style='width: 100%; height: auto; border: 1px solid rgba(150&comma;150&comma;150&comma;0.3); border-radius: 8px;' src='http:\/\/ftp3.syscom.mx\/usuarios\/hallende\/UGREEN2\/Input%20Devices\/90242\/90242-21.jpg' alt=''> <\/div>\n<div style='flex: 1 1 300px; min-width: 280px;'> <img style='width: 100%; height: auto; border: 1px solid rgba(150&comma;150&comma;150&comma;0.3); border-radius: 8px;' src='http:\/\/ftp3.syscom.mx\/usuarios\/hallende\/UGREEN2\/Input%20Devices\/90242\/90242-22.jpg' alt=''> <\/div>\n<div style='flex: 1 1 300px; min-width: 280px;'> <img style='width: 100%; height: auto; border: 1px solid rgba(150&comma;150&comma;150&comma;0.3); border-radius: 8px;' src='http:\/\/ftp3.syscom.mx\/usuarios\/hallende\/UGREEN2\/Input%20Devices\/90242\/90242-23.jpg' alt=''> <\/div>\n<div style='flex: 1 1 300px; min-width: 280px;'> <img style='width: 100%; height: auto; border: 1px solid rgba(150&comma;150&comma;150&comma;0.3); border-radius: 8px;' src='http:\/\/ftp3.syscom.mx\/usuarios\/hallende\/UGREEN2\/Input%20Devices\/90242\/90242-24.jpg' alt=''> <\/div>\n<div style='flex: 1 1 300px; min-width: 280px;'> <img style='width: 100%; height: auto; border: 1px solid rgba(150&comma;150&comma;150&comma;0.3); border-radius: 8px;' src='http:\/\/ftp3.syscom.mx\/usuarios\/hallende\/UGREEN2\/Input%20Devices\/90242\/90242-25.jpg' alt=''> <\/div>\n<\/p><\/div>\n<p> <!-- Secci\u00f3n de caracter\u00edsticas --> <\/p>\n<div style='display: flex; flex-wrap: wrap; gap: 30px; margin-bottom: 30px;'>\n<div style='flex: 1 1 300px; min-width: 280px;'>\n<h3 style='font-size: 22px; border-bottom: 2px solid currentColor; padding-bottom: 5px; margin-top: 0; color: inherit; opacity: 0.8;'>CARACTER\u00cdSTICAS PRINCIPALES DEL PRODUCTO:<\/h3>\n<ul style='padding-left: 20px; font-size: 15px; color: inherit;'>\n<li style='margin-bottom: 5px;'>Cancelaci\u00f3n activa h\u00edbrida de ruido: est\u00e1n equipados con un micr\u00f3fono de alimentaci\u00f3n y retroalimentaci\u00f3n para bloquear din\u00e1micamente el ruido externo de baja frecuencia no deseado hasta un 95% (35-40dB).<\/li>\n<li style='margin-bottom: 5px;'>Impulsados por una unidad de altavoz de carbono similar al diamante de 10 mm&comma; nuestros auriculares cuentan con una excelente extensi\u00f3n y sensibilidad en el sonido&comma; lo que te ofrece graves adicionales&comma; medios bajos pr\u00edstinos y agudos n\u00edtidos.<\/li>\n<li style='margin-bottom: 5px;'>Con un micr\u00f3fono dual en cada auricular para capturar tu voz con precisi\u00f3n y ayudar a reducir el ruido envolvente para mejorar el rendimiento y permitir que las personas del otro extremo te escuchen m\u00e1s claramente.<\/li>\n<li style='margin-bottom: 5px;'>6 horas de reproducci\u00f3n por carga y 10 minutos de carga r\u00e1pida&comma; los auriculares inal\u00e1mbricos UGREEN Hitune X6 ampl\u00edan tu disfrute hasta 26 horas en total.<\/li>\n<li style='margin-bottom: 5px;'>Dise\u00f1o ergon\u00f3mico y ultraligero que garantiza un ajuste perfecto para un uso prolongado sin importar para hacer ejercicio&comma; desplazamientos o viajes.<\/li>\n<li style='margin-bottom: 5px;'>Perfecto para viajes en avi\u00f3n&comma; viajes&comma; en la oficina&comma; etc. Te da m\u00e1s paz y tranquilidad.<\/li>\n<\/ul><\/div>\n<\/p><\/div>\n<p> <!-- Separador --> <\/p>\n<hr style='border: 0; border-top: 1px solid rgba(150&comma; 150&comma; 150&comma; 0.3); margin: 30px 0;'> <\/div>\n","protected":false},"excerpt":{"rendered":"<p>Auriculares HiTune X6 True Hybrid con cancelaci\u00f3n activa de ruido<\/p>\n","protected":false},"featured_media":32,"comment_status":"open","ping_status":"closed","template":"","meta":[],"product_brand":[],"product_cat":[1235],"product_tag":[417,1236,650],"class_list":{"0":"post-97668","1":"product","2":"type-product","3":"status-publish","4":"has-post-thumbnail","6":"product_cat-accesorios-para-computadora-y-smartphones","7":"product_tag-accesorios-generales","8":"product_tag-accesorios-para-computadora-y-smartphones","9":"product_tag-ugreen","11":"first","12":"outofstock","13":"sale","14":"shipping-taxable","15":"purchasable","16":"product-type-simple"},"_links":{"self":[{"href":"https:\/\/soydeaqui.ddns.net\/pachuca\/index.php\/wp-json\/wp\/v2\/product\/97668","targetHints":{"allow":["GET"]}}],"collection":[{"href":"https:\/\/soydeaqui.ddns.net\/pachuca\/index.php\/wp-json\/wp\/v2\/product"}],"about":[{"href":"https:\/\/soydeaqui.ddns.net\/pachuca\/index.php\/wp-json\/wp\/v2\/types\/product"}],"replies":[{"embeddable":true,"href":"https:\/\/soydeaqui.ddns.net\/pachuca\/index.php\/wp-json\/wp\/v2\/comments?post=97668"}],"wp:featuredmedia":[{"embeddable":true,"href":"https:\/\/soydeaqui.ddns.net\/pachuca\/index.php\/wp-json\/wp\/v2\/media\/32"}],"wp:attachment":[{"href":"https:\/\/soydeaqui.ddns.net\/pachuca\/index.php\/wp-json\/wp\/v2\/media?parent=97668"}],"wp:term":[{"taxonomy":"product_brand","embeddable":true,"href":"https:\/\/soydeaqui.ddns.net\/pachuca\/index.php\/wp-json\/wp\/v2\/product_brand?post=97668"},{"taxonomy":"product_cat","embeddable":true,"href":"https:\/\/soydeaqui.ddns.net\/pachuca\/index.php\/wp-json\/wp\/v2\/product_cat?post=97668"},{"taxonomy":"product_tag","embeddable":true,"href":"https:\/\/soydeaqui.ddns.net\/pachuca\/index.php\/wp-json\/wp\/v2\/product_tag?post=97668"}],"curies":[{"name":"wp","href":"https:\/\/api.w.org\/{rel}","templated":true}]}}