{"id":97647,"date":"2026-03-20T09:05:45","date_gmt":"2026-03-20T09:05:45","guid":{"rendered":"https:\/\/soydeaqui.ddns.net\/pachuca\/index.php\/producto\/audio-bidireccional-dual-light-colorvu-bala-turbohd-2-megapixel-1080p-lente-2-8-mm-30-mts-ir-exir-20-mts-luz-blanca-microfono-y-bocina-integrado-exterior-ip67-metal-dwdr-2\/"},"modified":"2026-03-20T09:06:01","modified_gmt":"2026-03-20T09:06:01","slug":"audio-bidireccional-dual-light-colorvu-bala-turbohd-2-megapixel-1080p-lente-2-8-mm-30-mts-ir-exir-20-mts-luz-blanca-microfono-y-bocina-integrado-exterior-ip67-metal-dwdr-2","status":"publish","type":"product","link":"https:\/\/soydeaqui.ddns.net\/pachuca\/index.php\/producto\/audio-bidireccional-dual-light-colorvu-bala-turbohd-2-megapixel-1080p-lente-2-8-mm-30-mts-ir-exir-20-mts-luz-blanca-microfono-y-bocina-integrado-exterior-ip67-metal-dwdr-2\/","title":{"rendered":"[Audio Bidireccional + Dual Light + ColorVu] Bala TURBOHD 2 Megapixel (1080p) \/ Lente 2.8 mm \/ 30 mts IR EXIR + 20 mts Luz Blanca \/ Micr\u00f3fono y Bocina Integrado \/ Exterior IP67 \/ Metal \/ dWDR"},"content":{"rendered":"<div style='width: 100%; max-width: 1200px; margin: 0 auto; font-family: sans-serif; line-height: 1.6; color: inherit; background-color: transparent;'> <!-- Espacios superiores --> <\/p>\n<div style='margin-bottom: 20px;'>\n<div style='margin-bottom: 20px;'><\/div>\n<div style='margin-bottom: 20px;'><\/div>\n<\/p><\/div>\n<p> <!-- Videos MP4 --> <\/p>\n<div style='margin-bottom: 30px;'>\n<div style='margin-bottom: 20px;'>\n<div style='position: relative; padding-bottom: 56.25%; height: 0; overflow: hidden; margin-bottom: 30px;'> <video style='position: absolute; top: 0; left: 0; width: 100%; height: 100%; border: 1px solid rgba(150&comma;150&comma;150&comma;0.3); border-radius: 8px;' muted controls><source src='https:\/\/ftp3.syscom.mx\/usuarios\/nicolas.jimenez\/Turbo8\/Turbo8%20animacion.mp4' type='video\/mp4'><\/video> <\/div>\n<\/p><\/div>\n<div style='margin-bottom: 20px;'>\n<div style='position: relative; padding-bottom: 56.25%; height: 0; overflow: hidden; margin-bottom: 30px;'> <video style='position: absolute; top: 0; left: 0; width: 100%; height: 100%; border: 1px solid rgba(150&comma;150&comma;150&comma;0.3); border-radius: 8px;' muted controls><source src='https:\/\/ftp3.syscom.mx\/usuarios\/nicolas.jimenez\/Turbo8\/Turbo%20HD%208.0-Audio%20bidireccional%20TVI%20Doblaje.mp4' type='video\/mp4'><\/video> <\/div>\n<\/p><\/div>\n<\/p><\/div>\n<p> <!-- Imagen Coaxitron --> <\/p>\n<div style='margin-bottom: 30px;'> <img style='width: 100%; height: auto; border: 1px solid rgba(150&comma;150&comma;150&comma;0.3); border-radius: 8px;' src='https:\/\/ftp3.syscom.mx\/usuarios\/emendoza\/elesbanmch\/HIKVISON\/IMAGENES\/COAXITRON-audio.jpg' alt=''> <\/div>\n<p> <!-- Espacio adicional --> <\/p>\n<div style='margin-bottom: 30px;'><\/div>\n<p> <!-- Secci\u00f3n de videos demostrativos --> <\/p>\n<div style='display: flex; flex-wrap: wrap; gap: 20px; margin-bottom: 30px;'>\n<div style='flex: 1 1 300px; min-width: 280px;'>\n<div style='position: relative; padding-bottom: 56.25%; height: 0; overflow: hidden; margin-bottom: 30px;'>   <\/div>\n<\/p><\/div>\n<div style='flex: 1 1 300px; min-width: 280px;'>\n<div style='position: relative; padding-bottom: 56.25%; height: 0; overflow: hidden; margin-bottom: 30px;'>   <\/div>\n<\/p><\/div>\n<div style='flex: 1 1 300px; min-width: 280px;'>\n<div style='position: relative; padding-bottom: 56.25%; height: 0; overflow: hidden; margin-bottom: 30px;'>   <\/div>\n<\/p><\/div>\n<div style='flex: 1 1 300px; min-width: 280px;'>\n<div style='position: relative; padding-bottom: 56.25%; height: 0; overflow: hidden; margin-bottom: 30px;'>   <\/div>\n<\/p><\/div>\n<div style='flex: 1 1 300px; min-width: 280px;'>\n<div style='position: relative; padding-bottom: 56.25%; height: 0; overflow: hidden; margin-bottom: 30px;'>   <\/div>\n<\/p><\/div>\n<div style='flex: 1 1 300px; min-width: 280px;'>\n<div style='position: relative; padding-bottom: 56.25%; height: 0; overflow: hidden; margin-bottom: 30px;'>   <\/div>\n<\/p><\/div>\n<div style='flex: 1 1 300px; min-width: 280px;'>\n<div style='position: relative; padding-bottom: 56.25%; height: 0; overflow: hidden; margin-bottom: 30px;'>   <\/div>\n<\/p><\/div>\n<\/p><\/div>\n<p> <!-- Tarjetas de Especificaciones --> <\/p>\n<div style='display: flex; flex-wrap: wrap; gap: 30px; margin-bottom: 30px;'>\n<div style='flex: 1 1 300px; min-width: 280px;'>\n<h3 style='font-size: 22px; border-bottom: 2px solid currentColor; padding-bottom: 5px; margin-top: 0; color: inherit; opacity: 0.8;'>Caracter\u00edsticas Principales<\/h3>\n<ul style='padding-left: 20px; font-size: 15px; color: inherit;'>\n<li style='margin-bottom: 5px;'>Resoluci\u00f3n m\u00e1xima: 2 Megap\u00edxeles (1920 x 1080)<\/li>\n<li style='margin-bottom: 5px;'>Lente fijo: 2.8 mm (\u00e1ngulo de visi\u00f3n 105\u00b0)<\/li>\n<li style='margin-bottom: 5px;'>Dual light (30 m Smart IR + 20 m luz blanca)<\/li>\n<li style='margin-bottom: 5px;'>dWDR \/ BLC \/ HLC<\/li>\n<li style='margin-bottom: 5px;'>Audio bidireccional full duplex (micr\u00f3fono y bocina integrados)<\/li>\n<li style='margin-bottom: 5px; font-size: 14px; color: rgba(128&comma;128&comma;128&comma;0.8);'><strong>Nota:<\/strong> El audio de dos v\u00edas por Coaxitron se env\u00eda \u00fanicamente por tecnolog\u00eda TVI.<\/li>\n<\/ul><\/div>\n<div style='flex: 1 1 300px; min-width: 280px;'>\n<h3 style='font-size: 22px; border-bottom: 2px solid currentColor; padding-bottom: 5px; margin-top: 0; color: inherit; opacity: 0.8;'>Caracter\u00edsticas F\u00edsicas y El\u00e9ctricas<\/h3>\n<ul style='padding-left: 20px; font-size: 15px; color: inherit;'>\n<li style='margin-bottom: 5px;'>Alimentaci\u00f3n\/Consumo: 12 VCC \/ 7 Watts<\/li>\n<li style='margin-bottom: 5px;'>Protecci\u00f3n: IP67 (interior\/exterior)<\/li>\n<li style='margin-bottom: 5px;'>Fabricada en metal<\/li>\n<li style='margin-bottom: 5px;'>Peso: 315 gramos<\/li>\n<\/ul><\/div>\n<div style='flex: 1 1 300px; min-width: 280px;'>\n<h3 style='font-size: 22px; border-bottom: 2px solid currentColor; padding-bottom: 5px; margin-top: 0; color: inherit; opacity: 0.8;'>Accesorios Opcionales<\/h3>\n<ul style='padding-left: 20px; font-size: 15px; color: inherit;'>\n<li style='margin-bottom: 5px;'>Montaje para poste&comma; modelo: DS-1275ZJ-SUS<\/li>\n<li style='margin-bottom: 5px;'>Montaje de esquina&comma; modelo: DS-1276ZJ-SUS<\/li>\n<li style='margin-bottom: 5px;'>Caja de conexiones&comma; modelo: DS-1280ZJ-XS<\/li>\n<\/ul><\/div>\n<\/p><\/div>\n<p> <!-- Caracter\u00edsticas Destacadas --> <\/p>\n<div style='margin-bottom: 30px;'>\n<h3 style='font-size: 22px; border-bottom: 2px solid currentColor; padding-bottom: 5px; margin-top: 0; color: inherit; opacity: 0.8;'>Caracter\u00edsticas Destacadas<\/h3>\n<ul style='padding-left: 20px; font-size: 15px; color: inherit;'>\n<li style='margin-bottom: 5px;'>La c\u00e1mara cuenta con micr\u00f3fono y bocina integrados que permiten comunicaci\u00f3n bidireccional sin cables adicionales.<\/li>\n<li style='margin-bottom: 5px;'>El audio bidireccional tiene un alcance efectivo de hasta 5 metros.<\/li>\n<li style='margin-bottom: 5px;'>La funci\u00f3n Dual Light permite grabaci\u00f3n a color en modo noche durante eventos.<\/li>\n<li style='margin-bottom: 5px;'>Distancia m\u00e1xima soportada entre grabador y c\u00e1mara: 120 metros.<\/li>\n<li style='margin-bottom: 5px;'><strong>Nota:<\/strong> El audio de dos v\u00edas solo es compatible con DVRs de la serie T Hilook&comma; XT\/T de HIKVISION y EX-5000 (ejemplo DVR-204G-M1\/T \/ IDS-7204HQHI\/XT DS-7204HGHI-M1(T) \/ EX-5004TURBO)<\/li>\n<\/ul><\/div>\n<p> <!-- Configuraciones --> <\/p>\n<div style='margin-bottom: 30px;'>\n<h3 style='font-size: 22px; border-bottom: 2px solid currentColor; padding-bottom: 5px; margin-top: 0; color: inherit; opacity: 0.8;'>Configuraciones<\/h3>\n<div style='display: flex; flex-wrap: wrap; gap: 20px; margin-top: 20px;'>\n<div style='flex: 1 1 300px; min-width: 280px;'>\n<h4 style='font-size: 18px; margin-top: 0; margin-bottom: 15px; color: inherit;'>Audio dos v\u00edas<\/h4>\n<div style='position: relative; padding-bottom: 56.25%; height: 0; overflow: hidden; margin-bottom: 30px;'>   <\/div>\n<\/p><\/div>\n<div style='flex: 1 1 300px; min-width: 280px;'>\n<h4 style='font-size: 18px; margin-top: 0; margin-bottom: 15px; color: inherit;'>Dual Light<\/h4>\n<div style='position: relative; padding-bottom: 56.25%; height: 0; overflow: hidden; margin-bottom: 30px;'>   <\/div>\n<\/p><\/div>\n<\/p><\/div>\n<\/p><\/div>\n<p> <!-- Banner final --> <\/p>\n<div style='margin-bottom: 30px;'> <img style='width: 100%; height: auto; border: 1px solid rgba(150&comma;150&comma;150&comma;0.3); border-radius: 8px;' src='https:\/\/ftp3.syscom.mx\/usuarios\/yvalenzuela\/Hilook\/hiklook.jpg' alt=''> <\/div>\n<p> <!-- Separador final --> <\/p>\n<hr style='border: 0; border-top: 1px solid rgba(150&comma; 150&comma; 150&comma; 0.3); margin: 30px 0;'> <\/div>\n","protected":false},"excerpt":{"rendered":"<p>[Audio Bidireccional + Dual Light + ColorVu] Bala TURBOHD 2 Megapixel (1080p) \/ Lente 2.8 mm \/ 30 mts IR EXIR + 20 mts Luz Blanca \/ Micr\u00f3fono y Bocina Integrado \/ Exterior IP67 \/ Metal \/ dWDR<\/p>\n","protected":false},"featured_media":97646,"comment_status":"open","ping_status":"closed","template":"","meta":[],"product_brand":[],"product_cat":[2268],"product_tag":[439,2255,715],"class_list":{"0":"post-97647","1":"product","2":"type-product","3":"status-publish","4":"has-post-thumbnail","6":"product_cat-bala-camaras-y-dvrs-hd-turbohd-ahd-hd-tvi","7":"product_tag-bala","8":"product_tag-camaras-y-dvrs-hd-turbohd-ahd-hd-tvi","9":"product_tag-hilook-by-hikvision","11":"first","12":"instock","13":"sale","14":"shipping-taxable","15":"purchasable","16":"product-type-simple"},"_links":{"self":[{"href":"https:\/\/soydeaqui.ddns.net\/pachuca\/index.php\/wp-json\/wp\/v2\/product\/97647","targetHints":{"allow":["GET"]}}],"collection":[{"href":"https:\/\/soydeaqui.ddns.net\/pachuca\/index.php\/wp-json\/wp\/v2\/product"}],"about":[{"href":"https:\/\/soydeaqui.ddns.net\/pachuca\/index.php\/wp-json\/wp\/v2\/types\/product"}],"replies":[{"embeddable":true,"href":"https:\/\/soydeaqui.ddns.net\/pachuca\/index.php\/wp-json\/wp\/v2\/comments?post=97647"}],"wp:featuredmedia":[{"embeddable":true,"href":"https:\/\/soydeaqui.ddns.net\/pachuca\/index.php\/wp-json\/wp\/v2\/media\/97646"}],"wp:attachment":[{"href":"https:\/\/soydeaqui.ddns.net\/pachuca\/index.php\/wp-json\/wp\/v2\/media?parent=97647"}],"wp:term":[{"taxonomy":"product_brand","embeddable":true,"href":"https:\/\/soydeaqui.ddns.net\/pachuca\/index.php\/wp-json\/wp\/v2\/product_brand?post=97647"},{"taxonomy":"product_cat","embeddable":true,"href":"https:\/\/soydeaqui.ddns.net\/pachuca\/index.php\/wp-json\/wp\/v2\/product_cat?post=97647"},{"taxonomy":"product_tag","embeddable":true,"href":"https:\/\/soydeaqui.ddns.net\/pachuca\/index.php\/wp-json\/wp\/v2\/product_tag?post=97647"}],"curies":[{"name":"wp","href":"https:\/\/api.w.org\/{rel}","templated":true}]}}