{"id":9764,"date":"2026-03-18T07:26:38","date_gmt":"2026-03-18T07:26:38","guid":{"rendered":"https:\/\/soydeaqui.ddns.net\/pachuca\/index.php\/producto\/escalera-de-aluminio-portacables-perfil-z-peralte-3-1-4-paso-9-ancho-9-3-66-metros-capacidad-max-205-cables-incluye-cople-union-y-tornilleria\/"},"modified":"2026-03-18T07:26:39","modified_gmt":"2026-03-18T07:26:39","slug":"escalera-de-aluminio-portacables-perfil-z-peralte-3-1-4-paso-9-ancho-9-3-66-metros-capacidad-max-205-cables-incluye-cople-union-y-tornilleria","status":"publish","type":"product","link":"https:\/\/soydeaqui.ddns.net\/pachuca\/index.php\/producto\/escalera-de-aluminio-portacables-perfil-z-peralte-3-1-4-paso-9-ancho-9-3-66-metros-capacidad-max-205-cables-incluye-cople-union-y-tornilleria\/","title":{"rendered":"Escalera de Aluminio Portacables \/ Perfil Z \/ Peralte 3 1\/4&#8243; \/Paso 9&#8243; \/ Ancho 9&#8243; \/ 3.66 metros \/ Capacidad M\u00e1x. 205 Cables \/ Incluye Cople Union y Torniller\u00eda"},"content":{"rendered":"<div style='width: 100%; max-width: 1200px; margin: 0 auto; font-family: sans-serif; line-height: 1.6; color: inherit; background-color: transparent;'>\n<div style='display: flex; flex-direction: column; gap: 30px;'> <!-- Imagen principal --> <\/p>\n<div style='width: 100%;'> <img style='width: 100%; height: auto; border: 1px solid rgba(150&comma;150&comma;150&comma;0.3); border-radius: 8px;' src='https:\/\/ftp3.syscom.mx\/usuarios\/fotos\/CHE89PX6AK\/171251-charup.jpg' alt=''> <\/div>\n<p> <!-- Descripci\u00f3n --> <\/p>\n<div style='font-size: 15px;'>\n<p style='text-align: justify; margin: 0 0 15px 0;'>La Escalera de Aluminio portacables para cableado estructurado es un componente utilizado en la instalaci\u00f3n de redes de telecomunicaciones y sistemas de cableado en edificios comerciales y data centers. Su funci\u00f3n principal es proporcionar un soporte y un sistema de gesti\u00f3n para los cables y conductos que componen la infraestructura de cableado en un espacio determinado. Consta de una serie de travesa\u00f1os o barras horizontales que se conectan a soportes verticales. Se instala en las paredes o techos del edificio&comma; proporciona una estructura en la que los cables pueden ser colocados y asegurados de manera ordenada. Esto facilita la identificaci\u00f3n de cables individuales&comma; su reemplazo o mantenimiento&comma; tambi\u00e9n contribuye a la gesti\u00f3n eficiente del flujo de aire y la disipaci\u00f3n de calor en sistemas de cableado al tiempo que reduce el riesgo de enredos y da\u00f1os.<\/p>\n<\/p><\/div>\n<p> <!-- Caracter\u00edsticas --> <\/p>\n<div style='display: flex; flex-wrap: wrap; gap: 20px;'>\n<div style='flex: 1 1 300px; min-width: 280px;'>\n<h3 style='font-size: 22px; border-bottom: 2px solid currentColor; padding-bottom: 5px; margin-top: 0; color: inherit; opacity: 0.8;'>Caracter\u00edsticas Generales<\/h3>\n<ul style='padding-left: 20px; font-size: 15px; color: inherit; list-style-type: disc;'>\n<li style='margin-bottom: 5px;'>Escalera de Aluminio portacables <strong>Perfil Z<\/strong><\/li>\n<li style='margin-bottom: 5px;'><strong>Peralte<\/strong> (Alto) <strong>3 1\/4 Pulgadas<\/strong><\/li>\n<li style='margin-bottom: 5px;'>Ancho <strong>9 Pulgadas<\/strong><\/li>\n<li style='margin-bottom: 5px;'><strong>Paso<\/strong> (Separaci\u00f3n de Travesa\u00f1os) <strong>9 Pulgadas<\/strong><\/li>\n<li style='margin-bottom: 5px;'>Longitud <strong>3.66 metros<\/strong><\/li>\n<li style='margin-bottom: 5px;'>Capacidad M\u00e1xima <strong>205 Cables (cables Cat6 como referencia)<\/strong><\/li>\n<li style='margin-bottom: 5px;'>Resiste <strong>74.4 Kg. a 1.8 m de distancia sin deformaciones<\/strong><\/li>\n<li style='margin-bottom: 5px;'>Se puede instalar en ambientes <strong>interiores<\/strong>&comma; <strong>exteriores<\/strong>&comma; <strong>salinos<\/strong>&comma; <strong>marinos<\/strong>&comma; <strong>industria pesada<\/strong>&comma; <strong>ambientes h\u00famedos<\/strong>&comma; sector comercial y lugares con ambientes controlados<\/li>\n<li style='margin-bottom: 5px;'>Considerar las derivaciones para cambios de trayectoria. Cuidar el radio de curvatura&comma; dependiendo del cableado.<\/li>\n<li style='margin-bottom: 5px;'>Normas con las que cumple: <strong>NEMA-VE1&comma; NEMA-VE2&comma; NMX-J-511ANCE<\/strong><\/li>\n<li style='margin-bottom: 5px;'><strong>Incluye 12 Pzs de Tornillo tipo coche<\/strong> con <strong>2 coples de 3 1\/4 Pulgadas de Aluminio<\/strong>&comma; para realizar la conexi\u00f3n con otra escalera.<\/li>\n<\/ul><\/div>\n<\/p><\/div>\n<p> <!-- Im\u00e1genes adicionales --> <\/p>\n<div style='display: flex; flex-direction: column; gap: 15px;'>\n<div style='text-align: center;'> <strong><span style='font-size: 16px; color: inherit;'>\u00bfC\u00faales son las medidas importantes de una Escalera de Aluminio?<\/span><\/strong> <\/div>\n<div style='width: 100%;'> <img style='width: 100%; height: auto; border: 1px solid rgba(150&comma;150&comma;150&comma;0.3); border-radius: 8px;' src='https:\/\/ftp3.syscom.mx\/usuarios\/fotos\/CHE89PX6AK\/171251-medidas.png' alt=''> <\/div>\n<div style='width: 100%;'> <img style='width: 100%; height: auto; border: 1px solid rgba(150&comma;150&comma;150&comma;0.3); border-radius: 8px;' src='https:\/\/ftp3.syscom.mx\/usuarios\/fotos\/CHE89PX9AK\/189534-accesorios_escalera_de_aluminio_p_3_14_paso_9_ancho_9.png' alt=''> <\/div>\n<div style='width: 100%;'> <img style='width: 100%; height: auto; border: 1px solid rgba(150&comma;150&comma;150&comma;0.3); border-radius: 8px;' src='https:\/\/ftp3.syscom.mx\/usuarios\/fotos\/CHE89PX6AK\/171251-chardn.png' alt=''> <\/div>\n<\/p><\/div>\n<\/p><\/div>\n<\/p><\/div>\n","protected":false},"excerpt":{"rendered":"<p>Escalera de Aluminio Portacables \/ Perfil Z \/ Peralte 3 1\/4&#8243; \/Paso 9&#8243; \/ Ancho 9&#8243; \/ 3.66 metros \/ Capacidad M\u00e1x. 205 Cables \/ Incluye Cople Union y Torniller\u00eda<\/p>\n","protected":false},"featured_media":9763,"comment_status":"open","ping_status":"closed","template":"","meta":[],"product_brand":[],"product_cat":[630],"product_tag":[580,593,631],"class_list":{"0":"post-9764","1":"product","2":"type-product","3":"status-publish","4":"has-post-thumbnail","6":"product_cat-charolas-tipo-escalerilla","7":"product_tag-charofil","8":"product_tag-charola","9":"product_tag-charolas-tipo-escalerilla","11":"first","12":"instock","13":"sale","14":"shipping-taxable","15":"purchasable","16":"product-type-simple"},"_links":{"self":[{"href":"https:\/\/soydeaqui.ddns.net\/pachuca\/index.php\/wp-json\/wp\/v2\/product\/9764","targetHints":{"allow":["GET"]}}],"collection":[{"href":"https:\/\/soydeaqui.ddns.net\/pachuca\/index.php\/wp-json\/wp\/v2\/product"}],"about":[{"href":"https:\/\/soydeaqui.ddns.net\/pachuca\/index.php\/wp-json\/wp\/v2\/types\/product"}],"replies":[{"embeddable":true,"href":"https:\/\/soydeaqui.ddns.net\/pachuca\/index.php\/wp-json\/wp\/v2\/comments?post=9764"}],"wp:featuredmedia":[{"embeddable":true,"href":"https:\/\/soydeaqui.ddns.net\/pachuca\/index.php\/wp-json\/wp\/v2\/media\/9763"}],"wp:attachment":[{"href":"https:\/\/soydeaqui.ddns.net\/pachuca\/index.php\/wp-json\/wp\/v2\/media?parent=9764"}],"wp:term":[{"taxonomy":"product_brand","embeddable":true,"href":"https:\/\/soydeaqui.ddns.net\/pachuca\/index.php\/wp-json\/wp\/v2\/product_brand?post=9764"},{"taxonomy":"product_cat","embeddable":true,"href":"https:\/\/soydeaqui.ddns.net\/pachuca\/index.php\/wp-json\/wp\/v2\/product_cat?post=9764"},{"taxonomy":"product_tag","embeddable":true,"href":"https:\/\/soydeaqui.ddns.net\/pachuca\/index.php\/wp-json\/wp\/v2\/product_tag?post=9764"}],"curies":[{"name":"wp","href":"https:\/\/api.w.org\/{rel}","templated":true}]}}