{"id":97633,"date":"2026-03-20T09:05:08","date_gmt":"2026-03-20T09:05:08","guid":{"rendered":"https:\/\/soydeaqui.ddns.net\/pachuca\/index.php\/producto\/dvr-16-canales-turbohd-8-canales-ip-5-megapixel-lite-3k-lite-salida-independiente-hdmi-vga-audio-de-dos-vias-por-coaxitron-reconocimiento-facial-acusense-evista-falsas-alarmas-1-ba\/"},"modified":"2026-03-20T09:05:09","modified_gmt":"2026-03-20T09:05:09","slug":"dvr-16-canales-turbohd-8-canales-ip-5-megapixel-lite-3k-lite-salida-independiente-hdmi-vga-audio-de-dos-vias-por-coaxitron-reconocimiento-facial-acusense-evista-falsas-alarmas-1-ba","status":"publish","type":"product","link":"https:\/\/soydeaqui.ddns.net\/pachuca\/index.php\/producto\/dvr-16-canales-turbohd-8-canales-ip-5-megapixel-lite-3k-lite-salida-independiente-hdmi-vga-audio-de-dos-vias-por-coaxitron-reconocimiento-facial-acusense-evista-falsas-alarmas-1-ba\/","title":{"rendered":"DVR 16 Canales TURBOHD + 8 Canales IP \/ 5 Megapixel Lite &#8211; 3K Lite \/ Salida Independiente HDMI &#8211; VGA \/ Audio de Dos V\u00edas por Coaxitron \/ Reconocimiento Facial \/ ACUSENSE (Evista falsas alarmas) \/ 1 Bah\u00eda de Disco Duro \/ Salida de Video en Fu"},"content":{"rendered":"<div style='width: 100%; max-width: 1200px; margin: 0 auto; font-family: sans-serif; line-height: 1.6; color: inherit; background-color: transparent;'> <!-- Videos --> <\/p>\n<div style='position: relative; padding-bottom: 56.25%; height: 0; overflow: hidden; margin-bottom: 30px;'> <video style='position: absolute; top: 0; left: 0; width: 100%; height: 100%; border: 1px solid rgba(150&comma;150&comma;150&comma;0.3); border-radius: 8px;' muted controls><source src='https:\/\/ftp3.syscom.mx\/usuarios\/nicolas.jimenez\/Turbo8\/Turbo8%20animacion.mp4' type='video\/mp4'><\/video> <\/div>\n<div style='position: relative; padding-bottom: 56.25%; height: 0; overflow: hidden; margin-bottom: 30px;'> <video style='position: absolute; top: 0; left: 0; width: 100%; height: 100%; border: 1px solid rgba(150&comma;150&comma;150&comma;0.3); border-radius: 8px;' controls><source src='https:\/\/ftp3.syscom.mx\/usuarios\/nicolas.jimenez\/Turbo8\/Turbo%20HD%208.0-Audio%20bidireccional%20TVI%20Doblaje.mp4' type='video\/mp4'><\/video> <\/div>\n<p> <!-- Imagen coaxitron --> <img style='width: 100%; height: auto; border: 1px solid rgba(150&comma;150&comma;150&comma;0.3); border-radius: 8px; margin: 30px 0;' src='https:\/\/ftp3.syscom.mx\/usuarios\/emendoza\/elesbanmch\/HIKVISON\/IMAGENES\/COAXITRON-audio.jpg' alt=''> <!-- Im\u00e1genes del producto --> <\/p>\n<div style='display: flex; flex-wrap: wrap; gap: 30px; margin: 30px 0;'>\n<div style='flex: 1 1 45%; min-width: 280px;'> <img style='width: 100%; height: auto; border: 1px solid rgba(150&comma;150&comma;150&comma;0.3); border-radius: 8px;' src='https:\/\/ftp3.syscom.mx\/usuarios\/fotos\/IDS7208HQHIM1\/S(C)\/192927-untitled.png' alt=''> <\/div>\n<div style='flex: 1 1 45%; min-width: 280px;'> <img style='width: 100%; height: auto; border: 1px solid rgba(150&comma;150&comma;150&comma;0.3); border-radius: 8px;' src='https:\/\/ftp3.syscom.mx\/usuarios\/fotos\/IDS7208HQHIM1\/S(C)\/192927-untitled_(2).png' alt=''> <\/div>\n<\/p><\/div>\n<p> <!-- Videos de YouTube --> <\/p>\n<div style='display: flex; flex-wrap: wrap; gap: 20px; margin: 30px 0;'>\n<div style='position: relative; padding-bottom: 56.25%; height: 0; overflow: hidden; flex: 1 1 30%; min-width: 280px;'>   <\/div>\n<div style='position: relative; padding-bottom: 56.25%; height: 0; overflow: hidden; flex: 1 1 30%; min-width: 280px;'>   <\/div>\n<div style='position: relative; padding-bottom: 56.25%; height: 0; overflow: hidden; flex: 1 1 30%; min-width: 280px;'>   <\/div>\n<\/p><\/div>\n<p> <!-- Caracter\u00edsticas Principales --> <\/p>\n<div style='display: flex; flex-wrap: wrap; gap: 30px; margin: 30px 0;'>\n<div style='flex: 1 1 100%; min-width: 280px;'>\n<h3 style='font-size: 22px; border-bottom: 2px solid currentColor; padding-bottom: 5px; margin-top: 0; color: inherit; opacity: 0.8;'>Caracter\u00edsticas Principales:<\/h3>\n<ul style='padding-left: 20px; font-size: 15px; color: inherit;'>\n<li style='margin-bottom: 5px;'>Soporta audio de dos v\u00edas por coaxitron en todos los canales (UTP o coaxial).<\/li>\n<li style='margin-bottom: 5px;'>Soporta reconocimiento facial.<\/li>\n<li style='margin-bottom: 5px;'>Soporta ACUSENSE<\/li>\n<li style='margin-bottom: 5px;'>Soporta 16 canales TURBOHD + 8 canales IP = 24 canales en total.<\/li>\n<li style='margin-bottom: 5px;'>DVR pentah\u00edbrido: HD-TVI \/ HD-CVI \/ Analogico \/ IP \/ AHD.<\/li>\n<li style='margin-bottom: 5px;'>Acceso remoto: PC (WINDOWS \/ MAC)&comma; Smart Phone (iPhone&comma; iPad&comma; Android).<\/li>\n<li style='margin-bottom: 5px;'>Compatibilidad con navegador Internet Explorer o Chrome.<\/li>\n<li style='margin-bottom: 5px;'>Software cliente multi sitio de hasta 64 canales (iVMS-4200).<\/li>\n<li style='margin-bottom: 5px;'>Compatible con Hik-Connect P2P.<\/li>\n<li style='margin-bottom: 5px;'>Soporta servicio DDNS Hik-Connect Domain \/ DynDNS.<\/li>\n<li style='margin-bottom: 5px;'>1 entrada y 1 salida de audio (bocina y microfono externo).<\/li>\n<li style='margin-bottom: 5px;'>Soporta 1 HDD de hasta 12 TB (no incluido).<\/li>\n<li style='margin-bottom: 5px;'>Interfaz serial: RS-485 (HIKVISION C&comma; COAXITRON&comma; PELCO D&comma; PELCO P&comma; etc).<\/li>\n<li style='margin-bottom: 5px;'>Compresi\u00f3n: H.265+ \/ H.265 \/ H.264.<\/li>\n<li style='margin-bottom: 5px;'><strong>Salida de video independiente en HDMI y VGA.<\/strong><\/li>\n<\/ul><\/div>\n<\/p><\/div>\n<p> <!-- Caracter\u00edsticas F\u00edsicas y El\u00e9ctricas --> <\/p>\n<div style='display: flex; flex-wrap: wrap; gap: 30px; margin: 30px 0;'>\n<div style='flex: 1 1 45%; min-width: 280px;'>\n<h3 style='font-size: 22px; border-bottom: 2px solid currentColor; padding-bottom: 5px; margin-top: 0; color: inherit; opacity: 0.8;'>Caracter\u00edsticas F\u00edsicas y El\u00e9ctricas:<\/h3>\n<ul style='padding-left: 20px; font-size: 15px; color: inherit;'>\n<li style='margin-bottom: 5px;'>Alimentaci\u00f3n: 12 Vcc (fuente incluida).<\/li>\n<li style='margin-bottom: 5px;'>Consumo sin HDD: 18 watts.<\/li>\n<li style='margin-bottom: 5px;'>Temperatura de operaci\u00f3n: -10 \u00baC hasta 55 \u00baC.<\/li>\n<li style='margin-bottom: 5px;'>Dimensiones: 315 x 242 x 45 mm (W \u00d7 D \u00d7 H)<\/li>\n<li style='margin-bottom: 5px;'>Peso: 1.78 Kg sin HDD.<\/li>\n<li style='margin-bottom: 5px;'>No compatible con control remoto<\/li>\n<\/ul><\/div>\n<div style='flex: 1 1 45%; min-width: 280px;'>\n<h3 style='font-size: 22px; border-bottom: 2px solid currentColor; padding-bottom: 5px; margin-top: 0; color: inherit; opacity: 0.8;'>Resoluci\u00f3n:<\/h3>\n<ul style='padding-left: 20px; font-size: 15px; color: inherit;'>\n<li style='margin-bottom: 5px;'>TVI (TURBOHD): 3K \/ 5 MP \/ 4 MP \/ 2 MP.<\/li>\n<li style='margin-bottom: 5px;'>CVI: 5 MP \/ 4 MP \/ 2 MP.<\/li>\n<li style='margin-bottom: 5px;'>AHD: 5 MP \/ 4 MP \/ 2 MP.<\/li>\n<li style='margin-bottom: 5px;'>CVBS (anal\u00f3gico): 1200 TVL.<\/li>\n<li style='margin-bottom: 5px;'>IP: 6 MP\/ 5 MP\/ 4 MP \/ 2 MP<\/li>\n<\/ul><\/div>\n<\/p><\/div>\n<p> <!-- Caracter\u00edsticas Destacadas --> <\/p>\n<div style='display: flex; flex-wrap: wrap; gap: 30px; margin: 30px 0;'>\n<div style='flex: 1 1 100%; min-width: 280px;'>\n<h3 style='font-size: 22px; border-bottom: 2px solid currentColor; padding-bottom: 5px; margin-top: 0; color: inherit; opacity: 0.8;'>Caracter\u00edsticas Destacadas:<\/h3>\n<ul style='padding-left: 20px; font-size: 15px; color: inherit;'>\n<li style='margin-bottom: 5px;'>Soporta audio de dos v\u00edas por coaxitron (UTP o coaxial). Compatible con modelo de c\u00e1maras TURBOHD que soporten audio de dos v\u00edas. Podemos tener una comunicaci\u00f3n desde la App Hik-Connect bidireccional hacia la c\u00e1mara.<\/li>\n<li style='margin-bottom: 5px;'>Soporta reconocimiento facial en 4 canales de video&comma; compatible solo con c\u00e1maras TURBOHD (el analitico lo hace el DVR&comma; puede ser cualquier c\u00e1mara TURBOHD).<\/li>\n<li style='margin-bottom: 5px;'>Soporta 8 canales con tecnologia ACUSENSE&comma; permite filtrar por analitica de cruce de linea o intrusion de area humanos o vehiculos para activar un evento o grabaci\u00f3n&comma; esto nos permite descartar falsas alarmas (grabaciones) cuando exista un movimiento de hojas o movimiento de algun animal&comma; vuelve mas eficiente la grabaci\u00f3n cuando realmente si sea necesario.<\/li>\n<li style='margin-bottom: 5px;'>Soporta en todos los canales con tecnolog\u00eda ACUSENSE Lite&comma; permite filtrar por detecci\u00f3n de movimiento humanos o vehiculos para activar un evento o grabaci\u00f3n&comma; esto nos permite descartar falsas alarmas (grabaciones) cuando exista un movimiento de hojas o movimiento de algun animal&comma; vuelve mas eficiente la grabaci\u00f3n cuando realmente si sea necesario.<\/li>\n<li style='margin-bottom: 5px;'>No es posible usar ACUSENSE y ACUSENSE Lite al mismo tiempo&comma; se tiene que definir el modo de uso.<\/li>\n<li style='margin-bottom: 5px;'>Soporta apagar canales TURBOHD y poder conventir el DVR en un equipo NVR completo&comma; por cada canal TURBOHD que se apague se puede generar un canal IP adicional. Podemos tener hasta 24 canales IP en total.<\/li>\n<\/ul><\/div>\n<\/p><\/div>\n<p> <!-- Comparativo 3K Lite vs 3K Est\u00e1ndar --> <\/p>\n<div style='margin: 30px 0;'>\n<h3 style='font-size: 20px; text-align: center; margin-bottom: 20px; color: inherit; opacity: 0.8;'>Comparativo 3K Lite vs 3K Est\u00e1ndar<\/h3>\n<div style='overflow-x: auto;'>\n<table style='width: 100%; border-collapse: collapse; border: 1px solid rgba(150&comma;150&comma;150&comma;0.3);'>\n<thead>\n<tr>\n<th style='border: 1px solid rgba(150&comma;150&comma;150&comma;0.3); padding: 12px; text-align: center; background-color: rgba(223&comma;0&comma;30&comma;0.1); color: inherit;'>Caracter\u00edstica<\/th>\n<th style='border: 1px solid rgba(150&comma;150&comma;150&comma;0.3); padding: 12px; text-align: center; background-color: rgba(223&comma;0&comma;30&comma;0.1); color: inherit;'>3K Lite (2.5MP)<\/th>\n<th style='border: 1px solid rgba(150&comma;150&comma;150&comma;0.3); padding: 12px; text-align: center; background-color: rgba(223&comma;0&comma;30&comma;0.1); color: inherit;'>3K Est\u00e1ndar (5MP)<\/th>\n<\/tr>\n<\/thead>\n<tbody>\n<tr>\n<th style='border: 1px solid rgba(150&comma;150&comma;150&comma;0.3); padding: 10px; text-align: center; background-color: rgba(223&comma;0&comma;30&comma;0.05); color: inherit;'>Resoluci\u00f3n<\/th>\n<td style='border: 1px solid rgba(150&comma;150&comma;150&comma;0.3); padding: 10px; text-align: center; color: inherit;'>2560\u00d71440<\/td>\n<td style='border: 1px solid rgba(150&comma;150&comma;150&comma;0.3); padding: 10px; text-align: center; color: inherit;'>2880\u00d71620<\/td>\n<\/tr>\n<tr>\n<th style='border: 1px solid rgba(150&comma;150&comma;150&comma;0.3); padding: 10px; text-align: center; background-color: rgba(223&comma;0&comma;30&comma;0.05); color: inherit;'>Almacenamiento<\/th>\n<td style='border: 1px solid rgba(150&comma;150&comma;150&comma;0.3); padding: 10px; text-align: center; color: inherit;'>Optimizado (+30% duraci\u00f3n)<\/td>\n<td style='border: 1px solid rgba(150&comma;150&comma;150&comma;0.3); padding: 10px; text-align: center; color: inherit;'>Mayor espacio requerido<\/td>\n<\/tr>\n<tr>\n<th style='border: 1px solid rgba(150&comma;150&comma;150&comma;0.3); padding: 10px; text-align: center; background-color: rgba(223&comma;0&comma;30&comma;0.05); color: inherit;'>Uso recomendado<\/th>\n<td style='border: 1px solid rgba(150&comma;150&comma;150&comma;0.3); padding: 10px; text-align: center; color: inherit;'>\u00c1reas medianas\/Interiores<\/td>\n<td style='border: 1px solid rgba(150&comma;150&comma;150&comma;0.3); padding: 10px; text-align: center; color: inherit;'>\u00c1reas extensas\/Exteriores<\/td>\n<\/tr>\n<\/tbody>\n<\/table><\/div>\n<\/p><\/div>\n<p> <!-- Imagen final --> <img style='width: 100%; height: auto; border: 1px solid rgba(150&comma;150&comma;150&comma;0.3); border-radius: 8px; margin: 30px 0;' src='https:\/\/ftp3.syscom.mx\/usuarios\/jsosa\/HIKVISION\/imagenes\/banners\/solution%20complete.png' alt=''> <\/div>\n","protected":false},"excerpt":{"rendered":"<p>DVR 16 Canales TURBOHD + 8 Canales IP \/ 5 Megapixel Lite &#8211; 3K Lite \/ Salida Independiente HDMI &#8211; VGA \/ Audio de Dos V\u00edas por Coaxitron \/ Reconocimiento Facial \/ ACUSENSE (Evista falsas alarmas) \/ 1 Bah\u00eda de Disco Duro \/ Salida de Video en Fu<\/p>\n","protected":false},"featured_media":97632,"comment_status":"open","ping_status":"closed","template":"","meta":[],"product_brand":[],"product_cat":[2254],"product_tag":[2255,54,2256],"class_list":{"0":"post-97633","1":"product","2":"type-product","3":"status-publish","4":"has-post-thumbnail","6":"product_cat-videograbadoras-analogicas-turbohd-tvi-ahd-cvi","7":"product_tag-camaras-y-dvrs-hd-turbohd-ahd-hd-tvi","8":"product_tag-hikvision","9":"product_tag-videograbadoras-analogicas-turbohd-tvi-ahd-cvi","11":"first","12":"instock","13":"sale","14":"shipping-taxable","15":"purchasable","16":"product-type-simple"},"_links":{"self":[{"href":"https:\/\/soydeaqui.ddns.net\/pachuca\/index.php\/wp-json\/wp\/v2\/product\/97633","targetHints":{"allow":["GET"]}}],"collection":[{"href":"https:\/\/soydeaqui.ddns.net\/pachuca\/index.php\/wp-json\/wp\/v2\/product"}],"about":[{"href":"https:\/\/soydeaqui.ddns.net\/pachuca\/index.php\/wp-json\/wp\/v2\/types\/product"}],"replies":[{"embeddable":true,"href":"https:\/\/soydeaqui.ddns.net\/pachuca\/index.php\/wp-json\/wp\/v2\/comments?post=97633"}],"wp:featuredmedia":[{"embeddable":true,"href":"https:\/\/soydeaqui.ddns.net\/pachuca\/index.php\/wp-json\/wp\/v2\/media\/97632"}],"wp:attachment":[{"href":"https:\/\/soydeaqui.ddns.net\/pachuca\/index.php\/wp-json\/wp\/v2\/media?parent=97633"}],"wp:term":[{"taxonomy":"product_brand","embeddable":true,"href":"https:\/\/soydeaqui.ddns.net\/pachuca\/index.php\/wp-json\/wp\/v2\/product_brand?post=97633"},{"taxonomy":"product_cat","embeddable":true,"href":"https:\/\/soydeaqui.ddns.net\/pachuca\/index.php\/wp-json\/wp\/v2\/product_cat?post=97633"},{"taxonomy":"product_tag","embeddable":true,"href":"https:\/\/soydeaqui.ddns.net\/pachuca\/index.php\/wp-json\/wp\/v2\/product_tag?post=97633"}],"curies":[{"name":"wp","href":"https:\/\/api.w.org\/{rel}","templated":true}]}}