{"id":97614,"date":"2026-03-20T09:04:24","date_gmt":"2026-03-20T09:04:24","guid":{"rendered":"https:\/\/soydeaqui.ddns.net\/pachuca\/index.php\/producto\/esfera-punta-de-poste-ip-dual-termica-38-a-190-mm-1280-x-1024-optico-100x-4-megapixel-iluminacion-3000-mts-laser-ip67-microsd\/"},"modified":"2026-03-20T09:04:26","modified_gmt":"2026-03-20T09:04:26","slug":"esfera-punta-de-poste-ip-dual-termica-38-a-190-mm-1280-x-1024-optico-100x-4-megapixel-iluminacion-3000-mts-laser-ip67-microsd","status":"publish","type":"product","link":"https:\/\/soydeaqui.ddns.net\/pachuca\/index.php\/producto\/esfera-punta-de-poste-ip-dual-termica-38-a-190-mm-1280-x-1024-optico-100x-4-megapixel-iluminacion-3000-mts-laser-ip67-microsd\/","title":{"rendered":"Esfera Punta de Poste IP Dual \/ T\u00e9rmica 38 a 190 mm ( 1280 x 1024) + \u00d3ptico 100X (4 Megapixel) \/ Iluminaci\u00f3n 3000 mts Laser \/ IP67 \/ microSD"},"content":{"rendered":"<div style='width: 100%; max-width: 1200px; margin: 0 auto; font-family: sans-serif; line-height: 1.6; color: inherit; background-color: transparent;'>\n<p style='text-align: center; margin: 0;'><img style='width: 45%; height: auto; border: 1px solid rgba(150&comma;150&comma;150&comma;0.3); border-radius: 8px;' src='https:\/\/ftp3.syscom.mx\/usuarios\/jsosa\/HIKVISION\/imagenes\/logo\/hikvision%20see%20far.png' alt='Logo Hikvision'><\/p>\n<div style='display: flex; flex-wrap: wrap; gap: 30px; margin: 30px 0;'>\n<div style='flex: 1 1 45%; min-width: 300px;'>\n<div style='position: relative; padding-bottom: 56.25%; height: 0; overflow: hidden;'>   <\/div>\n<\/p><\/div>\n<div style='flex: 1 1 45%; min-width: 300px;'>\n<div style='position: relative; padding-bottom: 56.25%; height: 0; overflow: hidden;'>   <\/div>\n<\/p><\/div>\n<\/p><\/div>\n<div style='display: flex; flex-wrap: wrap; gap: 30px;'> <!-- Caracter\u00edsticas T\u00e9rmico --> <\/p>\n<div style='flex: 1 1 300px; min-width: 280px;'>\n<div style='border-left: 5px solid #ff0000; border-radius: 8px; overflow: hidden; box-shadow: 2px 2px 10px rgba(216&comma;216&comma;216&comma;0.3);'>\n<div style='padding: 15px; background-color: rgba(255&comma; 0&comma; 0&comma; 0.1); font-weight: bold; color: inherit;'>Caracter\u00edsticas del lente t\u00e9rmico:<\/div>\n<div style='padding: 15px; color: inherit;'>\n<ul style='padding-left: 20px; margin: 0; font-size: 14px; list-style-type: disc;'>\n<li style='margin-bottom: 5px;'>Lente fijo: 38 a 190 mm.<\/li>\n<li style='margin-bottom: 5px;'>Resoluci\u00f3n: 1280 x 1024.<\/li>\n<li style='margin-bottom: 5px;'>Sensor de imagen: oxido de vanadio&comma; detector de plano focal no refrigerado.<\/li>\n<li style='margin-bottom: 5px;'>Identificaci\u00f3n de personas: 1.2 km aproximado.<\/li>\n<li style='margin-bottom: 5px;'>Identificaci\u00f3n de veh\u00edculos: 2.7 km aproximado.<\/li>\n<\/ul><\/div>\n<\/p><\/div>\n<\/p><\/div>\n<p> <!-- Caracter\u00edsticas \u00d3ptico --> <\/p>\n<div style='flex: 1 1 300px; min-width: 280px;'>\n<div style='border-left: 5px solid #ff0000; border-radius: 8px; overflow: hidden; box-shadow: 2px 2px 10px rgba(216&comma;216&comma;216&comma;0.3);'>\n<div style='padding: 15px; background-color: rgba(255&comma; 0&comma; 0&comma; 0.1); font-weight: bold; color: inherit;'>Caracter\u00edsticas del lente \u00f3ptico:<\/div>\n<div style='padding: 15px; color: inherit;'>\n<ul style='padding-left: 20px; margin: 0; font-size: 14px; list-style-type: disc;'>\n<li style='margin-bottom: 5px;'>Distancia focal: 10 a 1000 mm \/ 100X optico \/ 16X digital.<\/li>\n<li style='margin-bottom: 5px;'>Resoluci\u00f3n: 4 Megapixel (2688 \u00d7 1520).<\/li>\n<li style='margin-bottom: 5px;'>Sensor de imagen: 1\/1.8 CMOS Scan Progresivo.<\/li>\n<li style='margin-bottom: 5px;'>WDR real 120 dB \/ 3D-DNR.<\/li>\n<li style='margin-bottom: 5px;'>3000 mts Laser (visi\u00f3n nocturna).<\/li>\n<\/ul><\/div>\n<\/p><\/div>\n<\/p><\/div>\n<p> <!-- Caracter\u00edsticas F\u00edsicas y El\u00e9ctricas --> <\/p>\n<div style='flex: 1 1 300px; min-width: 280px;'>\n<div style='border-left: 5px solid #ff0000; border-radius: 8px; overflow: hidden; box-shadow: 2px 2px 10px rgba(216&comma;216&comma;216&comma;0.3);'>\n<div style='padding: 15px; background-color: rgba(255&comma; 0&comma; 0&comma; 0.1); font-weight: bold; color: inherit;'>Caracter\u00edsticas F\u00edsicas y El\u00e9ctricas:<\/div>\n<div style='padding: 15px; color: inherit;'>\n<ul style='padding-left: 20px; margin: 0; font-size: 14px; list-style-type: disc;'>\n<li style='margin-bottom: 5px;'>Alimentaci\u00f3n: 48 VDC conector de aviaci\u00f3n \/ 180 watts (460 con calefactor).<\/li>\n<li style='margin-bottom: 5px;'>Temperatura de operaci\u00f3n: -40\u00baC a 70\u00baC.<\/li>\n<li style='margin-bottom: 5px;'>Protecci\u00f3n: IP67<\/li>\n<li style='margin-bottom: 5px;'>Dimensiones: 578 X 571 X 955 mm<\/li>\n<li style='margin-bottom: 5px;'>Peso: 100 Kg.<\/li>\n<li style='margin-bottom: 5px;'>Garant\u00eda: 5 a\u00f1os.<\/li>\n<\/ul><\/div>\n<\/p><\/div>\n<\/p><\/div>\n<p> <!-- Funciones avanzadas --> <\/p>\n<div style='flex: 1 1 300px; min-width: 280px;'>\n<div style='border-left: 5px solid #ff0000; border-radius: 8px; overflow: hidden; box-shadow: 2px 2px 10px rgba(216&comma;216&comma;216&comma;0.3);'>\n<div style='padding: 15px; background-color: rgba(255&comma; 0&comma; 0&comma; 0.1); font-weight: bold; color: inherit;'>Funciones avanzadas:<\/div>\n<div style='padding: 15px; color: inherit;'>\n<ul style='padding-left: 20px; margin: 0; font-size: 14px; list-style-type: disc;'>\n<li style='margin-bottom: 5px;'>4 Videoanaliticos integrados (Cruce de linea&comma; Intrusi\u00f3n de \u00e1rea&comma; Regi\u00f3n de entrada \/ Regi\u00f3n de salida).<\/li>\n<li style='margin-bottom: 5px;'>Detecci\u00f3n de fuego: Detecci\u00f3n din\u00e1mico de incendio&comma; hasta 10 puntos de incendio detectables.<\/li>\n<\/ul><\/div>\n<\/p><\/div>\n<\/p><\/div>\n<p> <!-- Imagen de soluci\u00f3n t\u00e9rmica --> <\/p>\n<div style='flex: 1 1 100%; min-width: 280px; margin-top: 30px;'> <img style='width: 100%; height: auto; border: 1px solid rgba(150&comma;150&comma;150&comma;0.3); border-radius: 8px;' src='https:\/\/ftp3.syscom.mx\/usuarios\/jsosa\/banners\/solucion-termica.jpg' alt='Soluci\u00f3n t\u00e9rmica'> <\/div>\n<p> <!-- Imagen adicional de especificaciones --> <\/p>\n<div style='flex: 1 1 300px; min-width: 280px;'>\n<div style='border-left: 5px solid #ff0000; border-radius: 8px; overflow: hidden; box-shadow: 2px 2px 10px rgba(216&comma;216&comma;216&comma;0.3);'>\n<div style='padding: 15px; background-color: rgba(255&comma; 0&comma; 0&comma; 0.1); font-weight: bold; color: inherit;'>Imagen y compresi\u00f3n:<\/div>\n<div style='padding: 15px; color: inherit;'>\n<ul style='padding-left: 20px; margin: 0; font-size: 14px; list-style-type: disc;'>\n<li style='margin-bottom: 5px;'>Lente \u00f3ptico: 60Hz: 30 fps (2688 \u00d7 1520) \/ 30 fps (1920 x 1080) \/ 30fps (1280 x 960) \/ 30fps (1280 \u00d7 720).<\/li>\n<li style='margin-bottom: 5px;'>Lente t\u00e9rmico: 25fps (1920 x 1080).<\/li>\n<li style='margin-bottom: 5px;'>Compresi\u00f3n: H.265+\/ H.264+ \/ H.265 \/ H.264 \/ MJPEG.<\/li>\n<li style='margin-bottom: 5px;'>Soporta hasta 20 usuarios simult\u00e1neos.<\/li>\n<\/ul><\/div>\n<\/p><\/div>\n<\/p><\/div>\n<p> <!-- Integraci\u00f3n --> <\/p>\n<div style='flex: 1 1 300px; min-width: 280px;'>\n<div style='border-left: 5px solid #ff0000; border-radius: 8px; overflow: hidden; box-shadow: 2px 2px 10px rgba(216&comma;216&comma;216&comma;0.3);'>\n<div style='padding: 15px; background-color: rgba(255&comma; 0&comma; 0&comma; 0.1); font-weight: bold; color: inherit;'>Integraci\u00f3n:<\/div>\n<div style='padding: 15px; color: inherit;'>\n<ul style='padding-left: 20px; margin: 0; font-size: 14px; list-style-type: disc;'>\n<li style='margin-bottom: 5px;'>2 entradas de alarma (0 &#8211; 5 Vcc).<\/li>\n<li style='margin-bottom: 5px;'>2 salidas de alarma.<\/li>\n<li style='margin-bottom: 5px;'>1 entrada de audio.<\/li>\n<li style='margin-bottom: 5px;'>1 salidas de audio.<\/li>\n<li style='margin-bottom: 5px;'>1 puerto de red (10 \/ 100 \/ 1000 Mbps).<\/li>\n<li style='margin-bottom: 5px;'>Soporta memoria micro SD de hasta 512 Gb.<\/li>\n<li style='margin-bottom: 5px;'>Soporta salida de video anal\u00f3gica \/ 75 \u03a9.<\/li>\n<li style='margin-bottom: 5px;'>Cuenta con limpiaparabrisas.<\/li>\n<\/ul><\/div>\n<\/p><\/div>\n<\/p><\/div>\n<\/p><\/div>\n<hr style='border: 0; border-top: 1px solid rgba(150&comma; 150&comma; 150&comma; 0.3); margin: 30px 0;'> <\/div>\n","protected":false},"excerpt":{"rendered":"<p>Esfera Punta de Poste IP Dual \/ T\u00e9rmica 38 a 190 mm ( 1280 x 1024) + \u00d3ptico 100X (4 Megapixel) \/ Iluminaci\u00f3n 3000 mts Laser \/ IP67 \/ microSD<\/p>\n","protected":false},"featured_media":97613,"comment_status":"open","ping_status":"closed","template":"","meta":[],"product_brand":[],"product_cat":[1049],"product_tag":[122,158,1050],"class_list":{"0":"post-97614","1":"product","2":"type-product","3":"status-publish","4":"has-post-thumbnail","6":"product_cat-termicas","7":"product_tag-camaras-ip-y-nvrs","8":"product_tag-hikmicro","9":"product_tag-termicas","11":"first","12":"outofstock","13":"sale","14":"shipping-taxable","15":"purchasable","16":"product-type-simple"},"_links":{"self":[{"href":"https:\/\/soydeaqui.ddns.net\/pachuca\/index.php\/wp-json\/wp\/v2\/product\/97614","targetHints":{"allow":["GET"]}}],"collection":[{"href":"https:\/\/soydeaqui.ddns.net\/pachuca\/index.php\/wp-json\/wp\/v2\/product"}],"about":[{"href":"https:\/\/soydeaqui.ddns.net\/pachuca\/index.php\/wp-json\/wp\/v2\/types\/product"}],"replies":[{"embeddable":true,"href":"https:\/\/soydeaqui.ddns.net\/pachuca\/index.php\/wp-json\/wp\/v2\/comments?post=97614"}],"wp:featuredmedia":[{"embeddable":true,"href":"https:\/\/soydeaqui.ddns.net\/pachuca\/index.php\/wp-json\/wp\/v2\/media\/97613"}],"wp:attachment":[{"href":"https:\/\/soydeaqui.ddns.net\/pachuca\/index.php\/wp-json\/wp\/v2\/media?parent=97614"}],"wp:term":[{"taxonomy":"product_brand","embeddable":true,"href":"https:\/\/soydeaqui.ddns.net\/pachuca\/index.php\/wp-json\/wp\/v2\/product_brand?post=97614"},{"taxonomy":"product_cat","embeddable":true,"href":"https:\/\/soydeaqui.ddns.net\/pachuca\/index.php\/wp-json\/wp\/v2\/product_cat?post=97614"},{"taxonomy":"product_tag","embeddable":true,"href":"https:\/\/soydeaqui.ddns.net\/pachuca\/index.php\/wp-json\/wp\/v2\/product_tag?post=97614"}],"curies":[{"name":"wp","href":"https:\/\/api.w.org\/{rel}","templated":true}]}}