{"id":97606,"date":"2026-03-20T09:04:02","date_gmt":"2026-03-20T09:04:02","guid":{"rendered":"https:\/\/soydeaqui.ddns.net\/pachuca\/index.php\/producto\/ventilador-axial-anticondensante-12-vcc-de-60-x-60-x-25-mm\/"},"modified":"2026-03-20T09:04:16","modified_gmt":"2026-03-20T09:04:16","slug":"ventilador-axial-anticondensante-12-vcc-de-60-x-60-x-25-mm","status":"publish","type":"product","link":"https:\/\/soydeaqui.ddns.net\/pachuca\/index.php\/producto\/ventilador-axial-anticondensante-12-vcc-de-60-x-60-x-25-mm\/","title":{"rendered":"Ventilador Axial Anticondensante 12 Vcc, de  60 x 60 x 25 mm."},"content":{"rendered":"<p><img src='data:image\/png;base64&comma;iVBORw0KGgoAAAANSUhEUgAAAR8AAABFCAIAAAD8V3U\/AAATsElEQVR4Ae1diVcUx7q\/f8gVHZck12defElu3stLbrb7bk7eefe9q0z3dM8w7JtsIiIIbogLayLDjogsGqPRKCqSqAngDaBANLLJIkEBQbYZkH2WrqpnT2HT9MzgJByISPWpw6np\/uqrql9\/v\/6qvqpu\/oDIQRAgCCwMAn9YGLVEK0GAIIAIu4gREAQWCgHCroVCluglCBB2ERsgCCwUAoRdC4Us0UsQIOwiNkAQWCgErLMLQshxnIkcBAGCwJwIcBwHIbTFTivsAgDMqZBcJAgQBGYhAACwSjApuyCEs8qRHwQBgoAdCFj1YFJ2kQGhHUgSEYKAFAGO4yzdl5Rd0kLkN0GAIGAfAoRd9uFEpAgCvx4Bwq5fjxkpQRCwDwHCLvtwIlIEgV+PAGHXr8eMlCAI2IfAkmcXAACSY1ki8OIvwy55dlldVbDsFTnz8iHw4q\/EWmK+xCLyhF2Wt3CZnCHssm98Og+p38guANCUHg0Po75+1PMY9faiQS2amEDWVgCXibEuuW4Sds2DN\/YVtZddAKDRUdT+AF6\/DhO\/gE6u4C8fgQ0bwZpXuFVrONk68Nq\/gHfeBY40jD6IrhSjX35B4+PI9nbMJWeLL1+DCbvso8g8pJ7PLgBQVxfMLwC+fuDd9znZWrBCxjnIwMrVVpKD+dKqNeC9D0BwCCr+Do2Nv3x2+XL0iLBrHryxr+hz2DUyAjOPgv\/8C3jlT1a4ZJVg4pMb3gDbQtHjxy+HOb5kvSDsso8i85CyyS4AUEMjULtyK9f8Fl4JHHOQAUZFCPYCMpOwax68sa+odXYZDOjceX5mZWsEKJDHnoyDDLJOaGDwBbSw5dwkwi77KDIPKSvs4jj45VfgX9+cl8uSsG71OpiWiWy8ErecTfx37Dth1zx4Y19RK+wqrwBv\/7t1aq1aA+ZOElKJf\/7DET16ZMuYIIR6vX7KxmEwGEwmk7ipAAAbsvxpg8Fg+QI5x3FzFMGX9Hq9pIUcx01MTOp0ut7e3p6enr7+gZGREaPJJBFDCOH2W9UwPj6u1WqnNfT1DQ8NT01NibsjaDMYDM8aqbf6gpMgKWRMJtOzIlOWtQtiAmKCWsIu+ygyDynpPe58BP7rM+sDwvc\/BImfgwTb6eBhEBQMPvyEZ6CYVzi\/YSMqKRNutiQzMjqaczxPo0mxTMnJqekZWXl5+f\/8sXxsbAwXvH+\/LS09w1JYo0lJTk7NyMwqOHGyurpmampKqOhWVXWSJtlqEeHk6dNnBHmO41paW8+cOZv4+ZGw8Ag\/\/0AfX7\/AoG37ow\/mHM+tras3mWZe7zMajUezj2k0Kee+OS9ogBC2tLae+up0XHxiaGjYFr8Ab1+\/gMCtkZF7klNSi4quaHU6QRghBCH88tRXuDFHs489fNghvmo1DyEsLS0T2p+WnjFoYwTe0tKSpElOTU1vb3+AVRF2zYM39hWdxS6jEfr4WSHGytVghQyGR\/CLxXMko5Ff4+ruhukZYO2rlnpgdo5VE0EItba2urt7ySnGVqJoVu3smpuXjx+9ly4XMayTLWE5xVA06+LmcelykWBJcQmJckoxRxE5pdAkJ2P5iYmJjMwsD08fBaOiaBaXcjQXp2iWollPL9+rV68JfqC3t5dmlHKKSc\/Iwho4jjt37ryHp7eCUZmLK7AeQQmrVB+OiRsYGBAwmZycdHP3xHX5+Qe1t7cLl2xl9Hp9XHyC0CmKZlJS06x6sNNnvpZTCncP79bWVqyNsMs+isxDaoZdEMKSUn5R2NLtrFwNHGQwPRPpdEir4+MTAwPShPdq4OXjiQm4PUyqx0EGow7YspKmpuYjSclx8YmWKSY2PnxnJMM6UTTr7OKm1WoBAKVlN5KSNElJmvT0zKyso0LKyDwan\/hFyPYdmAPBwSG4gyYTdzT7mKVy8ZnYuITKmzcRQjqd7nBMrJxS0Aqll7fvgUMxRUVX7tbW1tbWnT17bkfYTtyYgMCtnV1duEdVVdWbHWmKZq9cKcZeqLS0jFYoFQplQODW\/PyCu7W1HR2dDx48vHmrSqNJcffw4slGM+e++UbApK2tjaL55wJFs7Fx8YKjFgQsM0PDw7t378VF8F9nF\/cfSkokX33hOC42Lp6i2R1h4Y97e7Eewq558Ma+ojPsGhuDIaHWB3WYb5\/+N1CqgVIN5QzcJJcmmgXbw+DtO\/z+DAhhTq7UfTnI4PYdlvZhzxm9Xn\/ocKycYhSMqqvL5uRNUDU8POzts4WiWd8t\/hI7E2RsZUwmU87xXOwYD8fEtrS2SjRotbojRzTYXVy9eg1z6dRXp+UUo3Z2u337DkJodHT00OFYimb9A4JaWlpnQDbXygHwY3kFo3QKDAq+UFgotOT8hQtmr8sEbwvt6ekRzvOQGgzTjza9YeY8QiaTKeto9rSvdvXABNsaHNLZ2SkWGx4e3m5+4sTGxo+OTo+uCbvso8g8pGZufHML+OAjqcOR+DEHa\/szBJlVa2DiF8hk4tmVmw\/WvTZLm4MMhoaJb7n9eQhhfMLnFM24uXkMDw8\/t6Ber\/fw9KZodveevc8Vlgi0tt5XObnIKWZbSOjQ0JDkKv7ZPzCQl1+Ql19QU\/MTMpt4bFwCzyX\/oPZf+OFcd3f39tAwTO\/6+gbLEIvJZGptvd8\/MCCM4p7eiKj90RTNMqyqofHeTL0ch74vAf+3Gbz7Pp\/+dxNqaZm5itD173\/AI96c43l79+3HTIuI2CVoRgi1tbX5+PrRCmXO8VzTs5AMYdc8eGNfUYFd8HwhkK2bxQeBNnZm1r4Ks7L5sLvRCGPipG7QQQYPHBKbhZA3BwwNevNhmH3o9YaxsbHa2jo8\/4mJiTMajRzHYWG9Xj9bnA+46XRDFwoLHeUKBaO6UHgR+5bu7p76+oZ6G0ddfX1\/f79ZEuBpDKtU2xNUwF3Q6XQ7wnaaybxPq9XisWVUFE8VPPzz8w\/UJKcWF397927tg4cP+\/r6Jydnwi1YycTEpIurO0Wzh2JijUYjPsk3qewG2PDGrPvy10\/5DdPPjh\/LK+SUglWqy8pujIyMBARuxRO847l5BsO0o6uoqHRx9WCV6m+\/\/e5ZOf4ZaJ+N\/G5SQlOFzFJ9AwWGRVgPFWJqOci4FavmSitXA7UbavuFB2JwEFIMsHB0tqIa\/f392cdyUlLTUtPSMzKzxCktPeNwTJyrGz\/X9\/Tyqa6pgRDW1zekpKalpKalpWeIhdMzMpM0KeE7I1klP0nbH32wr4\/njF6v\/+JIkqNcsVlOW02bNlNlZTcQQkNDQyonZznF7IuKFp47wq21lWm9f3+LXwBFs0eSNNhjAACqqqv9AwLxAFKIZ\/CcZ1V+\/kFJmuSSklLB+hFC7Q8e4idCUVHxTNUAAEYlvS9v\/RmZnwW4PVevXZdTCi9v34aGBoRQTc1Pnl6+FM26unmWl1cA83H+QiHDOqmdXevq6oVeEHYt+GNj+kZyHPjbZ7MekGJ\/tXodjNgFK2\/aTLeqYUMD\/xKKOaoBC06C1a9Itb26Hn13Vbi14szdu7VPh0NymuHT7LAhZT6z2ZFWO7tV1dTgUU1+wQlezEIYT1pwUC45JW1wUIt7p9Vqd+\/Zhz2JglEqGJUkMayqt7cPIdTY1LTZkZZTTMGJk+IWzp2vrLzp4uKuYJRfnT4jEAMA0N\/fX1JaundflNrFjee2IyWn+MghdmhqZ7fCi5eESV1paZmcYlzdPG7f+XmmutFR8PrGWUg6yMDf\/8FPw8wHAOBYTi5FsyHbd+CpmtFoPPnlKezqt20P7e\/v1+v16RmZFM16eHoPDs7smCHsWix2jYyA1zbMuotidr22HppDYTN33WoOADQ0jM6clY4Jsar3PkCiB6dYwcVLl\/BsITr6QHx8gjglJCSeOPFlXV29EPtGCO3dG2UOIbimpqbhlKRJ9g8IomhWwaiysrIlc7P29gd4vBQTFz+l51dpLQ\/MiqrqGkc5H7U\/e3YmlCdu6tPaAQBarba\/v39oaBh7hguFFxWMkmFVFRWVEmH8E0I4MTn56FF3RUVlSmqa75YABaPE3hU3FUJ4PDePotmnwZjGe6JJl8EAPvxYPArg1r8OfygVatFqdZG79lA0G33g0Pj49OsIY2PjEeaTcopJTDwyMDCAEQsPj5g15iQjw4Wm1\/Sztq1NfAslNOM2bEQt5kUSkwnVN6Cfa2enu6iiEp2\/ADXJwNkVrLHwWphdKmdknpMIliFkEhK\/kFOMs4vb6Oio5AsXgoyQmZyc9PD0llNMTGy8IAwAuHbtupPalaLZnRG7sCMSity+fUft7EbR7MlTp4STVjO1tfWOct53xcUnCl5ILAkhrKur325eGs7Ny8f7QtIzMuUUo1Q540jd1NRUY+O9y5eLhqwFYCCEjY33vLz5kOb+6ANYZmpqKiY2jqJZN3fPn3++O6vGq9eB2pV\/TeGDj4GvP7zyrfDWHISw7MY\/nV342VpWVjYn2mjW1fUoMCgY+8m0tAxvny1yisnOzhF3iviuhSbXs+1FVdXgj6skpJr5+cHHCG+S6OoC\/\/EeeOsdadr4Fr9QJls7U0Ts+lauBrK1MD7R6j5Dk8nk5x9I0WxE5B5hmCQ2L0m+vf2BnGYc5YrCwkviS8NPnuyMiDS7L+XFi5fFl64UF1M06yinb92qEp+3zOt0Q3gti1WqfyyvENsiFm5ubg4ODqEVrIurx507P0MIx8fHd5mHnT6+fpOTkwiho0ez3T28FIwqSZMsBOiEuiCEOMZAK5RZ2cewM+nr6w8Lj8C+t\/jb72bVy48IhlBnF3rUzb\/AKnohdWR0dFtIKJ7UFRfPhCtwXTU1Pzm78M8UBaOkFUpHuaKicpZrJexaLHZVVM7FLh+\/6ZtaVMzNQUIJo0Q\/uVfXQxvDwt7ePoV5l0N+foFggnNkLhddcaQUNKNsFIetzQUqK2\/SCn7E5enlI\/YbmZlH5RRPyDNfn712\/Xurqby8Am9lPJ6bh5XwGy\/SM+7da+rq6urs7Kqrq09KTqEV\/IYMJ7XLN+cvYA4MarUenj4UzR6OjcNnbt++wyrVZqNXRO7afauq6mFHR1fXo87OzsbGxuxjOSo1H\/H39vFtam7GPW1ubvbx9Te7Gib6wEHx+M0WFBDCQzFxeES9WU43NU2rEuQNBkN+wQk8ATMH+p1wXFQQIOxaLHY13gMrbPiuFavQsx1MMGI3WGHjrWQRl6QezEEGQ0L5dTBrx4\/lFY5ymqIZW5MWcSEI4WHzCMrTy3dwkI99iw+j0RgTG4\/jIskpqdhvPN29ujNi13QsYXbIRBxBiYo6gKd2Y2PjSZrkZ\/RgFIxSpXZRqpxpBb8filKwYeERP5SUCvPAhsZGTLmioiu4MQCA02e+dnXzwKZP0SyrdHJSuypVakFJROTuGnP8ExepqKh0UrtgLxSf+LmlxxN3E+dHR0exa6JoVuXkPDIyYinTPzCwZ28U7rt\/wFaJWsKuxWKXTgdeWS9lBSbMilWoto6\/cyYT+ORv1mXmoNbK1eDNP\/OftbFxnDv3TVBwSFh4xCPbO+iFolNT+n37o7cGhxxJSsbDMOESznR0dOwI37l1W8iOsJ2t9+8jhKam9DsjIrduC5kjBQWHXLo0M5gcHR0rL68Ij4hUMMpNjtSmzfLNclrl5LJ33\/6yGzeeBgnEI9iSktKgrduCgrd1dk7visJrAE1NzalpGe6eXo6UYtPmaSVKlfPeqP1lZTe02ul4Jl6Ou\/79D7h5QcEhl4uuiPVLOij87OjoCAwKxqXiEhJtFens7AzdER4UHHIsJ1coizOEXYvFLgDA3zdZZ84bb6Jx89plbx9nK2IxB7vW\/QmemCuWAADAETzJvbf6EyKEhW0ZE3omwHEcANP\/wtAyQmh5ZtZUx1w3AGBsbLyvr6+7u1ur1U5OTlqtVGi\/pQa8Sj40PPz48eOenp5BO5SYm239H8NJAMH\/zfS5aAiAWDaesGux2IUQTE23Hkn\/5FN4qwpWVfMfrvnjSusMtMUu2Vp+b6HO+n4iibmQn4uMAGHX4rEL3WviX82y5MnaV8HGt\/i0\/nUrVy3lhTMOMqBg0GObY8JFNiZSnQQBwq5FZJfJBNMywLrf9O0ngVFCZt1r0NObjyCT40VFgLBrEdmFEHryBO4\/KH1zRCCMnRkHGXjrHZiUbGvt+EU1tmXXLsKuxWUXQmhykv9kzca359i6YXN86CDjvyXqF8DveLL4QMWyM94XvsOEXYvOLvNGOnSvCfoF8t+uwR8JneO7aw4yfovG+g3gnXehrz+6VYWM1te1XnhjW3YNJOz6PdiFzcxgRE3NsOAk3L0XuLqDz\/6H3wP1b2+D198Ab7zJ74T66K9ATgP\/IHg4Dp6\/gNrbhY3by85Ol2aHCbt+P3ZhiwGAH+M9ecKH\/trb+bdiGxtRUxO638bvfBsc5D8TbzSKN78tTUtbjq0m7Pq92bUcrW659Jmwi7Brudj64veTsIuwa\/GtbrnUSNi14Owi\/5VceAVzuWXIfyVfcHaRCggCLywClqOIJfZNqBcWWdIwggBhF7EBgsBCIUDYtVDIEr0EAcIuYgMEgYVC4Pns4jhuoSonegkCLy8CwpdLxByTRjVe\/FWFl\/cGkZ4tYQQsv6SAEJKyC3+9dQn3kjSdILDoCFh+BQR7MCvswt\/9IUPERb9HpMKlh4Dlf2Oaa2QovkbyBAGCwHwQsO675qORlCUIEAQwAoRdxBIIAguFAGHXQiFL9BIECLuIDRAEFgoBwq6FQpboJQj8Pz2NWcNjOpg9AAAAAElFTkSuQmCC' alt='' class='fr-fic fr-dib'><\/p>\n<p><strong> <span style='font-family: helvetica&comma; arial&comma; sans-serif;'>Ventilador Anticondensante Axial Cuadrado <\/span><\/strong><span style='font-family: helvetica&comma; arial&comma; sans-serif;'><strong>12 Vcc&comma; de 6<\/strong><strong>0 x 60 x 25 mm&comma; Sellado.<\/strong><\/span><\/p>\n<p><span style='font-family: helvetica&comma; arial&comma; sans-serif;'> <\/span><\/p>\n<div class='row'>\n<div class='col-sm-4'>\n<div style='border-left: 5px solid #FD1F22; border-radius: 5px; padding: 5px; box-shadow: 2px 2px 10px #d8d8d8; -webkit-box-shadow: 2px 2px 10px #d8d8d8;'>\n<p><span style='font-family: helvetica&comma; arial&comma; sans-serif; font-size: 12pt;'><strong style='box-sizing: border-box; color: #595959; text-indent: -18pt;'><span style='box-sizing: border-box; color: #2880b9;'><span lang='ES' style='box-sizing: border-box; line-height: 19.2px;'>Descripcion<\/span><\/span><\/strong><\/span><\/p>\n<ul>\n<li><span style='font-family: helvetica&comma; arial&comma; sans-serif;'>Con un dise\u00f1o compacto y eficiente&comma; este ventilador cuadrado de 60 x 60 x 25 mm es ideal para evitar la condensaci\u00f3n en dispositivos electr\u00f3nicos y sistemas cerrados.<\/span><\/li>\n<li><span style='font-family: helvetica&comma; arial&comma; sans-serif;'>Su potencia y bajo consumo lo convierten en la soluci\u00f3n perfecta para mantener temperaturas estables y asegurar la durabilidad de tus equipos en condiciones de humedad o cambios bruscos de temperatura.<\/span><\/li>\n<\/ul>\n<\/div>\n<\/div>\n<div class='col-sm-4'>\n<div style='border-left: 5px solid #FD1F22; border-radius: 5px; padding: 5px; box-shadow: 2px 2px 10px #d8d8d8; -webkit-box-shadow: 2px 2px 10px #d8d8d8;'>\n<p><span style='box-sizing: border-box; font-family: helvetica&comma; arial&comma; sans-serif; font-size: 12pt;'><strong style='box-sizing: border-box;'><span lang='ES' style='box-sizing: border-box; line-height: 17.12px; color: #2880b9;'><span lang='ES' style='box-sizing: border-box; line-height: 19.2px;'>Aplicaciones<\/span><\/span><\/strong><\/span><\/p>\n<ul>\n<li class='MsoNormal'><span style='font-family: helvetica&comma; arial&comma; sans-serif;'>Tableros el\u00e9ctricos y de control&comma; evita la formaci\u00f3n de humedad y protege componentes sensibles.<\/span><\/li>\n<li class='MsoNormal'><span style='font-family: helvetica&comma; arial&comma; sans-serif;'>Sistemas de telecomunicaciones&comma; mantiene routers&comma; switches y gabinetes en \u00f3ptimas condiciones.<\/span><\/li>\n<li class='MsoNormal'><span style='font-family: helvetica&comma; arial&comma; sans-serif;'>En Equipos industriales previener da\u00f1os por condensaci\u00f3n en entornos de trabajo exigentes.<\/span><\/li>\n<li class='MsoNormal'><span style='font-family: helvetica&comma; arial&comma; sans-serif;'>Sistemas de energ\u00eda renovable&comma; protege inversores y controladores de carga en sistemas solares.<\/span><\/li>\n<li class='MsoNormal'><span style='font-family: helvetica&comma; arial&comma; sans-serif;'>Aplicaciones residenciales y comerciales&comma; ventilaci\u00f3n eficiente para dispositivos el\u00e9ctricos en espacios cerrados.<\/span><\/li>\n<\/ul>\n<\/div>\n<\/div>\n<div class='col-sm-4'>\n<div style='border-left: 5px solid #FD1F22; border-radius: 5px; padding: 5px; box-shadow: 2px 2px 10px #d8d8d8; -webkit-box-shadow: 2px 2px 10px #d8d8d8;'>\n<p><span style='box-sizing: border-box; font-family: helvetica&comma; arial&comma; sans-serif; font-size: 12pt;'><strong style='box-sizing: border-box; color: #595959; text-indent: -18pt;'><span style='box-sizing: border-box; color: #2880b9;'><span lang='ES' style='box-sizing: border-box; line-height: 19.2px;'>Caracterisitcas<\/span><\/span><\/strong><\/span><\/p>\n<ul>\n<li><span style='font-family: helvetica&comma; arial&comma; sans-serif;'>Alimentaci\u00f3n: +12 Vcc (Dos Cables).<\/span><\/li>\n<li><span style='font-family: helvetica&comma; arial&comma; sans-serif;'>Dimensiones: 60 x 60 x 25 mm.<\/span><\/li>\n<li><span style='font-family: helvetica&comma; arial&comma; sans-serif;'>Potencia (Nominal): 1.6 Watt.<\/span><\/li>\n<li><span style='font-family: helvetica&comma; arial&comma; sans-serif;'>Corriente (Nominal): 0.14 A.<\/span><\/li>\n<li><span style='font-family: helvetica&comma; arial&comma; sans-serif;'>Flujo de Aire: 25.0 CFM (0.700m\u00b3\/min).<\/span><\/li>\n<li><span style='font-family: helvetica&comma; arial&comma; sans-serif;'>Velocidad: 4500 RPM.<\/span><\/li>\n<\/ul>\n<\/div>\n<\/div>\n<\/div>\n<p><strong><span style='font-family: helvetica&comma; arial&comma; sans-serif;'> Opci\u00f3n para alimentaci\u00f3n a 110 Vca (no incluida):<\/span><\/strong><\/p>\n<ul>\n<li><span style='font-family: helvetica&comma; arial&comma; sans-serif;'>1 x <\/span><a class='text-body' style='box-sizing: border-box; text-decoration-line: none; --bs-text-opacity: 1; font-family: Satoshi-Variable&comma; sans-serif; font-size: 15px; font-weight: 600; background-color: #ffffff;' href='https:\/\/www.syscom.mx\/principal\/searchcont?route=PL-DC-1000-EPCOM-POWERLINE-67201&#038;autodetect=PLDC1000'>PL-DC-1000<\/a><\/li>\n<li><span style='font-family: helvetica&comma; arial&comma; sans-serif;'>1 x <span style='font-size: 12pt;'><a style='box-sizing: border-box; background-color: #ffffff; color: #005cb9; text-decoration-line: none; font-weight: 600;' href='https:\/\/www.syscom.mx\/principal\/searchcont?route=JR-53-EPCOM-POWERLINE-38013&#038;autodetect=adaptador_Vcc'>JR-53<\/a><\/span><\/span><\/li>\n<\/ul>\n<p><img src='https:\/\/ftp3.syscom.mx\/usuarios\/fotos\/PSTE02001\/235025-espvenok.jpg' alt='' width='750' height='404' class='fr-fic fr-dib'><\/p><\/p>\n","protected":false},"excerpt":{"rendered":"<p>Ventilador Axial Anticondensante 12 Vcc, de  60 x 60 x 25 mm.<\/p>\n","protected":false},"featured_media":97605,"comment_status":"open","ping_status":"closed","template":"","meta":[],"product_brand":[],"product_cat":[1307],"product_tag":[417,1308,248],"class_list":{"0":"post-97606","1":"product","2":"type-product","3":"status-publish","4":"has-post-thumbnail","6":"product_cat-gabinetes-de-acero-para-dvr-y-nvr","7":"product_tag-accesorios-generales","8":"product_tag-gabinetes-de-acero-para-dvr-y-nvr","9":"product_tag-precision","11":"first","12":"outofstock","13":"sale","14":"shipping-taxable","15":"purchasable","16":"product-type-simple"},"_links":{"self":[{"href":"https:\/\/soydeaqui.ddns.net\/pachuca\/index.php\/wp-json\/wp\/v2\/product\/97606","targetHints":{"allow":["GET"]}}],"collection":[{"href":"https:\/\/soydeaqui.ddns.net\/pachuca\/index.php\/wp-json\/wp\/v2\/product"}],"about":[{"href":"https:\/\/soydeaqui.ddns.net\/pachuca\/index.php\/wp-json\/wp\/v2\/types\/product"}],"replies":[{"embeddable":true,"href":"https:\/\/soydeaqui.ddns.net\/pachuca\/index.php\/wp-json\/wp\/v2\/comments?post=97606"}],"wp:featuredmedia":[{"embeddable":true,"href":"https:\/\/soydeaqui.ddns.net\/pachuca\/index.php\/wp-json\/wp\/v2\/media\/97605"}],"wp:attachment":[{"href":"https:\/\/soydeaqui.ddns.net\/pachuca\/index.php\/wp-json\/wp\/v2\/media?parent=97606"}],"wp:term":[{"taxonomy":"product_brand","embeddable":true,"href":"https:\/\/soydeaqui.ddns.net\/pachuca\/index.php\/wp-json\/wp\/v2\/product_brand?post=97606"},{"taxonomy":"product_cat","embeddable":true,"href":"https:\/\/soydeaqui.ddns.net\/pachuca\/index.php\/wp-json\/wp\/v2\/product_cat?post=97606"},{"taxonomy":"product_tag","embeddable":true,"href":"https:\/\/soydeaqui.ddns.net\/pachuca\/index.php\/wp-json\/wp\/v2\/product_tag?post=97606"}],"curies":[{"name":"wp","href":"https:\/\/api.w.org\/{rel}","templated":true}]}}