{"id":97602,"date":"2026-03-20T09:03:50","date_gmt":"2026-03-20T09:03:50","guid":{"rendered":"https:\/\/soydeaqui.ddns.net\/pachuca\/index.php\/producto\/microfono-omnidireccional-para-uso-en-captura-de-conversaciones-con-distancia-de-recepcion-de-10-100-m-cuadrados\/"},"modified":"2026-03-20T09:03:57","modified_gmt":"2026-03-20T09:03:57","slug":"microfono-omnidireccional-para-uso-en-captura-de-conversaciones-con-distancia-de-recepcion-de-10-100-m-cuadrados","status":"publish","type":"product","link":"https:\/\/soydeaqui.ddns.net\/pachuca\/index.php\/producto\/microfono-omnidireccional-para-uso-en-captura-de-conversaciones-con-distancia-de-recepcion-de-10-100-m-cuadrados\/","title":{"rendered":"Micr\u00f3fono omnidireccional para uso en &#8221; CAPTURA DE CONVERSACIONES &#8221; ,  con distancia de recepci\u00f3n de 10-100 m cuadrados"},"content":{"rendered":"<div style='width: 100%; max-width: 1200px; margin: 0 auto; font-family: sans-serif; line-height: 1.6; color: inherit; background-color: transparent;'>\n<div style='display: flex; flex-wrap: wrap; gap: 30px; margin-bottom: 30px;'>\n<div style='flex: 1 1 300px; min-width: 280px;'>\n<h3 style='font-size: 22px; border-bottom: 2px solid currentColor; padding-bottom: 5px; margin-top: 0; color: inherit; opacity: 0.8;'>Presentaci\u00f3n<\/h3>\n<ul style='padding-left: 20px; font-size: 15px; color: inherit;'>\n<li style='margin-bottom: 5px;'>EPCOM TITANIUM presenta su gama de micr\u00f3fonos de alta tecnolog\u00eda de f\u00e1cil interconexi\u00f3n en sistemas de seguridad profesional.<\/li>\n<li style='margin-bottom: 5px;'>Nota: Para obtener la mejor calidad de sonido&comma; se recomienda el uso de cables de audio de alta calidad como el modelo <span style='color: #c0392b;'>PRO-AUDIO.<\/span><\/li>\n<\/ul><\/div>\n<\/p><\/div>\n<div style='display: flex; flex-wrap: wrap; gap: 20px; margin-bottom: 30px;'>\n<div style='flex: 1 1 250px; border: 1px solid rgba(150&comma; 150&comma; 150&comma; 0.4); border-radius: 8px; overflow: hidden; display: flex; flex-direction: column;'>\n<div style='padding: 15px; border-bottom: 1px solid rgba(150&comma; 150&comma; 150&comma; 0.2); font-weight: bold; font-size: 18px; color: inherit;'>\u00c1reas de Aplicaci\u00f3n<\/div>\n<div style='padding: 15px; color: inherit;'>\n<ul style='padding-left: 20px; margin: 0; font-size: 14px; list-style-type: disc;'>\n<li style='margin-bottom: 5px;'>Juicios orales<\/li>\n<li style='margin-bottom: 5px;'>Educaci\u00f3n<\/li>\n<li style='margin-bottom: 5px;'>Bancos<\/li>\n<li style='margin-bottom: 5px;'>Transporte<\/li>\n<li style='margin-bottom: 5px;'>Conferencias<\/li>\n<li style='margin-bottom: 5px;'>Casas de cambio<\/li>\n<li style='margin-bottom: 5px;'>Cl\u00ednicas de salud<\/li>\n<\/ul><\/div>\n<\/p><\/div>\n<div style='flex: 1 1 250px; border: 1px solid rgba(150&comma; 150&comma; 150&comma; 0.4); border-radius: 8px; overflow: hidden; display: flex; flex-direction: column;'>\n<div style='padding: 15px; border-bottom: 1px solid rgba(150&comma; 150&comma; 150&comma; 0.2); font-weight: bold; font-size: 18px; color: inherit;'>Caracter\u00edsticas Generales<\/div>\n<div style='padding: 15px; color: inherit;'>\n<ul style='padding-left: 20px; margin: 0; font-size: 14px; list-style-type: disc;'>\n<li style='margin-bottom: 5px;'><strong>Area de cobertura:<\/strong> 10 &#8211; 100 m\u00b2<\/li>\n<li style='margin-bottom: 5px;'><strong>Sensibilidad:<\/strong> -38db<\/li>\n<li style='margin-bottom: 5px;'><strong>Relaci\u00f3n se\u00f1al\/ruido:<\/strong> 70db<\/li>\n<li style='margin-bottom: 5px;'><strong>Presi\u00f3n sonora m\u00e1xima:<\/strong> 120dB SPL<\/li>\n<li style='margin-bottom: 5px;'><strong>Estabilidad de voltaje<\/strong> DC 12V<\/li>\n<li style='margin-bottom: 5px;'><strong>Tama\u00f1o:<\/strong> \u03c6 95mm\u00d730mm<\/li>\n<\/ul><\/div>\n<\/p><\/div>\n<\/p><\/div>\n<div style='margin-bottom: 30px;'> <img style='width: 100%; height: auto; border: 1px solid rgba(150&comma;150&comma;150&comma;0.3); border-radius: 8px;' src='https:\/\/ftp3.syscom.mx\/usuarios\/fotos\/MIC210\/93205-mic210_(gif_).gif' alt=''> <\/div>\n<div style='position: relative; padding-bottom: 56.25%; height: 0; overflow: hidden; margin-bottom: 30px;'>   <\/div>\n<hr style='border: 0; border-top: 1px solid rgba(150&comma; 150&comma; 150&comma; 0.3); margin: 30px 0;'> <\/div>\n","protected":false},"excerpt":{"rendered":"<p>Micr\u00f3fono omnidireccional para uso en &#8221; CAPTURA DE CONVERSACIONES &#8221; ,  con distancia de recepci\u00f3n de 10-100 m cuadrados<\/p>\n","protected":false},"featured_media":97601,"comment_status":"open","ping_status":"closed","template":"","meta":[],"product_brand":[],"product_cat":[2301],"product_tag":[417,507,2302],"class_list":{"0":"post-97602","1":"product","2":"type-product","3":"status-publish","4":"has-post-thumbnail","6":"product_cat-microfonos","7":"product_tag-accesorios-generales","8":"product_tag-epcom-titanium","9":"product_tag-microfonos","11":"first","12":"instock","13":"sale","14":"shipping-taxable","15":"purchasable","16":"product-type-simple"},"_links":{"self":[{"href":"https:\/\/soydeaqui.ddns.net\/pachuca\/index.php\/wp-json\/wp\/v2\/product\/97602","targetHints":{"allow":["GET"]}}],"collection":[{"href":"https:\/\/soydeaqui.ddns.net\/pachuca\/index.php\/wp-json\/wp\/v2\/product"}],"about":[{"href":"https:\/\/soydeaqui.ddns.net\/pachuca\/index.php\/wp-json\/wp\/v2\/types\/product"}],"replies":[{"embeddable":true,"href":"https:\/\/soydeaqui.ddns.net\/pachuca\/index.php\/wp-json\/wp\/v2\/comments?post=97602"}],"wp:featuredmedia":[{"embeddable":true,"href":"https:\/\/soydeaqui.ddns.net\/pachuca\/index.php\/wp-json\/wp\/v2\/media\/97601"}],"wp:attachment":[{"href":"https:\/\/soydeaqui.ddns.net\/pachuca\/index.php\/wp-json\/wp\/v2\/media?parent=97602"}],"wp:term":[{"taxonomy":"product_brand","embeddable":true,"href":"https:\/\/soydeaqui.ddns.net\/pachuca\/index.php\/wp-json\/wp\/v2\/product_brand?post=97602"},{"taxonomy":"product_cat","embeddable":true,"href":"https:\/\/soydeaqui.ddns.net\/pachuca\/index.php\/wp-json\/wp\/v2\/product_cat?post=97602"},{"taxonomy":"product_tag","embeddable":true,"href":"https:\/\/soydeaqui.ddns.net\/pachuca\/index.php\/wp-json\/wp\/v2\/product_tag?post=97602"}],"curies":[{"name":"wp","href":"https:\/\/api.w.org\/{rel}","templated":true}]}}