{"id":97597,"date":"2026-03-20T09:03:37","date_gmt":"2026-03-20T09:03:37","guid":{"rendered":"https:\/\/soydeaqui.ddns.net\/pachuca\/index.php\/producto\/camara-unifi-g5-ptz-resolucion-2k-4mpx-control-de-giro-e-inclinacion-zoom-optico-2x-vision-noctura-ir-20-mts-apta-para-exterior-poe\/"},"modified":"2026-03-20T09:03:47","modified_gmt":"2026-03-20T09:03:47","slug":"camara-unifi-g5-ptz-resolucion-2k-4mpx-control-de-giro-e-inclinacion-zoom-optico-2x-vision-noctura-ir-20-mts-apta-para-exterior-poe","status":"publish","type":"product","link":"https:\/\/soydeaqui.ddns.net\/pachuca\/index.php\/producto\/camara-unifi-g5-ptz-resolucion-2k-4mpx-control-de-giro-e-inclinacion-zoom-optico-2x-vision-noctura-ir-20-mts-apta-para-exterior-poe\/","title":{"rendered":"Camara UniFi G5 PTZ resoluci\u00f3n 2K (4MPX) control de giro e inclinaci\u00f3n, zoom \u00f3ptico 2X, visi\u00f3n noctura IR 20 mts, apta para exterior, POE+"},"content":{"rendered":"<div style='width: 100%; max-width: 1200px; margin: 0 auto; font-family: sans-serif; line-height: 1.6; color: inherit; background-color: transparent;'>\n<div style='display: flex; flex-wrap: wrap; gap: 30px; margin-bottom: 30px;'>\n<div style='flex: 1 1 300px; min-width: 280px;'>\n<h3 style='font-size: 22px; border-bottom: 2px solid currentColor; padding-bottom: 5px; margin-top: 0; color: inherit; opacity: 0.8;'>Caracter\u00edsticas<\/h3>\n<ul style='padding-left: 20px; font-size: 15px; color: inherit;'>\n<li style='margin-bottom: 5px;'>C\u00e1mara compacta para todo tipo de clima<\/li>\n<li style='margin-bottom: 5px;'>Control de movimiento horizontal&comma; vertical y zoom de latencia ultrabaja<\/li>\n<li style='margin-bottom: 5px;'>Opciones de montaje vers\u00e1tiles<\/li>\n<li style='margin-bottom: 5px;'>Se requiere un UniFi OS Console con la aplicaci\u00f3n UniFi Protect para administrar y grabar las c\u00e1maras<\/li>\n<\/ul><\/div>\n<div style='flex: 1 1 300px; min-width: 280px;'>\n<h3 style='font-size: 22px; border-bottom: 2px solid currentColor; padding-bottom: 5px; margin-top: 0; color: inherit; opacity: 0.8;'>Caracter\u00edsticas t\u00e9cnicas<\/h3>\n<ul style='padding-left: 20px; font-size: 15px; color: inherit;'>\n<li style='margin-bottom: 5px;'><strong>Resoluci\u00f3n:<\/strong> 2K (4MP)<\/li>\n<li style='margin-bottom: 5px;'><strong>Zoom \u00f3ptico:<\/strong> 2x<\/li>\n<li style='margin-bottom: 5px;'><strong>Visi\u00f3n nocturna IR:<\/strong> 20 m (65 pies)<\/li>\n<li style='margin-bottom: 5px;'><strong>Alimentaci\u00f3n:<\/strong> PoE+ 802.3at<\/li>\n<li style='margin-bottom: 5px;'><strong>Resistente a la intemperie:<\/strong> IP66<\/li>\n<\/ul><\/div>\n<\/p><\/div>\n<div style='display: flex; flex-wrap: wrap; gap: 20px; margin-bottom: 30px;'>\n<div style='flex: 1 1 250px; border: 1px solid rgba(150&comma; 150&comma; 150&comma; 0.4); border-radius: 8px; overflow: hidden; display: flex; flex-direction: column;'>\n<div style='padding: 15px; border-bottom: 1px solid rgba(150&comma; 150&comma; 150&comma; 0.2); font-weight: bold; font-size: 18px; color: inherit;'>Mec\u00e1nico<\/div>\n<div style='padding: 15px; color: inherit;'>\n<ul style='padding-left: 20px; margin: 0; font-size: 14px; list-style-type: disc;'>\n<li style='margin-bottom: 5px;'><strong>Dimensiones:<\/strong> Sin soporte: \u00d890 x 152&comma;5 mm (\u00d83&comma;5 x 6&#8242;) \/ Con soporte: 90 x 94 x 179&comma;5 mm (3&comma;5 x 3&comma;7 x 7&#8242;)<\/li>\n<li style='margin-bottom: 5px;'><strong>Peso:<\/strong> Sin soporte: 580 g (1&comma;3 lb) \/ Con soporte: 650 g (1&comma;4 lb)<\/li>\n<li style='margin-bottom: 5px;'><strong>Material:<\/strong> Aleaci\u00f3n de aluminio&comma; policarbonato<\/li>\n<li style='margin-bottom: 5px;'><strong>Impermeabilizaci\u00f3n:<\/strong> IP66<\/li>\n<li style='margin-bottom: 5px;'><strong>Resistencia:<\/strong> IK04<\/li>\n<\/ul><\/div>\n<\/p><\/div>\n<div style='flex: 1 1 250px; border: 1px solid rgba(150&comma; 150&comma; 150&comma; 0.4); border-radius: 8px; overflow: hidden; display: flex; flex-direction: column;'>\n<div style='padding: 15px; border-bottom: 1px solid rgba(150&comma; 150&comma; 150&comma; 0.2); font-weight: bold; font-size: 18px; color: inherit;'>\u00d3ptica<\/div>\n<div style='padding: 15px; color: inherit;'>\n<ul style='padding-left: 20px; margin: 0; font-size: 14px; list-style-type: disc;'>\n<li style='margin-bottom: 5px;'><strong>Sensor:<\/strong> CMOS de 5 MP y 1\/2&comma;7&#8242;<\/li>\n<li style='margin-bottom: 5px;'><strong>Lente:<\/strong> Di\u00e1metro exterior: 3&comma;42\u20136&comma;85 mm; \u0192\/1&comma;85\u2013\u0192\/2&comma;4<\/li>\n<li style='margin-bottom: 5px;'><strong>\u00c1ngulo de visi\u00f3n:<\/strong> 16:9 Ancho: H: 99&comma;7\u00b0&comma; V: 51&comma;9\u00b0&comma; D: 121\u00b0 \/ 16:9 Tele: H: 45&comma;5\u00b0&comma; V: 25&comma;4\u00b0&comma; D: 52&comma;4\u00b0<\/li>\n<li style='margin-bottom: 5px;'><strong>Modo nocturno:<\/strong> Iluminaci\u00f3n LED blanca e infrarroja con filtro de corte<\/li>\n<li style='margin-bottom: 5px;'><strong>Distancia IR:<\/strong> 20 m (65 pies)<\/li>\n<\/ul><\/div>\n<\/p><\/div>\n<div style='flex: 1 1 250px; border: 1px solid rgba(150&comma; 150&comma; 150&comma; 0.4); border-radius: 8px; overflow: hidden; display: flex; flex-direction: column;'>\n<div style='padding: 15px; border-bottom: 1px solid rgba(150&comma; 150&comma; 150&comma; 0.2); font-weight: bold; font-size: 18px; color: inherit;'>Video<\/div>\n<div style='padding: 15px; color: inherit;'>\n<ul style='padding-left: 20px; margin: 0; font-size: 14px; list-style-type: disc;'>\n<li style='margin-bottom: 5px;'><strong>Resoluci\u00f3n:<\/strong> 4 MP 2688 x 1512 (16:9)<\/li>\n<li style='margin-bottom: 5px;'><strong>Velocidad m\u00e1xima de cuadros:<\/strong> 30 FPS<\/li>\n<\/ul><\/div>\n<\/p><\/div>\n<div style='flex: 1 1 250px; border: 1px solid rgba(150&comma; 150&comma; 150&comma; 0.4); border-radius: 8px; overflow: hidden; display: flex; flex-direction: column;'>\n<div style='padding: 15px; border-bottom: 1px solid rgba(150&comma; 150&comma; 150&comma; 0.2); font-weight: bold; font-size: 18px; color: inherit;'>Sistema<\/div>\n<div style='padding: 15px; color: inherit;'>\n<ul style='padding-left: 20px; margin: 0; font-size: 14px; list-style-type: disc;'>\n<li style='margin-bottom: 5px;'><strong>Interfaz de red:<\/strong> Puerto RJ45 10\/100 MbE<\/li>\n<li style='margin-bottom: 5px;'><strong>Consumo m\u00e1ximo:<\/strong> 14 W<\/li>\n<li style='margin-bottom: 5px;'><strong>Temperatura de funcionamiento:<\/strong> -30 a 45\u00ba C (-22 a 113\u00ba F)<\/li>\n<li style='margin-bottom: 5px;'><strong>Humedad de funcionamiento:<\/strong> 0 a 90% sin condensaci\u00f3n<\/li>\n<\/ul><\/div>\n<\/p><\/div>\n<div style='flex: 1 1 250px; border: 1px solid rgba(150&comma; 150&comma; 150&comma; 0.4); border-radius: 8px; overflow: hidden; display: flex; flex-direction: column;'>\n<div style='padding: 15px; border-bottom: 1px solid rgba(150&comma; 150&comma; 150&comma; 0.2); font-weight: bold; font-size: 18px; color: inherit;'>Audio<\/div>\n<div style='padding: 15px; color: inherit;'>\n<ul style='padding-left: 20px; margin: 0; font-size: 14px; list-style-type: disc;'>\n<li style='margin-bottom: 5px;'><strong>Micr\u00f3fono:<\/strong> S\u00ed (se puede desactivar)<\/li>\n<\/ul><\/div>\n<\/p><\/div>\n<div style='flex: 1 1 250px; border: 1px solid rgba(150&comma; 150&comma; 150&comma; 0.4); border-radius: 8px; overflow: hidden; display: flex; flex-direction: column;'>\n<div style='padding: 15px; border-bottom: 1px solid rgba(150&comma; 150&comma; 150&comma; 0.2); font-weight: bold; font-size: 18px; color: inherit;'>Software<\/div>\n<div style='padding: 15px; color: inherit;'>\n<ul style='padding-left: 20px; margin: 0; font-size: 14px; list-style-type: disc;'>\n<li style='margin-bottom: 5px;'><strong>Aplicaci\u00f3n web:<\/strong> UniFi Protect<\/li>\n<li style='margin-bottom: 5px;'><strong>Aplicaci\u00f3n m\u00f3vil:<\/strong> UniFi Protect iOS y Android<\/li>\n<\/ul><\/div>\n<\/p><\/div>\n<\/p><\/div>\n<div style='display: flex; flex-wrap: wrap; gap: 30px; margin-bottom: 30px;'>\n<div style='flex: 1 1 300px; min-width: 280px;'>\n<h3 style='font-size: 22px; border-bottom: 2px solid currentColor; padding-bottom: 5px; margin-top: 0; color: inherit; opacity: 0.8;'>Caracter\u00edsticas detalladas<\/h3>\n<ul style='padding-left: 20px; font-size: 15px; color: inherit;'>\n<li style='margin-bottom: 5px;'><img style='width: 20px; vertical-align: middle; margin-right: 8px; border: 1px solid rgba(150&comma;150&comma;150&comma;0.3); border-radius: 4px;' src='https:\/\/assets.ecomm.ui.com\/static\/key-features\/lens.svg' alt='Resoluci\u00f3n'>Resoluci\u00f3n de video 2K (4MP)<\/li>\n<li style='margin-bottom: 5px;'><img style='width: 20px; vertical-align: middle; margin-right: 8px; border: 1px solid rgba(150&comma;150&comma;150&comma;0.3); border-radius: 4px;' src='https:\/\/assets.ecomm.ui.com\/static\/key-features\/zoom.svg' alt='Zoom'>Zoom \u00f3ptico 2x<\/li>\n<li style='margin-bottom: 5px;'><img style='width: 20px; vertical-align: middle; margin-right: 8px; border: 1px solid rgba(150&comma;150&comma;150&comma;0.3); border-radius: 4px;' src='https:\/\/assets.ecomm.ui.com\/static\/key-features\/night.svg' alt='Visi\u00f3n nocturna'>Visi\u00f3n nocturna por infrarrojos de 20 m (65 pies)<\/li>\n<li style='margin-bottom: 5px;'><img style='width: 20px; vertical-align: middle; margin-right: 8px; border: 1px solid rgba(150&comma;150&comma;150&comma;0.3); border-radius: 4px;' src='https:\/\/assets.ecomm.ui.com\/static\/key-features\/range.svg' alt='Detecci\u00f3n'>Detecci\u00f3n de eventos mediante IA y seguimiento autom\u00e1tico<\/li>\n<li style='margin-bottom: 5px;'><img style='width: 20px; vertical-align: middle; margin-right: 8px; border: 1px solid rgba(150&comma;150&comma;150&comma;0.3); border-radius: 4px;' src='https:\/\/assets.ecomm.ui.com\/static\/key-features\/microphone.svg' alt='Audio'>Grabe audio con un micr\u00f3fono integrado<\/li>\n<li style='margin-bottom: 5px;'><img style='width: 20px; vertical-align: middle; margin-right: 8px; border: 1px solid rgba(150&comma;150&comma;150&comma;0.3); border-radius: 4px;' src='https:\/\/assets.ecomm.ui.com\/static\/key-features\/led.svg' alt='LED'>Foco LED integrado para visi\u00f3n nocturna en color<\/li>\n<li style='margin-bottom: 5px;'><img style='width: 20px; vertical-align: middle; margin-right: 8px; border: 1px solid rgba(150&comma;150&comma;150&comma;0.3); border-radius: 4px;' src='https:\/\/assets.ecomm.ui.com\/static\/key-features\/poe_plus.svg' alt='PoE+'>Conectar y alimentar mediante PoE+ (NO incluye inyector PoE+&comma; recomendado <a style='color: #3598db;' href='https:\/\/www.syscom.mx\/producto\/U-POE+-UBIQUITI-INC.-237732.html' target='_blank' rel='noopener'>U-POE+<\/a>)<\/li>\n<li style='margin-bottom: 5px;'><img style='width: 20px; vertical-align: middle; margin-right: 8px; border: 1px solid rgba(150&comma;150&comma;150&comma;0.3); border-radius: 4px;' src='https:\/\/assets.ecomm.ui.com\/static\/key-features\/waterdrop.svg' alt='Resistente'>Resistente a la intemperie (expuesto al exterior)<\/li>\n<\/ul><\/div>\n<\/p><\/div>\n<div style='display: flex; flex-wrap: wrap; gap: 30px; margin-bottom: 30px;'>\n<div style='flex: 1 1 300px; min-width: 280px;'>\n<h3 style='font-size: 22px; border-bottom: 2px solid currentColor; padding-bottom: 5px; margin-top: 0; color: inherit; opacity: 0.8;'>Contenido del paquete<\/h3>\n<ul style='padding-left: 20px; font-size: 15px; color: inherit;'>\n<li style='margin-bottom: 5px;'>C\u00e1mara UniFi G5 PTZ<\/li>\n<li style='margin-bottom: 5px;'>Soporte de montaje<\/li>\n<li style='margin-bottom: 5px;'>Tornillos<\/li>\n<li style='margin-bottom: 5px;'>Gu\u00eda de instalaci\u00f3n<\/li>\n<\/ul><\/div>\n<\/p><\/div>\n<div style='display: flex; flex-wrap: wrap; gap: 30px; margin-bottom: 30px;'>\n<div style='flex: 1 1 300px; min-width: 280px;'>\n<h3 style='font-size: 22px; border-bottom: 2px solid currentColor; padding-bottom: 5px; margin-top: 0; color: inherit; opacity: 0.8;'>Im\u00e1genes<\/h3>\n<div style='margin-bottom: 15px;'> <img style='width: 100%; height: auto; border: 1px solid rgba(150&comma;150&comma;150&comma;0.3); border-radius: 8px;' src='https:\/\/images.svc.ui.com\/?u=https%3A%2F%2Fcdn.ecomm.ui.com%2Fproducts%2Fe3cbecf3-07dc-4f09-82e1-b88dca942d7a%2Ff8e2e886-e85c-4865-b515-309eea72bdb6.png&#038;q=75&#038;w=2048' alt='Vista frontal de la c\u00e1mara'> <\/div>\n<div style='margin-bottom: 15px;'> <img style='width: 100%; height: auto; border: 1px solid rgba(150&comma;150&comma;150&comma;0.3); border-radius: 8px;' src='https:\/\/images.svc.ui.com\/?u=https%3A%2F%2Fcdn.ecomm.ui.com%2Fproducts%2Fe3cbecf3-07dc-4f09-82e1-b88dca942d7a%2F19f01080-19e3-4995-b654-aca9ecd4d3f5.png&#038;q=75&#038;w=3840' alt='Instalaci\u00f3n en pared'> <\/div>\n<div style='margin-bottom: 15px;'> <img style='width: 100%; height: auto; border: 1px solid rgba(150&comma;150&comma;150&comma;0.3); border-radius: 8px;' src='https:\/\/images.svc.ui.com\/?u=https%3A%2F%2Fcdn.ecomm.ui.com%2Fproducts%2Fe3cbecf3-07dc-4f09-82e1-b88dca942d7a%2F0221f9b5-027b-40aa-9dfb-0953e164d6c5.png&#038;q=75&#038;w=3840' alt='Vista trasera con conexiones'> <\/div>\n<div style='margin-bottom: 15px;'> <img style='width: 100%; height: auto; border: 1px solid rgba(150&comma;150&comma;150&comma;0.3); border-radius: 8px;' src='https:\/\/images.svc.ui.com\/?u=https%3A%2F%2Fcdn.ecomm.ui.com%2Fproducts%2Fe3cbecf3-07dc-4f09-82e1-b88dca942d7a%2Fcc76570c-9814-4ec0-9182-0f8eeb5aed19.png&#038;q=75&#038;w=3840' alt='Detalles del lente'> <\/div>\n<div style='margin-bottom: 15px;'> <img style='width: 100%; height: auto; border: 1px solid rgba(150&comma;150&comma;150&comma;0.3); border-radius: 8px;' src='https:\/\/images.svc.ui.com\/?u=https%3A%2F%2Fcdn.ecomm.ui.com%2Fproducts%2Fe3cbecf3-07dc-4f09-82e1-b88dca942d7a%2F5c1e61de-0aec-46c2-8aa5-ad1c2b525f66.png&#038;q=75&#038;w=1920' alt='Diagrama de visi\u00f3n nocturna'> <\/div>\n<div style='margin-bottom: 15px;'> <img style='width: 100%; height: auto; border: 1px solid rgba(150&comma;150&comma;150&comma;0.3); border-radius: 8px;' src='https:\/\/images.svc.ui.com\/?u=https%3A%2F%2Fcdn.ecomm.ui.com%2Fproducts%2Fe3cbecf3-07dc-4f09-82e1-b88dca942d7a%2Fb25ad663-c4f8-47f5-b73d-aef99649d82c.png&#038;q=75&#038;w=1920' alt='Detalles del montaje'> <\/div>\n<div style='margin-bottom: 15px;'> <img style='width: 100%; height: auto; border: 1px solid rgba(150&comma;150&comma;150&comma;0.3); border-radius: 8px;' src='https:\/\/images.svc.ui.com\/?u=https%3A%2F%2Fcdn.ecomm.ui.com%2Fproducts%2Fe3cbecf3-07dc-4f09-82e1-b88dca942d7a%2F20608e17-4312-4d63-b7f3-78a1e58e0aab.png&#038;q=75&#038;w=1920' alt='Diagrama de dimensiones'> <\/div>\n<div style='margin-bottom: 15px;'> <img style='width: 100%; height: auto; border: 1px solid rgba(150&comma;150&comma;150&comma;0.3); border-radius: 8px;' src='https:\/\/images.svc.ui.com\/?u=https%3A%2F%2Fcdn.ecomm.ui.com%2Fproducts%2Fe3cbecf3-07dc-4f09-82e1-b88dca942d7a%2F26d78c56-0f57-4f50-891a-2672d13f7ee4.png&#038;q=75&#038;w=1920' alt='Montaje en poste'> <\/div>\n<\/p><\/div>\n<\/p><\/div>\n<div style='display: flex; flex-wrap: wrap; gap: 30px; margin-bottom: 30px;'>\n<div style='flex: 1 1 300px; min-width: 280px;'>\n<h3 style='font-size: 22px; border-bottom: 2px solid currentColor; padding-bottom: 5px; margin-top: 0; color: inherit; opacity: 0.8;'>Video<\/h3>\n<div style='position: relative; padding-bottom: 56.25%; height: 0; overflow: hidden; margin-bottom: 30px;'> <video style='position: absolute; top: 0; left: 0; width: 100%; height: 100%; border: none;' controls><source src='https:\/\/cdn.ecomm.ui.com\/products\/e3cbecf3-07dc-4f09-82e1-b88dca942d7a\/04b7728d-63ca-4685-83f3-fdc7d2825923.mp4' type='video\/mp4'><\/video> <\/div>\n<\/p><\/div>\n<\/p><\/div>\n<hr style='border: 0; border-top: 1px solid rgba(150&comma; 150&comma; 150&comma; 0.3); margin: 30px 0;'>\n<div style='display: flex; flex-wrap: wrap; gap: 30px; margin-bottom: 30px;'>\n<div style='flex: 1 1 300px; min-width: 280px;'>\n<h3 style='font-size: 22px; border-bottom: 2px solid currentColor; padding-bottom: 5px; margin-top: 0; color: inherit; opacity: 0.8;'>Certificaciones<\/h3>\n<ul style='padding-left: 20px; font-size: 15px; color: inherit;'>\n<li style='margin-bottom: 5px;'>FCC<\/li>\n<li style='margin-bottom: 5px;'>IC<\/li>\n<li style='margin-bottom: 5px;'>CE<\/li>\n<\/ul><\/div>\n<\/p><\/div>\n<div style='display: flex; flex-wrap: wrap; gap: 30px; margin-bottom: 30px;'>\n<div style='flex: 1 1 300px; min-width: 280px;'>\n<h3 style='font-size: 22px; border-bottom: 2px solid currentColor; padding-bottom: 5px; margin-top: 0; color: inherit; opacity: 0.8;'>Opciones de montaje<\/h3>\n<ul style='padding-left: 20px; font-size: 15px; color: inherit;'>\n<li style='margin-bottom: 5px;'>Montaje en pared<\/li>\n<li style='margin-bottom: 5px;'>Montaje en poste (incluido)<\/li>\n<li style='margin-bottom: 5px;'>Adaptador de conducto<\/li>\n<li style='margin-bottom: 5px;'>Montaje en superficie<\/li>\n<li style='margin-bottom: 5px;'>Montaje en techo<\/li>\n<li style='margin-bottom: 5px;'>Montaje colgante<\/li>\n<li style='margin-bottom: 5px;'>Montaje en esquina (opcional&comma; se vende por separado)<\/li>\n<\/ul><\/div>\n<\/p><\/div>\n<\/p><\/div>\n","protected":false},"excerpt":{"rendered":"<p>Camara UniFi G5 PTZ resoluci\u00f3n 2K (4MPX) control de giro e inclinaci\u00f3n, zoom \u00f3ptico 2X, visi\u00f3n noctura IR 20 mts, apta para exterior, POE+<\/p>\n","protected":false},"featured_media":97596,"comment_status":"open","ping_status":"closed","template":"","meta":[],"product_brand":[],"product_cat":[1224],"product_tag":[122,1225,166],"class_list":{"0":"post-97597","1":"product","2":"type-product","3":"status-publish","4":"has-post-thumbnail","6":"product_cat-ptz","7":"product_tag-camaras-ip-y-nvrs","8":"product_tag-ptz","9":"product_tag-ubiquiti","11":"first","12":"instock","13":"sale","14":"shipping-taxable","15":"purchasable","16":"product-type-simple"},"_links":{"self":[{"href":"https:\/\/soydeaqui.ddns.net\/pachuca\/index.php\/wp-json\/wp\/v2\/product\/97597","targetHints":{"allow":["GET"]}}],"collection":[{"href":"https:\/\/soydeaqui.ddns.net\/pachuca\/index.php\/wp-json\/wp\/v2\/product"}],"about":[{"href":"https:\/\/soydeaqui.ddns.net\/pachuca\/index.php\/wp-json\/wp\/v2\/types\/product"}],"replies":[{"embeddable":true,"href":"https:\/\/soydeaqui.ddns.net\/pachuca\/index.php\/wp-json\/wp\/v2\/comments?post=97597"}],"wp:featuredmedia":[{"embeddable":true,"href":"https:\/\/soydeaqui.ddns.net\/pachuca\/index.php\/wp-json\/wp\/v2\/media\/97596"}],"wp:attachment":[{"href":"https:\/\/soydeaqui.ddns.net\/pachuca\/index.php\/wp-json\/wp\/v2\/media?parent=97597"}],"wp:term":[{"taxonomy":"product_brand","embeddable":true,"href":"https:\/\/soydeaqui.ddns.net\/pachuca\/index.php\/wp-json\/wp\/v2\/product_brand?post=97597"},{"taxonomy":"product_cat","embeddable":true,"href":"https:\/\/soydeaqui.ddns.net\/pachuca\/index.php\/wp-json\/wp\/v2\/product_cat?post=97597"},{"taxonomy":"product_tag","embeddable":true,"href":"https:\/\/soydeaqui.ddns.net\/pachuca\/index.php\/wp-json\/wp\/v2\/product_tag?post=97597"}],"curies":[{"name":"wp","href":"https:\/\/api.w.org\/{rel}","templated":true}]}}