{"id":97593,"date":"2026-03-20T09:03:25","date_gmt":"2026-03-20T09:03:25","guid":{"rendered":"https:\/\/soydeaqui.ddns.net\/pachuca\/index.php\/producto\/ups-de-650-va-390-w-topologia-standby-con-modo-ahorrador-eco-entrada-120-vca-nema-5-15p-con-8-tomas-nema-5-15r-2\/"},"modified":"2026-03-20T09:03:32","modified_gmt":"2026-03-20T09:03:32","slug":"ups-de-650-va-390-w-topologia-standby-con-modo-ahorrador-eco-entrada-120-vca-nema-5-15p-con-8-tomas-nema-5-15r-2","status":"publish","type":"product","link":"https:\/\/soydeaqui.ddns.net\/pachuca\/index.php\/producto\/ups-de-650-va-390-w-topologia-standby-con-modo-ahorrador-eco-entrada-120-vca-nema-5-15p-con-8-tomas-nema-5-15r-2\/","title":{"rendered":"UPS de 650 VA\/390 W, Topolog\u00eda Standby con Modo Ahorrador ECO, Entrada 120 Vca NEMA 5-15P, Con 8 Tomas NEMA 5-15R"},"content":{"rendered":"<div style='width: 100%; max-width: 1200px; margin: 0 auto; font-family: sans-serif; line-height: 1.6; color: inherit; background-color: transparent;'>\n<div style='display: flex; flex-wrap: wrap; gap: 30px; margin-bottom: 30px;'>\n<div style='flex: 1 1 300px; min-width: 280px;'>\n<h3 style='font-size: 22px; border-bottom: 2px solid currentColor; padding-bottom: 5px; margin-top: 0; color: inherit; opacity: 0.8;'>Caracter\u00edsticas Generales<\/h3>\n<ul style='padding-left: 20px; font-size: 15px; color: inherit;'>\n<li style='margin-bottom: 5px;'><img style='width: 100%; height: auto; border: 1px solid rgba(150&comma;150&comma;150&comma;0.3); border-radius: 8px;' src='https:\/\/ftp3.syscom.mx\/usuarios\/fotos\/logotipos\/cyberpower.png' alt=''><\/li>\n<li style='margin-bottom: 5px;'>Protecci\u00f3n contra apagones&comma; bajas y ca\u00eddas de voltaje&comma; picos y otras anormalidades el\u00e9ctricas<\/li>\n<li style='margin-bottom: 5px;'>Circuito integrado compuesto para protecci\u00f3n avanzada de energ\u00eda<\/li>\n<li style='margin-bottom: 5px;'>Tecnolog\u00eda GreenPower UPS\u2122 para reducir costos de energ\u00eda y cumplir con ENERGY STAR\u00ae<\/li>\n<li style='margin-bottom: 5px;'>Pantalla LCD multifunci\u00f3n para monitoreo del estado operativo y soluci\u00f3n de problemas<\/li>\n<li style='margin-bottom: 5px;'>Tomas ECO con detecci\u00f3n de estado de la computadora para reducir consumo energ\u00e9tico<\/li>\n<li style='margin-bottom: 5px;'>NO compatible con generadores de energ\u00eda (plantas de respaldo)<\/li>\n<\/ul><\/div>\n<div style='flex: 1 1 300px; min-width: 280px;'>\n<h3 style='font-size: 22px; border-bottom: 2px solid currentColor; padding-bottom: 5px; margin-top: 0; color: inherit; opacity: 0.8;'>Caracter\u00edsticas de Ahorro Energ\u00e9tico<\/h3>\n<ul style='padding-left: 20px; font-size: 15px; color: inherit;'>\n<li style='margin-bottom: 5px;'>Tecnolog\u00eda GreenPower UPS\u2122<\/li>\n<li style='margin-bottom: 5px;'>Modo ECO inteligente que apaga dispositivos cuando la computadora est\u00e1 en suspensi\u00f3n<\/li>\n<li style='margin-bottom: 5px;'>Reducci\u00f3n del consumo energ\u00e9tico y ahorro en costos el\u00e9ctricos<\/li>\n<li style='margin-bottom: 5px;'>Cumple con est\u00e1ndares ENERGY STAR\u00ae<\/li>\n<\/ul><\/div>\n<\/p><\/div>\n<div style='display: flex; flex-wrap: wrap; gap: 20px; margin-bottom: 30px;'>\n<div style='flex: 1 1 250px; border: 1px solid rgba(150&comma; 150&comma; 150&comma; 0.4); border-radius: 8px; overflow: hidden; display: flex; flex-direction: column;'>\n<div style='padding: 15px; border-bottom: 1px solid rgba(150&comma; 150&comma; 150&comma; 0.2); font-weight: bold; font-size: 18px; color: inherit;'>Especificaciones T\u00e9cnicas<\/div>\n<div style='padding: 15px; color: inherit;'>\n<ul style='padding-left: 20px; margin: 0; font-size: 14px; list-style-type: disc;'>\n<li style='margin-bottom: 5px;'><strong>Topolog\u00eda:<\/strong> Standby<\/li>\n<li style='margin-bottom: 5px;'><strong>Voltaje de entrada:<\/strong> 96 &#8211; 140VCA<\/li>\n<li style='margin-bottom: 5px;'><strong>Frecuencia de entrada:<\/strong> 47 &#8211; 63Hz<\/li>\n<li style='margin-bottom: 5px;'><strong>Tipo de onda:<\/strong> Sinusoidal Simulada<\/li>\n<li style='margin-bottom: 5px;'><strong>Enchufe de entrada:<\/strong> NEMA 5-15P <img style='width: 40px; height: 40px; vertical-align: middle;' src='https:\/\/www.cyberpower.com\/mx\/es\/File\/GetImageByDocId\/GeneralAttribute-235' alt=''><\/li>\n<li style='margin-bottom: 5px;'><strong>Salida VA:<\/strong> 650<\/li>\n<li style='margin-bottom: 5px;'><strong>Salida Watts:<\/strong> 390<\/li>\n<li style='margin-bottom: 5px;'><strong>Total de tomas:<\/strong> 8 (4 respaldo y 4 supresi\u00f3n con 3 eco controladas)<\/li>\n<li style='margin-bottom: 5px;'><strong>Tomas de salida:<\/strong> NEMA 5-15R <img style='width: 40px; height: 40px; vertical-align: middle;' src='https:\/\/www.cyberpower.com\/mx\/es\/File\/GetImageByDocId\/GeneralAttribute-238' alt=''><\/li>\n<li style='margin-bottom: 5px;'><strong>Tiempo de respaldo (195W):<\/strong> 8 minutos<\/li>\n<li style='margin-bottom: 5px;'><strong>Tiempo de respaldo (390W):<\/strong> 2 minutos<\/li>\n<li style='margin-bottom: 5px;'><strong>Supresi\u00f3n de picos:<\/strong> 526 Joules<\/li>\n<\/ul><\/div>\n<\/p><\/div>\n<div style='flex: 1 1 250px; border: 1px solid rgba(150&comma; 150&comma; 150&comma; 0.4); border-radius: 8px; overflow: hidden; display: flex; flex-direction: column;'>\n<div style='padding: 15px; border-bottom: 1px solid rgba(150&comma; 150&comma; 150&comma; 0.2); font-weight: bold; font-size: 18px; color: inherit;'>Caracter\u00edsticas F\u00edsicas<\/div>\n<div style='padding: 15px; color: inherit;'>\n<ul style='padding-left: 20px; margin: 0; font-size: 14px; list-style-type: disc;'>\n<li style='margin-bottom: 5px;'><strong>Indicadores LED:<\/strong> Encendido&comma; ECO encendido\/apagado<\/li>\n<li style='margin-bottom: 5px;'><strong>Alarmas audibles:<\/strong> En bater\u00eda&comma; bater\u00eda baja&comma; sobrecarga<\/li>\n<li style='margin-bottom: 5px;'><strong>Dimensiones:<\/strong> 269 x 79 x 150 mm (Ancho x Alto x Profundidad)<\/li>\n<li style='margin-bottom: 5px;'><strong>Peso:<\/strong> 2.9 Kg<\/li>\n<\/ul><\/div>\n<\/p><\/div>\n<div style='flex: 1 1 250px; border: 1px solid rgba(150&comma; 150&comma; 150&comma; 0.4); border-radius: 8px; overflow: hidden; display: flex; flex-direction: column;'>\n<div style='padding: 15px; border-bottom: 1px solid rgba(150&comma; 150&comma; 150&comma; 0.2); font-weight: bold; font-size: 18px; color: inherit;'>Certificaciones<\/div>\n<div style='padding: 15px; color: inherit;'>\n<ul style='padding-left: 20px; margin: 0; font-size: 14px; list-style-type: disc;'>\n<li style='margin-bottom: 5px;'>NOM<\/li>\n<li style='margin-bottom: 5px;'>UL1778<\/li>\n<li style='margin-bottom: 5px;'>cUL 107.3<\/li>\n<li style='margin-bottom: 5px;'>FCC DOC Clase B<\/li>\n<\/ul><\/div>\n<\/p><\/div>\n<\/p><\/div>\n<hr style='border: 0; border-top: 1px solid rgba(150&comma; 150&comma; 150&comma; 0.3); margin: 30px 0;'>\n<div style='display: flex; flex-wrap: wrap; gap: 30px; margin-bottom: 30px;'>\n<div style='flex: 1 1 300px; min-width: 280px;'>\n<h3 style='font-size: 22px; border-bottom: 2px solid currentColor; padding-bottom: 5px; margin-top: 0; color: inherit; opacity: 0.8;'>Incluye<\/h3>\n<ul style='padding-left: 20px; font-size: 15px; color: inherit;'>\n<li style='margin-bottom: 5px;'>Bater\u00eda interna<\/li>\n<\/ul><\/div>\n<\/p><\/div>\n<\/p><\/div>\n","protected":false},"excerpt":{"rendered":"<p>UPS de 650 VA\/390 W, Topolog\u00eda Standby con Modo Ahorrador ECO, Entrada 120 Vca NEMA 5-15P, Con 8 Tomas NEMA 5-15R<\/p>\n","protected":false},"featured_media":97592,"comment_status":"open","ping_status":"closed","template":"","meta":[],"product_brand":[],"product_cat":[1222],"product_tag":[677,62,1062],"class_list":{"0":"post-97593","1":"product","2":"type-product","3":"status-publish","4":"has-post-thumbnail","6":"product_cat-todos-ups-respaldo","7":"product_tag-cyberpower","8":"product_tag-todos","9":"product_tag-ups-respaldo","11":"first","12":"instock","13":"sale","14":"shipping-taxable","15":"purchasable","16":"product-type-simple"},"_links":{"self":[{"href":"https:\/\/soydeaqui.ddns.net\/pachuca\/index.php\/wp-json\/wp\/v2\/product\/97593","targetHints":{"allow":["GET"]}}],"collection":[{"href":"https:\/\/soydeaqui.ddns.net\/pachuca\/index.php\/wp-json\/wp\/v2\/product"}],"about":[{"href":"https:\/\/soydeaqui.ddns.net\/pachuca\/index.php\/wp-json\/wp\/v2\/types\/product"}],"replies":[{"embeddable":true,"href":"https:\/\/soydeaqui.ddns.net\/pachuca\/index.php\/wp-json\/wp\/v2\/comments?post=97593"}],"wp:featuredmedia":[{"embeddable":true,"href":"https:\/\/soydeaqui.ddns.net\/pachuca\/index.php\/wp-json\/wp\/v2\/media\/97592"}],"wp:attachment":[{"href":"https:\/\/soydeaqui.ddns.net\/pachuca\/index.php\/wp-json\/wp\/v2\/media?parent=97593"}],"wp:term":[{"taxonomy":"product_brand","embeddable":true,"href":"https:\/\/soydeaqui.ddns.net\/pachuca\/index.php\/wp-json\/wp\/v2\/product_brand?post=97593"},{"taxonomy":"product_cat","embeddable":true,"href":"https:\/\/soydeaqui.ddns.net\/pachuca\/index.php\/wp-json\/wp\/v2\/product_cat?post=97593"},{"taxonomy":"product_tag","embeddable":true,"href":"https:\/\/soydeaqui.ddns.net\/pachuca\/index.php\/wp-json\/wp\/v2\/product_tag?post=97593"}],"curies":[{"name":"wp","href":"https:\/\/api.w.org\/{rel}","templated":true}]}}