{"id":97585,"date":"2026-03-20T09:03:01","date_gmt":"2026-03-20T09:03:01","guid":{"rendered":"https:\/\/soydeaqui.ddns.net\/pachuca\/index.php\/producto\/switch-gigabit-administrable-24-puertos-sfp-ge-8-puertos-rj45-ge-4-puertos-sfp-de-10g-configuracion-nube-hik-partnerpro-soporta-igmp\/"},"modified":"2026-03-20T09:03:03","modified_gmt":"2026-03-20T09:03:03","slug":"switch-gigabit-administrable-24-puertos-sfp-ge-8-puertos-rj45-ge-4-puertos-sfp-de-10g-configuracion-nube-hik-partnerpro-soporta-igmp","status":"publish","type":"product","link":"https:\/\/soydeaqui.ddns.net\/pachuca\/index.php\/producto\/switch-gigabit-administrable-24-puertos-sfp-ge-8-puertos-rj45-ge-4-puertos-sfp-de-10g-configuracion-nube-hik-partnerpro-soporta-igmp\/","title":{"rendered":"Switch Gigabit  \/ Administrable \/ 24 Puertos SFP GE \/ 8 Puertos RJ45 GE \/ 4 Puertos SFP de 10G \/ Configuraci\u00f3n Nube Hik-PartnerPro \/ Soporta IGMP"},"content":{"rendered":"<div style='width: 100%; max-width: 1200px; margin: 0 auto; font-family: sans-serif; line-height: 1.6; color: inherit; background-color: transparent;'>\n<p style='text-align: center;'><img style='width: 100%; max-width: 45%; height: auto; border: 1px solid rgba(150&comma;150&comma;150&comma;0.3); border-radius: 8px;' src='https:\/\/ftp3.syscom.mx\/usuarios\/jsosa\/HIKVISION\/imagenes\/logo\/hikvision%20see%20far.png' alt='Logo Hikvision'><\/p>\n<div style='position: relative; padding-bottom: 56.25%; height: 0; overflow: hidden; margin-bottom: 30px;'>   <\/div>\n<div style='display: flex; flex-wrap: wrap; gap: 20px; margin-bottom: 30px;'>\n<div style='flex: 1 1 300px; min-width: 280px;'>\n<h4 style='text-align: center; font-size: 18px; border-bottom: 2px solid currentColor; padding-bottom: 5px; margin-top: 0; color: inherit; opacity: 0.8;'>\u00bfQu\u00e9 es Hik-Partner Pro?<\/h4>\n<div style='position: relative; padding-bottom: 56.25%; height: 0; overflow: hidden;'>   <\/div>\n<\/p><\/div>\n<div style='flex: 1 1 300px; min-width: 280px;'>\n<h4 style='text-align: center; font-size: 18px; border-bottom: 2px solid currentColor; padding-bottom: 5px; margin-top: 0; color: inherit; opacity: 0.8;'>Activa tus Equipos en 3 Pasos<\/h4>\n<div style='position: relative; padding-bottom: 56.25%; height: 0; overflow: hidden;'>   <\/div>\n<\/p><\/div>\n<div style='flex: 1 1 300px; min-width: 280px;'>\n<h4 style='text-align: center; font-size: 18px; border-bottom: 2px solid currentColor; padding-bottom: 5px; margin-top: 0; color: inherit; opacity: 0.8;'>\u00a1Vincula tus dispositivos!<\/h4>\n<div style='position: relative; padding-bottom: 56.25%; height: 0; overflow: hidden;'>   <\/div>\n<\/p><\/div>\n<\/p><\/div>\n<h1 style='text-align: center; font-size: 24px; color: inherit; margin: 30px 0 15px; padding: 0; border-bottom: 2px solid currentColor; padding-bottom: 10px;'>Especificaciones<\/h1>\n<div style='display: flex; flex-wrap: wrap; gap: 20px; margin-bottom: 30px;'>\n<div style='flex: 1 1 400px; border: 1px solid rgba(150&comma; 150&comma; 150&comma; 0.4); border-radius: 8px; overflow: hidden; display: flex; flex-direction: column;'>\n<div style='padding: 15px; background-color: #df001e; color: white; font-weight: bold; font-size: 14px; border-bottom: 1px solid rgba(150&comma; 150&comma; 150&comma; 0.2);'>Caracter\u00edsticas Principales:<\/div>\n<div style='padding: 15px; color: inherit;'>\n<ul style='padding-left: 20px; margin: 0; font-size: 14px; list-style-type: disc;'>\n<li style='margin-bottom: 8px;'><span style='font-family: verdana&comma; geneva&comma; sans-serif;'>Switch de 24 puertos SFP GE (transceptores compatibles <\/span><a style='text-decoration: none; color: inherit; font-weight: bolder;' href='https:\/\/www.syscom.mx\/producto\/HK-SFP-1.25G-20-1310-DF-HIKVISION-191779.html' target='_blank' rel='noopener'>HK-SFP-1.25G-20-1310-DF<\/a><span style='font-family: verdana&comma; geneva&comma; sans-serif;'> \/ <\/span><a style='text-decoration: none; color: inherit; font-weight: bolder;' href='https:\/\/www.syscom.mx\/producto\/HK-SFP-1.25G-1310-DF-MM-HIKVISION-170393.html' target='_blank' rel='noopener'>HK-SFP-1.25G-1310-DF-MM<\/a><span style='font-family: verdana&comma; geneva&comma; sans-serif;'>).<\/span><\/li>\n<li style='margin-bottom: 8px;'><span style='font-family: verdana&comma; geneva&comma; sans-serif;'>8 Puertos 10 \/ 100 \/ 1000 Mbps<\/span><\/li>\n<li style='margin-bottom: 8px;'><span style='font-family: verdana&comma; geneva&comma; sans-serif;'>4 SFP 10G.<\/span><\/li>\n<li style='margin-bottom: 8px;'><span style='font-family: verdana&comma; geneva&comma; sans-serif;'>Monitoreo y control de datos en puertos importantes.<\/span><\/li>\n<li style='margin-bottom: 8px;'><strong><span style='font-family: verdana&comma; geneva&comma; sans-serif;'>Gestion WEB desde la IP (192.168.1.64).<\/span><\/strong><\/li>\n<li style='margin-bottom: 8px;'><span style='font-family: verdana&comma; geneva&comma; sans-serif;'>Administraci\u00f3n desde <strong>HikPartner Pro.<\/strong><\/span><\/li>\n<li style='margin-bottom: 8px;'><span style='font-weight: bolder; font-family: verdana&comma; geneva&comma; sans-serif;'>Tasa de reenvio de paquetes 160.71 MPPS.<\/span><\/li>\n<li style='margin-bottom: 8px;'><span style='font-weight: bolder; font-family: verdana&comma; geneva&comma; sans-serif;'><strong>Capacidad de Conmutaci\u00f3n: 216 Gbps.<\/strong><\/span><\/li>\n<\/ul><\/div>\n<\/p><\/div>\n<div style='flex: 1 1 400px; border: 1px solid rgba(150&comma; 150&comma; 150&comma; 0.4); border-radius: 8px; overflow: hidden; display: flex; flex-direction: column;'>\n<div style='padding: 15px; background-color: #df001e; color: white; font-weight: bold; font-size: 14px; border-bottom: 1px solid rgba(150&comma; 150&comma; 150&comma; 0.2);'>Caracter\u00edsticas F\u00edsicas y El\u00e9ctricas:<\/div>\n<div style='padding: 15px; color: inherit;'>\n<ul style='padding-left: 20px; margin: 0; font-size: 14px; list-style-type: disc;'>\n<li style='margin-bottom: 8px;'><span style='font-family: verdana&comma; geneva&comma; sans-serif;'>Alimentaci\u00f3n: 100-240 V AC.<\/span><\/li>\n<li style='margin-bottom: 8px;'><span style='font-family: verdana&comma; geneva&comma; sans-serif;'>Maximo consumo de energia: 54 W.<\/span><\/li>\n<li style='margin-bottom: 8px;'><span style='font-family: verdana&comma; geneva&comma; sans-serif;'>Dimensiones: 440.00 mm \u00d7 260.00 mm \u00d7 43.60 mm.<\/span><\/li>\n<li style='margin-bottom: 8px;'><span style='font-family: verdana&comma; geneva&comma; sans-serif;'>Peso: 4.50 Kg.<\/span><\/li>\n<\/ul><\/div>\n<\/p><\/div>\n<\/p><\/div>\n<div style='display: flex; flex-wrap: wrap; gap: 20px; margin-bottom: 30px;'>\n<div style='flex: 1 1 100%; border: 1px solid rgba(150&comma; 150&comma; 150&comma; 0.4); border-radius: 8px; overflow: hidden; display: flex; flex-direction: column;'>\n<div style='padding: 15px; background-color: #df001e; color: white; font-weight: bold; font-size: 14px; border-bottom: 1px solid rgba(150&comma; 150&comma; 150&comma; 0.2);'>Caracter\u00edsticas Avanzadas<\/div>\n<div style='padding: 15px; color: inherit;'>\n<ul style='padding-left: 20px; margin: 0; font-size: 14px; list-style-type: disc;'>\n<li style='margin-bottom: 8px;'><span style='font-weight: bolder; font-family: verdana&comma; geneva&comma; sans-serif;'>Aislado de puertos<\/span><\/li>\n<li style='margin-bottom: 8px;'><span style='font-weight: bolder; font-family: verdana&comma; geneva&comma; sans-serif;'>Link Aggregation<\/span><\/li>\n<li style='margin-bottom: 8px;'><span style='font-weight: bolder; font-family: verdana&comma; geneva&comma; sans-serif;'>STP\/RSTP\/MSTP<\/span><\/li>\n<li style='margin-bottom: 8px;'><span style='font-weight: bolder; font-family: verdana&comma; geneva&comma; sans-serif;'>QoS<\/span><\/li>\n<li style='margin-bottom: 8px;'><span style='font-weight: bolder; font-family: verdana&comma; geneva&comma; sans-serif;'>Static routing<\/span><\/li>\n<li style='margin-bottom: 8px;'><span style='font-weight: bolder; font-family: verdana&comma; geneva&comma; sans-serif;'>RIP\/OSPF<\/span><\/li>\n<li style='margin-bottom: 8px;'><span style='font-weight: bolder; font-family: verdana&comma; geneva&comma; sans-serif;'>Prevenci\u00f3n de loop<\/span><\/li>\n<li style='margin-bottom: 8px;'><span style='font-weight: bolder; font-family: verdana&comma; geneva&comma; sans-serif;'>Storm Control<\/span><\/li>\n<li style='margin-bottom: 8px;'><span style='font-weight: bolder; font-family: verdana&comma; geneva&comma; sans-serif;'>IGMP V1\/V2\/V3 snooping<\/span><\/li>\n<li style='margin-bottom: 8px;'><span style='font-weight: bolder; font-family: verdana&comma; geneva&comma; sans-serif;'>VLAN&#8217;S<\/span><\/li>\n<\/ul><\/div>\n<\/p><\/div>\n<\/p><\/div>\n<div style='display: flex; flex-wrap: wrap; gap: 20px; margin-bottom: 30px;'>\n<div style='flex: 1 1 100%; border: 1px solid rgba(150&comma; 150&comma; 150&comma; 0.4); border-radius: 8px; overflow: hidden; display: flex; flex-direction: column;'>\n<div style='padding: 15px; background-color: #df001e; color: white; font-weight: bold; font-size: 14px; border-bottom: 1px solid rgba(150&comma; 150&comma; 150&comma; 0.2);'>Consideraciones<\/div>\n<div style='padding: 15px; color: inherit;'>\n<ul style='padding-left: 20px; margin: 0; font-size: 14px; list-style-type: disc;'>\n<li style='margin-bottom: 8px;'>Es importante realizar un dise\u00f1o de red l\u00f3gico previo para aprovechar todas sus funciones<\/li>\n<li style='margin-bottom: 8px;'>Soporta <strong style='color: inherit;'>control de acceso por MAC<\/strong>&comma; <strong style='color: inherit;'>ACLs<\/strong> y <strong style='color: inherit;'>protecci\u00f3n contra ataques DoS<\/strong>&comma; lo que refuerza la seguridad de red.<\/li>\n<li style='margin-bottom: 8px;'><span style='color: #e74c3c; font-weight: bolder; font-family: verdana&comma; geneva&comma; sans-serif;'>Montable en rack<\/span><\/li>\n<\/ul><\/div>\n<\/p><\/div>\n<\/p><\/div>\n<\/p><\/div>\n","protected":false},"excerpt":{"rendered":"<p>Switch Gigabit  \/ Administrable \/ 24 Puertos SFP GE \/ 8 Puertos RJ45 GE \/ 4 Puertos SFP de 10G \/ Configuraci\u00f3n Nube Hik-PartnerPro \/ Soporta IGMP<\/p>\n","protected":false},"featured_media":97584,"comment_status":"open","ping_status":"closed","template":"","meta":[],"product_brand":[],"product_cat":[1986],"product_tag":[54,664,1987],"class_list":{"0":"post-97585","1":"product","2":"type-product","3":"status-publish","4":"has-post-thumbnail","6":"product_cat-switches-poe","7":"product_tag-hikvision","8":"product_tag-networking","9":"product_tag-switches-poe","11":"first","12":"instock","13":"sale","14":"shipping-taxable","15":"purchasable","16":"product-type-simple"},"_links":{"self":[{"href":"https:\/\/soydeaqui.ddns.net\/pachuca\/index.php\/wp-json\/wp\/v2\/product\/97585","targetHints":{"allow":["GET"]}}],"collection":[{"href":"https:\/\/soydeaqui.ddns.net\/pachuca\/index.php\/wp-json\/wp\/v2\/product"}],"about":[{"href":"https:\/\/soydeaqui.ddns.net\/pachuca\/index.php\/wp-json\/wp\/v2\/types\/product"}],"replies":[{"embeddable":true,"href":"https:\/\/soydeaqui.ddns.net\/pachuca\/index.php\/wp-json\/wp\/v2\/comments?post=97585"}],"wp:featuredmedia":[{"embeddable":true,"href":"https:\/\/soydeaqui.ddns.net\/pachuca\/index.php\/wp-json\/wp\/v2\/media\/97584"}],"wp:attachment":[{"href":"https:\/\/soydeaqui.ddns.net\/pachuca\/index.php\/wp-json\/wp\/v2\/media?parent=97585"}],"wp:term":[{"taxonomy":"product_brand","embeddable":true,"href":"https:\/\/soydeaqui.ddns.net\/pachuca\/index.php\/wp-json\/wp\/v2\/product_brand?post=97585"},{"taxonomy":"product_cat","embeddable":true,"href":"https:\/\/soydeaqui.ddns.net\/pachuca\/index.php\/wp-json\/wp\/v2\/product_cat?post=97585"},{"taxonomy":"product_tag","embeddable":true,"href":"https:\/\/soydeaqui.ddns.net\/pachuca\/index.php\/wp-json\/wp\/v2\/product_tag?post=97585"}],"curies":[{"name":"wp","href":"https:\/\/api.w.org\/{rel}","templated":true}]}}