{"id":97581,"date":"2026-03-20T09:02:52","date_gmt":"2026-03-20T09:02:52","guid":{"rendered":"https:\/\/soydeaqui.ddns.net\/pachuca\/index.php\/producto\/switch-gigabit-administrable-48-puertos-1000-mbps-4-puertos-sfp-configuracion-nube-hik-partnerpro-soporta-igmp\/"},"modified":"2026-03-20T09:02:54","modified_gmt":"2026-03-20T09:02:54","slug":"switch-gigabit-administrable-48-puertos-1000-mbps-4-puertos-sfp-configuracion-nube-hik-partnerpro-soporta-igmp","status":"publish","type":"product","link":"https:\/\/soydeaqui.ddns.net\/pachuca\/index.php\/producto\/switch-gigabit-administrable-48-puertos-1000-mbps-4-puertos-sfp-configuracion-nube-hik-partnerpro-soporta-igmp\/","title":{"rendered":"Switch Gigabit \/ Administrable \/ 48 Puertos 1000 Mbps \/ 4 Puertos SFP \/ Configuraci\u00f3n Nube Hik-PartnerPro \/ Soporta IGMP"},"content":{"rendered":"<div style='width: 100%; max-width: 1200px; margin: 0 auto; font-family: sans-serif; line-height: 1.6; color: inherit; background-color: transparent;'> <!-- Logo Hikvision --> <\/p>\n<p style='text-align: center; margin: 0; padding: 15px 0;'> <img style='width: 45%; height: auto; border: 1px solid rgba(150&comma;150&comma;150&comma;0.3); border-radius: 8px;' src='https:\/\/ftp3.syscom.mx\/usuarios\/jsosa\/HIKVISION\/imagenes\/logo\/hikvision%20see%20far.png' alt='Logo Hikvision'> <\/p>\n<p> <!-- Video principal --> <\/p>\n<div style='position: relative; padding-bottom: 56.25%; height: 0; overflow: hidden; margin: 30px 0;'>   <\/div>\n<p> <!-- Secci\u00f3n de videos explicativos --> <\/p>\n<div style='display: grid; grid-template-columns: repeat(auto-fit&comma; minmax(280px&comma; 1fr)); gap: 30px; margin: 30px 0;'>\n<div style='display: flex; flex-direction: column;'>\n<h4 style='font-size: 18px; text-align: center; border-bottom: 2px solid currentColor; padding-bottom: 5px; margin-top: 0; color: inherit; opacity: 0.8;'>\u00bfQu\u00e9 es Hik-Partner Pro?<\/h4>\n<div style='position: relative; padding-bottom: 56.25%; height: 0; overflow: hidden; flex-grow: 1;'>   <\/div>\n<\/p><\/div>\n<div style='display: flex; flex-direction: column;'>\n<h4 style='font-size: 18px; text-align: center; border-bottom: 2px solid currentColor; padding-bottom: 5px; margin-top: 0; color: inherit; opacity: 0.8;'>Activa tus Equipos en 3 Pasos<\/h4>\n<div style='position: relative; padding-bottom: 56.25%; height: 0; overflow: hidden; flex-grow: 1;'>   <\/div>\n<\/p><\/div>\n<div style='display: flex; flex-direction: column;'>\n<h4 style='font-size: 18px; text-align: center; border-bottom: 2px solid currentColor; padding-bottom: 5px; margin-top: 0; color: inherit; opacity: 0.8;'>\u00a1Vincula tus dispositivos!<\/h4>\n<div style='position: relative; padding-bottom: 56.25%; height: 0; overflow: hidden; flex-grow: 1;'>   <\/div>\n<\/p><\/div>\n<\/p><\/div>\n<p> <!-- T\u00edtulo de especificaciones --> <\/p>\n<div style='text-align: center; margin: 40px 0 20px;'>\n<h1 style='font-size: 28px; color: #232a6f; margin: 0; font-family: verdana&comma; geneva&comma; sans-serif; opacity: 0.9;'>Especif\u00edcaciones<\/h1>\n<\/p><\/div>\n<p> <!-- Caracter\u00edsticas principales y f\u00edsicas --> <\/p>\n<div style='display: flex; flex-wrap: wrap; gap: 20px; margin: 30px 0;'> <!-- Caracter\u00edsticas principales --> <\/p>\n<div style='flex: 1 1 400px; min-width: 280px;'>\n<div style='border: 1px solid rgba(150&comma; 150&comma; 150&comma; 0.4); border-radius: 8px; overflow: hidden; display: flex; flex-direction: column;'>\n<div style='padding: 15px; background: #df001e; border-bottom: 1px solid #a80000; font-weight: bold; font-size: 18px; color: white;'>Caracter\u00edsticas Principales:<\/div>\n<div style='padding: 15px; color: inherit;'>\n<ul style='padding-left: 20px; margin: 0; font-size: 14px; list-style-type: disc;'>\n<li style='margin-bottom: 5px; font-family: verdana&comma; geneva&comma; sans-serif;'>Switch de 48 puertos 10 \/ 100 \/ 1000 Mbps.<\/li>\n<li style='margin-bottom: 5px; font-family: verdana&comma; geneva&comma; sans-serif;'>4 Puertos SFP (transceptores compatibles <a style='text-decoration-line: none; color: inherit; font-weight: bolder;' href='https:\/\/www.syscom.mx\/producto\/HK-SFP-1.25G-20-1310-DF-HIKVISION-191779.html' target='_blank' rel='noopener'>HK-SFP-1.25G-20-1310-DF<\/a> \/ <a style='text-decoration-line: none; color: inherit; font-weight: bolder;' href='https:\/\/www.syscom.mx\/producto\/HK-SFP-1.25G-1310-DF-MM-HIKVISION-170393.html' target='_blank' rel='noopener'>HK-SFP-1.25G-1310-DF-MM<\/a> ).<\/li>\n<li style='margin-bottom: 5px; font-family: verdana&comma; geneva&comma; sans-serif;'>Monitoreo y control de datos en puertos importantes.<\/li>\n<li style='margin-bottom: 5px; font-family: verdana&comma; geneva&comma; sans-serif;'><strong>Gestion WEB desde la IP (192.168.1.64).<\/strong><\/li>\n<li style='margin-bottom: 5px; font-family: verdana&comma; geneva&comma; sans-serif;'>Administraci\u00f3n desde <strong>HikPartner Pro.<\/strong><\/li>\n<li style='margin-bottom: 5px; font-family: verdana&comma; geneva&comma; sans-serif;'><strong>Tasa de reenvio de paquetes 73.38 MPPS.<\/strong><\/li>\n<li style='margin-bottom: 5px; font-family: verdana&comma; geneva&comma; sans-serif;'><strong>Capacidad de Conmutaci\u00f3n: 104 Gbps.<\/strong><\/li>\n<\/ul><\/div>\n<\/p><\/div>\n<\/p><\/div>\n<p> <!-- Caracter\u00edsticas f\u00edsicas y el\u00e9ctricas --> <\/p>\n<div style='flex: 1 1 400px; min-width: 280px;'>\n<div style='border: 1px solid rgba(150&comma; 150&comma; 150&comma; 0.4); border-radius: 8px; overflow: hidden; display: flex; flex-direction: column;'>\n<div style='padding: 15px; background: #df001e; border-bottom: 1px solid #a80000; font-weight: bold; font-size: 18px; color: white;'>Caracter\u00edsticas F\u00edsicas y El\u00e9ctricas:<\/div>\n<div style='padding: 15px; color: inherit;'>\n<ul style='padding-left: 20px; margin: 0; font-size: 14px; list-style-type: disc;'>\n<li style='margin-bottom: 5px; font-family: verdana&comma; geneva&comma; sans-serif;'>Alimentaci\u00f3n: 100-240 V AC.<\/li>\n<li style='margin-bottom: 5px; font-family: verdana&comma; geneva&comma; sans-serif;'>Maximo consumo de energia: 39 W.<\/li>\n<li style='margin-bottom: 5px; font-family: verdana&comma; geneva&comma; sans-serif;'>Dimensiones: 440.00 mm \u00d7 260.00 mm \u00d7 43.60 mm.<\/li>\n<li style='margin-bottom: 5px; font-family: verdana&comma; geneva&comma; sans-serif;'>Peso: 3.10 Kg.<\/li>\n<\/ul><\/div>\n<\/p><\/div>\n<\/p><\/div>\n<\/p><\/div>\n<p> <!-- Caracter\u00edsticas avanzadas --> <\/p>\n<div style='margin: 30px 0;'>\n<div style='border: 1px solid rgba(150&comma; 150&comma; 150&comma; 0.4); border-radius: 8px; overflow: hidden;'>\n<div style='padding: 15px; background: #df001e; border-bottom: 1px solid #a80000; font-weight: bold; font-size: 18px; color: white;'>Caracter\u00edsticas Avanzadas<\/div>\n<div style='padding: 15px; color: inherit;'>\n<ul style='padding-left: 20px; margin: 0; font-size: 14px; list-style-type: disc;'>\n<li style='margin-bottom: 5px; font-family: verdana&comma; geneva&comma; sans-serif;'><strong>Aislado de puertos<\/strong><\/li>\n<li style='margin-bottom: 5px; font-family: verdana&comma; geneva&comma; sans-serif;'><strong>Link Aggregation<\/strong><\/li>\n<li style='margin-bottom: 5px; font-family: verdana&comma; geneva&comma; sans-serif;'><strong>STP\/RSTP\/MSTP<\/strong><\/li>\n<li style='margin-bottom: 5px; font-family: verdana&comma; geneva&comma; sans-serif;'><strong>QoS<\/strong><\/li>\n<li style='margin-bottom: 5px; font-family: verdana&comma; geneva&comma; sans-serif;'><strong>Static routing<\/strong><\/li>\n<li style='margin-bottom: 5px; font-family: verdana&comma; geneva&comma; sans-serif;'><strong>RIP\/OSPF<\/strong><\/li>\n<li style='margin-bottom: 5px; font-family: verdana&comma; geneva&comma; sans-serif;'><strong>Prevencion de loop<\/strong><\/li>\n<li style='margin-bottom: 5px; font-family: verdana&comma; geneva&comma; sans-serif;'><strong>Storm Control<\/strong><\/li>\n<li style='margin-bottom: 5px; font-family: verdana&comma; geneva&comma; sans-serif;'><strong>IGMP V1\/V2\/V3 snooping<\/strong><\/li>\n<li style='margin-bottom: 5px; font-family: verdana&comma; geneva&comma; sans-serif;'><strong>VLAN&#8217;S<\/strong><\/li>\n<\/ul><\/div>\n<\/p><\/div>\n<\/p><\/div>\n<p> <!-- Consideraciones --> <\/p>\n<div style='margin: 30px 0;'>\n<div style='border: 1px solid rgba(150&comma; 150&comma; 150&comma; 0.4); border-radius: 8px; overflow: hidden;'>\n<div style='padding: 15px; background: #df001e; border-bottom: 1px solid #a80000; font-weight: bold; font-size: 18px; color: white;'>Consideraciones<\/div>\n<div style='padding: 15px; color: inherit;'>\n<ul style='padding-left: 20px; margin: 0; font-size: 14px; list-style-type: disc;'>\n<li style='margin-bottom: 5px; font-family: verdana&comma; geneva&comma; sans-serif;'>Es importante realizar un dise\u00f1o de red l\u00f3gico previo para aprovechar todas sus funciones<\/li>\n<li style='margin-bottom: 5px; font-family: verdana&comma; geneva&comma; sans-serif;'>Soporta control de acceso por MAC&comma; ACLs y protecci\u00f3n contra ataques DoS&comma; lo que refuerza la seguridad de red.<\/li>\n<li style='margin-bottom: 5px; font-family: verdana&comma; geneva&comma; sans-serif; color: #e74c3c; font-weight: bolder;'>Montable en rack<\/li>\n<\/ul><\/div>\n<\/p><\/div>\n<\/p><\/div>\n<p> <!-- Separador final --> <\/p>\n<hr style='border: 0; border-top: 1px solid rgba(150&comma; 150&comma; 150&comma; 0.3); margin: 40px 0;'> <\/div>\n","protected":false},"excerpt":{"rendered":"<p>Switch Gigabit \/ Administrable \/ 48 Puertos 1000 Mbps \/ 4 Puertos SFP \/ Configuraci\u00f3n Nube Hik-PartnerPro \/ Soporta IGMP<\/p>\n","protected":false},"featured_media":97580,"comment_status":"open","ping_status":"closed","template":"","meta":[],"product_brand":[],"product_cat":[1986],"product_tag":[54,664,1987],"class_list":{"0":"post-97581","1":"product","2":"type-product","3":"status-publish","4":"has-post-thumbnail","6":"product_cat-switches-poe","7":"product_tag-hikvision","8":"product_tag-networking","9":"product_tag-switches-poe","11":"first","12":"instock","13":"sale","14":"shipping-taxable","15":"purchasable","16":"product-type-simple"},"_links":{"self":[{"href":"https:\/\/soydeaqui.ddns.net\/pachuca\/index.php\/wp-json\/wp\/v2\/product\/97581","targetHints":{"allow":["GET"]}}],"collection":[{"href":"https:\/\/soydeaqui.ddns.net\/pachuca\/index.php\/wp-json\/wp\/v2\/product"}],"about":[{"href":"https:\/\/soydeaqui.ddns.net\/pachuca\/index.php\/wp-json\/wp\/v2\/types\/product"}],"replies":[{"embeddable":true,"href":"https:\/\/soydeaqui.ddns.net\/pachuca\/index.php\/wp-json\/wp\/v2\/comments?post=97581"}],"wp:featuredmedia":[{"embeddable":true,"href":"https:\/\/soydeaqui.ddns.net\/pachuca\/index.php\/wp-json\/wp\/v2\/media\/97580"}],"wp:attachment":[{"href":"https:\/\/soydeaqui.ddns.net\/pachuca\/index.php\/wp-json\/wp\/v2\/media?parent=97581"}],"wp:term":[{"taxonomy":"product_brand","embeddable":true,"href":"https:\/\/soydeaqui.ddns.net\/pachuca\/index.php\/wp-json\/wp\/v2\/product_brand?post=97581"},{"taxonomy":"product_cat","embeddable":true,"href":"https:\/\/soydeaqui.ddns.net\/pachuca\/index.php\/wp-json\/wp\/v2\/product_cat?post=97581"},{"taxonomy":"product_tag","embeddable":true,"href":"https:\/\/soydeaqui.ddns.net\/pachuca\/index.php\/wp-json\/wp\/v2\/product_tag?post=97581"}],"curies":[{"name":"wp","href":"https:\/\/api.w.org\/{rel}","templated":true}]}}