{"id":97571,"date":"2026-03-20T09:02:30","date_gmt":"2026-03-20T09:02:30","guid":{"rendered":"https:\/\/soydeaqui.ddns.net\/pachuca\/index.php\/producto\/ptz-ip-4-megapixel-anti-explosion-32x-zoom-ip68-anticorrosion-sus316l-100-mts-ir-wiper-wdr-120-db-darkfighter-alarmas-i-o\/"},"modified":"2026-03-20T09:02:32","modified_gmt":"2026-03-20T09:02:32","slug":"ptz-ip-4-megapixel-anti-explosion-32x-zoom-ip68-anticorrosion-sus316l-100-mts-ir-wiper-wdr-120-db-darkfighter-alarmas-i-o","status":"publish","type":"product","link":"https:\/\/soydeaqui.ddns.net\/pachuca\/index.php\/producto\/ptz-ip-4-megapixel-anti-explosion-32x-zoom-ip68-anticorrosion-sus316l-100-mts-ir-wiper-wdr-120-db-darkfighter-alarmas-i-o\/","title":{"rendered":"PTZ IP 4 Megapixel \/ Anti-Explosi\u00f3n \/ 32X Zoom \/ IP68 \/ Anticorrosion \/ SUS316L \/ 100 mts IR \/ Wiper \/ WDR 120 dB \/ DARKFIGHTER \/ Alarmas I\/O"},"content":{"rendered":"<div style='width: 100%; max-width: 1200px; margin: 0 auto; font-family: sans-serif; line-height: 1.6; color: inherit; background-color: transparent;'>\n<p style='text-align: center; margin: 0 0 30px;'><img style='width: 100%; max-width: 400px; height: auto; border: 1px solid rgba(150&comma;150&comma;150&comma;0.3); border-radius: 8px;' src='https:\/\/ftp3.syscom.mx\/usuarios\/jsosa\/HIKVISION\/imagenes\/logo\/hikvision%20see%20far.png' alt='Logo Hikvision'><\/p>\n<div style='display: flex; flex-wrap: wrap; gap: 30px; margin-bottom: 30px;'>\n<div style='flex: 1 1 300px; min-width: 280px;'>\n<h3 style='font-size: 22px; border-bottom: 2px solid currentColor; padding-bottom: 5px; margin-top: 0; color: inherit; opacity: 0.8;'>Caracter\u00edsticas Principales<\/h3>\n<ul style='padding-left: 20px; font-size: 15px; color: inherit;'>\n<li style='margin-bottom: 5px;'>Sensor de imagen: 1\/1.&#8217; CMOS Scan Progresivo<\/li>\n<li style='margin-bottom: 5px;'>Iluminaci\u00f3n m\u00ednima: Color: 0.002 lux @ (F1.5&comma; AGC ON)&comma; B\/W : 0.0002 lux&comma; 0 lux con IR<\/li>\n<li style='margin-bottom: 5px;'>Velocidad del shutter: 1s a 1\/30&comma;000s<\/li>\n<li style='margin-bottom: 5px;'>Distancia focal: 5.7 a 205 mm (36X zoom \u00f3ptico \/ 16X zoom digital)<\/li>\n<li style='margin-bottom: 5px;'>Distancia de IR: 150 mts IR (visi\u00f3n nocturna)<\/li>\n<li style='margin-bottom: 5px;'>Dia \/ Noche real (filtro ICR)<\/li>\n<li style='margin-bottom: 5px;'>Funciones: WDR real (120dB) \/ 3D-DNR \/ HLC \/ BLC \/ Face Detection \/ Cruce de Linea \/ Intrusion de area \/ EIS<\/li>\n<\/ul><\/div>\n<div style='flex: 1 1 300px; min-width: 280px;'>\n<h3 style='font-size: 22px; border-bottom: 2px solid currentColor; padding-bottom: 5px; margin-top: 0; color: inherit; opacity: 0.8;'>PAN \/ TILT<\/h3>\n<ul style='padding-left: 20px; font-size: 15px; color: inherit;'>\n<li style='margin-bottom: 5px;'>Rango: Pan:360\u00b0endless; Tilt: -90\u00b0~90\u00b0(Auto Flip)<\/li>\n<li style='margin-bottom: 5px;'>Presets: 300<\/li>\n<li style='margin-bottom: 5px;'>Patrol: 8 (hasta 32 presets por patrol)<\/li>\n<li style='margin-bottom: 5px;'>Pattern: 4 (hasta 10 minutos por pattern)<\/li>\n<li style='margin-bottom: 5px;'>PARK ACT: Preset \/ Patrol \/ Pattern \/ Auto scan \/ Tilt scan \/ Random scan \/ Frame scan \/ Panorama scan<\/li>\n<\/ul><\/div>\n<div style='flex: 1 1 300px; min-width: 280px;'>\n<h3 style='font-size: 22px; border-bottom: 2px solid currentColor; padding-bottom: 5px; margin-top: 0; color: inherit; opacity: 0.8;'>Entradas y Salidas<\/h3>\n<ul style='padding-left: 20px; font-size: 15px; color: inherit;'>\n<li style='margin-bottom: 5px;'>Entradas de alarma: 7<\/li>\n<li style='margin-bottom: 5px;'>Salidas de alarma: 2 (max. 24 VDC&comma; 1 A)<\/li>\n<li style='margin-bottom: 5px;'>Entradas de audio: 1<\/li>\n<li style='margin-bottom: 5px;'>Salidas de audio: 1<\/li>\n<li style='margin-bottom: 5px;'>Puerto de red: 1 (10 \/ 100 Mbps \/ PoE 802.3at)<\/li>\n<\/ul><\/div>\n<div style='flex: 1 1 300px; min-width: 280px;'>\n<h3 style='font-size: 22px; border-bottom: 2px solid currentColor; padding-bottom: 5px; margin-top: 0; color: inherit; opacity: 0.8;'>Funciones de red y almacenamiento<\/h3>\n<ul style='padding-left: 20px; font-size: 15px; color: inherit;'>\n<li style='margin-bottom: 5px;'>Protocolos: IPv4\/IPv6&comma; HTTP&comma; HTTPS&comma; 802.1X&comma; QoS&comma; FTP&comma; SMTP&comma; UPnP&comma; SNMP&comma; DNS&comma; DDNS&comma; NTP&comma; RTSP&comma; RTP&comma; TCP&comma; UDP&comma; IGMP&comma; ICMP&comma; DHCP&comma; PPPoE<\/li>\n<li style='margin-bottom: 5px;'>Soporta ONVIF&comma; PSIA&comma; CGI<\/li>\n<li style='margin-bottom: 5px;'>Soporta navegadores Chrome&comma; IE&comma; Mozilla&comma; Safari<\/li>\n<li style='margin-bottom: 5px;'>Soporta triple streaming<\/li>\n<li style='margin-bottom: 5px;'>Soporta 20 usuarios simult\u00e1neos<\/li>\n<\/ul><\/div>\n<div style='flex: 1 1 300px; min-width: 280px;'>\n<h3 style='font-size: 22px; border-bottom: 2px solid currentColor; padding-bottom: 5px; margin-top: 0; color: inherit; opacity: 0.8;'>Caracter\u00edsticas F\u00edsicas y El\u00e9ctricas<\/h3>\n<ul style='padding-left: 20px; font-size: 15px; color: inherit;'>\n<li style='margin-bottom: 5px;'>Aplicaci\u00f3n: Interior \/ Exterior<\/li>\n<li style='margin-bottom: 5px;'>Protecci\u00f3n: IP68<\/li>\n<li style='margin-bottom: 5px;'>Certificaciones: TUV 17 ATEX 8118&comma; IECEx TUR 17.0049<\/li>\n<li style='margin-bottom: 5px;'>Material: SUS316L<\/li>\n<li style='margin-bottom: 5px;'>Temperatura de operaci\u00f3n: -40\u00b0C a 65\u00b0C<\/li>\n<li style='margin-bottom: 5px;'>Alimentaci\u00f3n \/ Consumo: 100 a 240 Vca \/ 100 W<\/li>\n<li style='margin-bottom: 5px;'>Dimensiones: 440 x 258 x 510 mm<\/li>\n<li style='margin-bottom: 5px;'>Peso: 36.7 kgs<\/li>\n<\/ul><\/div>\n<div style='flex: 1 1 300px; min-width: 280px;'>\n<h3 style='font-size: 22px; border-bottom: 2px solid currentColor; padding-bottom: 5px; margin-top: 0; color: inherit; opacity: 0.8;'>Accesorios Opcionales<\/h3>\n<ul style='padding-left: 20px; font-size: 15px; color: inherit;'>\n<li style='margin-bottom: 5px;'>Cable de Acero Trenzado&comma; modelo: <a href='https:\/\/www.syscom.mx\/producto\/DS-1677ZJ-XS-1.0(D)-HIKVISION-175957.html' target='_blank' rel='noopener' style='color: inherit; text-decoration: none; border-bottom: 1px dotted; opacity: 0.8;'>DS-1677ZJ-XS-1.0(D)<\/a><\/li>\n<\/ul><\/div>\n<div style='flex: 1 1 300px; min-width: 280px;'>\n<h3 style='font-size: 22px; border-bottom: 2px solid currentColor; padding-bottom: 5px; margin-top: 0; color: inherit; opacity: 0.8;'>Caracter\u00edsticas Destacadas<\/h3>\n<p style='font-size: 15px; color: inherit;'>Es una c\u00e1mara de alta gama dise\u00f1ada para entornos industriales exigentes con riesgo de explosi\u00f3n. Ofrece alta resoluci\u00f3n&comma; visi\u00f3n nocturna avanzada&comma; zoom potente&comma; capacidades de IA y resistencia extrema. Ideal para zonas de seguridad cr\u00edtica&comma; como plantas qu\u00edmicas&comma; refiner\u00edas o entornos mar\u00edtimos.<\/p>\n<h4 style='font-size: 18px; margin-top: 20px; margin-bottom: 10px; color: inherit; opacity: 0.8;'>Video anal\u00edticos soportados:<\/h4>\n<ul style='padding-left: 20px; font-size: 15px; color: inherit;'>\n<li style='margin-bottom: 5px;'>Detecci\u00f3n de rostros (hasta 10 Simult\u00e1neos)<\/li>\n<li style='margin-bottom: 5px;'>Cruce de lineas<\/li>\n<li style='margin-bottom: 5px;'>Intrusi\u00f3n de area<\/li>\n<li style='margin-bottom: 5px;'>Objeto removido<\/li>\n<li style='margin-bottom: 5px;'>Objeto olvidado<\/li>\n<li style='margin-bottom: 5px;'>Cambio de escena<\/li>\n<\/ul><\/div>\n<\/p><\/div>\n<hr style='border: 0; border-top: 1px solid rgba(150&comma; 150&comma; 150&comma; 0.3); margin: 30px 0;'>\n<div style='margin-top: 30px;'> <img style='width: 100%; height: auto; border: 1px solid rgba(150&comma;150&comma;150&comma;0.3); border-radius: 8px;' src='https:\/\/ftp3.syscom.mx\/usuarios\/fcarrillo\/Hikvision\/Imagenes\/solution-banner-2021.png' alt='Banner de soluci\u00f3n Hikvision'> <\/div>\n<\/p><\/div>\n","protected":false},"excerpt":{"rendered":"<p>PTZ IP 4 Megapixel \/ Anti-Explosi\u00f3n \/ 32X Zoom \/ IP68 \/ Anticorrosion \/ SUS316L \/ 100 mts IR \/ Wiper \/ WDR 120 dB \/ DARKFIGHTER \/ Alarmas I\/O<\/p>\n","protected":false},"featured_media":97570,"comment_status":"open","ping_status":"closed","template":"","meta":[],"product_brand":[],"product_cat":[2258],"product_tag":[2259,122,54],"class_list":{"0":"post-97571","1":"product","2":"type-product","3":"status-publish","4":"has-post-thumbnail","6":"product_cat-antiexplosion","7":"product_tag-antiexplosion","8":"product_tag-camaras-ip-y-nvrs","9":"product_tag-hikvision","11":"first","12":"outofstock","13":"sale","14":"shipping-taxable","15":"purchasable","16":"product-type-simple"},"_links":{"self":[{"href":"https:\/\/soydeaqui.ddns.net\/pachuca\/index.php\/wp-json\/wp\/v2\/product\/97571","targetHints":{"allow":["GET"]}}],"collection":[{"href":"https:\/\/soydeaqui.ddns.net\/pachuca\/index.php\/wp-json\/wp\/v2\/product"}],"about":[{"href":"https:\/\/soydeaqui.ddns.net\/pachuca\/index.php\/wp-json\/wp\/v2\/types\/product"}],"replies":[{"embeddable":true,"href":"https:\/\/soydeaqui.ddns.net\/pachuca\/index.php\/wp-json\/wp\/v2\/comments?post=97571"}],"wp:featuredmedia":[{"embeddable":true,"href":"https:\/\/soydeaqui.ddns.net\/pachuca\/index.php\/wp-json\/wp\/v2\/media\/97570"}],"wp:attachment":[{"href":"https:\/\/soydeaqui.ddns.net\/pachuca\/index.php\/wp-json\/wp\/v2\/media?parent=97571"}],"wp:term":[{"taxonomy":"product_brand","embeddable":true,"href":"https:\/\/soydeaqui.ddns.net\/pachuca\/index.php\/wp-json\/wp\/v2\/product_brand?post=97571"},{"taxonomy":"product_cat","embeddable":true,"href":"https:\/\/soydeaqui.ddns.net\/pachuca\/index.php\/wp-json\/wp\/v2\/product_cat?post=97571"},{"taxonomy":"product_tag","embeddable":true,"href":"https:\/\/soydeaqui.ddns.net\/pachuca\/index.php\/wp-json\/wp\/v2\/product_tag?post=97571"}],"curies":[{"name":"wp","href":"https:\/\/api.w.org\/{rel}","templated":true}]}}