{"id":9756,"date":"2026-03-18T07:26:30","date_gmt":"2026-03-18T07:26:30","guid":{"rendered":"https:\/\/soydeaqui.ddns.net\/pachuca\/index.php\/producto\/kit-de-herramientas-para-terminacin-de-conectores-mecnicos-de-fibra-ptica-incluye-maletn-ideal-para-transportar-con-especificacin-militar-uso-rudo\/"},"modified":"2026-03-18T07:26:35","modified_gmt":"2026-03-18T07:26:35","slug":"kit-de-herramientas-para-terminacin-de-conectores-mecnicos-de-fibra-ptica-incluye-maletn-ideal-para-transportar-con-especificacin-militar-uso-rudo","status":"publish","type":"product","link":"https:\/\/soydeaqui.ddns.net\/pachuca\/index.php\/producto\/kit-de-herramientas-para-terminacin-de-conectores-mecnicos-de-fibra-ptica-incluye-maletn-ideal-para-transportar-con-especificacin-militar-uso-rudo\/","title":{"rendered":"Kit de Herramientas para Terminaci?n de Conectores Mec?nicos de Fibra ?ptica, Incluye Malet?n Ideal para Transportar con Especificaci?n Militar (Uso Rudo)"},"content":{"rendered":"<div style='width: 100%; max-width: 1200px; margin: 0 auto; font-family: sans-serif; line-height: 1.6; color: inherit; background-color: transparent;'>\n<div style='display: flex; flex-wrap: wrap; gap: 30px; margin-bottom: 30px;'>\n<div style='flex: 1 1 300px; min-width: 280px;'>\n<p style='font-size: 15px; color: inherit; opacity: 0.9;'>Con el Kit de terminaci\u00f3n de Linkedpro reduzca de manera considerable los tiempos de instalaci\u00f3n&comma; incluye las herramientas necesarias para el preparado&comma; terminaci\u00f3n y limpieza de los conectores m\u00e9canicos de fibra \u00f3ptica.<\/p>\n<\/p><\/div>\n<\/p><\/div>\n<div style='display: flex; flex-wrap: wrap; gap: 20px; margin-bottom: 30px;'>\n<div style='flex: 1 1 250px; border: 1px solid rgba(150&comma; 150&comma; 150&comma; 0.4); border-radius: 8px; overflow: hidden; display: flex; flex-direction: column;'>\n<div style='padding: 15px; border-bottom: 1px solid rgba(150&comma; 150&comma; 150&comma; 0.2); font-weight: bold; font-size: 18px; color: inherit;'>El kit Incluye<\/div>\n<div style='padding: 15px; color: inherit;'>\n<ul style='padding-left: 20px; margin: 0; font-size: 14px; list-style-type: disc;'>\n<li style='margin-bottom: 5px;'>1 Cortadora de precisi\u00f3n&comma; para 36&comma;000 cortes.<\/li>\n<li style='margin-bottom: 5px;'>1 Visualizador local de fallos (VFL)&comma; hasta 5km<\/li>\n<li style='margin-bottom: 5px;'>1 Desforradora para fibra \u00f3ptica de 2 posiciones<\/li>\n<li style='margin-bottom: 5px;'>1 Peladora universal para cable FTTH<\/li>\n<li style='margin-bottom: 5px;'>1 Sujetador de fibra<\/li>\n<li style='margin-bottom: 5px;'>1 Pluma de limpieza conectores de 1.25 mm (LC)<\/li>\n<li style='margin-bottom: 5px;'>1 Pluma de limpieza de conectores de 2.5 mm (SC&comma; FC y ST)<\/li>\n<li style='margin-bottom: 5px;'>1 Bote para dispensar alcohol (vac\u00edo)<\/li>\n<\/ul><\/div>\n<\/p><\/div>\n<\/p><\/div>\n<hr style='border: 0; border-top: 1px solid rgba(150&comma; 150&comma; 150&comma; 0.3); margin: 30px 0;'>\n<div style='display: flex; flex-wrap: wrap; gap: 30px; margin-bottom: 30px;'>\n<div style='flex: 1 1 300px; min-width: 280px;'>\n<p style='font-size: 15px; color: inherit; opacity: 0.8;'>En este art\u00edculo muestra c\u00f3mo se realiza la terminaci\u00f3n de conectores de fibra \u00f3ptica con el kit de Linkedpro<\/p>\n<p> <a href='https:\/\/soporte.syscom.mx\/es\/articles\/5269532-linkedpro-kit-de-herramientas-para-terminacion-de-conectores-mecanicos-de-fibra-optica-lp-ft-kit' style='color: inherit; text-decoration: underline; font-size: 14px; opacity: 0.8;'>https:\/\/soporte.syscom.mx\/es\/articles\/5269532-linkedpro-kit-de-herramientas-para-terminacion-de-conectores-mecanicos-de-fibra-optica-lp-ft-kit<\/a> <\/div>\n<\/p><\/div>\n<\/p><\/div>\n","protected":false},"excerpt":{"rendered":"<p>Kit de Herramientas para Terminaci?n de Conectores Mec?nicos de Fibra ?ptica, Incluye Malet?n Ideal para Transportar con Especificaci?n Militar (Uso Rudo)<\/p>\n","protected":false},"featured_media":9755,"comment_status":"open","ping_status":"closed","template":"","meta":[],"product_brand":[],"product_cat":[621],"product_tag":[622,611,435],"class_list":{"0":"post-9756","1":"product","2":"type-product","3":"status-publish","4":"has-post-thumbnail","6":"product_cat-distribuidores-de-fibra-optica","7":"product_tag-distribuidores-de-fibra-optica","8":"product_tag-fibra-optica","9":"product_tag-linkedpro-by-epcom","11":"first","12":"instock","13":"sale","14":"shipping-taxable","15":"purchasable","16":"product-type-simple"},"_links":{"self":[{"href":"https:\/\/soydeaqui.ddns.net\/pachuca\/index.php\/wp-json\/wp\/v2\/product\/9756","targetHints":{"allow":["GET"]}}],"collection":[{"href":"https:\/\/soydeaqui.ddns.net\/pachuca\/index.php\/wp-json\/wp\/v2\/product"}],"about":[{"href":"https:\/\/soydeaqui.ddns.net\/pachuca\/index.php\/wp-json\/wp\/v2\/types\/product"}],"replies":[{"embeddable":true,"href":"https:\/\/soydeaqui.ddns.net\/pachuca\/index.php\/wp-json\/wp\/v2\/comments?post=9756"}],"wp:featuredmedia":[{"embeddable":true,"href":"https:\/\/soydeaqui.ddns.net\/pachuca\/index.php\/wp-json\/wp\/v2\/media\/9755"}],"wp:attachment":[{"href":"https:\/\/soydeaqui.ddns.net\/pachuca\/index.php\/wp-json\/wp\/v2\/media?parent=9756"}],"wp:term":[{"taxonomy":"product_brand","embeddable":true,"href":"https:\/\/soydeaqui.ddns.net\/pachuca\/index.php\/wp-json\/wp\/v2\/product_brand?post=9756"},{"taxonomy":"product_cat","embeddable":true,"href":"https:\/\/soydeaqui.ddns.net\/pachuca\/index.php\/wp-json\/wp\/v2\/product_cat?post=9756"},{"taxonomy":"product_tag","embeddable":true,"href":"https:\/\/soydeaqui.ddns.net\/pachuca\/index.php\/wp-json\/wp\/v2\/product_tag?post=9756"}],"curies":[{"name":"wp","href":"https:\/\/api.w.org\/{rel}","templated":true}]}}