{"id":97544,"date":"2026-03-20T09:01:15","date_gmt":"2026-03-20T09:01:15","guid":{"rendered":"https:\/\/soydeaqui.ddns.net\/pachuca\/index.php\/producto\/microfono-omnidireccional-360-uso-en-interior-preamplificado-para-cctv-cancelacion-de-ruido-ambiental-uso-en-techo-pared-escritorio-alcance-de-5-metros\/"},"modified":"2026-03-20T09:01:16","modified_gmt":"2026-03-20T09:01:16","slug":"microfono-omnidireccional-360-uso-en-interior-preamplificado-para-cctv-cancelacion-de-ruido-ambiental-uso-en-techo-pared-escritorio-alcance-de-5-metros","status":"publish","type":"product","link":"https:\/\/soydeaqui.ddns.net\/pachuca\/index.php\/producto\/microfono-omnidireccional-360-uso-en-interior-preamplificado-para-cctv-cancelacion-de-ruido-ambiental-uso-en-techo-pared-escritorio-alcance-de-5-metros\/","title":{"rendered":"Micr\u00f3fono Omnidireccional (360\u00b0) \/ Uso en Interior \/ Preamplificado para CCTV \/ Cancelaci\u00f3n de Ruido Ambiental \/ Uso en Techo &#8211; Pared &#8211; Escritorio \/ Alcance de 5 Metros"},"content":{"rendered":"<div style='width: 100%; max-width: 1200px; margin: 0 auto; font-family: sans-serif; line-height: 1.6; color: inherit; background-color: transparent;'>\n<p style='text-align: center; margin: 0 0 20px 0;'><img style='width: 45%; height: auto; border: 1px solid rgba(150&comma;150&comma;150&comma;0.3); border-radius: 8px; max-width: 100%;' src='https:\/\/ftp3.syscom.mx\/usuarios\/jsosa\/HIKVISION\/imagenes\/logo\/hikvision%20see%20far.png' alt='Logo Hikvision'><\/p>\n<div style='display: flex; flex-wrap: wrap; gap: 30px; margin-bottom: 30px;'>\n<div style='flex: 1 1 300px; min-width: 280px;'>\n<h3 style='font-size: 22px; border-bottom: 2px solid currentColor; padding-bottom: 5px; margin-top: 0; color: inherit; opacity: 0.8;'>Caracter\u00edsticas principales<\/h3>\n<ul style='padding-left: 20px; font-size: 15px; color: inherit;'>\n<li style='margin-bottom: 5px;'>Omnidireccional 360\u00b0<\/li>\n<li style='margin-bottom: 5px;'>Alcance de 5 Metros<\/li>\n<li style='margin-bottom: 5px;'>Rango 90db.<\/li>\n<li style='margin-bottom: 5px;'>Material Pl\u00e1stico<\/li>\n<li style='margin-bottom: 5px;'>Recomendado para DVR\u00b4s&comma; NVR\u00b4s y c\u00e1maras IP con entrada de audio.<\/li>\n<li style='margin-bottom: 5px;'>Instalaci\u00f3n en techo&comma; pared y escritorio<\/li>\n<\/ul><\/div>\n<div style='flex: 1 1 300px; min-width: 280px;'>\n<h3 style='font-size: 22px; border-bottom: 2px solid currentColor; padding-bottom: 5px; margin-top: 0; color: inherit; opacity: 0.8;'>Caracter\u00edsticas F\u00edsicas y El\u00e9ctricas<\/h3>\n<ul style='padding-left: 20px; font-size: 15px; color: inherit;'>\n<li style='margin-bottom: 5px;'>Alimentaci\u00f3n: 12 Vcc.<\/li>\n<li style='margin-bottom: 5px;'>Temperatura de operaci\u00f3n: -25\u00b0C a 70\u00b0C.<\/li>\n<li style='margin-bottom: 5px;'>Dimensiones: 85 mm x 20.48 mm.<\/li>\n<li style='margin-bottom: 5px;'>Peso: 48 gramos.<\/li>\n<\/ul><\/div>\n<\/p><\/div>\n<p style='margin: 30px 0 0 0;'><img style='width: 100%; height: auto; border: 1px solid rgba(150&comma;150&comma;150&comma;0.3); border-radius: 8px;' src='https:\/\/ftp3.syscom.mx\/usuarios\/jsosa\/HIKVISION\/imagenes\/banners\/solution%20complete.png' alt='Soluci\u00f3n completa'><\/p>\n<\/p><\/div>\n","protected":false},"excerpt":{"rendered":"<p>Micr\u00f3fono Omnidireccional (360\u00b0) \/ Uso en Interior \/ Preamplificado para CCTV \/ Cancelaci\u00f3n de Ruido Ambiental \/ Uso en Techo &#8211; Pared &#8211; Escritorio \/ Alcance de 5 Metros<\/p>\n","protected":false},"featured_media":97543,"comment_status":"open","ping_status":"closed","template":"","meta":[],"product_brand":[],"product_cat":[2301],"product_tag":[417,54,2302],"class_list":{"0":"post-97544","1":"product","2":"type-product","3":"status-publish","4":"has-post-thumbnail","6":"product_cat-microfonos","7":"product_tag-accesorios-generales","8":"product_tag-hikvision","9":"product_tag-microfonos","11":"first","12":"instock","13":"sale","14":"shipping-taxable","15":"purchasable","16":"product-type-simple"},"_links":{"self":[{"href":"https:\/\/soydeaqui.ddns.net\/pachuca\/index.php\/wp-json\/wp\/v2\/product\/97544","targetHints":{"allow":["GET"]}}],"collection":[{"href":"https:\/\/soydeaqui.ddns.net\/pachuca\/index.php\/wp-json\/wp\/v2\/product"}],"about":[{"href":"https:\/\/soydeaqui.ddns.net\/pachuca\/index.php\/wp-json\/wp\/v2\/types\/product"}],"replies":[{"embeddable":true,"href":"https:\/\/soydeaqui.ddns.net\/pachuca\/index.php\/wp-json\/wp\/v2\/comments?post=97544"}],"wp:featuredmedia":[{"embeddable":true,"href":"https:\/\/soydeaqui.ddns.net\/pachuca\/index.php\/wp-json\/wp\/v2\/media\/97543"}],"wp:attachment":[{"href":"https:\/\/soydeaqui.ddns.net\/pachuca\/index.php\/wp-json\/wp\/v2\/media?parent=97544"}],"wp:term":[{"taxonomy":"product_brand","embeddable":true,"href":"https:\/\/soydeaqui.ddns.net\/pachuca\/index.php\/wp-json\/wp\/v2\/product_brand?post=97544"},{"taxonomy":"product_cat","embeddable":true,"href":"https:\/\/soydeaqui.ddns.net\/pachuca\/index.php\/wp-json\/wp\/v2\/product_cat?post=97544"},{"taxonomy":"product_tag","embeddable":true,"href":"https:\/\/soydeaqui.ddns.net\/pachuca\/index.php\/wp-json\/wp\/v2\/product_tag?post=97544"}],"curies":[{"name":"wp","href":"https:\/\/api.w.org\/{rel}","templated":true}]}}