{"id":97511,"date":"2026-03-20T08:59:50","date_gmt":"2026-03-20T08:59:50","guid":{"rendered":"https:\/\/soydeaqui.ddns.net\/pachuca\/index.php\/producto\/flexvu-proteccion-activa-turret-ip-4-megapixel-2-lentes-de-2-8-mm-imagen-panoramica-180-30-mts-ir-exterior-ip67-luz-intermitente-y-alerta-de-audio-audio-bidireccional-acusense\/"},"modified":"2026-03-20T08:59:54","modified_gmt":"2026-03-20T08:59:54","slug":"flexvu-proteccion-activa-turret-ip-4-megapixel-2-lentes-de-2-8-mm-imagen-panoramica-180-30-mts-ir-exterior-ip67-luz-intermitente-y-alerta-de-audio-audio-bidireccional-acusense","status":"publish","type":"product","link":"https:\/\/soydeaqui.ddns.net\/pachuca\/index.php\/producto\/flexvu-proteccion-activa-turret-ip-4-megapixel-2-lentes-de-2-8-mm-imagen-panoramica-180-30-mts-ir-exterior-ip67-luz-intermitente-y-alerta-de-audio-audio-bidireccional-acusense\/","title":{"rendered":"[FlexVu] [PROTECCI\u00d3N ACTIVA] Turret IP 4 Megapixel \/ 2 Lentes de 2.8 mm (Imagen Panor\u00e1mica 180\u00b0) \/ 30 mts IR \/ Exterior IP67 \/ Luz Intermitente y Alerta de Audio \/ Audio Bidireccional \/ ACUSENSE \/ WDR 120 dB \/ Micro SD"},"content":{"rendered":"<div style='width: 100%; max-width: 1200px; margin: 0 auto; font-family: sans-serif; line-height: 1.6; color: inherit; background-color: transparent;'>\n<p style='text-align: center; margin: 20px 0;'><img style='width: 45%; height: auto; border: 1px solid rgba(150&comma;150&comma;150&comma;0.3); border-radius: 8px;' src='https:\/\/ftp3.syscom.mx\/usuarios\/jsosa\/HIKVISION\/imagenes\/logo\/hikvision%20see%20far.png' alt='Logo Hikvision' \/><\/p>\n<p style='margin: 20px 0;'><img style='width: 100%; height: auto; border: 1px solid rgba(150&comma;150&comma;150&comma;0.3); border-radius: 8px;' src='http:\/\/ftp3.syscom.mx\/usuarios\/roberto.espino\/Specs\/Color\/canteen.jpeg' alt='Canteen' \/><\/p>\n<p style='margin: 20px 0;'><img style='width: 100%; height: auto; border: 1px solid rgba(150&comma;150&comma;150&comma;0.3); border-radius: 8px;' src='http:\/\/ftp3.syscom.mx\/usuarios\/roberto.espino\/Specs\/Color\/road%20day.jpeg' alt='Road Day' \/><\/p>\n<div style='position: relative; padding-bottom: 56.25%; height: 0; overflow: hidden; margin: 30px 0;'> <video style='position: absolute; top: 0; left: 0; width: 100%; height: 100%; border: none; border-radius: 8px;' src='https:\/\/ftp3.syscom.mx\/usuarios\/fcarrillo\/Hikvision\/videos\/Indoor%20Parking%20Lot%204K%20ColorVu%2BPanoramic%2032-9%20%281%29.mp4' loop muted controls><\/video> <\/div>\n<p style='text-align: center; margin: 20px 0;'>\n<div style='display: flex; flex-wrap: wrap; gap: 30px; margin-bottom: 30px;'>\n<div style='flex: 1 1 300px; min-width: 280px;'>\n<h3 style='font-size: 22px; border-bottom: 2px solid currentColor; padding-bottom: 5px; margin-top: 0; color: inherit; opacity: 0.8;'>Caracter\u00edsticas Principales<\/h3>\n<ul style='padding-left: 20px; font-size: 15px; color: inherit;'>\n<li style='margin-bottom: 5px;'>Resoluci\u00f3n M\u00e1xima: <strong>4 Megapixel (3040 \u00d7 1368)<\/strong><\/li>\n<li style='margin-bottom: 5px;'>Iluminaci\u00f3n m\u00ednima: <strong>0.003 Lux @ (F1.6&comma; AGC ON)&comma; B\/W:0 Lux with IR<\/strong><\/li>\n<li style='margin-bottom: 5px;'>Lente fijo: <strong>2.8 mm (\u00e1ngulo de apertura 111.9\u00b0)<\/strong><\/li>\n<li style='margin-bottom: 5px;'>Distancia de infrarrojo: <strong>30 mts de IR<\/strong><\/li>\n<li style='margin-bottom: 5px;'>WDR: <strong>120 dB<\/strong><\/li>\n<li style='margin-bottom: 5px;'>Detecci\u00f3n: <strong>Movimiento \/ Cruce de l\u00ednea \/ Detecci\u00f3n de intrusi\u00f3n<\/strong><\/li>\n<li style='margin-bottom: 5px;'><strong>Micr\u00f3fono y altavoz integrado (audio de 2 v\u00edas)<\/strong><\/li>\n<li style='margin-bottom: 5px;'><strong>Luz intermitente y alerta de audio pregrabado \/ personalizable (ligado a evento por medio de altavoz integrado)<\/strong><\/li>\n<\/ul><\/div>\n<div style='flex: 1 1 300px; min-width: 280px;'>\n<h3 style='font-size: 22px; border-bottom: 2px solid currentColor; padding-bottom: 5px; margin-top: 0; color: inherit; opacity: 0.8;'>Entradas y Salidas<\/h3>\n<ul style='padding-left: 20px; font-size: 15px; color: inherit;'>\n<li style='margin-bottom: 5px;'>Entradas de alarma: <strong>1<\/strong><\/li>\n<li style='margin-bottom: 5px;'>Salidas de alarma: <strong>1<\/strong><\/li>\n<li style='margin-bottom: 5px;'>Entradas de audio: <strong>1<\/strong><\/li>\n<li style='margin-bottom: 5px;'>Salidas de audio: <strong>1<\/strong><\/li>\n<li style='margin-bottom: 5px;'>Micr\u00f3fono: <strong>Integrado<\/strong><\/li>\n<li style='margin-bottom: 5px;'>Memoria: <strong>Soporta micro SD 512 GB<\/strong><\/li>\n<li style='margin-bottom: 5px;'>Puerto de red: <strong>1 (10\/100 Mbps \/ PoE 802.3af)<\/strong><\/li>\n<li style='margin-bottom: 5px;'>Protocolos: <strong>ONVIF (PROFILE S y G) \/ ISAPI<\/strong><\/li>\n<\/ul><\/div>\n<div style='flex: 1 1 300px; min-width: 280px;'>\n<h3 style='font-size: 22px; border-bottom: 2px solid currentColor; padding-bottom: 5px; margin-top: 0; color: inherit; opacity: 0.8;'>Caracter\u00edsticas F\u00edsicas y El\u00e9ctricas<\/h3>\n<ul style='padding-left: 20px; font-size: 15px; color: inherit;'>\n<li style='margin-bottom: 5px;'>Temperatura de operaci\u00f3n: <strong>-30\u00b0C a 60\u00b0C<\/strong><\/li>\n<li style='margin-bottom: 5px;'>Alimentaci\u00f3n: <strong>12Vcc \/ 10.5 Watts<\/strong><\/li>\n<li style='margin-bottom: 5px;'>PoE: <strong>802.3af \/ 12.5 Watts<\/strong><\/li>\n<li style='margin-bottom: 5px;'>Protecci\u00f3n: <strong>Interior \/ Exterior IP67<\/strong><\/li>\n<li style='margin-bottom: 5px;'>Material: <strong>Aluminio<\/strong><\/li>\n<li style='margin-bottom: 5px;'>Dimensiones: <strong>138.3 x 115.4 mm<\/strong><\/li>\n<li style='margin-bottom: 5px;'>Peso: <strong>760 gramos<\/strong><\/li>\n<\/ul><\/div>\n<div style='flex: 1 1 300px; min-width: 280px;'>\n<h3 style='font-size: 22px; border-bottom: 2px solid currentColor; padding-bottom: 5px; margin-top: 0; color: inherit; opacity: 0.8;'>Accesorios Opcionales<\/h3>\n<ul style='padding-left: 20px; font-size: 15px; color: inherit;'>\n<li style='margin-bottom: 5px;'>Montaje de pared para exterior: <a href='https:\/\/www.syscom.mx\/producto\/DS-1273ZJ-140-HIKVISION-169203.html' target='_blank' rel='noopener' style='color: inherit; text-decoration: underline;'>DS-1273ZJ-140<\/a><\/li>\n<li style='margin-bottom: 5px;'>Montaje de pared: <a href='https:\/\/www.syscom.mx\/producto\/DS-1273ZJ-140B-HIKVISION-211967.html' target='_blank' rel='noopener' style='color: inherit; text-decoration: underline;'>DS-1273ZJ-140B<\/a><\/li>\n<li style='margin-bottom: 5px;'>Caja de techo: <a href='https:\/\/www.syscom.mx\/producto\/DS-1271ZJ-140-HIKVISION-223862.html' target='_blank' rel='noopener' style='color: inherit; text-decoration: underline;'>DS-1271ZJ-140<\/a><\/li>\n<\/ul><\/div>\n<div style='flex: 1 1 300px; min-width: 280px;'>\n<h3 style='font-size: 22px; border-bottom: 2px solid currentColor; padding-bottom: 5px; margin-top: 0; color: inherit; opacity: 0.8;'>Distancias DORI<\/h3>\n<p style='font-size: 15px; color: inherit;'>DORI es un est\u00e1ndar utilizado para definir la distancia a la cual se puede detectar&comma; observar&comma; reconocer e identificar personas y objetos con claridad utilizando una c\u00e1mara de vigilancia.<\/p>\n<table style='width: 100%; border-collapse: collapse; margin-top: 15px;'>\n<thead>\n<tr style='background-color: rgba(223&comma; 0&comma; 30&comma; 0.1);'>\n<th style='padding: 10px; border: 1px solid rgba(150&comma;150&comma;150&comma;0.3); font-weight: bold; text-align: left;'>Distancia Focal<\/th>\n<th style='padding: 10px; border: 1px solid rgba(150&comma;150&comma;150&comma;0.3); font-weight: bold; text-align: left;'>Detectar<\/th>\n<th style='padding: 10px; border: 1px solid rgba(150&comma;150&comma;150&comma;0.3); font-weight: bold; text-align: left;'>Observar<\/th>\n<th style='padding: 10px; border: 1px solid rgba(150&comma;150&comma;150&comma;0.3); font-weight: bold; text-align: left;'>Reconocer<\/th>\n<th style='padding: 10px; border: 1px solid rgba(150&comma;150&comma;150&comma;0.3); font-weight: bold; text-align: left;'>Identificar<\/th>\n<\/tr>\n<\/thead>\n<tbody>\n<tr>\n<td style='padding: 8px; border: 1px solid rgba(150&comma;150&comma;150&comma;0.3);'>Distancia (2.8mm)<\/td>\n<td style='padding: 8px; border: 1px solid rgba(150&comma;150&comma;150&comma;0.3);'>63 m<\/td>\n<td style='padding: 8px; border: 1px solid rgba(150&comma;150&comma;150&comma;0.3);'>25 m<\/td>\n<td style='padding: 8px; border: 1px solid rgba(150&comma;150&comma;150&comma;0.3);'>12 m<\/td>\n<td style='padding: 8px; border: 1px solid rgba(150&comma;150&comma;150&comma;0.3);'>6 m<\/td>\n<\/tr>\n<\/tbody>\n<\/table><\/div>\n<div style='flex: 1 1 300px; min-width: 280px;'>\n<h3 style='font-size: 22px; border-bottom: 2px solid currentColor; padding-bottom: 5px; margin-top: 0; color: inherit; opacity: 0.8;'>Consideraciones<\/h3>\n<ul style='padding-left: 20px; font-size: 15px; color: inherit;'>\n<li style='margin-bottom: 10px;'>NVRs compatibles para grabaci\u00f3n: Serie NI-Q&comma; NI-I (128 y 256 canales)&comma; NI-K1. (Directo a la salida del HDMI no dar\u00e1 video&comma; no soporta el tama\u00f1o de imagen por la decodificaci\u00f3n). Se puede visualizar por la App&comma; web o iVMS-4200.<\/li>\n<li style='margin-bottom: 10px;'>NVRs compatibles para grabaci\u00f3n y monitoreo directo por HDMI: Serie NXI-I&comma; NI-M&comma; NI-I&comma; NXI-K&comma; NI-K&comma; NXI-M.<\/li>\n<li style='margin-bottom: 10px;'>No es posible integrarlo a NVRs de 4 canales o DVR&#8217;s de cualquier modelo. No lo soportan por el tama\u00f1o de imagen.<\/li>\n<li style='margin-bottom: 10px; color: #df001e; font-weight: bold;'>No es posible integrarlo con los NVRs DS-76**NXI-K1<\/li>\n<\/ul><\/div>\n<\/p><\/div>\n<div style='display: flex; flex-wrap: wrap; margin-top: 30px;'>\n<div style='flex: 1 1 100%;'> <img style='width: 100%; height: auto; border: 1px solid rgba(150&comma;150&comma;150&comma;0.3); border-radius: 8px;' src='https:\/\/ftp3.syscom.mx\/usuarios\/jsosa\/HIKVISION\/imagenes\/banners\/solution%20complete.png' alt='Soluci\u00f3n Completa' \/> <\/div>\n<\/p><\/div>\n<\/p><\/div>\n","protected":false},"excerpt":{"rendered":"<p>[FlexVu] [PROTECCI\u00d3N ACTIVA] Turret IP 4 Megapixel \/ 2 Lentes de 2.8 mm (Imagen Panor\u00e1mica 180\u00b0) \/ 30 mts IR \/ Exterior IP67 \/ Luz Intermitente y Alerta de Audio \/ Audio Bidireccional \/ ACUSENSE \/ WDR 120 dB \/ Micro SD<\/p>\n","protected":false},"featured_media":97510,"comment_status":"open","ping_status":"closed","template":"","meta":[],"product_brand":[],"product_cat":[2248],"product_tag":[122,2249,54],"class_list":{"0":"post-97511","1":"product","2":"type-product","3":"status-publish","4":"has-post-thumbnail","6":"product_cat-fisheye-y-hemisfericas","7":"product_tag-camaras-ip-y-nvrs","8":"product_tag-fisheye-y-hemisfericas","9":"product_tag-hikvision","11":"first","12":"outofstock","13":"sale","14":"shipping-taxable","15":"purchasable","16":"product-type-simple"},"_links":{"self":[{"href":"https:\/\/soydeaqui.ddns.net\/pachuca\/index.php\/wp-json\/wp\/v2\/product\/97511","targetHints":{"allow":["GET"]}}],"collection":[{"href":"https:\/\/soydeaqui.ddns.net\/pachuca\/index.php\/wp-json\/wp\/v2\/product"}],"about":[{"href":"https:\/\/soydeaqui.ddns.net\/pachuca\/index.php\/wp-json\/wp\/v2\/types\/product"}],"replies":[{"embeddable":true,"href":"https:\/\/soydeaqui.ddns.net\/pachuca\/index.php\/wp-json\/wp\/v2\/comments?post=97511"}],"wp:featuredmedia":[{"embeddable":true,"href":"https:\/\/soydeaqui.ddns.net\/pachuca\/index.php\/wp-json\/wp\/v2\/media\/97510"}],"wp:attachment":[{"href":"https:\/\/soydeaqui.ddns.net\/pachuca\/index.php\/wp-json\/wp\/v2\/media?parent=97511"}],"wp:term":[{"taxonomy":"product_brand","embeddable":true,"href":"https:\/\/soydeaqui.ddns.net\/pachuca\/index.php\/wp-json\/wp\/v2\/product_brand?post=97511"},{"taxonomy":"product_cat","embeddable":true,"href":"https:\/\/soydeaqui.ddns.net\/pachuca\/index.php\/wp-json\/wp\/v2\/product_cat?post=97511"},{"taxonomy":"product_tag","embeddable":true,"href":"https:\/\/soydeaqui.ddns.net\/pachuca\/index.php\/wp-json\/wp\/v2\/product_tag?post=97511"}],"curies":[{"name":"wp","href":"https:\/\/api.w.org\/{rel}","templated":true}]}}