{"id":97482,"date":"2026-03-20T08:58:32","date_gmt":"2026-03-20T08:58:32","guid":{"rendered":"https:\/\/soydeaqui.ddns.net\/pachuca\/index.php\/producto\/dvr-4-canales-turbohd-4-canales-ip-8-megapixel-4k-audio-de-dos-vias-por-coaxitron-acusense-reconocimiento-facial-1-bahia-de-disco-duro-salida-de-video-en-2k-h-265\/"},"modified":"2026-03-20T08:58:33","modified_gmt":"2026-03-20T08:58:33","slug":"dvr-4-canales-turbohd-4-canales-ip-8-megapixel-4k-audio-de-dos-vias-por-coaxitron-acusense-reconocimiento-facial-1-bahia-de-disco-duro-salida-de-video-en-2k-h-265","status":"publish","type":"product","link":"https:\/\/soydeaqui.ddns.net\/pachuca\/index.php\/producto\/dvr-4-canales-turbohd-4-canales-ip-8-megapixel-4k-audio-de-dos-vias-por-coaxitron-acusense-reconocimiento-facial-1-bahia-de-disco-duro-salida-de-video-en-2k-h-265\/","title":{"rendered":"DVR 4 Canales TURBOHD + 4 Canales IP \/ 8 Megapixel (4K) \/ Audio de dos v\u00edas por Coaxitron \/ ACUSENSE \/ Reconocimiento Facial \/ 1 Bah\u00eda de Disco Duro \/ Salida de Video en 2K \/ H.265+"},"content":{"rendered":"<div style=\"width: 100%; max-width: 1200px; margin: 0 auto; font-family: sans-serif; line-height: 1.6; color: inherit; background-color: transparent;\"><!-- Videos --> <\/p>\n<div style=\"display: flex; flex-direction: column; gap: 20px; margin-bottom: 30px;\"><video style=\"width: 100%; height: auto; border: 1px solid rgba(150&comma;150&comma;150&comma;0.3); border-radius: 8px;\" muted=\"\" controls=\"controls\" width=\"300\" height=\"150\"><source src=\"https:\/\/ftp3.syscom.mx\/usuarios\/nicolas.jimenez\/Turbo8\/Turbo8%20animacion.mp4\" type=\"video\/mp4\" \/><\/video> <video style=\"width: 100%; height: auto; border: 1px solid rgba(150&comma;150&comma;150&comma;0.3); border-radius: 8px;\" controls=\"controls\" width=\"300\" height=\"150\"><source src=\"https:\/\/ftp3.syscom.mx\/usuarios\/nicolas.jimenez\/Turbo8\/Turbo%20HD%208.0-Audio%20bidireccional%20TVI%20Doblaje.mp4\" type=\"video\/mp4\" \/><\/video><\/div>\n<p> <!-- Im\u00e1genes --> <\/p>\n<div style=\"display: grid; grid-template-columns: repeat(auto-fit&comma; minmax(280px&comma; 1fr)); gap: 20px; margin-bottom: 30px;\"><img decoding=\"async\" style=\"width: 100%; height: auto; border: 1px solid rgba(150&comma;150&comma;150&comma;0.3); border-radius: 8px;\" src=\"https:\/\/ftp3.syscom.mx\/usuarios\/fotos\/IDS7208HQHIM1\/S(C)\/192927-untitled.png\" alt=\"\" \/> <img decoding=\"async\" style=\"width: 100%; height: auto; border: 1px solid rgba(150&comma;150&comma;150&comma;0.3); border-radius: 8px;\" src=\"https:\/\/ftp3.syscom.mx\/usuarios\/fotos\/IDS7208HQHIM1\/S(C)\/192927-untitled_(2).png\" alt=\"\" \/> <img decoding=\"async\" style=\"width: 100%; height: auto; border: 1px solid rgba(150&comma;150&comma;150&comma;0.3); border-radius: 8px;\" src=\"https:\/\/ftp3.syscom.mx\/usuarios\/emendoza\/elesbanmch\/HIKVISON\/IMAGENES\/COAXITRON-audio.jpg\" alt=\"\" \/><\/div>\n<p> <!-- Video de YouTube --> <\/p>\n<div style=\"position: relative; padding-bottom: 56.25%; height: 0; overflow: hidden; margin-bottom: 30px;\"> <\/div>\n<p> <!-- Caracter\u00edsticas Principales --> <\/p>\n<div style=\"display: flex; flex-wrap: wrap; gap: 20px; margin-bottom: 30px;\">\n<div style=\"flex: 1 1 300px; min-width: 280px;\">\n<div style=\"border: 1px solid rgba(150&comma;150&comma;150&comma;0.4); border-radius: 8px; overflow: hidden; display: flex; flex-direction: column;\">\n<div style=\"padding: 15px; border-bottom: 1px solid rgba(150&comma;150&comma;150&comma;0.2); font-weight: bold; font-size: 18px; color: #ffffff; background-color: #df001e;\">Caracter&iacute;sticas Principales:<\/div>\n<div style=\"padding: 15px; color: inherit;\">\n<ul style=\"padding-left: 20px; margin: 0; font-size: 14px; list-style-type: disc;\">\n<li style=\"margin-bottom: 5px;\"><span style=\"color: inherit; font-family: sans-serif;\">Soporta Audiode dos vias por coaxitron en todos los canales (UTP o coaxial).<\/span><\/li>\n<li style=\"margin-bottom: 5px;\"><span style=\"color: inherit; font-family: sans-serif;\">Soporta reconocimiento facial.<\/span><\/li>\n<li style=\"margin-bottom: 5px;\"><span style=\"color: inherit; font-family: sans-serif;\">Soporta ACUSENSE<\/span><\/li>\n<li style=\"margin-bottom: 5px;\"><span style=\"color: inherit; font-family: sans-serif;\">Soporta 4 canales TURBOHD + 4 canales IP = 8 canales en total.<\/span><\/li>\n<li style=\"margin-bottom: 5px;\"><span style=\"color: inherit; font-family: sans-serif;\">DVR pentah&iacute;brido: HD-TVI \/ HD-CVI \/ Analogico \/ IP \/ AHD.<\/span><\/li>\n<li style=\"margin-bottom: 5px;\"><span style=\"color: inherit; font-family: sans-serif;\">Acceso remoto: PC (WINDOWS \/ MAC)&comma; Smart Phone (iPhone&comma; iPad&comma; Android).<\/span><\/li>\n<li style=\"margin-bottom: 5px;\"><span style=\"color: inherit; font-family: sans-serif;\">Compatibilidad con navegador Internet Explorer o Chrome.<\/span><\/li>\n<li style=\"margin-bottom: 5px;\"><span style=\"color: inherit; font-family: sans-serif;\">Software cliente multi sitio de hasta 64 canales (iVMS-4200).<\/span><\/li>\n<li style=\"margin-bottom: 5px;\"><span style=\"color: inherit; font-family: sans-serif;\">Compatible con Hik-Connect P2P.<\/span><\/li>\n<li style=\"margin-bottom: 5px;\"><span style=\"color: inherit; font-family: sans-serif;\">Soporta servicio DDNS Hik-Connect Domain \/ DynDNS.<\/span><\/li>\n<li style=\"margin-bottom: 5px;\"><span style=\"color: inherit; font-family: sans-serif;\">1 entrada y 1 salida de audio (bocina y microfono externo).<\/span><\/li>\n<li style=\"margin-bottom: 5px;\"><span style=\"color: inherit; font-family: sans-serif;\">Soporta 1 HDD de hasta 10 TB (no incluido).<\/span><\/li>\n<li style=\"margin-bottom: 5px;\"><span style=\"color: inherit; font-family: sans-serif;\">Interfaz serial: RS-485 (HIKVISION C&comma; COAXITRON&comma; PELCO D&comma; PELCO P&comma; etc).<\/span><\/li>\n<li style=\"margin-bottom: 5px;\"><span style=\"color: inherit; font-family: sans-serif;\">Compresi&oacute;n: H.265+ \/ H.265 \/ H.264.<\/span><\/li>\n<li style=\"margin-bottom: 5px;\"><strong><span style=\"color: inherit; font-family: sans-serif;\">Salida de video sumultaneo en HDMI y VGA.<\/span><\/strong><\/li>\n<\/ul><\/div>\n<\/p><\/div>\n<\/p><\/div>\n<p> <!-- Caracter\u00edsticas F\u00edsicas y El\u00e9ctricas --> <\/p>\n<div style=\"flex: 1 1 300px; min-width: 280px;\">\n<div style=\"border: 1px solid rgba(150&comma;150&comma;150&comma;0.4); border-radius: 8px; overflow: hidden; display: flex; flex-direction: column;\">\n<div style=\"padding: 15px; border-bottom: 1px solid rgba(150&comma;150&comma;150&comma;0.2); font-weight: bold; font-size: 18px; color: #ffffff; background-color: #df001e;\">Caracter&iacute;sticas F&iacute;sicas y El&eacute;ctricas:<\/div>\n<div style=\"padding: 15px; color: inherit;\">\n<ul style=\"padding-left: 20px; margin: 0; font-size: 14px; list-style-type: disc;\">\n<li style=\"margin-bottom: 5px;\"><span style=\"color: inherit; font-family: sans-serif;\">Alimentaci&oacute;n: 12 Vcc (fuente incluida).<\/span><\/li>\n<li style=\"margin-bottom: 5px;\"><span style=\"color: inherit; font-family: sans-serif;\">Consumo sin HDD: 18 watts.<\/span><\/li>\n<li style=\"margin-bottom: 5px;\"><span style=\"color: inherit; font-family: sans-serif;\">Temperatura de operaci&oacute;n: -10 &ordm;C hasta 55 &ordm;C.<\/span><\/li>\n<li style=\"margin-bottom: 5px;\"><span style=\"color: inherit; font-family: sans-serif;\">Dimensiones: 315 x 242 x 45 mm (W &times; D &times; H)<\/span><\/li>\n<li style=\"margin-bottom: 5px;\"><span style=\"color: inherit; font-family: sans-serif;\">Peso: 1.78 Kg sin HDD.<\/span><\/li>\n<li style=\"margin-bottom: 5px;\"><span style=\"color: inherit; font-family: sans-serif;\">No compatible con control remoto<\/span><\/li>\n<li style=\"margin-bottom: 5px;\"><span style=\"color: inherit; font-family: sans-serif;\">Entrada de alarma: 4.<\/span><\/li>\n<li style=\"margin-bottom: 5px;\"><span style=\"color: inherit; font-family: sans-serif;\">Salida de alarma: 1.<\/span><\/li>\n<\/ul><\/div>\n<\/p><\/div>\n<p> <!-- Resoluci\u00f3n --> <\/p>\n<div style=\"margin-top: 20px; border: 1px solid rgba(150&comma;150&comma;150&comma;0.4); border-radius: 8px; overflow: hidden;\">\n<div style=\"padding: 15px; border-bottom: 1px solid rgba(150&comma;150&comma;150&comma;0.2); font-weight: bold; font-size: 18px; color: #ffffff; background-color: #df001e;\">Resolucion:<\/div>\n<div style=\"padding: 15px; color: inherit;\">\n<ul style=\"padding-left: 20px; margin: 0; font-size: 14px; list-style-type: disc;\">\n<li style=\"margin-bottom: 5px;\"><span style=\"color: inherit; font-family: sans-serif;\">TVI (TURBOHD): 4K (8 MP) \/ 3K \/ 5 MP \/ 4 MP \/ 2 MP.<\/span><\/li>\n<li style=\"margin-bottom: 5px;\"><span style=\"color: inherit; font-family: sans-serif;\">CVI: 8 MP \/ 5 MP \/ 4 MP \/ 2 MP.<\/span><\/li>\n<li style=\"margin-bottom: 5px;\"><span style=\"color: inherit; font-family: sans-serif;\">AHD: 5 MP \/ 4 MP \/ 2 MP.<\/span><\/li>\n<li style=\"margin-bottom: 5px;\"><span style=\"color: inherit; font-family: sans-serif;\">CVBS (anal&oacute;gico): 1200 TVL.<\/span><\/li>\n<li style=\"margin-bottom: 5px;\"><span style=\"color: inherit; font-family: sans-serif;\">IP: 4k (8 MP) \/ 5 MP\/ 6 MP\/ 4 MP \/ 2 MP<\/span><\/li>\n<\/ul><\/div>\n<\/p><\/div>\n<\/p><\/div>\n<\/p><\/div>\n<p> <!-- Caracter\u00edsticas Destacadas --> <\/p>\n<div style=\"margin-bottom: 30px;\">\n<div style=\"border: 1px solid rgba(150&comma;150&comma;150&comma;0.4); border-radius: 8px; overflow: hidden;\">\n<div style=\"padding: 15px; border-bottom: 1px solid rgba(150&comma;150&comma;150&comma;0.2); font-weight: bold; font-size: 18px; color: #ffffff; background-color: #df001e;\">Caracter&iacute;sticas Destacadas:<\/div>\n<div style=\"padding: 15px; color: inherit;\">\n<ul style=\"padding-left: 20px; margin: 0; font-size: 14px; list-style-type: disc;\">\n<li style=\"margin-bottom: 15px;\"><span style=\"color: inherit; font-family: sans-serif;\">Soporta audio de dos vias por coaxitron (UTP o coaxial). Compatible con modelo de c&aacute;maras TURBOHD que soporten audio de dos v&iacute;as. Podemos tener una comunicaci&oacute;n desde la App Hik-Connect bidireccional hacia la c&aacute;mara.<\/span><\/li>\n<li style=\"margin-bottom: 15px;\"><span style=\"color: inherit; font-family: sans-serif;\">Soporta reconocimiento facial en 2 canales de video&comma; compatible solo con c&aacute;maras TURBOHD (el analitico lo hace el DVR&comma; puede ser cualquier c&aacute;mara TURBOHD).<\/span><\/li>\n<li style=\"margin-bottom: 15px;\"><span style=\"color: inherit; font-family: sans-serif;\">Soporta 2 canales con tecnologia ACUSENSE&comma; permite filtrar por analitica de cruce de linea o intrusion de area humanos o vehiculos para activar un evento o grabaci&oacute;n&comma; esto nos permite descartar falsas alarmas (grabaciones) cuando exista un movimiento de hojas o movimiento de algun animal&comma; vuelve mas eficiente la grabaci&oacute;n cuando realmente si sea necesario.<\/span><\/li>\n<li style=\"margin-bottom: 15px;\"><span style=\"color: inherit; font-family: sans-serif;\">Soporta en todos los canales con tecnolog&iacute;a ACUSENSE Lite&comma; permite filtrar por detecci&oacute;n de movimiento humanos o vehiculos para activar un evento o grabaci&oacute;n&comma; esto nos permite descartar falsas alarmas (grabaciones) cuando exista un movimiento de hojas o movimiento de algun animal&comma; vuelve mas eficiente la grabaci&oacute;n cuando realmente si sea necesario.<\/span><\/li>\n<li style=\"margin-bottom: 15px;\"><span style=\"color: inherit; font-family: sans-serif;\">Soporta 8 bloques de memoria. El sistema de bloques de memoria asigna recursos de forma din&aacute;mica&comma; permitiendo la ejecuci&oacute;n simult&aacute;nea de funciones que antes no se pod&iacute;an activar juntas. Para conocer m&aacute;s sobre esta funcion consulte <a style=\"color: inherit; text-decoration: underline;\" href=\"https:\/\/soporte.syscom.mx\/es\/articles\/10007151-hikvision-bloques-de-memoria-procesamiento-de-analiticos-en-dvr-turbo-8-0-serie-xt-y-x?_gl=1*1a7pkkq*_gcl_au*Mjg4MTQ4MTg1LjE3NTAxNzkzMjI\" target=\"_blank\" rel=\"noopener\">aqu&iacute;<\/a>.<\/span><\/li>\n<li style=\"margin-bottom: 15px;\"><span style=\"color: inherit; font-family: sans-serif;\">Soporta apagar canales TURBOHD y poder conventir el DVR en un equipo NVR completo&comma; por cada canal TURBOHD que se apague se puede generar un canal IP adicional. Podemos tener hasta 8 canales IP en total.<\/span><\/li>\n<\/ul><\/div>\n<\/p><\/div>\n<\/p><\/div>\n<p> <!-- Imagen final --> <\/p>\n<div style=\"margin-bottom: 30px;\"><img decoding=\"async\" style=\"width: 100%; height: auto; border: 1px solid rgba(150&comma;150&comma;150&comma;0.3); border-radius: 8px;\" src=\"https:\/\/ftp3.syscom.mx\/usuarios\/jsosa\/HIKVISION\/imagenes\/banners\/solution%20complete.png\" alt=\"\" \/><\/div>\n<\/p><\/div>\n","protected":false},"excerpt":{"rendered":"<p>DVR 4 Canales TURBOHD + 4 Canales IP \/ 8 Megapixel (4K) \/ Audio de dos v\u00edas por Coaxitron \/ ACUSENSE \/ Reconocimiento Facial \/ 1 Bah\u00eda de Disco Duro \/ Salida de Video en 2K \/ H.265+<\/p>\n","protected":false},"featured_media":97481,"comment_status":"open","ping_status":"closed","template":"","meta":[],"product_brand":[],"product_cat":[2254],"product_tag":[2255,54,2256],"class_list":{"0":"post-97482","1":"product","2":"type-product","3":"status-publish","4":"has-post-thumbnail","6":"product_cat-videograbadoras-analogicas-turbohd-tvi-ahd-cvi","7":"product_tag-camaras-y-dvrs-hd-turbohd-ahd-hd-tvi","8":"product_tag-hikvision","9":"product_tag-videograbadoras-analogicas-turbohd-tvi-ahd-cvi","11":"first","12":"instock","13":"sale","14":"shipping-taxable","15":"purchasable","16":"product-type-simple"},"_links":{"self":[{"href":"https:\/\/soydeaqui.ddns.net\/pachuca\/index.php\/wp-json\/wp\/v2\/product\/97482","targetHints":{"allow":["GET"]}}],"collection":[{"href":"https:\/\/soydeaqui.ddns.net\/pachuca\/index.php\/wp-json\/wp\/v2\/product"}],"about":[{"href":"https:\/\/soydeaqui.ddns.net\/pachuca\/index.php\/wp-json\/wp\/v2\/types\/product"}],"replies":[{"embeddable":true,"href":"https:\/\/soydeaqui.ddns.net\/pachuca\/index.php\/wp-json\/wp\/v2\/comments?post=97482"}],"wp:featuredmedia":[{"embeddable":true,"href":"https:\/\/soydeaqui.ddns.net\/pachuca\/index.php\/wp-json\/wp\/v2\/media\/97481"}],"wp:attachment":[{"href":"https:\/\/soydeaqui.ddns.net\/pachuca\/index.php\/wp-json\/wp\/v2\/media?parent=97482"}],"wp:term":[{"taxonomy":"product_brand","embeddable":true,"href":"https:\/\/soydeaqui.ddns.net\/pachuca\/index.php\/wp-json\/wp\/v2\/product_brand?post=97482"},{"taxonomy":"product_cat","embeddable":true,"href":"https:\/\/soydeaqui.ddns.net\/pachuca\/index.php\/wp-json\/wp\/v2\/product_cat?post=97482"},{"taxonomy":"product_tag","embeddable":true,"href":"https:\/\/soydeaqui.ddns.net\/pachuca\/index.php\/wp-json\/wp\/v2\/product_tag?post=97482"}],"curies":[{"name":"wp","href":"https:\/\/api.w.org\/{rel}","templated":true}]}}