{"id":97463,"date":"2026-03-20T08:57:40","date_gmt":"2026-03-20T08:57:40","guid":{"rendered":"https:\/\/soydeaqui.ddns.net\/pachuca\/index.php\/producto\/dvr-16-canales-turbohd-16-canales-ip-8-megapixel-4k-audio-bidireccional-acusense-reconocimiento-facial-2-bahias-de-disco-duro-salida-de-video-en-4k-h-265\/"},"modified":"2026-03-20T08:57:54","modified_gmt":"2026-03-20T08:57:54","slug":"dvr-16-canales-turbohd-16-canales-ip-8-megapixel-4k-audio-bidireccional-acusense-reconocimiento-facial-2-bahias-de-disco-duro-salida-de-video-en-4k-h-265","status":"publish","type":"product","link":"https:\/\/soydeaqui.ddns.net\/pachuca\/index.php\/producto\/dvr-16-canales-turbohd-16-canales-ip-8-megapixel-4k-audio-bidireccional-acusense-reconocimiento-facial-2-bahias-de-disco-duro-salida-de-video-en-4k-h-265\/","title":{"rendered":"DVR 16 Canales TURBOHD + 16 Canales IP \/ 8 Megapixel (4K) \/ Audio Bidireccional \/ ACUSENSE \/ Reconocimiento Facial \/ 2 Bah\u00edas de Disco Duro \/ Salida de Video en 4K \/ H.265+"},"content":{"rendered":"<div style='width: 100%; max-width: 1200px; margin: 0 auto; font-family: sans-serif; line-height: 1.6; color: inherit; background-color: transparent;'> <!-- Videos --> <\/p>\n<div style='position: relative; padding-bottom: 56.25%; height: 0; overflow: hidden; margin-bottom: 30px;'> <video style='position: absolute; top: 0; left: 0; width: 100%; height: 100%; border: 1px solid rgba(150&comma;150&comma;150&comma;0.3); border-radius: 8px;' muted controls><source src='https:\/\/ftp3.syscom.mx\/usuarios\/nicolas.jimenez\/Turbo8\/Turbo8%20animacion.mp4' type='video\/mp4' \/><\/video> <\/div>\n<div style='position: relative; padding-bottom: 56.25%; height: 0; overflow: hidden; margin-bottom: 30px;'> <video style='position: absolute; top: 0; left: 0; width: 100%; height: 100%; border: 1px solid rgba(150&comma;150&comma;150&comma;0.3); border-radius: 8px;' controls><source src='https:\/\/ftp3.syscom.mx\/usuarios\/nicolas.jimenez\/Turbo8\/Turbo%20HD%208.0-Audio%20bidireccional%20TVI%20Doblaje.mp4' type='video\/mp4' \/><\/video> <\/div>\n<p> <!-- Im\u00e1genes --> <\/p>\n<div style='display: flex; flex-wrap: wrap; gap: 20px; margin-bottom: 30px;'>\n<div style='flex: 1 1 300px; min-width: 280px;'> <img style='width: 100%; height: auto; border: 1px solid rgba(150&comma;150&comma;150&comma;0.3); border-radius: 8px;' src='https:\/\/ftp3.syscom.mx\/usuarios\/fotos\/IDS7208HQHIM1\/S(C)\/192927-untitled.png' alt=''> <\/div>\n<div style='flex: 1 1 300px; min-width: 280px;'> <img style='width: 100%; height: auto; border: 1px solid rgba(150&comma;150&comma;150&comma;0.3); border-radius: 8px;' src='https:\/\/ftp3.syscom.mx\/usuarios\/fotos\/IDS7208HQHIM1\/S(C)\/192927-untitled_(2).png' alt=''> <\/div>\n<div style='flex: 1 1 300px; min-width: 280px;'> <img style='width: 100%; height: auto; border: 1px solid rgba(150&comma;150&comma;150&comma;0.3); border-radius: 8px;' src='https:\/\/ftp3.syscom.mx\/usuarios\/emendoza\/elesbanmch\/HIKVISON\/IMAGENES\/COAXITRON-audio.jpg' alt=''> <\/div>\n<\/p><\/div>\n<p> <!-- Caracter\u00edsticas Principales --> <\/p>\n<div style='display: flex; flex-wrap: wrap; gap: 20px; margin-bottom: 30px;'>\n<div style='flex: 1 1 300px; min-width: 280px; border: 1px solid rgba(150&comma; 150&comma; 150&comma; 0.4); border-radius: 8px; overflow: hidden; display: flex; flex-direction: column;'>\n<div style='padding: 15px; background: #df001e; border-bottom: 1px solid #a80000; font-weight: bold; font-size: 18px; color: #ffffff;'>Caracter\u00edsticas Principales:<\/div>\n<div style='padding: 15px; color: inherit;'>\n<ul style='padding-left: 20px; margin: 0; font-size: 14px; list-style-type: disc;'>\n<li style='margin-bottom: 5px;'>Soporta audio bidireccional por coaxitron en todos los canales (UTP o coaxial).<\/li>\n<li style='margin-bottom: 5px;'>Soporta reconocimiento facial.<\/li>\n<li style='margin-bottom: 5px;'>Soporta ACUSENSE<\/li>\n<li style='margin-bottom: 5px;'>Soporta 16 canales TURBOHD + 16 canales IP = 32 canales en total.<\/li>\n<li style='margin-bottom: 5px;'>DVR pentah\u00edbrido: HD-TVI \/ HD-CVI \/ Analogico \/ IP \/ AHD.<\/li>\n<li style='margin-bottom: 5px;'>Acceso remoto: PC (WINDOWS \/ MAC)&comma; Smart Phone (iPhone&comma; iPad&comma; Android).<\/li>\n<li style='margin-bottom: 5px;'>Compatibilidad con navegador Internet Explorer o Chrome.<\/li>\n<li style='margin-bottom: 5px;'>Software cliente multi sitio de hasta 64 canales (iVMS-4200).<\/li>\n<li style='margin-bottom: 5px;'>Compatible con Hik-Connect P2P.<\/li>\n<li style='margin-bottom: 5px;'>Soporta servicio DDNS Hik-Connect Domain \/ DynDNS.<\/li>\n<li style='margin-bottom: 5px;'>1 entrada y 1 salida de audio (bocina y microfono externo).<\/li>\n<li style='margin-bottom: 5px;'>Soporta 2 HDD de hasta 10 TB (no incluido).<\/li>\n<li style='margin-bottom: 5px;'>Interfaz serial: RS-485 (HIKVISION C&comma; COAXITRON&comma; PELCO D&comma; PELCO P&comma; etc).<\/li>\n<li style='margin-bottom: 5px;'>Compresi\u00f3n: H.265+ \/ H.265 \/ H.264.<\/li>\n<li style='margin-bottom: 5px; font-weight: bold;'>Salida de video sumultaneo en HDMI y VGA.<\/li>\n<\/ul><\/div>\n<\/p><\/div>\n<p> <!-- Caracter\u00edsticas F\u00edsicas y El\u00e9ctricas --> <\/p>\n<div style='flex: 1 1 300px; min-width: 280px; border: 1px solid rgba(150&comma; 150&comma; 150&comma; 0.4); border-radius: 8px; overflow: hidden; display: flex; flex-direction: column;'>\n<div style='padding: 15px; background: #df001e; border-bottom: 1px solid #a80000; font-weight: bold; font-size: 18px; color: #ffffff;'>Caracter\u00edsticas F\u00edsicas y El\u00e9ctricas:<\/div>\n<div style='padding: 15px; color: inherit;'>\n<ul style='padding-left: 20px; margin: 0; font-size: 14px; list-style-type: disc;'>\n<li style='margin-bottom: 5px;'>Alimentaci\u00f3n: 12 Vcc (fuente incluida).<\/li>\n<li style='margin-bottom: 5px;'>Consumo sin HDD: 18 watts.<\/li>\n<li style='margin-bottom: 5px;'>Temperatura de operaci\u00f3n: -10 \u00baC hasta 55 \u00baC.<\/li>\n<li style='margin-bottom: 5px;'>Dimensiones: 315 x 242 x 45 mm (W \u00d7 D \u00d7 H)<\/li>\n<li style='margin-bottom: 5px;'>Peso: 1.78 Kg sin HDD.<\/li>\n<li style='margin-bottom: 5px;'>No compatible con control remoto<\/li>\n<\/ul><\/div>\n<\/p><\/div>\n<p> <!-- Resoluci\u00f3n --> <\/p>\n<div style='flex: 1 1 300px; min-width: 280px; border: 1px solid rgba(150&comma; 150&comma; 150&comma; 0.4); border-radius: 8px; overflow: hidden; display: flex; flex-direction: column;'>\n<div style='padding: 15px; background: #df001e; border-bottom: 1px solid #a80000; font-weight: bold; font-size: 18px; color: #ffffff;'>Resolucion:<\/div>\n<div style='padding: 15px; color: inherit;'>\n<ul style='padding-left: 20px; margin: 0; font-size: 14px; list-style-type: disc;'>\n<li style='margin-bottom: 5px;'>TVI (TURBOHD): 4K (8 MP) \/ 3K \/ 5 MP \/ 4 MP \/ 2 MP.<\/li>\n<li style='margin-bottom: 5px;'>CVI: 8 MP \/ 5 MP \/ 4 MP \/ 2 MP.<\/li>\n<li style='margin-bottom: 5px;'>AHD: 5 MP \/ 4 MP \/ 2 MP.<\/li>\n<li style='margin-bottom: 5px;'>CVBS (anal\u00f3gico): 1200 TVL.<\/li>\n<li style='margin-bottom: 5px;'>IP: 4K (8 MP) \/ 5 MP\/ 6 MP\/ 4 MP \/ 2 MP<\/li>\n<\/ul><\/div>\n<\/p><\/div>\n<\/p><\/div>\n<p> <!-- Caracter\u00edsticas Destacadas --> <\/p>\n<div style='display: flex; flex-wrap: wrap; gap: 20px; margin-bottom: 30px;'>\n<div style='flex: 1 1 300px; min-width: 280px; border: 1px solid rgba(150&comma; 150&comma; 150&comma; 0.4); border-radius: 8px; overflow: hidden; display: flex; flex-direction: column;'>\n<div style='padding: 15px; background: #df001e; border-bottom: 1px solid #a80000; font-weight: bold; font-size: 18px; color: #ffffff;'>Caracter\u00edsticas Destacadas:<\/div>\n<div style='padding: 15px; color: inherit;'>\n<ul style='padding-left: 20px; margin: 0; font-size: 14px; list-style-type: disc;'>\n<li style='margin-bottom: 15px;'>Soporta audio bidireccional por coaxitron (UTP o coaxial). Compatible con modelo de c\u00e1maras TURBOHD que soporten audio de dos v\u00edas. Podemos tener una comunicaci\u00f3n desde la App Hik-Connect bidireccional hacia la c\u00e1mara.<\/li>\n<li style='margin-bottom: 15px;'>Soporta reconocimiento facial en 4 canales de video&comma; compatible solo con c\u00e1maras TURBOHD (el analitico lo hace el DVR&comma; puede ser cualquier c\u00e1mara TURBOHD).<\/li>\n<li style='margin-bottom: 15px;'>Soporta 2 canales con tecnologia ACUSENSE&comma; permite filtrar por analitica de cruce de linea o intrusion de area humanos o vehiculos para activar un evento o grabaci\u00f3n&comma; esto nos permite descartar falsas alarmas (grabaciones) cuando exista un movimiento de hojas o movimiento de algun animal&comma; vuelve mas eficiente la grabaci\u00f3n cuando realmente si sea necesario.<\/li>\n<li style='margin-bottom: 15px;'>Soporta en todos los canales con tecnolog\u00eda ACUSENSE Lite&comma; permite filtrar por detecci\u00f3n de movimiento humanos o vehiculos para activar un evento o grabaci\u00f3n&comma; esto nos permite descartar falsas alarmas (grabaciones) cuando exista un movimiento de hojas o movimiento de algun animal&comma; vuelve mas eficiente la grabaci\u00f3n cuando realmente si sea necesario.<\/li>\n<li style='margin-bottom: 15px;'>Soporta 32 bloques de memoria. El sistema de bloques de memoria asigna recursos de forma din\u00e1mica&comma; permitiendo la ejecuci\u00f3n simult\u00e1nea de funciones que antes no se pod\u00edan activar juntas. Para conocer m\u00e1s sobre esta funcion consulte <a style='color: inherit; text-decoration: underline;' href='https:\/\/soporte.syscom.mx\/es\/articles\/10007151-hikvision-bloques-de-memoria-procesamiento-de-analiticos-en-dvr-turbo-8-0-serie-xt-y-x?_gl=1*1a7pkkq*_gcl_au*Mjg4MTQ4MTg1LjE3NTAxNzkzMjI' target='_blank' rel='noopener'>aqu\u00ed<\/a>.<\/li>\n<li style='margin-bottom: 5px;'>Soporta apagar canales TURBOHD y poder conventir el DVR en un equipo NVR completo&comma; por cada canal TURBOHD que se apague se puede generar un canal IP adicional. Podemos tener hasta 32 canales IP en total.<\/li>\n<\/ul><\/div>\n<\/p><\/div>\n<\/p><\/div>\n<p> <!-- Separador final --> <\/p>\n<hr style='border: 0; border-top: 1px solid rgba(150&comma; 150&comma; 150&comma; 0.3); margin: 30px 0;'> <\/div>\n","protected":false},"excerpt":{"rendered":"<p>DVR 16 Canales TURBOHD + 16 Canales IP \/ 8 Megapixel (4K) \/ Audio Bidireccional \/ ACUSENSE \/ Reconocimiento Facial \/ 2 Bah\u00edas de Disco Duro \/ Salida de Video en 4K \/ H.265+<\/p>\n","protected":false},"featured_media":97462,"comment_status":"open","ping_status":"closed","template":"","meta":[],"product_brand":[],"product_cat":[2254],"product_tag":[2255,54,2256],"class_list":{"0":"post-97463","1":"product","2":"type-product","3":"status-publish","4":"has-post-thumbnail","6":"product_cat-videograbadoras-analogicas-turbohd-tvi-ahd-cvi","7":"product_tag-camaras-y-dvrs-hd-turbohd-ahd-hd-tvi","8":"product_tag-hikvision","9":"product_tag-videograbadoras-analogicas-turbohd-tvi-ahd-cvi","11":"first","12":"outofstock","13":"sale","14":"shipping-taxable","15":"purchasable","16":"product-type-simple"},"_links":{"self":[{"href":"https:\/\/soydeaqui.ddns.net\/pachuca\/index.php\/wp-json\/wp\/v2\/product\/97463","targetHints":{"allow":["GET"]}}],"collection":[{"href":"https:\/\/soydeaqui.ddns.net\/pachuca\/index.php\/wp-json\/wp\/v2\/product"}],"about":[{"href":"https:\/\/soydeaqui.ddns.net\/pachuca\/index.php\/wp-json\/wp\/v2\/types\/product"}],"replies":[{"embeddable":true,"href":"https:\/\/soydeaqui.ddns.net\/pachuca\/index.php\/wp-json\/wp\/v2\/comments?post=97463"}],"wp:featuredmedia":[{"embeddable":true,"href":"https:\/\/soydeaqui.ddns.net\/pachuca\/index.php\/wp-json\/wp\/v2\/media\/97462"}],"wp:attachment":[{"href":"https:\/\/soydeaqui.ddns.net\/pachuca\/index.php\/wp-json\/wp\/v2\/media?parent=97463"}],"wp:term":[{"taxonomy":"product_brand","embeddable":true,"href":"https:\/\/soydeaqui.ddns.net\/pachuca\/index.php\/wp-json\/wp\/v2\/product_brand?post=97463"},{"taxonomy":"product_cat","embeddable":true,"href":"https:\/\/soydeaqui.ddns.net\/pachuca\/index.php\/wp-json\/wp\/v2\/product_cat?post=97463"},{"taxonomy":"product_tag","embeddable":true,"href":"https:\/\/soydeaqui.ddns.net\/pachuca\/index.php\/wp-json\/wp\/v2\/product_tag?post=97463"}],"curies":[{"name":"wp","href":"https:\/\/api.w.org\/{rel}","templated":true}]}}