{"id":97435,"date":"2026-03-20T08:56:23","date_gmt":"2026-03-20T08:56:23","guid":{"rendered":"https:\/\/soydeaqui.ddns.net\/pachuca\/index.php\/producto\/camara-wifi-3mp-wifi-2-4-deteccion-de-humanos-mascotas-llanto-audio-de-2-vias-almacenamiento-microsd-interior\/"},"modified":"2026-03-20T08:56:36","modified_gmt":"2026-03-20T08:56:36","slug":"camara-wifi-3mp-wifi-2-4-deteccion-de-humanos-mascotas-llanto-audio-de-2-vias-almacenamiento-microsd-interior","status":"publish","type":"product","link":"https:\/\/soydeaqui.ddns.net\/pachuca\/index.php\/producto\/camara-wifi-3mp-wifi-2-4-deteccion-de-humanos-mascotas-llanto-audio-de-2-vias-almacenamiento-microsd-interior\/","title":{"rendered":"C\u00e1mara Wifi 3MP | WiFi 2.4 | Detecci\u00f3n de Humanos, Mascotas, Llanto | Audio de 2 V\u00edas | Almacenamiento microSD | Interior"},"content":{"rendered":"<div style='width: 100%; max-width: 1200px; margin: 0 auto; font-family: sans-serif; line-height: 1.6; color: inherit; background-color: transparent;'>\n<div style='width: 100%; max-width: 1200px; margin: 0 auto; font-family: sans-serif; line-height: 1.6; color: inherit; background-color: transparent;'>\n<div style='display: flex; flex-direction: column; align-items: center; text-align: center; margin-bottom: 30px;'> <img style='width: 100%; height: auto; border: 1px solid rgba(150&comma;150&comma;150&comma;0.3); border-radius: 8px; max-width: 600px;' src='https:\/\/ftp3.syscom.mx\/usuarios\/albamaria\/albamaria\/smarthomepoweredbyepcom\/smarthome-by-epcom.jpg' alt=''> <\/p>\n<h1 style='color: #5a97a7; font-size: 24px; margin-top: 15px; margin-bottom: 15px;'>Especificaciones<\/h1>\n<\/p><\/div>\n<div style='display: flex; flex-wrap: wrap; gap: 30px; margin-bottom: 30px;'> <!-- Caracter\u00edsticas Principales --> <\/p>\n<div style='flex: 1 1 300px; min-width: 280px;'>\n<div style='border: 1px solid rgba(150&comma; 150&comma; 150&comma; 0.4); border-radius: 8px; overflow: hidden; display: flex; flex-direction: column; height: 100%;'>\n<div style='padding: 15px; border-bottom: 1px solid rgba(150&comma; 150&comma; 150&comma; 0.2); font-weight: bold; font-size: 18px; color: #ffffff; background-color: #5a97a7;'>Caracter\u00edsticas Principales:<\/div>\n<div style='padding: 15px; color: inherit; flex: 1 1 auto;'>\n<ul style='padding-left: 20px; margin: 0; font-size: 14px; list-style-type: disc;'>\n<li style='margin-bottom: 5px;'><strong>Resoluci\u00f3n:<\/strong> 3MP (2304 x 1296).<\/li>\n<li style='margin-bottom: 5px;'><strong>Visualizaci\u00f3n nocturna:<\/strong> 10 mts.<\/li>\n<li style='margin-bottom: 5px;'><strong>Audio bidireccional:<\/strong> S\u00ed<\/li>\n<li style='margin-bottom: 5px;'><strong>Detecci\u00f3n de movimiento:<\/strong> S\u00ed<\/li>\n<li style='margin-bottom: 5px;'><strong>Detecci\u00f3n de humanos y mascotas:<\/strong> S\u00ed<\/li>\n<li style='margin-bottom: 5px;'><strong>Reproducci\u00f3n:<\/strong> Fast forward 0.5X&comma; 1X&comma; 2X&comma; 4X.<\/li>\n<li style='margin-bottom: 5px;'><strong>Almacenamiento en la nube:<\/strong> S\u00ed&comma; directo en la aplicaci\u00f3n <strong>EpcomSmart Home<\/strong><\/li>\n<\/ul><\/div>\n<\/p><\/div>\n<\/p><\/div>\n<p> <!-- Caracter\u00edsticas F\u00edsicas y El\u00e9ctricas --> <\/p>\n<div style='flex: 1 1 300px; min-width: 280px;'>\n<div style='border: 1px solid rgba(150&comma; 150&comma; 150&comma; 0.4); border-radius: 8px; overflow: hidden; display: flex; flex-direction: column; height: 100%;'>\n<div style='padding: 15px; border-bottom: 1px solid rgba(150&comma; 150&comma; 150&comma; 0.2); font-weight: bold; font-size: 18px; color: #ffffff; background-color: #5a97a7;'>Caracter\u00edsticas F\u00edsicas y El\u00e9ctricas:<\/div>\n<div style='padding: 15px; color: inherit; flex: 1 1 auto;'>\n<ul style='padding-left: 20px; margin: 0; font-size: 14px; list-style-type: disc;'>\n<li style='margin-bottom: 5px;'><strong>Alimentaci\u00f3n:<\/strong> 5 Volts&comma; 1A (Eliminador incluido).<\/li>\n<li style='margin-bottom: 5px;'><strong>Almacenamiento:<\/strong> Soporta MicroSD 128GB Clase 10 Especializada para Videovigilancia. (No incluida).<\/li>\n<li style='margin-bottom: 5px;'><strong>Recomendaci\u00f3n para grabaci\u00f3n continua:<\/strong> <a href='https:\/\/www.syscom.mx\/principal\/promociones\/smarthome_grabacion_continua-10696.html?ordenar=Relevancia&#038;pag=1' style='color: #5a97a7; text-decoration: none; border-bottom: 1px dotted #5a97a7;'>Clic aqu\u00ed<\/a><\/li>\n<li style='margin-bottom: 5px;'><strong>Recomendaci\u00f3n para grabaci\u00f3n por movimiento:<\/strong> <a href='https:\/\/www.syscom.mx\/principal\/promociones\/grabacion_por_deteccion_de_movimiento-10697.html?ordenar=Relevancia&#038;pag=1' style='color: #5a97a7; text-decoration: none; border-bottom: 1px dotted #5a97a7;'>Clic aqu\u00ed<\/a><\/li>\n<li style='margin-bottom: 5px;'><strong>Temperatura de operaci\u00f3n:<\/strong> -10\u00b0C ~ 45\u00b0C.<\/li>\n<li style='margin-bottom: 5px;'><strong>Humedad:<\/strong> Menos del 95%.<\/li>\n<li style='margin-bottom: 5px;'><strong>Wi-Fi:<\/strong> 2.4GHz (802.11 b\/g\/n).<\/li>\n<\/ul><\/div>\n<\/p><\/div>\n<\/p><\/div>\n<p> <!-- Caracter\u00edsticas Destacadas --> <\/p>\n<div style='flex: 1 1 300px; min-width: 280px;'>\n<div style='border: 1px solid rgba(150&comma; 150&comma; 150&comma; 0.4); border-radius: 8px; overflow: hidden; display: flex; flex-direction: column; height: 100%;'>\n<div style='padding: 15px; border-bottom: 1px solid rgba(150&comma; 150&comma; 150&comma; 0.2); font-weight: bold; font-size: 18px; color: #ffffff; background-color: #5a97a7;'>Caracter\u00edsticas destacadas:<\/div>\n<div style='padding: 15px; color: inherit; flex: 1 1 auto;'>\n<ul style='padding-left: 20px; margin: 0; font-size: 14px; list-style-type: disc;'>\n<li style='margin-bottom: 5px;'><strong>Lente:<\/strong> 4 mm.<\/li>\n<li style='margin-bottom: 5px;'><strong>\u00c1ngulo de visualizaci\u00f3n:<\/strong> Horizontal: 87\u00b0&comma; Vertical: 46\u00b0&comma; Diagonal: 102\u00b0.<\/li>\n<li style='margin-bottom: 5px;'><strong>Reducci\u00f3n de ruido:<\/strong> DNR 3D.<\/li>\n<li style='margin-bottom: 5px;'><strong>Modo D\u00eda\/Noche:<\/strong> Auto (ICR) \/ Color \/ Blanco y Negro.<\/li>\n<li style='margin-bottom: 5px;'><strong>Alarma con sirena:<\/strong> Soporta sirena de alarma y volumen de dispositivo personalizado.<\/li>\n<\/ul><\/div>\n<\/p><\/div>\n<\/p><\/div>\n<\/p><\/div>\n<p> <!-- Imagen de marca --> <\/p>\n<div style='margin-bottom: 30px;'> <img style='width: 100%; height: auto; border: 1px solid rgba(150&comma;150&comma;150&comma;0.3); border-radius: 8px;' src='https:\/\/ftp3.syscom.mx\/usuarios\/albamaria\/albamaria\/smarthomepoweredbyepcom\/banner%20epcomSmart%20home.jpg' alt=''> <\/div>\n<p> <!-- Separador --> <\/p>\n<hr style='border: 0; border-top: 1px solid rgba(150&comma; 150&comma; 150&comma; 0.3); margin: 30px 0;'> <!-- Diagrama --> <\/p>\n<div style='margin-bottom: 30px;'> <img style='width: 100%; height: auto; border: 1px solid rgba(150&comma;150&comma;150&comma;0.3); border-radius: 8px; display: block; margin-left: auto; margin-right: auto; max-width: 800px;' src='http:\/\/ftp3.syscom.mx\/usuarios\/mbarrio\/bll\/DiagramaSHS.JPG' alt=''> <\/div>\n<\/p><\/div>\n<\/p><\/div>\n","protected":false},"excerpt":{"rendered":"<p>C\u00e1mara Wifi 3MP | WiFi 2.4 | Detecci\u00f3n de Humanos, Mascotas, Llanto | Audio de 2 V\u00edas | Almacenamiento microSD | Interior<\/p>\n","protected":false},"featured_media":97434,"comment_status":"open","ping_status":"closed","template":"","meta":[],"product_brand":[],"product_cat":[2238],"product_tag":[122,2239,187],"class_list":{"0":"post-97435","1":"product","2":"type-product","3":"status-publish","4":"has-post-thumbnail","6":"product_cat-cubo","7":"product_tag-camaras-ip-y-nvrs","8":"product_tag-cubo","9":"product_tag-smarthome-by-epcom","11":"first","12":"instock","13":"sale","14":"shipping-taxable","15":"purchasable","16":"product-type-simple"},"_links":{"self":[{"href":"https:\/\/soydeaqui.ddns.net\/pachuca\/index.php\/wp-json\/wp\/v2\/product\/97435","targetHints":{"allow":["GET"]}}],"collection":[{"href":"https:\/\/soydeaqui.ddns.net\/pachuca\/index.php\/wp-json\/wp\/v2\/product"}],"about":[{"href":"https:\/\/soydeaqui.ddns.net\/pachuca\/index.php\/wp-json\/wp\/v2\/types\/product"}],"replies":[{"embeddable":true,"href":"https:\/\/soydeaqui.ddns.net\/pachuca\/index.php\/wp-json\/wp\/v2\/comments?post=97435"}],"wp:featuredmedia":[{"embeddable":true,"href":"https:\/\/soydeaqui.ddns.net\/pachuca\/index.php\/wp-json\/wp\/v2\/media\/97434"}],"wp:attachment":[{"href":"https:\/\/soydeaqui.ddns.net\/pachuca\/index.php\/wp-json\/wp\/v2\/media?parent=97435"}],"wp:term":[{"taxonomy":"product_brand","embeddable":true,"href":"https:\/\/soydeaqui.ddns.net\/pachuca\/index.php\/wp-json\/wp\/v2\/product_brand?post=97435"},{"taxonomy":"product_cat","embeddable":true,"href":"https:\/\/soydeaqui.ddns.net\/pachuca\/index.php\/wp-json\/wp\/v2\/product_cat?post=97435"},{"taxonomy":"product_tag","embeddable":true,"href":"https:\/\/soydeaqui.ddns.net\/pachuca\/index.php\/wp-json\/wp\/v2\/product_tag?post=97435"}],"curies":[{"name":"wp","href":"https:\/\/api.w.org\/{rel}","templated":true}]}}