{"id":97425,"date":"2026-03-20T08:55:58","date_gmt":"2026-03-20T08:55:58","guid":{"rendered":"https:\/\/soydeaqui.ddns.net\/pachuca\/index.php\/producto\/camara-ip-de-bateria-gran-angular-3-megapixel-wifi-audio-bidireccional-bateria-recargable-5200-mah-ip65-exterior-con-proteccion-estadisticas-de-energia-deteccion-de-humanos-incluye-pa\/"},"modified":"2026-03-20T08:56:07","modified_gmt":"2026-03-20T08:56:07","slug":"camara-ip-de-bateria-gran-angular-3-megapixel-wifi-audio-bidireccional-bateria-recargable-5200-mah-ip65-exterior-con-proteccion-estadisticas-de-energia-deteccion-de-humanos-incluye-pa","status":"publish","type":"product","link":"https:\/\/soydeaqui.ddns.net\/pachuca\/index.php\/producto\/camara-ip-de-bateria-gran-angular-3-megapixel-wifi-audio-bidireccional-bateria-recargable-5200-mah-ip65-exterior-con-proteccion-estadisticas-de-energia-deteccion-de-humanos-incluye-pa\/","title":{"rendered":"C\u00e1mara IP de Bater\u00eda (Gran Angular) 3 Megapixel | WiFi | Audio Bidireccional | Bater\u00eda Recargable 5200 mAh | IP65 |Exterior con Protecci\u00f3n|  Estad\u00edsticas de Energ\u00eda | Detecci\u00f3n de Humanos | Incluye Panel So"},"content":{"rendered":"<div style='width: 100%; max-width: 1200px; margin: 0 auto; font-family: sans-serif; line-height: 1.6; color: inherit; background-color: transparent;'>\n<div style='width: 100%; margin-bottom: 30px;'> <img style='width: 100%; height: auto; border: 1px solid rgba(150&comma;150&comma;150&comma;0.3); border-radius: 8px;' src='https:\/\/ftp3.syscom.mx\/usuarios\/albamaria\/albamaria\/smarthomepoweredbyepcom\/smarthome-by-epcom.jpg' alt=''> <\/div>\n<p> <!-- Caracter\u00edsticas Destacadas --> <\/p>\n<div style='display: flex; flex-wrap: wrap; gap: 30px; margin-bottom: 30px;'>\n<div style='flex: 1 1 300px; min-width: 280px;'>\n<h3 style='font-size: 22px; border-bottom: 2px solid currentColor; padding-bottom: 5px; margin-top: 0; color: inherit; opacity: 0.8;'>Caracter\u00edsticas Principales<\/h3>\n<ul style='padding-left: 20px; font-size: 15px; color: inherit;'>\n<li style='margin-bottom: 5px;'>Resoluci\u00f3n: 3MP (2304 x 1296)<\/li>\n<li style='margin-bottom: 5px;'>Visualizaci\u00f3n nocturna: 8 mts (en color)<\/li>\n<li style='margin-bottom: 5px;'>Audio bidireccional con cancelaci\u00f3n de eco<\/li>\n<li style='margin-bottom: 5px;'>Soporta detecci\u00f3n de movimiento PIR<\/li>\n<li style='margin-bottom: 5px;'>Soporta detecci\u00f3n de humanos<\/li>\n<li style='margin-bottom: 5px;'>100% libre de cables&comma; no requiere cableado<\/li>\n<li style='margin-bottom: 5px;'>Soporta almacenamiento la nube directo en la aplicaci\u00f3n EpcomSmart Home<\/li>\n<li style='margin-bottom: 5px; color: #e74c3c;'><strong>Configuraci\u00f3n \u00fanicamente desde la aplicaci\u00f3n EpcomSmart Home<\/strong><\/li>\n<\/ul><\/div>\n<div style='flex: 1 1 300px; min-width: 280px;'>\n<h3 style='font-size: 22px; border-bottom: 2px solid currentColor; padding-bottom: 5px; margin-top: 0; color: inherit; opacity: 0.8;'>Caracter\u00edsticas F\u00edsicas y El\u00e9ctricas<\/h3>\n<ul style='padding-left: 20px; font-size: 14px; color: inherit;'>\n<li style='margin-bottom: 5px;'>Alimentaci\u00f3n: Bater\u00eda de litio recargable de 5200mAh (no extra\u00edble)<\/li>\n<li style='margin-bottom: 5px;'>Incluye cable USB A &#8211; USB C para alimentaci\u00f3n&comma; no incluye adaptador<\/li>\n<li style='margin-bottom: 5px;'>Usando un adaptador de DC5V 1A&comma; se tarda aproximadamente 7.2 horas en cargar la bater\u00eda por completo del 0% al 100%<\/li>\n<li style='margin-bottom: 5px;'>Incluye panel solar de 3W para mantener la bater\u00eda siempre cargada<\/li>\n<li style='margin-bottom: 5px; color: #e74c3c;'>Longitud del cable del panel solar al conector: 2.85m<\/li>\n<li style='margin-bottom: 5px;'>Dimensiones de panel solar: 12cm (W) x 17cm (L)<\/li>\n<li style='margin-bottom: 5px;'>Almacenamiento: Soporta MicroSD 128GB Clase 10 Especializada para Videovigilancia (No incluida)<\/li>\n<li style='margin-bottom: 5px;'>Grabaci\u00f3n solo por movimiento&comma; para optimizar el rendimiento de la bater\u00eda&comma; microSD recomendadas <a href='https:\/\/www.syscom.mx\/principal\/promociones\/grabacion_por_deteccion_de_movimiento-10697.html?ordenar=Relevancia&#038;pag=1' style='color: inherit; text-decoration: underline;'>clic aqu\u00ed<\/a><\/li>\n<li style='margin-bottom: 5px;'>Temperatura de operaci\u00f3n: -20\u00b0C ~ 50\u00b0C<\/li>\n<li style='margin-bottom: 5px;'>Humedad: Menos del 95% (sin condensaci\u00f3n)<\/li>\n<li style='margin-bottom: 5px;'>Wi-Fi: 2.4GHz (802.11 b\/g\/n)<\/li>\n<\/ul><\/div>\n<div style='flex: 1 1 300px; min-width: 280px;'>\n<h3 style='font-size: 22px; border-bottom: 2px solid currentColor; padding-bottom: 5px; margin-top: 0; color: inherit; opacity: 0.8;'>Caracter\u00edsticas Destacadas<\/h3>\n<ul style='padding-left: 20px; font-size: 14px; color: inherit;'>\n<li style='margin-bottom: 5px;'>Lente de 3.3 mm<\/li>\n<li style='margin-bottom: 5px;'>\u00c1ngulo de visualizaci\u00f3n: Diagonal: 120\u00b0&comma; Horizontal: No especificado<\/li>\n<li style='margin-bottom: 5px;'>Modo D\u00eda\/Noche: Visi\u00f3n nocturna en color<\/li>\n<li style='margin-bottom: 5px;'>Nivel de protecci\u00f3n: IP65&comma; adecuado para interiores y exteriores con protecci\u00f3n<\/li>\n<li style='margin-bottom: 5px; color: #2880b9;'><strong>Estad\u00edsticas de energ\u00eda: Sincronizaci\u00f3n en tiempo real de energ\u00eda&comma; advertencia de bater\u00eda baja del dispositivo<\/strong><\/li>\n<li style='margin-bottom: 5px; color: #5a97a7;'><strong>En el caso de no realizar la interconexi\u00f3n del panel solar la duraci\u00f3n de la bater\u00eda puede variar y depender\u00e1 de la frecuencia de activaci\u00f3n por movimiento&comma; notificaciones&comma; etc.<\/strong><\/li>\n<\/ul><\/div>\n<\/p><\/div>\n<p> <!-- Caracter\u00edsticas de la Bater\u00eda --> <\/p>\n<div style='display: flex; flex-wrap: wrap; gap: 30px; margin-bottom: 30px;'>\n<div style='flex: 1 1 300px; min-width: 280px;'>\n<h3 style='font-size: 22px; border-bottom: 2px solid currentColor; padding-bottom: 5px; margin-top: 0; color: inherit; opacity: 0.8;'>Factores que Afectan la Carga<\/h3>\n<ul style='padding-left: 20px; font-size: 14px; color: inherit;'>\n<li style='margin-bottom: 5px;'>El tiempo de carga completo depende de la corriente de carga real<\/li>\n<li style='margin-bottom: 5px;'>La carga se ve afectada por la temperatura; la bater\u00eda solo puede cargarse en un rango de temperatura de 0 a 45 grados Celsius<\/li>\n<\/ul><\/div>\n<div style='flex: 1 1 300px; min-width: 280px;'>\n<h3 style='font-size: 22px; border-bottom: 2px solid currentColor; padding-bottom: 5px; margin-top: 0; color: inherit; opacity: 0.8;'>Duraci\u00f3n de la Bater\u00eda<\/h3>\n<ul style='padding-left: 20px; font-size: 14px; color: inherit;'>\n<li style='margin-bottom: 5px; color: #2880b9;'>Si se activa 10 veces al d\u00eda (7 veces durante el d\u00eda y 3 veces por la noche) con cada grabaci\u00f3n durando 15 segundos&comma; la bater\u00eda puede durar hasta 6 meses<\/li>\n<li style='margin-bottom: 5px; color: #e74c3c;'>Si se activa 20 veces al d\u00eda (14 veces durante el d\u00eda y 6 veces por la noche) con cada grabaci\u00f3n durando 15 segundos&comma; la bater\u00eda puede durar hasta 4 meses<\/li>\n<\/ul><\/div>\n<div style='flex: 1 1 300px; min-width: 280px;'>\n<h3 style='font-size: 22px; border-bottom: 2px solid currentColor; padding-bottom: 5px; margin-top: 0; color: inherit; opacity: 0.8;'>Factores que Afectan la Duraci\u00f3n de la Bater\u00eda<\/h3>\n<ul style='padding-left: 20px; font-size: 14px; color: inherit;'>\n<li style='margin-bottom: 5px;'><strong>Temperatura:<\/strong> Temperaturas extremadamente altas o bajas pueden afectar la curva de descarga de la bater\u00eda<\/li>\n<li style='margin-bottom: 5px;'><strong>Red:<\/strong> Condiciones de red deficientes aumentan el consumo de energ\u00eda<\/li>\n<li style='margin-bottom: 5px;'><strong>Frecuencia de Activaci\u00f3n:<\/strong> Una alta frecuencia de activaci\u00f3n aumenta el consumo de energ\u00eda; una baja frecuencia lo reduce<\/li>\n<li style='margin-bottom: 5px;'><strong>Duraci\u00f3n de la Grabaci\u00f3n:<\/strong> Grabaciones m\u00e1s largas consumen m\u00e1s energ\u00eda; grabaciones m\u00e1s cortas consumen menos<\/li>\n<li style='margin-bottom: 5px;'><strong>Duraci\u00f3n de la Vista Previa:<\/strong> Menos tiempo de vista previa consume menos energ\u00eda; m\u00e1s tiempo de vista previa consume m\u00e1s<\/li>\n<li style='margin-bottom: 5px;'><strong>Luz de Relleno:<\/strong> El uso de luces infrarrojas o blancas aumenta el consumo de energ\u00eda<\/li>\n<\/ul><\/div>\n<\/p><\/div>\n<hr style='border: 0; border-top: 1px solid rgba(150&comma; 150&comma; 150&comma; 0.3); margin: 30px 0;'> <!-- Funcionamiento del Panel Solar --> <\/p>\n<div style='display: flex; flex-wrap: wrap; gap: 30px; margin-bottom: 30px;'>\n<div style='flex: 1 1 300px; min-width: 280px;'>\n<h3 style='font-size: 22px; border-bottom: 2px solid currentColor; padding-bottom: 5px; margin-top: 0; color: inherit; opacity: 0.8;'>Funcionamiento del Panel Solar<\/h3>\n<p style='font-size: 14px; color: inherit;'>En condiciones normales de luz y temperatura ambiente&comma; usar un panel solar de 3W puede cargar la bater\u00eda por completo del 0% al 100% en aproximadamente 3-5 d\u00edas. El tiempo de carga con el panel solar depende de la intensidad y duraci\u00f3n de la luz solar&comma; la temperatura ambiente y si el dispositivo est\u00e1 en uso.<\/p>\n<p style='font-size: 14px; color: inherit;'>Con un panel solar&comma; los requisitos de energ\u00eda para el funcionamiento diario se pueden cubrir de la siguiente manera:<\/p>\n<ul style='padding-left: 20px; font-size: 14px; color: inherit;'>\n<li style='margin-bottom: 5px; color: #2880b9;'><strong>Para 10 minutos de operaci\u00f3n al d\u00eda<\/strong> (suponiendo 60 eventos al d\u00eda&comma; cada uno durando 10 segundos)&comma; se necesitan 0.5 horas de luz solar normal<\/li>\n<li style='margin-bottom: 5px; color: #34495e;'><strong>Para 20 minutos de operaci\u00f3n al d\u00eda<\/strong> (suponiendo 60 eventos al d\u00eda&comma; cada uno durando 20 segundos)&comma; se necesitan 1 hora de luz solar normal<\/li>\n<li style='margin-bottom: 5px; color: #2880b9;'><strong>Para 30 minutos de operaci\u00f3n al d\u00eda<\/strong> (suponiendo 60 eventos al d\u00eda&comma; cada uno durando 30 segundos)&comma; se necesitan 1.5 horas de luz solar normal<\/li>\n<\/ul>\n<p style='font-size: 14px; color: inherit;'><strong>Los paneles solares funcionan a temperaturas ambiente de 0\u00b0C a 45\u00b0C y no cargar\u00e1n la c\u00e1mara a temperaturas inferiores a 0\u00b0C (32\u00b0F) y superiores a 45\u00b0C.<\/strong><\/p>\n<p style='font-size: 14px; color: inherit;'><strong>Notas:<\/strong><\/p>\n<ol style='padding-left: 20px; font-size: 14px; color: inherit;'>\n<li style='margin-bottom: 5px;'>Encuentre el \u00e1rea que reciba la mayor cantidad de luz solar directa durante el d\u00eda. Oriente el Panel Solar 30\u00b0 hacia arriba<\/li>\n<li style='margin-bottom: 5px;'>Ori\u00e9ntelo hacia el Sur&comma; si est\u00e1 en el hemisferio Norte. Si est\u00e1 en el hemisferio Sur Ori\u00e9ntelo hacia el Norte<\/li>\n<\/ol><\/div>\n<div style='flex: 1 1 300px; min-width: 280px;'> <img style='width: 100%; height: auto; border: 1px solid rgba(150&comma;150&comma;150&comma;0.3); border-radius: 8px;' src='https:\/\/ftp3.syscom.mx\/usuarios\/albamaria\/albamaria\/smarthomepoweredbyepcom\/SCAM3BAT.png' alt=''> <\/div>\n<\/p><\/div>\n<hr style='border: 0; border-top: 1px solid rgba(150&comma; 150&comma; 150&comma; 0.3); margin: 30px 0;'> <!-- Diagrama --> <\/p>\n<div style='width: 100%; margin-bottom: 30px;'> <img style='width: 100%; height: auto; border: 1px solid rgba(150&comma;150&comma;150&comma;0.3); border-radius: 8px;' src='http:\/\/ftp3.syscom.mx\/usuarios\/mbarrio\/bll\/DiagramaSHS.JPG' alt=''> <\/div>\n<\/p><\/div>\n","protected":false},"excerpt":{"rendered":"<p>C\u00e1mara IP de Bater\u00eda (Gran Angular) 3 Megapixel | WiFi | Audio Bidireccional | Bater\u00eda Recargable 5200 mAh | IP65 |Exterior con Protecci\u00f3n|  Estad\u00edsticas de Energ\u00eda | Detecci\u00f3n de Humanos | Incluye Panel So<\/p>\n","protected":false},"featured_media":97424,"comment_status":"open","ping_status":"closed","template":"","meta":[],"product_brand":[],"product_cat":[121],"product_tag":[122,187,123],"class_list":{"0":"post-97425","1":"product","2":"type-product","3":"status-publish","4":"has-post-thumbnail","6":"product_cat-wifi-4g-inalambricas","7":"product_tag-camaras-ip-y-nvrs","8":"product_tag-smarthome-by-epcom","9":"product_tag-wifi-4g-inalambricas","11":"first","12":"instock","13":"sale","14":"shipping-taxable","15":"purchasable","16":"product-type-simple"},"_links":{"self":[{"href":"https:\/\/soydeaqui.ddns.net\/pachuca\/index.php\/wp-json\/wp\/v2\/product\/97425","targetHints":{"allow":["GET"]}}],"collection":[{"href":"https:\/\/soydeaqui.ddns.net\/pachuca\/index.php\/wp-json\/wp\/v2\/product"}],"about":[{"href":"https:\/\/soydeaqui.ddns.net\/pachuca\/index.php\/wp-json\/wp\/v2\/types\/product"}],"replies":[{"embeddable":true,"href":"https:\/\/soydeaqui.ddns.net\/pachuca\/index.php\/wp-json\/wp\/v2\/comments?post=97425"}],"wp:featuredmedia":[{"embeddable":true,"href":"https:\/\/soydeaqui.ddns.net\/pachuca\/index.php\/wp-json\/wp\/v2\/media\/97424"}],"wp:attachment":[{"href":"https:\/\/soydeaqui.ddns.net\/pachuca\/index.php\/wp-json\/wp\/v2\/media?parent=97425"}],"wp:term":[{"taxonomy":"product_brand","embeddable":true,"href":"https:\/\/soydeaqui.ddns.net\/pachuca\/index.php\/wp-json\/wp\/v2\/product_brand?post=97425"},{"taxonomy":"product_cat","embeddable":true,"href":"https:\/\/soydeaqui.ddns.net\/pachuca\/index.php\/wp-json\/wp\/v2\/product_cat?post=97425"},{"taxonomy":"product_tag","embeddable":true,"href":"https:\/\/soydeaqui.ddns.net\/pachuca\/index.php\/wp-json\/wp\/v2\/product_tag?post=97425"}],"curies":[{"name":"wp","href":"https:\/\/api.w.org\/{rel}","templated":true}]}}