{"id":97423,"date":"2026-03-20T08:55:51","date_gmt":"2026-03-20T08:55:51","guid":{"rendered":"https:\/\/soydeaqui.ddns.net\/pachuca\/index.php\/producto\/kit-ip-inalambrico-4-megapixel-nvs-4-canales-2-camaras-bala-para-exterior-con-lente-2-8-mm-y-dual-light-30-mts-ir-30-mts-luz-blanca-audio-bidireccional-microfono-y-bocina-soporta-micro-s\/"},"modified":"2026-03-20T08:55:52","modified_gmt":"2026-03-20T08:55:52","slug":"kit-ip-inalambrico-4-megapixel-nvs-4-canales-2-camaras-bala-para-exterior-con-lente-2-8-mm-y-dual-light-30-mts-ir-30-mts-luz-blanca-audio-bidireccional-microfono-y-bocina-soporta-micro-s","status":"publish","type":"product","link":"https:\/\/soydeaqui.ddns.net\/pachuca\/index.php\/producto\/kit-ip-inalambrico-4-megapixel-nvs-4-canales-2-camaras-bala-para-exterior-con-lente-2-8-mm-y-dual-light-30-mts-ir-30-mts-luz-blanca-audio-bidireccional-microfono-y-bocina-soporta-micro-s\/","title":{"rendered":"Kit IP Inal\u00e1mbrico 4 Megapixel \/ NVS 4 Canales \/ 2 C\u00e1maras Bala para Exterior con Lente 2.8 mm y Dual Light (30 mts IR + 30 mts Luz Blanca) \/ Audio Bidireccional (Micr\u00f3fono y Bocina) \/ Soporta Micro SD de 512 GB"},"content":{"rendered":"<div style='width: 100%; max-width: 1200px; margin: 0 auto; font-family: sans-serif; line-height: 1.6; color: inherit; background-color: transparent;'>\n<div style='text-align: center; margin-bottom: 30px;'> <img style='width: 100%; max-width: 583px; height: auto; border: 1px solid rgba(150&comma;150&comma;150&comma;0.3); border-radius: 8px;' src='https:\/\/ftp3.syscom.mx\/usuarios\/jsosa\/HIKVISION\/imagenes\/logo\/hikvision%20see%20far.png' alt='Logo Hikvision'> <\/div>\n<h3 style='font-size: 22px; border-bottom: 2px solid currentColor; padding-bottom: 5px; margin-top: 0; color: inherit; opacity: 0.8; text-align: center; margin-bottom: 30px;'>Demo de Instalaci\u00f3n<\/h3>\n<div style='position: relative; padding-bottom: 56.25%; height: 0; overflow: hidden; margin-bottom: 30px;'>   <\/div>\n<div style='display: flex; flex-wrap: wrap; gap: 30px; margin-bottom: 30px;'>\n<div style='flex: 1 1 45%; min-width: 300px;'>\n<h3 style='font-size: 22px; border-bottom: 2px solid currentColor; padding-bottom: 5px; margin-top: 0; color: inherit; opacity: 0.8; text-align: center; margin-bottom: 15px;'>Se\u00f1al m\u00e1s Fuerte<\/h3>\n<div style='position: relative; padding-bottom: 56.25%; height: 0; overflow: hidden; margin-bottom: 20px;'>   <\/div>\n<\/p><\/div>\n<div style='flex: 1 1 45%; min-width: 300px;'>\n<h3 style='font-size: 22px; border-bottom: 2px solid currentColor; padding-bottom: 5px; margin-top: 0; color: inherit; opacity: 0.8; text-align: center; margin-bottom: 15px;'>\u00d3ptima Conexi\u00f3n<\/h3>\n<div style='position: relative; padding-bottom: 56.25%; height: 0; overflow: hidden; margin-bottom: 20px;'>   <\/div>\n<\/p><\/div>\n<\/p><\/div>\n<div style='text-align: center; margin-bottom: 30px;'>\n<h1 style='font-size: 28px; color: inherit; margin-bottom: 15px;'>El KIT incluye:<\/h1>\n<h3 style='font-size: 20px; color: inherit; margin-bottom: 10px;'>1 NVS WiFi<\/h3>\n<h3 style='font-size: 20px; color: inherit; margin-bottom: 10px;'>2 C\u00e1maras WiFi (incluye 2 fuentes de alimentaci\u00f3n)<\/h3>\n<h3 style='font-size: 20px; color: inherit; margin-bottom: 10px;'>1 Patch Cord<\/h3>\n<\/p><\/div>\n<div style='display: flex; flex-wrap: wrap; gap: 30px; margin-bottom: 30px;'>\n<div style='flex: 1 1 45%; min-width: 300px;'>\n<div style='border: 1px solid rgba(150&comma; 150&comma; 150&comma; 0.4); border-radius: 8px; overflow: hidden; margin-bottom: 20px;'>\n<div style='padding: 15px; border-bottom: 1px solid rgba(150&comma; 150&comma; 150&comma; 0.2); font-weight: bold; font-size: 18px; color: inherit;'>1 x NVS<\/div>\n<div style='padding: 15px; color: inherit;'>\n<ul style='padding-left: 20px; margin: 0; font-size: 14px; list-style-type: disc;'>\n<li style='margin-bottom: 5px;'>NVS WiFi 4 canales de v\u00eddeo<\/li>\n<li style='margin-bottom: 5px;'>Soporta c\u00e1maras de 4 Megapixel \/ 2 Megapixel<\/li>\n<li style='margin-bottom: 5px;'>Soporta compresi\u00f3n H.265+ \/ H.265 \/ H.264<\/li>\n<li style='margin-bottom: 5px;'>Soporta Micro SD de hasta 512 GB<\/li>\n<li style='margin-bottom: 5px;'>Procesamiento de entrada: 20 Mbps<\/li>\n<li style='margin-bottom: 5px;'>Procesamiento de salida: 20 Mbps<\/li>\n<li style='margin-bottom: 5px;'>Cuenta con 2 antenas WiFI (frecuencia 2.4 GHz)<\/li>\n<li style='margin-bottom: 5px;'>1 Puerto de red RJ45 (10 \/ 100 Mbps)<\/li>\n<li style='margin-bottom: 5px;'>Alimentaci\u00f3n y consumo: 12 Vcc \/ 12 watts<\/li>\n<li style='margin-bottom: 5px;'>Dimensiones: 265 x 225 x 48 mm<\/li>\n<li style='margin-bottom: 5px;'>Peso: 1.6 kgs<\/li>\n<li style='margin-top: 10px; font-weight: bold;'>El NVS no soporta VGA\/HDMI &comma; el NVS tiene la funcion como modo AP para a\u00f1adir las camaras de manera WIFI y conectarse a Hik-Connect (P2P)<\/li>\n<\/ul><\/div>\n<\/p><\/div>\n<\/p><\/div>\n<div style='flex: 1 1 45%; min-width: 300px;'>\n<div style='border: 1px solid rgba(150&comma; 150&comma; 150&comma; 0.4); border-radius: 8px; overflow: hidden; margin-bottom: 20px;'>\n<div style='padding: 15px; border-bottom: 1px solid rgba(150&comma; 150&comma; 150&comma; 0.2); font-weight: bold; font-size: 18px; color: inherit;'>2 x IPC<\/div>\n<div style='padding: 15px; color: inherit;'>\n<ul style='padding-left: 20px; margin: 0; font-size: 14px; list-style-type: disc;'>\n<li style='margin-bottom: 5px;'>C\u00e1mara bala 4 Megapixel<\/li>\n<li style='margin-bottom: 5px;'>Iluminaci\u00f3n m\u00ednima: Color: 0.018 Lux @ (F1.6&comma; AGC ON)<\/li>\n<li style='margin-bottom: 5px;'>Lente fijo: 2.8 mm (\u00e1ngulo de visi\u00f3n 97\u00b0)<\/li>\n<li style='margin-bottom: 5px;'>Soporta compresi\u00f3n: H.265+<\/li>\n<li style='margin-bottom: 5px;'>Dual Light = 30 mts IR EXIR + 30 mts luz blanca (IR + ColorVu)<\/li>\n<li style='margin-bottom: 5px;'>Cuenta con micr\u00f3fono interconstruido y bocina (audio bidireccional)<\/li>\n<li style='margin-bottom: 5px;'>dWDR \/ mirror<\/li>\n<li style='margin-bottom: 5px;'>Alimentaci\u00f3n y consumo: 12 Vcc \/ 6 watts (incluye 2 fuentes de poder)<\/li>\n<li style='margin-bottom: 5px;'>Protecci\u00f3n IP66 (policarbonato y metal)<\/li>\n<li style='margin-bottom: 5px;'>Dimensiones: 175.6 x 73.0 x 89.1 mm<\/li>\n<li style='margin-top: 10px; font-weight: bold;'>No se puede agregar directamente a la plataforma de Hik-Connect (P2P) por WiFi&comma; requiere un NVS. Se puede agregar de manera directa a Hik-Connect de manera cableada (LAN)<\/li>\n<\/ul><\/div>\n<\/p><\/div>\n<\/p><\/div>\n<\/p><\/div>\n<div style='border: 1px solid rgba(150&comma; 150&comma; 150&comma; 0.4); border-top: 5px solid #ff0000; border-radius: 8px; overflow: hidden; margin-bottom: 30px; padding: 15px;'>\n<h3 style='font-size: 18px; font-weight: bold; margin-top: 0; margin-bottom: 15px; color: inherit;'>Consideraciones:<\/h3>\n<ul style='padding-left: 20px; margin: 0; font-size: 14px; list-style-type: disc;'>\n<li style='margin-bottom: 10px;'>El alcance del WiFi entre las c\u00e1maras y el NVS depender\u00e1 de las limitaciones que se tenga como por ejemplo: muros de concreto&comma; alg\u00fan otro modem en 2.4 GHz&comma; ruido en el ambiente&comma; etc.<\/li>\n<li style='margin-bottom: 10px;'>El NVS se tiene que conectar via ethernet hacia el modem (router) por el cual saldr\u00e1 por internet&comma; solo las c\u00e1maras WiFi se pueden conectar de manera inal\u00e1mbrica hacia el NVS.<\/li>\n<li style='margin-bottom: 10px;'>Compatible solo con los modelos <a style='color: inherit; text-decoration: underline;' href='https:\/\/www.syscom.mx\/producto\/DS-2CV1023G2-LIDWFB-HIKVISION-230184.html' target='_blank' rel='noopener'>DS-2CV1023G2-LIDWF(B)<\/a>&comma; <a style='color: inherit; text-decoration: underline;' href='https:\/\/www.syscom.mx\/producto\/DS-2CV1043G2-LIDWFB-HIKVISION-230187.html' target='_blank' rel='noopener'>DS-2CV1043G2-LIDWF(B)<\/a>&comma; <a style='color: inherit; text-decoration: underline;' href='https:\/\/www.syscom.mx\/producto\/DS-2CV1F23G2-LIDWFB-HIKVISION-230188.html' target='_blank' rel='noopener'>DS-2CV1F23G2-LIDWF(B)<\/a>&comma; <a style='color: inherit; text-decoration: underline;' href='https:\/\/www.syscom.mx\/producto\/DS-2CV1F43G2-LIDWFB-HIKVISION-230190.html' target='_blank' rel='noopener'>DS-2CV1F43G2-LIDWF(B)<\/a><\/li>\n<li style='font-weight: bold;'>Configuraci\u00f3n desde HikConnect&comma; no es compatible con navegadores<\/li>\n<\/ul><\/div>\n<div style='position: relative; padding-bottom: 56.25%; height: 0; overflow: hidden; margin-bottom: 30px;'> <video style='position: absolute; top: 0; left: 0; width: 100%; height: 100%; margin: auto;' src='https:\/\/ftp3.syscom.mx\/usuarios\/fcarrillo\/Hikvision\/videos\/Videos\/HowtoNVS.mp4' loop muted controls><\/video> <\/div>\n<div style='text-align: center; margin-bottom: 30px;'> <img style='width: 100%; border: 1px solid rgba(150&comma;150&comma;150&comma;0.3); border-radius: 8px;' src='https:\/\/ftp3.syscom.mx\/usuarios\/jsosa\/HIKVISION\/imagenes\/banners\/solution%20complete.png' alt='Soluci\u00f3n completa'> <\/div>\n<\/p><\/div>\n","protected":false},"excerpt":{"rendered":"<p>Kit IP Inal\u00e1mbrico 4 Megapixel \/ NVS 4 Canales \/ 2 C\u00e1maras Bala para Exterior con Lente 2.8 mm y Dual Light (30 mts IR + 30 mts Luz Blanca) \/ Audio Bidireccional (Micr\u00f3fono y Bocina) \/ Soporta Micro SD de 512 GB<\/p>\n","protected":false},"featured_media":97422,"comment_status":"open","ping_status":"closed","template":"","meta":[],"product_brand":[],"product_cat":[2231],"product_tag":[54,2233,2232],"class_list":{"0":"post-97423","1":"product","2":"type-product","3":"status-publish","4":"has-post-thumbnail","6":"product_cat-ip-megapixel","7":"product_tag-hikvision","8":"product_tag-ip-megapixel","9":"product_tag-kits-sistemas-completos","11":"first","12":"instock","13":"sale","14":"shipping-taxable","15":"purchasable","16":"product-type-simple"},"_links":{"self":[{"href":"https:\/\/soydeaqui.ddns.net\/pachuca\/index.php\/wp-json\/wp\/v2\/product\/97423","targetHints":{"allow":["GET"]}}],"collection":[{"href":"https:\/\/soydeaqui.ddns.net\/pachuca\/index.php\/wp-json\/wp\/v2\/product"}],"about":[{"href":"https:\/\/soydeaqui.ddns.net\/pachuca\/index.php\/wp-json\/wp\/v2\/types\/product"}],"replies":[{"embeddable":true,"href":"https:\/\/soydeaqui.ddns.net\/pachuca\/index.php\/wp-json\/wp\/v2\/comments?post=97423"}],"wp:featuredmedia":[{"embeddable":true,"href":"https:\/\/soydeaqui.ddns.net\/pachuca\/index.php\/wp-json\/wp\/v2\/media\/97422"}],"wp:attachment":[{"href":"https:\/\/soydeaqui.ddns.net\/pachuca\/index.php\/wp-json\/wp\/v2\/media?parent=97423"}],"wp:term":[{"taxonomy":"product_brand","embeddable":true,"href":"https:\/\/soydeaqui.ddns.net\/pachuca\/index.php\/wp-json\/wp\/v2\/product_brand?post=97423"},{"taxonomy":"product_cat","embeddable":true,"href":"https:\/\/soydeaqui.ddns.net\/pachuca\/index.php\/wp-json\/wp\/v2\/product_cat?post=97423"},{"taxonomy":"product_tag","embeddable":true,"href":"https:\/\/soydeaqui.ddns.net\/pachuca\/index.php\/wp-json\/wp\/v2\/product_tag?post=97423"}],"curies":[{"name":"wp","href":"https:\/\/api.w.org\/{rel}","templated":true}]}}