{"id":97419,"date":"2026-03-20T08:55:44","date_gmt":"2026-03-20T08:55:44","guid":{"rendered":"https:\/\/soydeaqui.ddns.net\/pachuca\/index.php\/producto\/domo-ip-4-megapixel-lente-2-8-mm-30-mts-ir-exterior-ip66-wi-fi-acusense-lite-dwdr-h-265-microfono-y-bocina-interconstruido-micro-sd-se-conecta-directo-a-la-app-de-hik-connect\/"},"modified":"2026-03-20T08:55:45","modified_gmt":"2026-03-20T08:55:45","slug":"domo-ip-4-megapixel-lente-2-8-mm-30-mts-ir-exterior-ip66-wi-fi-acusense-lite-dwdr-h-265-microfono-y-bocina-interconstruido-micro-sd-se-conecta-directo-a-la-app-de-hik-connect","status":"publish","type":"product","link":"https:\/\/soydeaqui.ddns.net\/pachuca\/index.php\/producto\/domo-ip-4-megapixel-lente-2-8-mm-30-mts-ir-exterior-ip66-wi-fi-acusense-lite-dwdr-h-265-microfono-y-bocina-interconstruido-micro-sd-se-conecta-directo-a-la-app-de-hik-connect\/","title":{"rendered":"Domo IP 4 Megapixel \/ Lente 2.8 mm \/ 30 mts IR \/ Exterior IP66 \/ Wi-Fi \/ ACUSENSE Lite \/ dWDR  \/ H.265+ \/ Micr\u00f3fono y Bocina Interconstruido \/ Micro SD \/ Se Conecta Directo a la App de Hik-Connect"},"content":{"rendered":"<div style='width: 100%; max-width: 1200px; margin: 0 auto; font-family: sans-serif; line-height: 1.6; color: inherit; background-color: transparent;'>\n<div style='width: 100%; margin-bottom: 30px;'> <img style='width: 45%; height: auto; display: block; margin-left: auto; margin-right: auto; border: 1px solid rgba(150&comma;150&comma;150&comma;0.3); border-radius: 8px;' src='https:\/\/ftp3.syscom.mx\/usuarios\/jsosa\/HIKVISION\/imagenes\/logo\/hikvision%20see%20far.png' alt='Logo Hikvision'> <\/div>\n<div style='display: flex; flex-wrap: wrap; gap: 30px; margin-bottom: 30px;'>\n<div style='flex: 1 1 300px; min-width: 280px;'>\n<h3 style='font-size: 22px; border-bottom: 2px solid currentColor; padding-bottom: 5px; margin-top: 0; color: inherit; opacity: 0.8;'>Caracter\u00edsticas Principales<\/h3>\n<ul style='padding-left: 20px; font-size: 15px; color: inherit;'>\n<li style='margin-bottom: 5px;'>Resoluci\u00f3n m\u00e1xima: 4 Megapixel (2560 x 1440).<\/li>\n<li style='margin-bottom: 5px;'>Iluminaci\u00f3n m\u00ednima: color 0.005 lux @ (F1.6; AGC ON).<\/li>\n<li style='margin-bottom: 5px;'>Dia \/ Noche Real (filtro ICR).<\/li>\n<li style='margin-bottom: 5px;'>Lente 2.8 mm (angulo de apertura 91\u00b0).<\/li>\n<li style='margin-bottom: 5px;'>Cuenta con dos antena WiFi.<\/li>\n<li style='margin-bottom: 5px;'>Distancia de infrarrojos: 30 mts IR EXIR.<\/li>\n<li style='margin-bottom: 5px;'>Funciones normales: detecci\u00f3n de movimiento.<\/li>\n<li style='margin-bottom: 5px;'>Compresi\u00f3n: H.265+\/H.265\/H.264+\/H.264<\/li>\n<\/ul><\/div>\n<div style='flex: 1 1 300px; min-width: 280px;'>\n<h3 style='font-size: 22px; border-bottom: 2px solid currentColor; padding-bottom: 5px; margin-top: 0; color: inherit; opacity: 0.8;'>Caracter\u00edsticas destacadas<\/h3>\n<ul style='padding-left: 20px; font-size: 15px; color: inherit;'>\n<li style='margin-bottom: 5px;'>Entradas de alarma: N\/A.<\/li>\n<li style='margin-bottom: 5px;'>Salidas de alarma: N\/A.<\/li>\n<li style='margin-bottom: 5px;'>Entradas de audio: N\/A.<\/li>\n<li style='margin-bottom: 5px;'>Salidas de audio: N\/A.<\/li>\n<li style='margin-bottom: 5px;'>Puerto de red: 1 (10 \/ 100 Mbps).<\/li>\n<li style='margin-bottom: 5px;'>Almacenamiento micro SD de hasta 512 GB (memoria no incluida).<\/li>\n<li style='margin-bottom: 5px;'>Soporta SDK.<\/li>\n<\/ul><\/div>\n<div style='flex: 1 1 300px; min-width: 280px;'>\n<h3 style='font-size: 22px; border-bottom: 2px solid currentColor; padding-bottom: 5px; margin-top: 0; color: inherit; opacity: 0.8;'>Caracter\u00edsticas F\u00edsicas y El\u00e9ctricas<\/h3>\n<ul style='padding-left: 20px; font-size: 15px; color: inherit;'>\n<li style='margin-bottom: 5px;'>Alimentaci\u00f3n: 12 Vcc \/ 10 W (No soporta PoE).<\/li>\n<li style='margin-bottom: 5px;'>Fuente incluida (12 Vcc).<\/li>\n<li style='margin-bottom: 5px;'>Temperatura de operaci\u00f3n: -30\u00b0C a 60\u00b0C.<\/li>\n<li style='margin-bottom: 5px;'>Uso en exterior IP66.<\/li>\n<li style='margin-bottom: 5px;'>Dimensiones: 120 x 120 x 95 mm.<\/li>\n<li style='margin-bottom: 5px;'>Peso: 593 gramos.<\/li>\n<\/ul><\/div>\n<div style='flex: 1 1 300px; min-width: 280px;'>\n<h3 style='font-size: 22px; border-bottom: 2px solid currentColor; padding-bottom: 5px; margin-top: 0; color: inherit; opacity: 0.8;'>Accesorios Compatibles<\/h3>\n<ul style='padding-left: 20px; font-size: 15px; color: inherit;'>\n<li style='margin-bottom: 5px;'>Consulte la ficha t\u00e9cnica para validar los accesorios compatibles&comma; de clic <a href='https:\/\/ftp3.syscom.mx\/usuarios\/alexh\/Hikvision\/Specsheet\/DS-2CV2141G2-IDW%2B%28W%29_Datasheet_20240905.pdf?_gl=1*1l32wlm*_gcl_au*MTc3NjMxMDk4MS4xNzUwMTgxMDMx' target='_blank' rel='noopener' style='color: inherit; text-decoration: underline;'>Aqu\u00ed<\/a><\/li>\n<\/ul><\/div>\n<\/p><\/div>\n<div style='display: flex; flex-wrap: wrap; gap: 20px; margin-bottom: 30px;'>\n<div style='flex: 1 1 250px; border: 1px solid rgba(150&comma; 150&comma; 150&comma; 0.4); border-radius: 8px; overflow: hidden; display: flex; flex-direction: column;'>\n<div style='padding: 15px; border-bottom: 1px solid rgba(150&comma; 150&comma; 150&comma; 0.2); font-weight: bold; font-size: 18px; color: inherit;'>Cosideraciones<\/div>\n<div style='padding: 15px; color: inherit;'>\n<ul style='padding-left: 20px; margin: 0; font-size: 14px; list-style-type: disc;'>\n<li style='margin-bottom: 5px;'>Se integra directo a la App de Hik-Connect sin necesidad de un DVR \/ NVR. Solo se conecta a la red WiFi del lugar y listo.<\/li>\n<li style='margin-bottom: 5px;'>Soporta audio de dos v\u00edas&comma; tiene micr\u00f3fono y bocina para tener una comunicaci\u00f3n bidireccional (serie NXI-K2(D)&comma; NI-M&comma; NI-I&comma; NXI-M).<\/li>\n<li style='margin-bottom: 5px; font-weight: bold; color: inherit;'>NVRs DS-76**NXI-K1 No son compatibles con el audio de dos vias<\/li>\n<li style='margin-bottom: 5px;'>La distancia (cobertura) dependera mucho del escenario o lugar donde estara instalada la camara&comma; puede afectar los muros muy gruesos o si esta en un lugar con mas redes dentro de la misma cobertura.<\/li>\n<li style='margin-bottom: 5px; font-weight: bold; color: inherit;'>Configuraci\u00f3n desde IVMS-4200 o Hik-Connect&comma; no es compatible con navegadores.<\/li>\n<li style='margin-bottom: 5px; font-weight: bold; color: inherit;'>No es compatible con los grabadores DS-7604NI-L1\/W<\/li>\n<\/ul><\/div>\n<\/p><\/div>\n<\/p><\/div>\n<div style='width: 100%; margin-bottom: 30px;'> <img style='width: 100%; height: auto; border: 1px solid rgba(150&comma;150&comma;150&comma;0.3); border-radius: 8px;' src='https:\/\/ftp3.syscom.mx\/usuarios\/jsosa\/HIKVISION\/imagenes\/banners\/solution%20complete.png' alt='Soluci\u00f3n completa'> <\/div>\n<\/p><\/div>\n","protected":false},"excerpt":{"rendered":"<p>Domo IP 4 Megapixel \/ Lente 2.8 mm \/ 30 mts IR \/ Exterior IP66 \/ Wi-Fi \/ ACUSENSE Lite \/ dWDR  \/ H.265+ \/ Micr\u00f3fono y Bocina Interconstruido \/ Micro SD \/ Se Conecta Directo a la App de Hik-Connect<\/p>\n","protected":false},"featured_media":97418,"comment_status":"open","ping_status":"closed","template":"","meta":[],"product_brand":[],"product_cat":[121],"product_tag":[122,54,123],"class_list":{"0":"post-97419","1":"product","2":"type-product","3":"status-publish","4":"has-post-thumbnail","6":"product_cat-wifi-4g-inalambricas","7":"product_tag-camaras-ip-y-nvrs","8":"product_tag-hikvision","9":"product_tag-wifi-4g-inalambricas","11":"first","12":"instock","13":"sale","14":"shipping-taxable","15":"purchasable","16":"product-type-simple"},"_links":{"self":[{"href":"https:\/\/soydeaqui.ddns.net\/pachuca\/index.php\/wp-json\/wp\/v2\/product\/97419","targetHints":{"allow":["GET"]}}],"collection":[{"href":"https:\/\/soydeaqui.ddns.net\/pachuca\/index.php\/wp-json\/wp\/v2\/product"}],"about":[{"href":"https:\/\/soydeaqui.ddns.net\/pachuca\/index.php\/wp-json\/wp\/v2\/types\/product"}],"replies":[{"embeddable":true,"href":"https:\/\/soydeaqui.ddns.net\/pachuca\/index.php\/wp-json\/wp\/v2\/comments?post=97419"}],"wp:featuredmedia":[{"embeddable":true,"href":"https:\/\/soydeaqui.ddns.net\/pachuca\/index.php\/wp-json\/wp\/v2\/media\/97418"}],"wp:attachment":[{"href":"https:\/\/soydeaqui.ddns.net\/pachuca\/index.php\/wp-json\/wp\/v2\/media?parent=97419"}],"wp:term":[{"taxonomy":"product_brand","embeddable":true,"href":"https:\/\/soydeaqui.ddns.net\/pachuca\/index.php\/wp-json\/wp\/v2\/product_brand?post=97419"},{"taxonomy":"product_cat","embeddable":true,"href":"https:\/\/soydeaqui.ddns.net\/pachuca\/index.php\/wp-json\/wp\/v2\/product_cat?post=97419"},{"taxonomy":"product_tag","embeddable":true,"href":"https:\/\/soydeaqui.ddns.net\/pachuca\/index.php\/wp-json\/wp\/v2\/product_tag?post=97419"}],"curies":[{"name":"wp","href":"https:\/\/api.w.org\/{rel}","templated":true}]}}