{"id":9741,"date":"2026-03-18T07:26:20","date_gmt":"2026-03-18T07:26:20","guid":{"rendered":"https:\/\/soydeaqui.ddns.net\/pachuca\/index.php\/producto\/ferrule-aislado-pan-term-para-cable-8-awg-largo-12mm-din-color-rojo-paquete-100-piezas\/"},"modified":"2026-03-18T07:26:20","modified_gmt":"2026-03-18T07:26:20","slug":"ferrule-aislado-pan-term-para-cable-8-awg-largo-12mm-din-color-rojo-paquete-100-piezas","status":"publish","type":"product","link":"https:\/\/soydeaqui.ddns.net\/pachuca\/index.php\/producto\/ferrule-aislado-pan-term-para-cable-8-awg-largo-12mm-din-color-rojo-paquete-100-piezas\/","title":{"rendered":"Ferrule Aislado PAN-TERM para Cable 8 AWG, Largo 12mm, DIN Color Rojo. Paquete 100 Piezas"},"content":{"rendered":"<div style='width: 100%; max-width: 1200px; margin: 0 auto; font-family: sans-serif; line-height: 1.6; color: inherit; background-color: transparent;'>\n<div style='display: flex; flex-wrap: wrap; gap: 30px; margin-bottom: 30px;'>\n<div style='flex: 1 1 300px; min-width: 280px;'>\n<h3 style='font-size: 22px; border-bottom: 2px solid currentColor; padding-bottom: 5px; margin-top: 0; color: inherit; opacity: 0.8;'>Especificaciones<\/h3>\n<ul style='padding-left: 20px; font-size: 15px; color: inherit;'>\n<li style='margin-bottom: 5px;'><strong>Tipo de f\u00e9rula:<\/strong> Est\u00e1ndar de cable individual<\/li>\n<li style='margin-bottom: 5px;'><strong>Material de cubierta:<\/strong> Polipropileno<\/li>\n<li style='margin-bottom: 5px;'><strong>Copper Conductor Size:<\/strong> 8 AWG<\/li>\n<li style='margin-bottom: 5px;'><strong>Tama\u00f1o m\u00e1ximo de conductor en sistema m\u00e9trico (mm\u00b2):<\/strong> 10<\/li>\n<li style='margin-bottom: 5px;'><strong>Tama\u00f1o m\u00ednimo de conductor en sistema m\u00e9trico (mm\u00b2):<\/strong> 10<\/li>\n<li style='margin-bottom: 5px;'><strong>Clasificaci\u00f3n de temperatura UL (\u00b0C):<\/strong> 105<\/li>\n<li style='margin-bottom: 5px;'><strong>Clasificaci\u00f3n de temperatura CSA (\u00b0C):<\/strong> 105<\/li>\n<li style='margin-bottom: 5px;'><strong>Grado de inflamabilidad:<\/strong> UL94-HB<\/li>\n<li style='margin-bottom: 5px;'><strong>Longitud de la banda del cable (in):<\/strong> 5\/8<\/li>\n<li style='margin-bottom: 5px;'><strong>Longitud de la banda del cable (mm):<\/strong> 15.9<\/li>\n<li style='margin-bottom: 5px;'><strong>Largo de clavija (in):<\/strong> 0.47<\/li>\n<li style='margin-bottom: 5px;'><strong>Largo de clavija (mm):<\/strong> 12<\/li>\n<li style='margin-bottom: 5px;'><strong>Di\u00e1metro interior (in):<\/strong> 0.18<\/li>\n<li style='margin-bottom: 5px;'><strong>Di\u00e1metro interior (mm):<\/strong> 4.6<\/li>\n<li style='margin-bottom: 5px;'><strong>Temperatura m\u00e1xima de funcionamiento (\u00b0C):<\/strong> 105<\/li>\n<li style='margin-bottom: 5px;'><strong>Temperatura m\u00e1xima de funcionamiento (\u00b0F):<\/strong> 221<\/li>\n<li style='margin-bottom: 5px;'><strong>Temperatura m\u00ednima de funcionamiento (\u00b0C):<\/strong> -54<\/li>\n<li style='margin-bottom: 5px;'><strong>Temperatura m\u00ednima de funcionamiento (\u00b0F):<\/strong> -60<\/li>\n<li style='margin-bottom: 5px;'><strong>Di\u00e1metro m\u00e1ximo de aislamiento de cable (in):<\/strong> 0.3<\/li>\n<li style='margin-bottom: 5px;'><strong>Di\u00e1metro m\u00e1ximo de aislamiento de cable (mm):<\/strong> 7.5<\/li>\n<li style='margin-bottom: 5px;'><strong>Longitud total (in):<\/strong> 0.83<\/li>\n<li style='margin-bottom: 5px;'><strong>Longitud total (mm):<\/strong> 21<\/li>\n<li style='margin-bottom: 5px;'><strong>Tipo de producto:<\/strong> F\u00e9rula de cable individual con cubierta<\/li>\n<li style='margin-bottom: 5px;'><strong>Cumple las normas:<\/strong> DIN 46228; CSA C22.2 n.\u00ba 291-14; UL 486F; cULus 486F<\/li>\n<li style='margin-bottom: 5px;'><strong>Acabado\/recubrimiento:<\/strong> Esta\u00f1ado<\/li>\n<li style='margin-bottom: 5px;'><strong>Para usar con:<\/strong> CT-1003&comma; CT-1004&comma; CT-1090&comma; CT-1104&comma; CT-1123&comma; CT-1160&comma; CT-1170&comma; CTFP-100&comma; CT-2300\/ST (CD-090)&comma; CT-2500\/L (CT-2504CH o CT-2523CH)<\/li>\n<li style='margin-bottom: 5px;'><strong>Tipo de empaque:<\/strong> Bolso<\/li>\n<li style='margin-bottom: 5px;'><strong>Material de base:<\/strong> Cobre<\/li>\n<li style='margin-bottom: 5px;'><strong>C\u00f3digo de color:<\/strong> Rojo<\/li>\n<li style='margin-bottom: 5px;'><strong>Submarca:<\/strong> Pan-Term\u2122<\/li>\n<\/ul><\/div>\n<\/p><\/div>\n<div style='display: flex; flex-wrap: wrap; gap: 20px; margin-bottom: 30px;'>\n<div style='flex: 1 1 250px; border: 1px solid rgba(150&comma; 150&comma; 150&comma; 0.4); border-radius: 8px; overflow: hidden; display: flex; flex-direction: column;'>\n<div style='padding: 15px; border-bottom: 1px solid rgba(150&comma; 150&comma; 150&comma; 0.2); font-weight: bold; font-size: 18px; color: inherit;'>Caracter\u00edsticas del producto<\/div>\n<div style='padding: 15px; color: inherit;'>\n<ul style='padding-left: 20px; margin: 0; font-size: 14px; list-style-type: disc;'>\n<li style='margin-bottom: 5px;'>La carcasa con aislamiento de polipropileno cumple con los requisitos de color de DIN<\/li>\n<li style='margin-bottom: 5px;'>Cumple con los est\u00e1ndares DIN&comma; UL y CSA para contenci\u00f3n de cable individual<\/li>\n<li style='margin-bottom: 5px;'>Acceso tipo embudo para inserci\u00f3n m\u00e1s r\u00e1pida y menor costo de instalaci\u00f3n<\/li>\n<li style='margin-bottom: 5px;'>Dise\u00f1ado con un tambor integrado que contiene trenzados de cable suelto para brindar mejores terminaciones<\/li>\n<li style='margin-bottom: 5px;'>Facilita la inserci\u00f3n del cable en el bloque de uni\u00f3n<\/li>\n<li style='margin-bottom: 5px;'>Adecuado para aplicaciones de panel de espacio limitado<\/li>\n<li style='margin-bottom: 5px;'>Varios largos de clavija disponibles para una variedad de bloques de uni\u00f3n<\/li>\n<\/ul><\/div>\n<\/p><\/div>\n<\/p><\/div>\n<hr style='border: 0; border-top: 1px solid rgba(150&comma; 150&comma; 150&comma; 0.3); margin: 30px 0;'> <\/div>\n","protected":false},"excerpt":{"rendered":"<p>Ferrule Aislado PAN-TERM para Cable 8 AWG, Largo 12mm, DIN Color Rojo. Paquete 100 Piezas<\/p>\n","protected":false},"featured_media":9740,"comment_status":"open","ping_status":"closed","template":"","meta":[],"product_brand":[],"product_cat":[633],"product_tag":[634,445,605],"class_list":{"0":"post-9741","1":"product","2":"type-product","3":"status-publish","4":"has-post-thumbnail","6":"product_cat-accesorios-para-rack-gabinetes","7":"product_tag-accesorios-para-rack-gabinetes","8":"product_tag-panduit","9":"product_tag-racks-y-gabinetes","11":"first","12":"outofstock","13":"sale","14":"shipping-taxable","15":"purchasable","16":"product-type-simple"},"_links":{"self":[{"href":"https:\/\/soydeaqui.ddns.net\/pachuca\/index.php\/wp-json\/wp\/v2\/product\/9741","targetHints":{"allow":["GET"]}}],"collection":[{"href":"https:\/\/soydeaqui.ddns.net\/pachuca\/index.php\/wp-json\/wp\/v2\/product"}],"about":[{"href":"https:\/\/soydeaqui.ddns.net\/pachuca\/index.php\/wp-json\/wp\/v2\/types\/product"}],"replies":[{"embeddable":true,"href":"https:\/\/soydeaqui.ddns.net\/pachuca\/index.php\/wp-json\/wp\/v2\/comments?post=9741"}],"wp:featuredmedia":[{"embeddable":true,"href":"https:\/\/soydeaqui.ddns.net\/pachuca\/index.php\/wp-json\/wp\/v2\/media\/9740"}],"wp:attachment":[{"href":"https:\/\/soydeaqui.ddns.net\/pachuca\/index.php\/wp-json\/wp\/v2\/media?parent=9741"}],"wp:term":[{"taxonomy":"product_brand","embeddable":true,"href":"https:\/\/soydeaqui.ddns.net\/pachuca\/index.php\/wp-json\/wp\/v2\/product_brand?post=9741"},{"taxonomy":"product_cat","embeddable":true,"href":"https:\/\/soydeaqui.ddns.net\/pachuca\/index.php\/wp-json\/wp\/v2\/product_cat?post=9741"},{"taxonomy":"product_tag","embeddable":true,"href":"https:\/\/soydeaqui.ddns.net\/pachuca\/index.php\/wp-json\/wp\/v2\/product_tag?post=9741"}],"curies":[{"name":"wp","href":"https:\/\/api.w.org\/{rel}","templated":true}]}}