{"id":97398,"date":"2026-03-20T08:54:52","date_gmt":"2026-03-20T08:54:52","guid":{"rendered":"https:\/\/soydeaqui.ddns.net\/pachuca\/index.php\/producto\/audio-bidireccional-dual-light-colorvu-turret-turbohd-3k-5-megapixel-lente-2-8-mm-40-mts-ir-exir-40-mts-luz-blanca-microfono-y-bocina-integrado-exterior-ip67-dwdr\/"},"modified":"2026-03-20T08:55:04","modified_gmt":"2026-03-20T08:55:04","slug":"audio-bidireccional-dual-light-colorvu-turret-turbohd-3k-5-megapixel-lente-2-8-mm-40-mts-ir-exir-40-mts-luz-blanca-microfono-y-bocina-integrado-exterior-ip67-dwdr","status":"publish","type":"product","link":"https:\/\/soydeaqui.ddns.net\/pachuca\/index.php\/producto\/audio-bidireccional-dual-light-colorvu-turret-turbohd-3k-5-megapixel-lente-2-8-mm-40-mts-ir-exir-40-mts-luz-blanca-microfono-y-bocina-integrado-exterior-ip67-dwdr\/","title":{"rendered":"[Audio Bidireccional + Dual Light + ColorVu] Turret TURBOHD 3k (5 Megapixel) \/ Lente 2.8 mm \/ 40 mts IR EXIR + 40 mts Luz Blanca \/ Micr\u00f3fono y Bocina Integrado \/ Exterior IP67 \/ dWDR"},"content":{"rendered":"<div style='width: 100%; max-width: 1200px; margin: 0 auto; font-family: sans-serif; line-height: 1.6; color: inherit; background-color: transparent;'> <!-- Videos locales --> <\/p>\n<div style='display: flex; flex-wrap: wrap; gap: 20px; margin-bottom: 30px;'>\n<div style='flex: 1 1 300px; min-width: 280px; overflow: hidden; border: 1px solid rgba(150&comma;150&comma;150&comma;0.3); border-radius: 8px;'> <video style='width: 100%; height: auto; border-radius: 8px;' controls muted><source src='https:\/\/ftp3.syscom.mx\/usuarios\/nicolas.jimenez\/Turbo8\/Turbo8%20animacion.mp4' type='video\/mp4'><\/video> <\/div>\n<div style='flex: 1 1 300px; min-width: 280px; overflow: hidden; border: 1px solid rgba(150&comma;150&comma;150&comma;0.3); border-radius: 8px;'> <video style='width: 100%; height: auto; border-radius: 8px;' controls muted><source src='https:\/\/ftp3.syscom.mx\/usuarios\/nicolas.jimenez\/Turbo8\/Turbo%20HD%208.0-Audio%20bidireccional%20TVI%20Doblaje.mp4' type='video\/mp4'><\/video> <\/div>\n<\/p><\/div>\n<p> <!-- Imagen principal --> <\/p>\n<div style='margin-bottom: 30px;'> <img style='width: 100%; height: auto; border: 1px solid rgba(150&comma;150&comma;150&comma;0.3); border-radius: 8px;' src='https:\/\/ftp3.syscom.mx\/usuarios\/emendoza\/elesbanmch\/HIKVISON\/IMAGENES\/COAXITRON-audio.jpg' alt=''> <\/div>\n<p> <!-- Videos de YouTube --> <\/p>\n<div style='display: flex; flex-wrap: wrap; gap: 20px; margin-bottom: 30px;'>\n<div style='flex: 1 1 300px; min-width: 280px;'>\n<div style='position: relative; padding-bottom: 56.25%; height: 0; overflow: hidden;'>   <\/div>\n<\/p><\/div>\n<div style='flex: 1 1 300px; min-width: 280px;'>\n<div style='position: relative; padding-bottom: 56.25%; height: 0; overflow: hidden;'>   <\/div>\n<\/p><\/div>\n<div style='flex: 1 1 300px; min-width: 280px;'>\n<div style='position: relative; padding-bottom: 56.25%; height: 0; overflow: hidden;'>   <\/div>\n<\/p><\/div>\n<div style='flex: 1 1 300px; min-width: 280px;'>\n<div style='position: relative; padding-bottom: 56.25%; height: 0; overflow: hidden;'>   <\/div>\n<\/p><\/div>\n<\/p><\/div>\n<p> <!-- Secci\u00f3n de caracter\u00edsticas --> <\/p>\n<div style='display: flex; flex-wrap: wrap; gap: 30px; margin-bottom: 30px;'>\n<div style='flex: 1 1 300px; min-width: 280px;'>\n<h3 style='font-size: 22px; border-bottom: 2px solid currentColor; padding-bottom: 5px; margin-top: 0; color: inherit; opacity: 0.8;'>Caracter\u00edsticas Principales<\/h3>\n<ul style='padding-left: 20px; font-size: 15px; color: inherit;'>\n<li style='margin-bottom: 5px;'>Resoluci\u00f3n m\u00e1xima: 3K (5 Megapixel)<\/li>\n<li style='margin-bottom: 5px;'>Lente fijo: 2.8 mm (\u00e1ngulo de visi\u00f3n 105\u00b0)<\/li>\n<li style='margin-bottom: 5px;'>Dual light (40 mts smart IR + 40 mts luz blanca)<\/li>\n<li style='margin-bottom: 5px;'>dWDR \/ BLC \/ HLC<\/li>\n<li style='margin-bottom: 5px;'>Audio de dos v\u00edas (micr\u00f3fono y bocina integrado)<\/li>\n<li style='margin-bottom: 5px;'><strong>Nota:<\/strong> El audio de dos v\u00edas por coaxitron se env\u00eda \u00fanicamente por tecnolog\u00eda TVI<\/li>\n<\/ul><\/div>\n<div style='flex: 1 1 300px; min-width: 280px;'>\n<h3 style='font-size: 22px; border-bottom: 2px solid currentColor; padding-bottom: 5px; margin-top: 0; color: inherit; opacity: 0.8;'>Caracter\u00edsticas F\u00edsicas y El\u00e9ctricas<\/h3>\n<ul style='padding-left: 20px; font-size: 15px; color: inherit;'>\n<li style='margin-bottom: 5px;'>Alimentaci\u00f3n \/ Consumo: 12 Vcc \/ 7.5 Watts<\/li>\n<li style='margin-bottom: 5px;'>Protecci\u00f3n: IP67 (interior \/ exterior)<\/li>\n<li style='margin-bottom: 5px;'>Montaje de pl\u00e1stico y c\u00e1mara de metal<\/li>\n<li style='margin-bottom: 5px;'>Peso: 340 gramos<\/li>\n<\/ul>\n<h3 style='font-size: 22px; border-bottom: 2px solid currentColor; padding-bottom: 5px; margin-top: 25px; color: inherit; opacity: 0.8;'>Accesorios Opcionales<\/h3>\n<ul style='padding-left: 20px; font-size: 15px; color: inherit;'>\n<li style='margin-bottom: 5px;'>Montaje de poste&comma; modelo: <a href='https:\/\/www.syscom.mx\/producto\/DS-1275ZJ-SUS-HIKVISION-156172.html' target='_blank' rel='noopener' style='color: inherit; text-decoration: underline;'>DS-1275ZJ-SUS<\/a><\/li>\n<li style='margin-bottom: 5px;'>Montaje de esquina&comma; modelo: <a href='https:\/\/www.syscom.mx\/producto\/DS-1276ZJ-SUS-HIKVISION-156173.html' target='_blank' rel='noopener' style='color: inherit; text-decoration: underline;'>DS-1276ZJ-SUS<\/a><\/li>\n<li style='margin-bottom: 5px;'>Caja de conexiones&comma; modelo: <a href='https:\/\/www.syscom.mx\/producto\/DS-1280ZJ-S-HIKVISION-84927.html' target='_blank' rel='noopener' style='color: inherit; text-decoration: underline;'>DS-1280ZJ-S<\/a><\/li>\n<li style='margin-bottom: 5px;'>Montaje inclinado de techo&comma; modelo: <a href='https:\/\/www.syscom.mx\/producto\/DS-1281ZJ-S-HIKVISION-93443.html' target='_blank' rel='noopener' style='color: inherit; text-decoration: underline;'>DS-1281ZJ-S<\/a><\/li>\n<\/ul><\/div>\n<\/p><\/div>\n<p> <!-- Caracter\u00edsticas Destacadas --> <\/p>\n<div style='margin-bottom: 30px;'>\n<h3 style='font-size: 22px; border-bottom: 2px solid currentColor; padding-bottom: 5px; margin-top: 0; margin-bottom: 15px; color: inherit; opacity: 0.8;'>Caracter\u00edsticas Destacadas<\/h3>\n<ul style='padding-left: 20px; font-size: 15px; color: inherit;'>\n<li style='margin-bottom: 15px;'>La c\u00e1mara cuenta con un micr\u00f3fono y bocina interconstruido&comma; el cual no requiere cables adicionales para poder transmitir el audio y video. Podemos tener una comunicaci\u00f3n bidireccional desde la App (Hik-Connect) usando el DVR de por medio para la interconexi\u00f3n.<\/li>\n<li style='margin-bottom: 15px;'><strong>Nota:<\/strong> El audio de dos v\u00edas solo es compatible con DVRs de la serie XT de HIKVISION y EX-5000 (ejemplo IDS-7204HQHI\/XT \/ EX-5004TURBO)<\/li>\n<li style='margin-bottom: 15px;'><strong>Nota:<\/strong> La funci\u00f3n de audio bidireccional tiene un alcance efectivo de hasta <strong>5 metros<\/strong>. Aseg\u00farese de ubicar la c\u00e1mara en un lugar estrat\u00e9gico para maximizar la claridad del sonido y garantizar una comunicaci\u00f3n fluida.<\/li>\n<li style='margin-bottom: 15px;'><strong>Nota:<\/strong> Para la funci\u00f3n de audio de 2 v\u00edas&comma; la distancia m\u00e1xima soportada entre el grabador y la c\u00e1mara es de <strong>150 metros<\/strong>.<\/li>\n<li style='margin-bottom: 15px;'>La funci\u00f3n de Dual Light permite que la c\u00e1mara&comma; cuando est\u00e9 en modo noche (con IR encendido)&comma; pueda activar su luz blanca para grabar a color cuando ocurra un evento (detecci\u00f3n de movimiento&comma; cruce de l\u00ednea&comma; entrada de \u00e1rea). La comunicaci\u00f3n para activar luz blanca funciona \u00fanicamente en modo TVI (TURBOHD) y con grabadores que sean de la serie ACUSENSE&comma; serie XT de HIKVISION y EX de epcom.<\/li>\n<\/ul><\/div>\n<p> <!-- Imagen final --> <\/p>\n<div style='margin-bottom: 30px;'> <img style='width: 100%; height: auto; border: 1px solid rgba(150&comma;150&comma;150&comma;0.3); border-radius: 8px;' src='https:\/\/ftp3.syscom.mx\/usuarios\/jsosa\/HIKVISION\/imagenes\/banners\/solution%20complete.png' alt=''> <\/div>\n<p> <!-- Separador final --> <\/p>\n<hr style='border: 0; border-top: 1px solid rgba(150&comma; 150&comma; 150&comma; 0.3); margin: 30px 0;'> <\/div>\n","protected":false},"excerpt":{"rendered":"<p>[Audio Bidireccional + Dual Light + ColorVu] Turret TURBOHD 3k (5 Megapixel) \/ Lente 2.8 mm \/ 40 mts IR EXIR + 40 mts Luz Blanca \/ Micr\u00f3fono y Bocina Integrado \/ Exterior IP67 \/ dWDR<\/p>\n","protected":false},"featured_media":97397,"comment_status":"open","ping_status":"closed","template":"","meta":[],"product_brand":[],"product_cat":[2269],"product_tag":[2255,2057,54],"class_list":{"0":"post-97398","1":"product","2":"type-product","3":"status-publish","4":"has-post-thumbnail","6":"product_cat-domo-eyeball-turret-camaras-y-dvrs-hd-turbohd-ahd-hd-tvi","7":"product_tag-camaras-y-dvrs-hd-turbohd-ahd-hd-tvi","8":"product_tag-domo-eyeball-turret","9":"product_tag-hikvision","11":"first","12":"instock","13":"sale","14":"shipping-taxable","15":"purchasable","16":"product-type-simple"},"_links":{"self":[{"href":"https:\/\/soydeaqui.ddns.net\/pachuca\/index.php\/wp-json\/wp\/v2\/product\/97398","targetHints":{"allow":["GET"]}}],"collection":[{"href":"https:\/\/soydeaqui.ddns.net\/pachuca\/index.php\/wp-json\/wp\/v2\/product"}],"about":[{"href":"https:\/\/soydeaqui.ddns.net\/pachuca\/index.php\/wp-json\/wp\/v2\/types\/product"}],"replies":[{"embeddable":true,"href":"https:\/\/soydeaqui.ddns.net\/pachuca\/index.php\/wp-json\/wp\/v2\/comments?post=97398"}],"wp:featuredmedia":[{"embeddable":true,"href":"https:\/\/soydeaqui.ddns.net\/pachuca\/index.php\/wp-json\/wp\/v2\/media\/97397"}],"wp:attachment":[{"href":"https:\/\/soydeaqui.ddns.net\/pachuca\/index.php\/wp-json\/wp\/v2\/media?parent=97398"}],"wp:term":[{"taxonomy":"product_brand","embeddable":true,"href":"https:\/\/soydeaqui.ddns.net\/pachuca\/index.php\/wp-json\/wp\/v2\/product_brand?post=97398"},{"taxonomy":"product_cat","embeddable":true,"href":"https:\/\/soydeaqui.ddns.net\/pachuca\/index.php\/wp-json\/wp\/v2\/product_cat?post=97398"},{"taxonomy":"product_tag","embeddable":true,"href":"https:\/\/soydeaqui.ddns.net\/pachuca\/index.php\/wp-json\/wp\/v2\/product_tag?post=97398"}],"curies":[{"name":"wp","href":"https:\/\/api.w.org\/{rel}","templated":true}]}}