{"id":97395,"date":"2026-03-20T08:54:45","date_gmt":"2026-03-20T08:54:45","guid":{"rendered":"https:\/\/soydeaqui.ddns.net\/pachuca\/index.php\/producto\/montaje-de-techo-universal-doble-para-monitores-de-17-a-42-soporta-hasta-22-kg-x-monitor-vesa-75x75-100x100-200x200-acero-montaje-telescopico-de-50-cm-hasta-80cm\/"},"modified":"2026-03-20T08:54:49","modified_gmt":"2026-03-20T08:54:49","slug":"montaje-de-techo-universal-doble-para-monitores-de-17-a-42-soporta-hasta-22-kg-x-monitor-vesa-75x75-100x100-200x200-acero-montaje-telescopico-de-50-cm-hasta-80cm","status":"publish","type":"product","link":"https:\/\/soydeaqui.ddns.net\/pachuca\/index.php\/producto\/montaje-de-techo-universal-doble-para-monitores-de-17-a-42-soporta-hasta-22-kg-x-monitor-vesa-75x75-100x100-200x200-acero-montaje-telescopico-de-50-cm-hasta-80cm\/","title":{"rendered":"Montaje de Techo Universal Doble  para Monitores de 17 a  42&#8243; | Soporta hasta 22 KG x monitor\/ VESA 75X75, 100X100, 200X200 \/ Acero \/ Montaje Telescopico de 50 cm hasta 80cm"},"content":{"rendered":"<div style='width: 100%; max-width: 1200px; margin: 0 auto; font-family: sans-serif; line-height: 1.6; color: inherit; background-color: transparent;'> <!-- Imagen 1 --> <\/p>\n<div style='width: 100%; margin-bottom: 20px;'> <img style='width: 100%; height: auto; border: 1px solid rgba(150&comma;150&comma;150&comma;0.3); border-radius: 8px;' src='https:\/\/ftp3.syscom.mx\/usuarios\/albamaria\/albamaria\/NB\/ESTANDAR-VESA.jpg' alt=''> <\/div>\n<p> <!-- Descripci\u00f3n General --> <\/p>\n<div style='display: flex; flex-wrap: wrap; gap: 30px; margin-bottom: 30px;'>\n<div style='flex: 1 1 300px; min-width: 280px;'>\n<h3 style='font-size: 22px; border-bottom: 2px solid currentColor; padding-bottom: 5px; margin-top: 0; color: inherit; opacity: 0.8;'>Descripci\u00f3n General<\/h3>\n<p style='font-size: 15px; color: inherit; text-align: justify;'> Maximiza el espacio en tu comercio u oficina con nuestros montajes de techo para TV. Dise\u00f1ados para ofrecer una vista perfecta desde cualquier \u00e1ngulo&comma; estos soportes combinan funcionalidad y estilo&comma; adapt\u00e1ndose a cualquier entorno sin sacrificar espacio <\/p>\n<\/p><\/div>\n<\/p><\/div>\n<p> <!-- Imagen 2 --> <\/p>\n<div style='width: 100%; margin-bottom: 20px;'> <img style='width: 100%; max-width: 538px; height: auto; border: 1px solid rgba(150&comma;150&comma;150&comma;0.3); border-radius: 8px; display: block; margin: 0 auto;' src='https:\/\/ftp3.syscom.mx\/usuarios\/albamaria\/albamaria\/Montajes\/EPS720P-1.jpg' alt=''> <\/div>\n<p> <!-- Caracter\u00edsticas Principales --> <\/p>\n<div style='display: flex; flex-wrap: wrap; gap: 20px; margin-bottom: 30px;'>\n<div style='flex: 1 1 250px; border: 1px solid rgba(150&comma; 150&comma; 150&comma; 0.4); border-radius: 8px; overflow: hidden; display: flex; flex-direction: column;'>\n<div style='padding: 15px; border-bottom: 1px solid rgba(150&comma; 150&comma; 150&comma; 0.2); font-weight: bold; font-size: 18px; color: inherit;'>Caracter\u00edsticas Principales:<\/div>\n<div style='padding: 15px; color: inherit;'>\n<ul style='padding-left: 20px; margin: 0; font-size: 14px; list-style-type: disc; color: inherit;'>\n<li style='margin-bottom: 5px;'><strong>Carga M\u00e1xima:<\/strong> 25Kg (55lbs) x pantalla<\/li>\n<li style='margin-bottom: 5px;'><strong>Monitores compatibles:<\/strong> 17 &#8211; 42&#8242;<\/li>\n<li style='margin-bottom: 5px;'><strong>VESA:<\/strong> 75&#215;75&comma; 100&#215;100&comma; 200&#215;200<\/li>\n<li style='margin-bottom: 5px;'><strong>Fabricado en:<\/strong> Acero<\/li>\n<li style='margin-bottom: 5px;'><strong>Giro:<\/strong> \u00b115\u00b0<\/li>\n<li style='margin-bottom: 5px;'><strong>Rotaci\u00f3n de la placa:<\/strong> 360\u00ba<\/li>\n<li style='margin-bottom: 5px;'><strong>Ajuste telescopico:<\/strong> 500 &#8211; 800mm<\/li>\n<\/ul><\/div>\n<\/p><\/div>\n<\/p><\/div>\n<p> <!-- Imagen 3 --> <\/p>\n<div style='width: 100%; margin-bottom: 20px;'> <img style='width: 100%; max-width: 75%; height: auto; border: 1px solid rgba(150&comma;150&comma;150&comma;0.3); border-radius: 8px; display: block; margin: 0 auto;' src='https:\/\/ftp3.syscom.mx\/usuarios\/albamaria\/albamaria\/Montajes\/EPS720P.jpg' alt=''> <\/div>\n<\/p><\/div>\n","protected":false},"excerpt":{"rendered":"<p>Montaje de Techo Universal Doble  para Monitores de 17 a  42&#8243; | Soporta hasta 22 KG x monitor\/ VESA 75X75, 100X100, 200X200 \/ Acero \/ Montaje Telescopico de 50 cm hasta 80cm<\/p>\n","protected":false},"featured_media":97394,"comment_status":"open","ping_status":"closed","template":"","meta":[],"product_brand":[],"product_cat":[2115],"product_tag":[93,935,2089],"class_list":{"0":"post-97395","1":"product","2":"type-product","3":"status-publish","4":"has-post-thumbnail","6":"product_cat-accesorios-monitores-pantallas-y-mobiliario","7":"product_tag-accesorios","8":"product_tag-epcom","9":"product_tag-monitores-pantallas-y-mobiliario","11":"first","12":"instock","13":"sale","14":"shipping-taxable","15":"purchasable","16":"product-type-simple"},"_links":{"self":[{"href":"https:\/\/soydeaqui.ddns.net\/pachuca\/index.php\/wp-json\/wp\/v2\/product\/97395","targetHints":{"allow":["GET"]}}],"collection":[{"href":"https:\/\/soydeaqui.ddns.net\/pachuca\/index.php\/wp-json\/wp\/v2\/product"}],"about":[{"href":"https:\/\/soydeaqui.ddns.net\/pachuca\/index.php\/wp-json\/wp\/v2\/types\/product"}],"replies":[{"embeddable":true,"href":"https:\/\/soydeaqui.ddns.net\/pachuca\/index.php\/wp-json\/wp\/v2\/comments?post=97395"}],"wp:featuredmedia":[{"embeddable":true,"href":"https:\/\/soydeaqui.ddns.net\/pachuca\/index.php\/wp-json\/wp\/v2\/media\/97394"}],"wp:attachment":[{"href":"https:\/\/soydeaqui.ddns.net\/pachuca\/index.php\/wp-json\/wp\/v2\/media?parent=97395"}],"wp:term":[{"taxonomy":"product_brand","embeddable":true,"href":"https:\/\/soydeaqui.ddns.net\/pachuca\/index.php\/wp-json\/wp\/v2\/product_brand?post=97395"},{"taxonomy":"product_cat","embeddable":true,"href":"https:\/\/soydeaqui.ddns.net\/pachuca\/index.php\/wp-json\/wp\/v2\/product_cat?post=97395"},{"taxonomy":"product_tag","embeddable":true,"href":"https:\/\/soydeaqui.ddns.net\/pachuca\/index.php\/wp-json\/wp\/v2\/product_tag?post=97395"}],"curies":[{"name":"wp","href":"https:\/\/api.w.org\/{rel}","templated":true}]}}