{"id":9739,"date":"2026-03-18T07:26:19","date_gmt":"2026-03-18T07:26:19","guid":{"rendered":"https:\/\/soydeaqui.ddns.net\/pachuca\/index.php\/producto\/ferrul-pan-term-de-polipropileno-para-cable-6-awg-100-piezas\/"},"modified":"2026-03-18T07:26:19","modified_gmt":"2026-03-18T07:26:19","slug":"ferrul-pan-term-de-polipropileno-para-cable-6-awg-100-piezas","status":"publish","type":"product","link":"https:\/\/soydeaqui.ddns.net\/pachuca\/index.php\/producto\/ferrul-pan-term-de-polipropileno-para-cable-6-awg-100-piezas\/","title":{"rendered":"Ferrul Pan-Term\u2122, de Polipropileno, para Cable 6 AWG, 100 Piezas"},"content":{"rendered":"<div style='width: 100%; max-width: 1200px; margin: 0 auto; font-family: sans-serif; line-height: 1.6; color: inherit; background-color: transparent;'> <!-- Logo --> <\/p>\n<div style='text-align: center; margin-bottom: 20px;'> <img style='width: 300px; height: auto; border: 1px solid rgba(150&comma;150&comma;150&comma;0.3); border-radius: 8px;' src='https:\/\/ftp3.syscom.mx\/usuarios\/fotos\/SCL2\/0X\/214870-217843-panduit-logo-tm-negro-fondo_trans30-01_(002)_(1).png' alt=''> <\/div>\n<p> <!-- T\u00edtulo --> <\/p>\n<h1 style='font-size: 26px; margin-bottom: 15px; color: inherit; opacity: 0.8; border-bottom: 2px solid currentColor; padding-bottom: 8px; display: inline-block; width: 100%; max-width: 800px;'> Ferrul Pan-Term\u2122&comma; de Polipropileno&comma; para Cable 6 AWG. <\/h1>\n<p> <!-- Informaci\u00f3n general --> <\/p>\n<div style='margin-bottom: 30px; max-width: 800px;'>\n<p style='margin: 15px 0; color: inherit; opacity: 0.8; font-size: 15px;'> La f\u00e9rula aislada del manguito final de DIN de cable individual de color azul tiene una acceso tipo embudo para la inserci\u00f3n m\u00e1s r\u00e1pida y menos costos de instalaci\u00f3n. Fue dise\u00f1ada para las f\u00e9rulas de cableado n.\u00b0 6 (16&comma;0 mm\u00b2) de la American Wire Gauge (AWG) y es compatible con un di\u00e1metro m\u00e1ximo de aislamiento de cable de 0&comma;35 (8&comma;8 mm). La f\u00e9rula con aislamiento es de 0&comma;91 (23&comma;0 mm) de largo y una longitud de la banda de cable de 0&comma;625 (15&comma;9 mm). <\/p>\n<\/p><\/div>\n<p> <!-- Especificaciones --> <\/p>\n<div style='margin-bottom: 30px;'>\n<h2 style='font-size: 22px; margin-bottom: 20px; color: inherit; opacity: 0.8; border-bottom: 2px solid currentColor; padding-bottom: 8px;'> Especificaciones <\/h2>\n<p> <!-- Grid de especificaciones --> <\/p>\n<div style='display: grid; grid-template-columns: repeat(auto-fill&comma; minmax(250px&comma; 1fr)); gap: 20px;'>\n<div style='border: 1px solid rgba(150&comma; 150&comma; 150&comma; 0.4); border-radius: 8px; padding: 15px;'>\n<h3 style='font-size: 18px; margin-top: 0; color: inherit; opacity: 0.8; margin-bottom: 10px;'> Caracter\u00edsticas principales <\/h3>\n<ul style='padding-left: 20px; margin: 0; list-style: disc; color: inherit; font-size: 14px;'>\n<li style='margin-bottom: 5px;'><strong>Material:<\/strong> Polipropileno<\/li>\n<li style='margin-bottom: 5px;'><strong>Tama\u00f1o de conductor:<\/strong> N.\u00ba 6 AWG<\/li>\n<li style='margin-bottom: 5px;'><strong>Material de base:<\/strong> Cobre esta\u00f1ado<\/li>\n<li style='margin-bottom: 5px;'><strong>Color:<\/strong> Azul<\/li>\n<li style='margin-bottom: 5px;'><strong>Temperatura m\u00e1xima:<\/strong> 105\u00b0C<\/li>\n<\/ul><\/div>\n<div style='border: 1px solid rgba(150&comma; 150&comma; 150&comma; 0.4); border-radius: 8px; padding: 15px;'>\n<h3 style='font-size: 18px; margin-top: 0; color: inherit; opacity: 0.8; margin-bottom: 10px;'> Dimensiones <\/h3>\n<ul style='padding-left: 20px; margin: 0; list-style: disc; color: inherit; font-size: 14px;'>\n<li style='margin-bottom: 5px;'><strong>Longitud de la banda del cable:<\/strong> 0.63&#8242; (15.9 mm)<\/li>\n<li style='margin-bottom: 5px;'><strong>Largo de clavija:<\/strong> 0.47&#8242; (12 mm)<\/li>\n<li style='margin-bottom: 5px;'><strong>Di\u00e1metro interior:<\/strong> 0.24&#8242; (6 mm)<\/li>\n<li style='margin-bottom: 5px;'><strong>Longitud total:<\/strong> 0.91&#8242; (23 mm)<\/li>\n<li style='margin-bottom: 5px;'><strong>Di\u00e1metro m\u00e1ximo de aislamiento:<\/strong> 0.35&#8242; (8.8 mm)<\/li>\n<\/ul><\/div>\n<div style='border: 1px solid rgba(150&comma; 150&comma; 150&comma; 0.4); border-radius: 8px; padding: 15px;'>\n<h3 style='font-size: 18px; margin-top: 0; color: inherit; opacity: 0.8; margin-bottom: 10px;'> Normas y Certificaciones <\/h3>\n<ul style='padding-left: 20px; margin: 0; list-style: disc; color: inherit; font-size: 14px;'>\n<li style='margin-bottom: 5px;'><strong>Normas:<\/strong> DIN 46228&comma; CSA C22.2 n.\u00ba 291-14<\/li>\n<li style='margin-bottom: 5px;'><strong>UL:<\/strong> 486F<\/li>\n<li style='margin-bottom: 5px;'><strong>cULus:<\/strong> 486F<\/li>\n<li style='margin-bottom: 5px;'><strong>Grado de inflamabilidad:<\/strong> UL94-HB<\/li>\n<\/ul><\/div>\n<div style='border: 1px solid rgba(150&comma; 150&comma; 150&comma; 0.4); border-radius: 8px; padding: 15px;'>\n<h3 style='font-size: 18px; margin-top: 0; color: inherit; opacity: 0.8; margin-bottom: 10px;'> Caracter\u00edsticas adicionales <\/h3>\n<ul style='padding-left: 20px; margin: 0; list-style: disc; color: inherit; font-size: 14px;'>\n<li style='margin-bottom: 5px;'>Acceso tipo embudo para inserci\u00f3n m\u00e1s r\u00e1pida<\/li>\n<li style='margin-bottom: 5px;'>Dise\u00f1o de tambor integrado para trenzados de cable suelto<\/li>\n<li style='margin-bottom: 5px;'>Para uso con CT-1104&comma; CT-2500 (CT-2504CH)<\/li>\n<li style='margin-bottom: 5px;'>Tipo de empaque: Bolso<\/li>\n<li style='margin-bottom: 5px;'>Submarca: Pan-Term\u2122<\/li>\n<\/ul><\/div>\n<\/p><\/div>\n<\/p><\/div>\n<p> <!-- Separador --> <\/p>\n<hr style='border: 0; border-top: 1px solid rgba(150&comma; 150&comma; 150&comma; 0.3); margin: 30px 0;'> <\/div>\n","protected":false},"excerpt":{"rendered":"<p>Ferrul Pan-Term\u2122, de Polipropileno, para Cable 6 AWG, 100 Piezas<\/p>\n","protected":false},"featured_media":9738,"comment_status":"open","ping_status":"closed","template":"","meta":[],"product_brand":[],"product_cat":[633],"product_tag":[634,445,605],"class_list":{"0":"post-9739","1":"product","2":"type-product","3":"status-publish","4":"has-post-thumbnail","6":"product_cat-accesorios-para-rack-gabinetes","7":"product_tag-accesorios-para-rack-gabinetes","8":"product_tag-panduit","9":"product_tag-racks-y-gabinetes","11":"first","12":"outofstock","13":"sale","14":"shipping-taxable","15":"purchasable","16":"product-type-simple"},"_links":{"self":[{"href":"https:\/\/soydeaqui.ddns.net\/pachuca\/index.php\/wp-json\/wp\/v2\/product\/9739","targetHints":{"allow":["GET"]}}],"collection":[{"href":"https:\/\/soydeaqui.ddns.net\/pachuca\/index.php\/wp-json\/wp\/v2\/product"}],"about":[{"href":"https:\/\/soydeaqui.ddns.net\/pachuca\/index.php\/wp-json\/wp\/v2\/types\/product"}],"replies":[{"embeddable":true,"href":"https:\/\/soydeaqui.ddns.net\/pachuca\/index.php\/wp-json\/wp\/v2\/comments?post=9739"}],"wp:featuredmedia":[{"embeddable":true,"href":"https:\/\/soydeaqui.ddns.net\/pachuca\/index.php\/wp-json\/wp\/v2\/media\/9738"}],"wp:attachment":[{"href":"https:\/\/soydeaqui.ddns.net\/pachuca\/index.php\/wp-json\/wp\/v2\/media?parent=9739"}],"wp:term":[{"taxonomy":"product_brand","embeddable":true,"href":"https:\/\/soydeaqui.ddns.net\/pachuca\/index.php\/wp-json\/wp\/v2\/product_brand?post=9739"},{"taxonomy":"product_cat","embeddable":true,"href":"https:\/\/soydeaqui.ddns.net\/pachuca\/index.php\/wp-json\/wp\/v2\/product_cat?post=9739"},{"taxonomy":"product_tag","embeddable":true,"href":"https:\/\/soydeaqui.ddns.net\/pachuca\/index.php\/wp-json\/wp\/v2\/product_tag?post=9739"}],"curies":[{"name":"wp","href":"https:\/\/api.w.org\/{rel}","templated":true}]}}