{"id":97376,"date":"2026-03-20T08:53:50","date_gmt":"2026-03-20T08:53:50","guid":{"rendered":"https:\/\/soydeaqui.ddns.net\/pachuca\/index.php\/producto\/audio-bidireccional-dual-light-colorvu-bala-turbohd-3k-5-megapixel-lente-3-6-mm-40-mts-ir-exir-40-mts-luz-blanca-microfono-y-bocina-integrado-exterior-ip67-dwdr\/"},"modified":"2026-03-20T08:54:10","modified_gmt":"2026-03-20T08:54:10","slug":"audio-bidireccional-dual-light-colorvu-bala-turbohd-3k-5-megapixel-lente-3-6-mm-40-mts-ir-exir-40-mts-luz-blanca-microfono-y-bocina-integrado-exterior-ip67-dwdr","status":"publish","type":"product","link":"https:\/\/soydeaqui.ddns.net\/pachuca\/index.php\/producto\/audio-bidireccional-dual-light-colorvu-bala-turbohd-3k-5-megapixel-lente-3-6-mm-40-mts-ir-exir-40-mts-luz-blanca-microfono-y-bocina-integrado-exterior-ip67-dwdr\/","title":{"rendered":"[Audio Bidireccional + Dual Light + ColorVu] Bala TURBOHD 3K  (5 Megapixel) \/ Lente 3.6 mm \/ 40 mts IR EXIR + 40 mts Luz Blanca \/ Micr\u00f3fono y Bocina Integrado \/ Exterior IP67 \/ dWDR"},"content":{"rendered":"<div style='width: 100%; max-width: 1200px; margin: 0 auto; font-family: sans-serif; line-height: 1.6; color: inherit; background-color: transparent;'>\n<div style='text-align: center; padding: 20px;'> <img style='max-height: 6rem; width: 100%; height: auto; border: 1px solid rgba(150&comma;150&comma;150&comma;0.3); border-radius: 8px;' src='https:\/\/ftp3.syscom.mx\/usuarios\/fotos\/logotipos\/hikvision.png' alt='Logo'> <\/p>\n<h2 style='font-size: 28px; font-weight: bold; margin: 20px 0;'>Integre su c\u00e1mara con un grabador para controlar y monitorear sus dispositivos de seguridad<\/h2>\n<p style='font-size: 18px; margin-bottom: 20px;'>Descarga la app oficial Hik-Connect y aprovecha al m\u00e1ximo tu producto inteligente<\/p>\n<div style='display: flex; justify-content: center; gap: 15px; flex-wrap: wrap;'> <img style='height: 60px; width: auto; border: 1px solid rgba(150&comma;150&comma;150&comma;0.3); border-radius: 8px;' src='https:\/\/ftp3.syscom.mx\/usuarios\/ftp\/single_page\/hikvision\/hikconnectlogo.png' alt='Logo 1'> <img style='height: 60px; width: auto; border: 1px solid rgba(150&comma;150&comma;150&comma;0.3); border-radius: 8px;' src='https:\/\/ftp3.syscom.mx\/usuarios\/ftp\/single_page\/hikvision\/appstoreygoogleplay.png' alt='Logo 2'> <\/div>\n<\/p><\/div>\n<div style='width: 100%; max-width: 1200px; margin: 30px auto; padding: 0 15px;'>\n<h2 style='text-align: center; font-size: 24px; margin-bottom: 25px; color: inherit;'>Beneficios principales<\/h2>\n<div style='display: flex; flex-wrap: wrap; gap: 20px; justify-content: center;'>\n<div style='flex: 1 1 220px; min-width: 200px; text-align: center;'>\n<div style='width: 60px; height: 60px; margin: 0 auto 15px; background-color: #df001e; border-radius: 50%;'><\/div>\n<h5 style='margin-bottom: 10px; font-size: 18px;'>Control remoto<\/h5>\n<p style='font-size: 14px; color: rgba(128&comma;128&comma;128&comma;0.8);'>Controla tus dispositivos desde cualquier lugar<\/p>\n<\/p><\/div>\n<div style='flex: 1 1 220px; min-width: 200px; text-align: center;'>\n<div style='width: 60px; height: 60px; margin: 0 auto 15px; background-color: #dc4697; border-radius: 50%;'><\/div>\n<h5 style='margin-bottom: 10px; font-size: 18px;'>Monitoreo en tiempo real<\/h5>\n<p style='font-size: 14px; color: rgba(128&comma;128&comma;128&comma;0.8);'>Visualiza tus dispositivos al instante<\/p>\n<\/p><\/div>\n<div style='flex: 1 1 220px; min-width: 200px; text-align: center;'>\n<div style='width: 60px; height: 60px; margin: 0 auto 15px; background-color: #a153cd; border-radius: 50%;'><\/div>\n<h5 style='margin-bottom: 10px; font-size: 18px;'>Notificaciones<\/h5>\n<p style='font-size: 14px; color: rgba(128&comma;128&comma;128&comma;0.8);'>Recibe notificaciones y alertas de los eventos que registra tu dispositivo.<\/p>\n<\/p><\/div>\n<div style='flex: 1 1 220px; min-width: 200px; text-align: center;'>\n<div style='width: 60px; height: 60px; margin: 0 auto 15px; background-color: #6468f2; border-radius: 50%;'><\/div>\n<h5 style='margin-bottom: 10px; font-size: 18px;'>Interfaz de usuario sencilla<\/h5>\n<p style='font-size: 14px; color: rgba(128&comma;128&comma;128&comma;0.8);'>Amigable para usuarios finales<\/p>\n<\/p><\/div>\n<\/p><\/div>\n<\/p><\/div>\n<div style='width: 100%; max-width: 1200px; margin: 30px auto; padding: 0 15px;'>\n<div style='display: grid; grid-template-columns: repeat(auto-fill&comma; minmax(220px&comma; 1fr)); gap: 20px;'> <img style='width: 100%; height: auto; border: 1px solid rgba(150&comma;150&comma;150&comma;0.3); border-radius: 8px;' src='https:\/\/ftp3.syscom.mx\/usuarios\/ftp\/single_page\/hikvision\/interfazHC.jpg' alt='Imagen 1'> <img style='width: 100%; height: auto; border: 1px solid rgba(150&comma;150&comma;150&comma;0.3); border-radius: 8px;' src='https:\/\/ftp3.syscom.mx\/usuarios\/ftp\/single_page\/hikvision\/grabacionesHC.jpg' alt='Imagen 2'> <img style='width: 100%; height: auto; border: 1px solid rgba(150&comma;150&comma;150&comma;0.3); border-radius: 8px;' src='https:\/\/ftp3.syscom.mx\/usuarios\/ftp\/single_page\/hikvision\/directoHC.jpg' alt='Imagen 3'> <img style='width: 100%; height: auto; border: 1px solid rgba(150&comma;150&comma;150&comma;0.3); border-radius: 8px;' src='https:\/\/ftp3.syscom.mx\/usuarios\/ftp\/single_page\/hikvision\/notificaciones2HC.jpg' alt='Imagen 4'> <\/div>\n<\/p><\/div>\n<div style='width: 100%; max-width: 1200px; margin: 30px auto; padding: 0 15px;'>\n<div style='display: grid; grid-template-columns: repeat(auto-fill&comma; minmax(280px&comma; 1fr)); gap: 20px;'>\n<div style='background-color: #ffffff; border: 1px solid rgba(230&comma;230&comma;230&comma;0.8); border-radius: 10px; padding: 24px 20px; text-align: center;'>\n<div style='width: 56px; height: 56px; margin: 0 auto 16px; background: #f2f6ff; border-radius: 50%; display: flex; align-items: center; justify-content: center;'> <img style='width: 60px; height: 60px; border: none;' src='https:\/\/cdn-icons-gif.flaticon.com\/19036\/19036565.gif' alt='Icono'> <\/div>\n<div style='font-size: 16px; font-weight: 600; color: inherit; margin-bottom: 8px;'>Resoluci\u00f3n 3K<\/div>\n<div style='font-size: 14px; line-height: 1.6; color: rgba(107&comma;114&comma;128&comma;0.9);'>Imagen ultra n\u00edtida con mayor nivel de detalle para una identificaci\u00f3n m\u00e1s precisa.<\/div>\n<\/p><\/div>\n<div style='background-color: #ffffff; border: 1px solid rgba(230&comma;230&comma;230&comma;0.8); border-radius: 10px; padding: 24px 20px; text-align: center;'>\n<div style='width: 56px; height: 56px; margin: 0 auto 16px; background: #f2f6ff; border-radius: 50%; display: flex; align-items: center; justify-content: center;'> <img style='width: 60px; height: 60px; border: none;' src='https:\/\/cdn-icons-gif.flaticon.com\/8121\/8121329.gif' alt='Icono'> <\/div>\n<div style='font-size: 16px; font-weight: 600; color: inherit; margin-bottom: 8px;'>Audio Bidireccional<\/div>\n<div style='font-size: 14px; line-height: 1.6; color: rgba(107&comma;114&comma;128&comma;0.9);'>Escucha y habla a trav\u00e9s de la c\u00e1mara para una comunicaci\u00f3n inmediata.<\/div>\n<\/p><\/div>\n<div style='background-color: #ffffff; border: 1px solid rgba(230&comma;230&comma;230&comma;0.8); border-radius: 10px; padding: 24px 20px; text-align: center;'>\n<div style='width: 56px; height: 56px; margin: 0 auto 16px; background: #f2f6ff; border-radius: 50%; display: flex; align-items: center; justify-content: center;'> <img style='width: 60px; height: 60px; border: none;' src='https:\/\/cdn-icons-gif.flaticon.com\/19009\/19009707.gif' alt='Icono'> <\/div>\n<div style='font-size: 16px; font-weight: 600; color: inherit; margin-bottom: 8px;'>Iluminaci\u00f3n Dual<\/div>\n<div style='font-size: 14px; line-height: 1.6; color: rgba(107&comma;114&comma;128&comma;0.9);'>C\u00e1maras con luz blanca e IR para grabar a color al detectar movimiento durante la noche<\/div>\n<\/p><\/div>\n<div style='background-color: #ffffff; border: 1px solid rgba(230&comma;230&comma;230&comma;0.8); border-radius: 10px; padding: 24px 20px; text-align: center;'>\n<div style='width: 56px; height: 56px; margin: 0 auto 16px; background: #f2f6ff; border-radius: 50%; display: flex; align-items: center; justify-content: center;'> <img style='width: 60px; height: 60px; border: none;' src='https:\/\/cdn-icons-gif.flaticon.com\/19009\/19009707.gif' alt='Icono'> <\/div>\n<div style='font-size: 16px; font-weight: 600; color: inherit; margin-bottom: 8px;'>Infrarrojo inteligente<\/div>\n<div style='font-size: 14px; line-height: 1.6; color: rgba(107&comma;114&comma;128&comma;0.9);'>La potencia del infrarrojo se ajusta dependiendo del objetivo en la imagen<\/div>\n<\/p><\/div>\n<div style='background-color: #ffffff; border: 1px solid rgba(230&comma;230&comma;230&comma;0.8); border-radius: 10px; padding: 24px 20px; text-align: center;'>\n<div style='width: 56px; height: 56px; margin: 0 auto 16px; background: #f2f6ff; border-radius: 50%; display: flex; align-items: center; justify-content: center;'> <img style='width: 60px; height: 60px; border: none;' src='https:\/\/cdn-icons-gif.flaticon.com\/15944\/15944846.gif' alt='Icono'> <\/div>\n<div style='font-size: 16px; font-weight: 600; color: inherit; margin-bottom: 8px;'>Angulo de visi\u00f3n<\/div>\n<div style='font-size: 14px; line-height: 1.6; color: rgba(107&comma;114&comma;128&comma;0.9);'>Cuenta con un lente fijo de 3.6 mm dando 87\u00b0 de apertura<\/div>\n<\/p><\/div>\n<div style='background-color: #ffffff; border: 1px solid rgba(230&comma;230&comma;230&comma;0.8); border-radius: 10px; padding: 24px 20px; text-align: center;'>\n<div style='width: 56px; height: 56px; margin: 0 auto 16px; background: #f2f6ff; border-radius: 50%; display: flex; align-items: center; justify-content: center;'> <img style='width: 60px; height: 60px; border: none;' src='https:\/\/cdn-icons-gif.flaticon.com\/6455\/6455054.gif' alt='Icono'> <\/div>\n<div style='font-size: 16px; font-weight: 600; color: inherit; margin-bottom: 8px;'>Protecci\u00f3n IP67<\/div>\n<div style='font-size: 14px; line-height: 1.6; color: rgba(107&comma;114&comma;128&comma;0.9);'>Protecci\u00f3n total contra polvo y chorros de agua&comma; ideal para uso en exteriores.<\/div>\n<\/p><\/div>\n<\/p><\/div>\n<\/p><\/div>\n<div style='width: 100%; max-width: 1200px; margin: 30px auto; padding: 0 15px;'>\n<div style='display: grid; grid-template-columns: repeat(auto-fill&comma; minmax(280px&comma; 1fr)); gap: 20px;'>\n<div style='position: relative; padding-bottom: 56.25%; height: 0; overflow: hidden; border-radius: 12px;'>   <\/div>\n<div style='position: relative; padding-bottom: 56.25%; height: 0; overflow: hidden; border-radius: 12px;'>   <\/div>\n<div style='position: relative; padding-bottom: 56.25%; height: 0; overflow: hidden; border-radius: 12px;'>   <\/div>\n<div style='position: relative; padding-bottom: 56.25%; height: 0; overflow: hidden; border-radius: 12px;'>   <\/div>\n<\/p><\/div>\n<\/p><\/div>\n<div style='width: 100%; max-width: 1200px; margin: 30px auto; padding: 0 15px;'>\n<div style='display: flex; flex-wrap: wrap; gap: 20px;'>\n<div style='flex: 1 1 400px; min-width: 280px;'>\n<div style='border: 1px solid rgba(150&comma;150&comma;150&comma;0.4); border-radius: 8px; overflow: hidden;'>\n<div style='padding: 15px; border-bottom: 1px solid rgba(150&comma;150&comma;150&comma;0.2); font-weight: bold; font-size: 18px; background-color: #df001e; color: #ffffff;'>Caracter\u00edsticas Principales:<\/div>\n<div style='padding: 15px;'>\n<ul style='padding-left: 20px; margin: 0; font-size: 14px; list-style-type: disc;'>\n<li style='margin-bottom: 8px;'><strong>Resoluci\u00f3n:<\/strong> 3K TurboHD (2960 x 1665)<\/li>\n<li style='margin-bottom: 8px;'><strong>Lente:<\/strong> Fijo 3.6mm<\/li>\n<li style='margin-bottom: 8px;'><strong>Angulo de visi\u00f3n Horizontal:<\/strong> \u00c1ngulo de visi\u00f3n 87\u00b0<\/li>\n<li style='margin-bottom: 8px;'><strong>Iluminaci\u00f3n Dual:<\/strong> 40 metros smart IR + 40 metros luz blanca<\/li>\n<li style='margin-bottom: 8px;'><strong>Iluminaci\u00f3n minima requerida a color:<\/strong> 0.01 lux<\/li>\n<li style='margin-bottom: 8px;'><strong>Protecci\u00f3n:<\/strong> Exterior IP67<\/li>\n<li style='margin-bottom: 8px;'><strong>Protocolo de comunicaci\u00f3n:<\/strong> Coaxitron Hikvision C<\/li>\n<li style='margin-bottom: 8px;'><strong>Audio Bidireccional:<\/strong> Cuenta con audio bidireccional de alta ganancia para areas de 5 a 8m\u00b2 (solo en TurboHD)<\/li>\n<li style='margin-bottom: 8px;'><strong>Material de fabricaci\u00f3n:<\/strong> Metal<\/li>\n<\/ul><\/div>\n<\/p><\/div>\n<\/p><\/div>\n<div style='flex: 1 1 400px; min-width: 280px;'>\n<div style='border: 1px solid rgba(150&comma;150&comma;150&comma;0.4); border-radius: 8px; overflow: hidden;'>\n<div style='padding: 15px; border-bottom: 1px solid rgba(150&comma;150&comma;150&comma;0.2); font-weight: bold; font-size: 18px; background-color: #df001e; color: #ffffff;'>Resoluci\u00f3n:<\/div>\n<div style='padding: 15px;'>\n<ul style='padding-left: 20px; margin: 0; font-size: 14px; list-style-type: disc;'>\n<li style='margin-bottom: 10px;'><strong>TurboHD:<\/strong>\n<ul style='margin: 8px 0 0 20px; padding: 0 20px; font-size: 13px;'>\n<li style='margin-bottom: 5px;'>TVI: 3K@20fps&comma; 4MP@25fps&comma; 2MP@30fps.<\/li>\n<li style='margin-bottom: 5px;'>AHD: 5MP@20fps&comma; 4MP@30fps<\/li>\n<li style='margin-bottom: 5px;'>CVI: 4MP@30fps<\/li>\n<li style='margin-bottom: 5px;'>CVBS: PAL\/NTSC<\/li>\n<\/ul>\n<\/li>\n<\/ul><\/div>\n<\/p><\/div>\n<div style='margin-top: 20px; border: 1px solid rgba(150&comma;150&comma;150&comma;0.4); border-radius: 8px; overflow: hidden;'>\n<div style='padding: 15px; border-bottom: 1px solid rgba(150&comma;150&comma;150&comma;0.2); font-weight: bold; font-size: 18px; background-color: #df001e; color: #ffffff;'>Caracter\u00edsticas F\u00edsicas y El\u00e9ctricas:<\/div>\n<div style='padding: 15px;'>\n<ul style='padding-left: 20px; margin: 0; font-size: 14px; list-style-type: disc;'>\n<li style='margin-bottom: 8px;'><strong>Alimentaci\u00f3n:<\/strong> 12Vcc \/ 9 W.<\/li>\n<li style='margin-bottom: 8px;'><strong>Temperatura de operaci\u00f3n:<\/strong> -40 \u00baC hasta 60 \u00baC.<\/li>\n<li style='margin-bottom: 8px;'><strong>Dimensiones:<\/strong> 211mm x 83.5mm x 80.7mm.<\/li>\n<li style='margin-bottom: 8px;'><strong>Peso:<\/strong> 425g.<\/li>\n<li style='margin-bottom: 8px;'><strong>Protecci\u00f3n contra sobre tensi\u00f3nes y protecci\u00f3n contra voltajes transitorios<\/strong><\/li>\n<li style='margin-bottom: 8px;'><strong>Accesorios:<\/strong> Caja de conexiones&comma; modelo: DS-1280ZJ-XS.<\/li>\n<\/ul><\/div>\n<\/p><\/div>\n<\/p><\/div>\n<\/p><\/div>\n<\/p><\/div>\n<div style='width: 100%; max-width: 1200px; margin: 30px auto; padding: 0 15px;'>\n<div style='border: 1px solid rgba(150&comma;150&comma;150&comma;0.4); border-radius: 8px; overflow: hidden;'>\n<div style='padding: 15px; border-bottom: 1px solid rgba(150&comma;150&comma;150&comma;0.2); font-weight: bold; font-size: 18px; background-color: #df001e; color: #ffffff; text-align: center;'>Caracter\u00edsticas Destacadas:<\/div>\n<div style='padding: 15px;'>\n<ul style='padding-left: 20px; margin: 0; font-size: 14px; list-style-type: disc;'>\n<li style='margin-bottom: 15px;'>La c\u00e1mara cuenta con un micr\u00f3fono y bocina interconstruido&comma; el cual no requiere cables adicionales para poder transmitir el audio y video. Podemos tener una comunicaci\u00f3n bidireccional desde la App (Hik-Connect) usando el DVR de por medio para la interconexi\u00f3n.<\/li>\n<li style='margin-bottom: 15px;'><strong>Nota:<\/strong> El audio de dos v\u00edas solo es compatible con DVRs de la serie XT de HIKVISION y EX-5000 (ejemplo IDS-7204HQHI\/XT\/T EX-5004TURBO)<\/li>\n<li style='margin-bottom: 15px;'><strong>Nota:<\/strong> La funci\u00f3n de audio bidireccional tiene un alcance efectivo de hasta <strong>5 metros<\/strong>. Aseg\u00farese de ubicar la c\u00e1mara en un lugar estrat\u00e9gico para maximizar la claridad del sonido y garantizar una comunicaci\u00f3n fluida.<\/li>\n<li style='margin-bottom: 15px;'><strong>Nota:<\/strong> Para la funci\u00f3n de audio de 2 v\u00edas&comma; la distancia m\u00e1xima soportada entre el grabador y la c\u00e1mara es de <strong>150 metros<\/strong>.<\/li>\n<li><strong>Nota:<\/strong> La funci\u00f3n de Dual Light permite que la c\u00e1mara&comma; cuando est\u00e9 en modo noche (con IR encendido)&comma; pueda activar su luz blanca para grabar a color cuando ocurra un evento (detecci\u00f3n de movimiento&comma; cruce de l\u00ednea&comma; entrada de \u00e1rea). La comunicaci\u00f3n para activar luz blanca funciona \u00fanicamente en modo TVI (TURBOHD) y con grabadores que sean de la serie ACUSENSE&comma; serie XT de HIKVISION y EX de epcom.<\/li>\n<\/ul><\/div>\n<\/p><\/div>\n<\/p><\/div>\n<div style='width: 100%; max-width: 1200px; margin: 30px auto; padding: 0 15px;'> <img style='width: 100%; height: auto; border: 1px solid rgba(150&comma;150&comma;150&comma;0.3); border-radius: 8px;' src='https:\/\/ftp3.syscom.mx\/cdn-cgi\/image\/format=avif&comma;width=800&comma;quality=80\/usuarios\/jsosa\/HIKVISION\/imagenes\/banners\/solution%20complete.png' alt='Banner'> <\/div>\n<\/p><\/div>\n","protected":false},"excerpt":{"rendered":"<p>[Audio Bidireccional + Dual Light + ColorVu] Bala TURBOHD 3K  (5 Megapixel) \/ Lente 3.6 mm \/ 40 mts IR EXIR + 40 mts Luz Blanca \/ Micr\u00f3fono y Bocina Integrado \/ Exterior IP67 \/ dWDR<\/p>\n","protected":false},"featured_media":97375,"comment_status":"open","ping_status":"closed","template":"","meta":[],"product_brand":[],"product_cat":[2268],"product_tag":[439,2255,54],"class_list":{"0":"post-97376","1":"product","2":"type-product","3":"status-publish","4":"has-post-thumbnail","6":"product_cat-bala-camaras-y-dvrs-hd-turbohd-ahd-hd-tvi","7":"product_tag-bala","8":"product_tag-camaras-y-dvrs-hd-turbohd-ahd-hd-tvi","9":"product_tag-hikvision","11":"first","12":"instock","13":"sale","14":"shipping-taxable","15":"purchasable","16":"product-type-simple"},"_links":{"self":[{"href":"https:\/\/soydeaqui.ddns.net\/pachuca\/index.php\/wp-json\/wp\/v2\/product\/97376","targetHints":{"allow":["GET"]}}],"collection":[{"href":"https:\/\/soydeaqui.ddns.net\/pachuca\/index.php\/wp-json\/wp\/v2\/product"}],"about":[{"href":"https:\/\/soydeaqui.ddns.net\/pachuca\/index.php\/wp-json\/wp\/v2\/types\/product"}],"replies":[{"embeddable":true,"href":"https:\/\/soydeaqui.ddns.net\/pachuca\/index.php\/wp-json\/wp\/v2\/comments?post=97376"}],"wp:featuredmedia":[{"embeddable":true,"href":"https:\/\/soydeaqui.ddns.net\/pachuca\/index.php\/wp-json\/wp\/v2\/media\/97375"}],"wp:attachment":[{"href":"https:\/\/soydeaqui.ddns.net\/pachuca\/index.php\/wp-json\/wp\/v2\/media?parent=97376"}],"wp:term":[{"taxonomy":"product_brand","embeddable":true,"href":"https:\/\/soydeaqui.ddns.net\/pachuca\/index.php\/wp-json\/wp\/v2\/product_brand?post=97376"},{"taxonomy":"product_cat","embeddable":true,"href":"https:\/\/soydeaqui.ddns.net\/pachuca\/index.php\/wp-json\/wp\/v2\/product_cat?post=97376"},{"taxonomy":"product_tag","embeddable":true,"href":"https:\/\/soydeaqui.ddns.net\/pachuca\/index.php\/wp-json\/wp\/v2\/product_tag?post=97376"}],"curies":[{"name":"wp","href":"https:\/\/api.w.org\/{rel}","templated":true}]}}