{"id":97371,"date":"2026-03-20T08:53:37","date_gmt":"2026-03-20T08:53:37","guid":{"rendered":"https:\/\/soydeaqui.ddns.net\/pachuca\/index.php\/producto\/bateria-de-ion-litio-para-videovigilancia-1280-wh-100ah-controlador-incluido-conexion-directa-a-panel-solar-y-salida-de-12-vcc-o-24-vcc\/"},"modified":"2026-03-20T08:53:47","modified_gmt":"2026-03-20T08:53:47","slug":"bateria-de-ion-litio-para-videovigilancia-1280-wh-100ah-controlador-incluido-conexion-directa-a-panel-solar-y-salida-de-12-vcc-o-24-vcc","status":"publish","type":"product","link":"https:\/\/soydeaqui.ddns.net\/pachuca\/index.php\/producto\/bateria-de-ion-litio-para-videovigilancia-1280-wh-100ah-controlador-incluido-conexion-directa-a-panel-solar-y-salida-de-12-vcc-o-24-vcc\/","title":{"rendered":"Bater\u00eda de Ion-Litio para Videovigilancia 1280 Wh,  100Ah,  Controlador Incluido, Conexi\u00f3n Directa a Panel Solar y Salida de 12 Vcc o 24 Vcc"},"content":{"rendered":"<div style='width: 100%; max-width: 1200px; margin: 0 auto; font-family: sans-serif; line-height: 1.6; color: inherit; background-color: transparent;'> <!-- Contenido principal --> <\/p>\n<div style='margin-bottom: 30px;'>\n<h2 style='font-size: 24px; border-bottom: 2px solid currentColor; padding-bottom: 5px; margin-top: 0; color: inherit; opacity: 0.8;'>\u00bfPara qu\u00e9 funciona?<\/h2>\n<p style='font-size: 14px; color: inherit; margin-top: 10px; margin-bottom: 10px;'>La Bater\u00eda de Ion-Litio LIPV100A es una soluci\u00f3n de energ\u00eda eficiente y vers\u00e1til&comma; dise\u00f1ada para aplicaciones que requieren una alimentaci\u00f3n confiable y prolongada.<\/p>\n<p style='font-size: 14px; color: inherit; margin-top: 10px; margin-bottom: 10px;'>Esta bater\u00eda se conecta directamente a un panel solar sin necesidad de un controlador adicional&comma; lo que simplifica su instalaci\u00f3n y uso.<\/p>\n<p style='font-size: 14px; color: inherit; margin-top: 10px; margin-bottom: 10px;'>Con un voltaje de salida de 12 Vcc&comma; esta bater\u00eda proporciona la energ\u00eda necesaria para alimentar dispositivos y sistemas en entornos variados.<\/p>\n<p style='font-size: 14px; color: inherit; margin-top: 10px; margin-bottom: 10px;'>&#8211; Alimente varios dispositivos juntos con m\u00e1s posibilidades<\/p>\n<p style='font-size: 14px; color: inherit; margin-top: 10px; margin-bottom: 10px;'>&#8211; El dise\u00f1o libera la compleja selecci\u00f3n de accesorios&comma; \u00fanicamente requiere unos conectores MC4<\/p>\n<p style='font-size: 14px; color: inherit; margin-top: 10px; margin-bottom: 10px;'>&#8211; LEDs de porcentaje de bater\u00eda&comma; conveniente para mantenimiento<\/p>\n<p style='font-size: 14px; color: inherit; margin-top: 10px; margin-bottom: 10px;'>&#8211; IP67 contra agua y polvo<\/p>\n<p style='font-size: 14px; color: inherit; margin-top: 10px; margin-bottom: 10px;'>&#8211; Protecci\u00f3n contra rayos TVS<\/p>\n<p style='font-size: 14px; color: inherit; margin-top: 10px; margin-bottom: 10px;'>&#8211; Alta eficiencia de conversi\u00f3n y gran capacidad de bater\u00eda<\/p>\n<\/p><\/div>\n<p> <!-- Im\u00e1genes --> <\/p>\n<div style='display: flex; flex-wrap: wrap; gap: 20px; margin-bottom: 30px;'>\n<div style='flex: 1 1 300px; min-width: 280px;'> <img style='width: 100%; height: auto; border: 1px solid rgba(150&comma;150&comma;150&comma;0.3); border-radius: 8px;' src='http:\/\/ftp3.syscom.mx\/usuarios\/ftp\/2025\/06\/30\/1858\/Captura_de_pantalla_20250627_a_la_s__11.15.36a.m..png_froala_6862bc3a284c4' alt=''> <\/div>\n<div style='flex: 1 1 300px; min-width: 280px;'> <img style='width: 100%; height: auto; border: 1px solid rgba(150&comma;150&comma;150&comma;0.3); border-radius: 8px;' src='http:\/\/ftp3.syscom.mx\/usuarios\/ftp\/2025\/06\/30\/1858\/Captura_de_pantalla_20250630_a_la_s__10.24.38a.m..png_froala_6862bbb686e2b' alt=''> <\/div>\n<div style='flex: 1 1 300px; min-width: 280px;'> <img style='width: 100%; height: auto; border: 1px solid rgba(150&comma;150&comma;150&comma;0.3); border-radius: 8px;' src='http:\/\/ftp3.syscom.mx\/usuarios\/ftp\/2025\/06\/30\/1858\/Captura_de_pantalla_20250630_a_la_s__10.24.43a.m..png_froala_6862bb83a5357' alt=''> <\/div>\n<div style='flex: 1 1 300px; min-width: 280px;'> <img style='width: 100%; height: auto; border: 1px solid rgba(150&comma;150&comma;150&comma;0.3); border-radius: 8px;' src='http:\/\/ftp3.syscom.mx\/usuarios\/ftp\/2025\/06\/30\/1858\/Captura_de_pantalla_20250630_a_la_s__10.34.48a.m..png_froala_6862bcd728fb8' alt=''> <\/div>\n<\/p><\/div>\n<p> <!-- Especificaciones --> <\/p>\n<div style='margin-bottom: 30px;'>\n<h2 style='font-size: 24px; border-bottom: 2px solid currentColor; padding-bottom: 5px; margin-top: 0; color: inherit; opacity: 0.8;'>Especificaciones<\/h2>\n<ul style='padding-left: 20px; font-size: 14px; color: inherit; margin-top: 15px;'>\n<li style='margin-bottom: 5px;'><strong>Voltaje Nominal [Vdc]<\/strong>: 12.8V<\/li>\n<li style='margin-bottom: 5px;'><strong>Capacidad Nominal [Ah]<\/strong>: 100<\/li>\n<li style='margin-bottom: 5px;'><strong>Energ\u00eda [Wh]<\/strong>: 1280<\/li>\n<li style='margin-bottom: 5px;'><strong>Corriente M\u00e1xima de Carga [A]<\/strong>: 20<\/li>\n<li style='margin-bottom: 5px;'><strong>Corriente M\u00e1xima de Descarga [A]<\/strong>: 100<\/li>\n<li style='margin-bottom: 5px;'><strong>Voltaje de Entrada PV [Vdc]<\/strong>: 14V<\/li>\n<\/ul><\/div>\n<p> <!-- Caracter\u00edsticas adicionales --> <\/p>\n<div style='margin-bottom: 30px;'>\n<h3 style='font-size: 22px; border-bottom: 2px solid currentColor; padding-bottom: 5px; margin-top: 0; color: inherit; opacity: 0.8;'>Caracter\u00edsticas Adicionales<\/h3>\n<ul style='padding-left: 20px; font-size: 14px; color: inherit; margin-top: 15px;'>\n<li style='margin-bottom: 5px;'>Rango de temperatura operativa: -30 a +55 grados Celsius<\/li>\n<li style='margin-bottom: 5px;'>Clasificaci\u00f3n IP67 (protecci\u00f3n contra polvo y agua)<\/li>\n<li style='margin-bottom: 5px;'>Comunicaci\u00f3n v\u00eda RS485<\/li>\n<li style='margin-bottom: 5px;'>Protecci\u00f3n contra sobrevoltaje<\/li>\n<li style='margin-bottom: 5px;'>Protecci\u00f3n contra bajo voltaje<\/li>\n<li style='margin-bottom: 5px;'>Protecci\u00f3n contra sobrecarga<\/li>\n<li style='margin-bottom: 5px;'>Protecci\u00f3n contra alta temperatura<\/li>\n<li style='margin-bottom: 5px;'>Protecci\u00f3n contra cortocircuito de salida<\/li>\n<li style='margin-bottom: 5px;'>Protecci\u00f3n contra inversi\u00f3n de entrada<\/li>\n<\/ul><\/div>\n<p> <!-- Separador --> <\/p>\n<hr style='border: 0; border-top: 1px solid rgba(150&comma; 150&comma; 150&comma; 0.3); margin: 30px 0;'> <\/div>\n","protected":false},"excerpt":{"rendered":"<p>Bater\u00eda de Ion-Litio para Videovigilancia 1280 Wh,  100Ah,  Controlador Incluido, Conexi\u00f3n Directa a Panel Solar y Salida de 12 Vcc o 24 Vcc<\/p>\n","protected":false},"featured_media":97370,"comment_status":"open","ping_status":"closed","template":"","meta":[],"product_brand":[],"product_cat":[1160],"product_tag":[143,142,1178],"class_list":{"0":"post-97371","1":"product","2":"type-product","3":"status-publish","4":"has-post-thumbnail","6":"product_cat-baterias-energia-videovigilancia","7":"product_tag-baterias","8":"product_tag-energia","9":"product_tag-epcom-power-line-by-ritar","11":"first","12":"instock","13":"sale","14":"shipping-taxable","15":"purchasable","16":"product-type-simple"},"_links":{"self":[{"href":"https:\/\/soydeaqui.ddns.net\/pachuca\/index.php\/wp-json\/wp\/v2\/product\/97371","targetHints":{"allow":["GET"]}}],"collection":[{"href":"https:\/\/soydeaqui.ddns.net\/pachuca\/index.php\/wp-json\/wp\/v2\/product"}],"about":[{"href":"https:\/\/soydeaqui.ddns.net\/pachuca\/index.php\/wp-json\/wp\/v2\/types\/product"}],"replies":[{"embeddable":true,"href":"https:\/\/soydeaqui.ddns.net\/pachuca\/index.php\/wp-json\/wp\/v2\/comments?post=97371"}],"wp:featuredmedia":[{"embeddable":true,"href":"https:\/\/soydeaqui.ddns.net\/pachuca\/index.php\/wp-json\/wp\/v2\/media\/97370"}],"wp:attachment":[{"href":"https:\/\/soydeaqui.ddns.net\/pachuca\/index.php\/wp-json\/wp\/v2\/media?parent=97371"}],"wp:term":[{"taxonomy":"product_brand","embeddable":true,"href":"https:\/\/soydeaqui.ddns.net\/pachuca\/index.php\/wp-json\/wp\/v2\/product_brand?post=97371"},{"taxonomy":"product_cat","embeddable":true,"href":"https:\/\/soydeaqui.ddns.net\/pachuca\/index.php\/wp-json\/wp\/v2\/product_cat?post=97371"},{"taxonomy":"product_tag","embeddable":true,"href":"https:\/\/soydeaqui.ddns.net\/pachuca\/index.php\/wp-json\/wp\/v2\/product_tag?post=97371"}],"curies":[{"name":"wp","href":"https:\/\/api.w.org\/{rel}","templated":true}]}}