{"id":97354,"date":"2026-03-20T08:52:53","date_gmt":"2026-03-20T08:52:53","guid":{"rendered":"https:\/\/soydeaqui.ddns.net\/pachuca\/index.php\/producto\/bala-ip-4-megapixel-anpr-reconocimiento-y-captura-de-placas-vehiculares-para-trafico-de-alta-velocidad-darkfighter-wdr-140-db-ip67-ik10-lente-mot-8-a-32-mm-40-mts-ir-microsd-2\/"},"modified":"2026-03-20T08:52:55","modified_gmt":"2026-03-20T08:52:55","slug":"bala-ip-4-megapixel-anpr-reconocimiento-y-captura-de-placas-vehiculares-para-trafico-de-alta-velocidad-darkfighter-wdr-140-db-ip67-ik10-lente-mot-8-a-32-mm-40-mts-ir-microsd-2","status":"publish","type":"product","link":"https:\/\/soydeaqui.ddns.net\/pachuca\/index.php\/producto\/bala-ip-4-megapixel-anpr-reconocimiento-y-captura-de-placas-vehiculares-para-trafico-de-alta-velocidad-darkfighter-wdr-140-db-ip67-ik10-lente-mot-8-a-32-mm-40-mts-ir-microsd-2\/","title":{"rendered":"Bala IP 4 Megapixel \/ ANPR \/ Reconocimiento y Captura de Placas Vehiculares para Trafico de Alta Velocidad \/ DARKFIGHTER \/ WDR 140 dB \/ IP67 \/ IK10 \/ Lente Mot. 8 a 32 mm \/ 40 mts IR \/ MicroSD"},"content":{"rendered":"<p style=\"text-align: center;\"><span style=\"font-family: verdana&comma; geneva&comma; sans-serif;\"><img decoding=\"async\" class=\"fr-fic fr-dii\" style=\"width: 45%;\" src=\"https:\/\/ftp3.syscom.mx\/usuarios\/jsosa\/HIKVISION\/imagenes\/logo\/hikvision%20see%20far.png\" \/><\/span><\/p>\n<p>&nbsp;<\/p>\n<div class=\"row\">\n<div class=\"col-sm-4\">\n<div style=\"border-left: 5px solid #ff0000; border-radius: 5px; padding: 5px; box-shadow: 2px 2px 10px #d8d8d8; -webkit-box-shadow: 2px 2px 10px #d8d8d8;\"><strong>Caracter&iacute;sticas principales:<\/strong> <\/p>\n<ul>\n<li>Compresi&oacute;n de video: H.265 \/ H.264.<\/li>\n<li>CMOS 1\/1.8&#8243; Scan Progresivo.<\/li>\n<li>Lente motorizado: 8 a 32 mm.<\/li>\n<li>40 mts IR (visi&oacute;n nocturna)<\/li>\n<li>Velocidad del shutter: 1\/25 s a 1\/100&comma;000 s&comma; soporta Slow Shutter.<\/li>\n<li>Iluminaci&oacute;n m&iacute;nima DARKFIGHTER \u00e2\u02dc\u00bd :0.001Lux @(F1.2&comma;AGC ON).<\/li>\n<li>Resoluci&oacute;n m&aacute;xima: 60 Hz: 30 fps (2688 &times; 1520&comma; 1920 &times; 1080&comma; 1280 &times; 720&comma; 704 &times; 576&comma; 352 &times; 288.<\/li>\n<li>Funciones: WDR real 140 dB \/ BLC \/ HLC \/ 3D DNR.<\/li>\n<li>Soporta hasta 3 carriles de l&iacute;neas para autom&oacute;viles.<\/li>\n<li>Rango de captura de matr&iacute;culas: 5 a 120 km\/h. <strong>No mide velocidad.<\/strong>&nbsp;<\/li>\n<\/ul><\/div>\n<\/p><\/div>\n<div class=\"col-sm-4\">\n<div style=\"border-left: 5px solid #ff0000; border-radius: 5px; padding: 5px; box-shadow: 2px 2px 10px #d8d8d8; -webkit-box-shadow: 2px 2px 10px #d8d8d8;\"><strong>Caracter&iacute;sticas F&iacute;sicas y El&eacute;ctricas:<\/strong> <\/p>\n<ul>\n<li>Dimensiones: 428.5 x 120 x 132.8 mm.<\/li>\n<li>Consumo \/ alimentaci&oacute;n: 12 Vcc &#8211; 24 Vcc \/ 12 Watts \/ PoE+.<\/li>\n<li>Temperatura de operaci&oacute;n: -30&deg;C a 70&deg;C (95% de humedad)<\/li>\n<li>Protecci&oacute;n: IP67 ( Interior \/ Exterior).<\/li>\n<li>Antivand&aacute;lico: IK10.<\/li>\n<li>Peso: 3.12 Kgs aproximadamente.<\/li>\n<li><strong>Garant&iacute;a: 2 a&ntilde;os.<\/strong><\/li>\n<\/ul>\n<p><strong>Accesorios opcionales:<\/strong><\/p>\n<ul>\n<li>Montaje para poste 14cm de diametro&comma; modelo: <a href=\"https:\/\/www.syscom.mx\/producto\/DS-1275ZJ\/HWB-HIKVISION-160210.html\" target=\"_blank\" rel=\"noopener\">DS-1275ZJ\/HWB<\/a><\/li>\n<li>Montaje de Conexi&oacute;n PT: <a href=\"https:\/\/www.syscom.mx\/producto\/DS-1232ZJ-T\/BJH-HIKVISION-232674.html\">DS-1232ZJ-T\/BJH&nbsp;<\/a><\/li>\n<\/ul><\/div>\n<\/p><\/div>\n<div class=\"col-sm-4\">\n<div style=\"border-left: 5px solid #ff0000; border-radius: 5px; padding: 5px; box-shadow: 2px 2px 10px #d8d8d8; -webkit-box-shadow: 2px 2px 10px #d8d8d8;\"><strong>Funciones destacadas:<\/strong> <\/p>\n<ul>\n<li>1 Puerto de red: 10 \/ 100 \/ 1000 Mbps.<\/li>\n<li>Soporta micro SD de hasta 512 GB (no incluida).<\/li>\n<li>1 puertos RS-485.<\/li>\n<li>Entradas de alarma: 1.<\/li>\n<li>Salidas de alarma: 1<\/li>\n<li>ONVIF (Versi&oacute;n 2.1&comma; PROFILE S&comma; PROFILE G) \/ ISAPI \/ SDK.<\/li>\n<\/ul><\/div>\n<\/p><\/div>\n<\/p><\/div>\n<p>&nbsp;<\/p>\n<div class=\"row\">\n<div class=\"col-sm-12\">\n<div style=\"border-left: 5px solid #ff0000; border-radius: 5px; padding: 5px; box-shadow: 2px 2px 10px #d8d8d8; -webkit-box-shadow: 2px 2px 10px #d8d8d8;\"><span style=\"font-family: verdana&comma; geneva&comma; sans-serif;\"><strong>Consideraciones:<\/strong><\/span> <\/p>\n<ul>\n<li>Se recomienda el uso de NVR de las series NI-I&comma; NXI&comma; NI-M&nbsp; para poder obtener el mayor desempe&ntilde;o con la soluci&oacute;n de lectura de placas.<\/li>\n<\/ul><\/div>\n<p> <!-------------------------------------------------------Descarga de recursos------------------------------------------------ --> <\/p>\n<p>&nbsp;<\/p>\n<div class=\"row default_padding_bottom\">\n<div class=\"col-sm-6\">\n<p>&iquest;Alguna vez le han solicitado un&nbsp;<strong>reconocimiento de matr&iacute;culas<\/strong> para fraccionamiento o residenciales?<\/p>\n<p>Esta c&aacute;mara cuenta con los siguientes beneficios.<\/p>\n<ul>\n<li>C&aacute;mara&nbsp;<strong>DARKFIGHTER<\/strong>&comma; con un requerimiento de iluminaci&oacute;n m&iacute;nima de&nbsp;<strong>0.001Lux&comma;<\/strong>&nbsp;esto le permitir&aacute; realizar&nbsp;<strong>lecturas correctas<\/strong>&nbsp;de d&iacute;a&nbsp;<img decoding=\"async\" class=\"CToWUd fr-fic fr-dii\" style=\"box-sizing: border-box; border: 0px; vertical-align: middle; color: #222222; font-family: sans-serif; font-size: 14px; background-color: #ffffff; max-height: 24px;\" src=\"https:\/\/mail.google.com\/mail\/e\/2600\" alt=\"\u00e2\u02dc\u20ac\" data-goomoji=\"2600\" data-image-whitelisted=\"\" \/>&nbsp;y de noche \u00f0\u0178\u0152\u2122<\/li>\n<li>Lente varifocal&nbsp;<strong>MOTORIZADO<\/strong>&nbsp;de 4x zoom &oacute;ptico&comma; esto le permitir&aacute; ajustar la lente de la c&aacute;mara remotamente.<\/li>\n<li>Permite generar&nbsp;<strong>lista blanca&comma; lista negra<\/strong>&comma; con esto se puede generar diversos tipos de acciones.<\/li>\n<li>Se puede colocar en exterior por su norma&nbsp;<strong>IP67.<\/strong><\/li>\n<li>Tomar&nbsp;<strong>foto<\/strong> al momento de la lectura y a&ntilde;adir datos como: N&uacute;mero de c&aacute;mara&comma; Fecha\/Hora de lectura&comma;&nbsp;<strong>Matr&iacute;cula detectada<\/strong>.<\/li>\n<li>Cuenta con&nbsp;<strong>lecturas<\/strong>&nbsp;en tiempo real.<\/li>\n<li>La lectura indica si fue entrada \/ salida de veh&iacute;culo<\/li>\n<\/ul>\n<p>Mas informaci&oacute;n:&nbsp;<a href=\"http:\/\/soporte.syscom.mx\/es\/articles\/1853955-hikvision-anpr-reconocimiento-de-placas\">Hikvision &#8211; ANPR &#8211; Reconocimiento de placas.<\/a><\/p>\n<\/p><\/div>\n<div class=\"col-sm-6\">\n<p><img decoding=\"async\" class=\"fr-fic fr-dii\" style=\"width: 100%;\" src=\"https:\/\/ftp3.syscom.mx\/usuarios\/fotos\/IDSTCM203A\/0832\/171878-lpr1.png\" \/><\/p>\n<p><img decoding=\"async\" class=\"fr-fic fr-dii\" style=\"width: 100%;\" src=\"https:\/\/ftp3.syscom.mx\/usuarios\/fotos\/IDSTCM203A\/0832\/171878-lpr2.png\" \/><\/p>\n<\/p><\/div>\n<\/p><\/div>\n<p>&nbsp;<\/p>\n<p><img decoding=\"async\" class=\"fr-fic fr-dii\" style=\"width: 100%;\" src=\"https:\/\/ftp3.syscom.mx\/usuarios\/fcarrillo\/Hikvision\/Imagenes\/solution-banner-2021.png\" \/><\/p>\n<p>&nbsp;<\/p>\n<\/p><\/div>\n<\/p><\/div>\n","protected":false},"excerpt":{"rendered":"<p>Bala IP 4 Megapixel \/ ANPR \/ Reconocimiento y Captura de Placas Vehiculares para Trafico de Alta Velocidad \/ DARKFIGHTER \/ WDR 140 dB \/ IP67 \/ IK10 \/ Lente Mot. 8 a 32 mm \/ 40 mts IR \/ MicroSD<\/p>\n","protected":false},"featured_media":97353,"comment_status":"open","ping_status":"closed","template":"","meta":[],"product_brand":[],"product_cat":[438],"product_tag":[439,122,54],"class_list":{"0":"post-97354","1":"product","2":"type-product","3":"status-publish","4":"has-post-thumbnail","6":"product_cat-bala","7":"product_tag-bala","8":"product_tag-camaras-ip-y-nvrs","9":"product_tag-hikvision","11":"first","12":"outofstock","13":"sale","14":"shipping-taxable","15":"purchasable","16":"product-type-simple"},"_links":{"self":[{"href":"https:\/\/soydeaqui.ddns.net\/pachuca\/index.php\/wp-json\/wp\/v2\/product\/97354","targetHints":{"allow":["GET"]}}],"collection":[{"href":"https:\/\/soydeaqui.ddns.net\/pachuca\/index.php\/wp-json\/wp\/v2\/product"}],"about":[{"href":"https:\/\/soydeaqui.ddns.net\/pachuca\/index.php\/wp-json\/wp\/v2\/types\/product"}],"replies":[{"embeddable":true,"href":"https:\/\/soydeaqui.ddns.net\/pachuca\/index.php\/wp-json\/wp\/v2\/comments?post=97354"}],"wp:featuredmedia":[{"embeddable":true,"href":"https:\/\/soydeaqui.ddns.net\/pachuca\/index.php\/wp-json\/wp\/v2\/media\/97353"}],"wp:attachment":[{"href":"https:\/\/soydeaqui.ddns.net\/pachuca\/index.php\/wp-json\/wp\/v2\/media?parent=97354"}],"wp:term":[{"taxonomy":"product_brand","embeddable":true,"href":"https:\/\/soydeaqui.ddns.net\/pachuca\/index.php\/wp-json\/wp\/v2\/product_brand?post=97354"},{"taxonomy":"product_cat","embeddable":true,"href":"https:\/\/soydeaqui.ddns.net\/pachuca\/index.php\/wp-json\/wp\/v2\/product_cat?post=97354"},{"taxonomy":"product_tag","embeddable":true,"href":"https:\/\/soydeaqui.ddns.net\/pachuca\/index.php\/wp-json\/wp\/v2\/product_tag?post=97354"}],"curies":[{"name":"wp","href":"https:\/\/api.w.org\/{rel}","templated":true}]}}