{"id":97351,"date":"2026-03-20T08:52:44","date_gmt":"2026-03-20T08:52:44","guid":{"rendered":"https:\/\/soydeaqui.ddns.net\/pachuca\/index.php\/producto\/disco-duro-sata-de-3-5-serie-plus-capacidad-16tb-interfaz-sata-6-gb-s-velocidad-de-rotacion-7200-rpm-cache-de-256-mb-o-512-mb-mtbf-de-1-2-millon-de-horas-carga-de-trabajo-de-180-tb-ano\/"},"modified":"2026-03-20T08:52:48","modified_gmt":"2026-03-20T08:52:48","slug":"disco-duro-sata-de-3-5-serie-plus-capacidad-16tb-interfaz-sata-6-gb-s-velocidad-de-rotacion-7200-rpm-cache-de-256-mb-o-512-mb-mtbf-de-1-2-millon-de-horas-carga-de-trabajo-de-180-tb-ano","status":"publish","type":"product","link":"https:\/\/soydeaqui.ddns.net\/pachuca\/index.php\/producto\/disco-duro-sata-de-3-5-serie-plus-capacidad-16tb-interfaz-sata-6-gb-s-velocidad-de-rotacion-7200-rpm-cache-de-256-mb-o-512-mb-mtbf-de-1-2-millon-de-horas-carga-de-trabajo-de-180-tb-ano\/","title":{"rendered":"Disco Duro SATA de 3.5&#8243; Serie Plus | Capacidad 16TB | Interfaz SATA 6 GB\/s | Velocidad de Rotaci\u00f3n 7200 rpm | Cach\u00e9 de 256 MB o 512 MB | MTBF de 1.2 Mill\u00f3n de Horas | Carga de Trabajo de 180 TB\/a\u00f1o."},"content":{"rendered":"<div style='width: 100%; max-width: 1200px; margin: 0 auto; font-family: sans-serif; line-height: 1.6; color: inherit; background-color: transparent;'> <!-- Secci\u00f3n de overview --> <\/p>\n<div style='margin-bottom: 30px;'>\n<p style='font-size: 17px; line-height: 1.6; margin: 0; color: inherit;'> Los discos duros SATA de 3.5&#8242; serie Plus de Synology est\u00e1n dise\u00f1ados para ofrecer un rendimiento fiable y constante en entornos de almacenamiento para peque\u00f1as y medianas empresas. Con capacidades que van desde 2TB hasta 16TB&comma; estos discos duros est\u00e1n respaldados por un tiempo medio entre fallos (MTBF) de hasta 1.2 millones de horas y una clasificaci\u00f3n de carga de trabajo de 180 TB\/a\u00f1o&comma; lo que los hace ideales para cargas de trabajo intensivas y multiusuario. <\/p>\n<\/p><\/div>\n<p> <!-- Secci\u00f3n de caracter\u00edsticas principales --> <\/p>\n<div style='margin-bottom: 30px;'>\n<h2 style='font-size: 22px; font-weight: 600; margin: 0 0 15px 0; color: inherit; border-bottom: 2px solid rgba(150&comma;150&comma;150&comma;0.3); padding-bottom: 5px;'>Caracter\u00edsticas Principales<\/h2>\n<div style='display: flex; flex-wrap: wrap; gap: 15px;'>\n<div style='flex: 1 1 250px; min-width: 250px;'>\n<ul style='padding-left: 20px; margin: 15px 0; color: inherit;'>\n<li style='margin-bottom: 8px; font-size: 15px;'>Funcionamiento fiable e ininterrumpido con MTBF de hasta 1.2 millones de horas<\/li>\n<li style='margin-bottom: 8px; font-size: 15px;'>Clasificaci\u00f3n de carga de trabajo de 180 TB\/a\u00f1o&comma; hasta tres veces el l\u00edmite de los discos duros de escritorio convencionales<\/li>\n<li style='margin-bottom: 8px; font-size: 15px;'>Actualizaciones de firmware sin problemas a trav\u00e9s de Synology DSM<\/li>\n<li style='margin-bottom: 8px; font-size: 15px;'>Tecnolog\u00eda de grabaci\u00f3n magn\u00e9tica convencional (CMR) para un rendimiento constante<\/li>\n<li style='margin-bottom: 8px; font-size: 15px;'>Dise\u00f1ados para entornos multiusuario y cargas de trabajo intensivas<\/li>\n<\/ul><\/div>\n<\/p><\/div>\n<\/p><\/div>\n<p> <!-- Secci\u00f3n de detalles t\u00e9cnicos --> <\/p>\n<div style='margin-bottom: 30px;'>\n<h2 style='font-size: 22px; font-weight: 600; margin: 0 0 15px 0; color: inherit; border-bottom: 2px solid rgba(150&comma;150&comma;150&comma;0.3); padding-bottom: 5px;'>Detalles T\u00e9cnicos<\/h2>\n<div style='display: flex; flex-wrap: wrap; gap: 20px;'>\n<div style='flex: 1 1 250px; min-width: 250px; border: 1px solid rgba(150&comma; 150&comma; 150&comma; 0.4); border-radius: 8px; overflow: hidden; display: flex; flex-direction: column;'>\n<div style='padding: 15px; border-bottom: 1px solid rgba(150&comma; 150&comma; 150&comma; 0.2); font-weight: bold; font-size: 18px; color: inherit;'>Especificaciones<\/div>\n<div style='padding: 15px; color: inherit;'>\n<ul style='padding-left: 20px; margin: 0; font-size: 14px; list-style-type: disc;'>\n<li style='margin-bottom: 5px;'><strong>Capacidades:<\/strong> 2TB&comma; 4TB&comma; 6TB&comma; 8TB&comma; 12TB&comma; 16TB<\/li>\n<li style='margin-bottom: 5px;'><strong>Factor de forma:<\/strong> 3.5&#8242;<\/li>\n<li style='margin-bottom: 5px;'><strong>Interfaz:<\/strong> SATA 6 GB\/s<\/li>\n<li style='margin-bottom: 5px;'><strong>Tama\u00f1o del sector:<\/strong> 512e<\/li>\n<li style='margin-bottom: 5px;'><strong>Velocidad de rotaci\u00f3n:<\/strong> 5400 rpm o 7200 rpm<\/li>\n<li style='margin-bottom: 5px;'><strong>Cach\u00e9:<\/strong> 256 MB o 512 MB<\/li>\n<li style='margin-bottom: 5px;'><strong>Velocidad m\u00e1xima de transferencia de datos sostenida:<\/strong> 180 MB\/s&comma; 202 MB\/s&comma; 281 MB\/s<\/li>\n<li style='margin-bottom: 5px;'><strong>MTBF:<\/strong> 1&comma;000&comma;000 horas o 1&comma;200&comma;000 horas<\/li>\n<li style='margin-bottom: 5px;'><strong>Clasificaci\u00f3n de carga de trabajo:<\/strong> 180 TB\/a\u00f1o o 300 TB\/a\u00f1o<\/li>\n<li style='margin-bottom: 5px;'><strong>Garant\u00eda:<\/strong> 3 a\u00f1os<\/li>\n<\/ul><\/div>\n<\/p><\/div>\n<div style='flex: 1 1 250px; min-width: 250px; border: 1px solid rgba(150&comma; 150&comma; 150&comma; 0.4); border-radius: 8px; overflow: hidden; display: flex; flex-direction: column;'>\n<div style='padding: 15px; border-bottom: 1px solid rgba(150&comma; 150&comma; 150&comma; 0.2); font-weight: bold; font-size: 18px; color: inherit;'>Interfaces y Conectividad<\/div>\n<div style='padding: 15px; color: inherit;'>\n<ul style='padding-left: 20px; margin: 0; font-size: 14px; list-style-type: disc;'>\n<li style='margin-bottom: 5px;'><strong>Interfaz:<\/strong> SATA 6 GB\/s<\/li>\n<li style='margin-bottom: 5px;'><strong>Compatibilidad:<\/strong> Con Synology DSM para actualizaciones de firmware<\/li>\n<\/ul><\/div>\n<\/p><\/div>\n<\/p><\/div>\n<\/p><\/div>\n<p> <!-- Secci\u00f3n de aplicaciones y casos de uso --> <\/p>\n<div style='margin-bottom: 30px;'>\n<h2 style='font-size: 22px; font-weight: 600; margin: 0 0 15px 0; color: inherit; border-bottom: 2px solid rgba(150&comma;150&comma;150&comma;0.3); padding-bottom: 5px;'>Aplicaciones y Casos de Uso<\/h2>\n<div style='display: flex; flex-wrap: wrap; gap: 20px;'>\n<div style='flex: 1 1 250px; min-width: 250px; border: 1px solid rgba(150&comma; 150&comma; 150&comma; 0.4); border-radius: 8px; overflow: hidden; display: flex; flex-direction: column;'>\n<div style='padding: 15px; border-bottom: 1px solid rgba(150&comma; 150&comma; 150&comma; 0.2); font-weight: bold; font-size: 18px; color: inherit;'>Almacenamiento en Peque\u00f1as y Medianas Empresas<\/div>\n<div style='padding: 15px; color: inherit;'>\n<p style='margin: 0; font-size: 14px;'>Ideal para sistemas de almacenamiento NAS en entornos de peque\u00f1as y medianas empresas que requieren fiabilidad y rendimiento constante.<\/p>\n<\/p><\/div>\n<\/p><\/div>\n<div style='flex: 1 1 250px; min-width: 250px; border: 1px solid rgba(150&comma; 150&comma; 150&comma; 0.4); border-radius: 8px; overflow: hidden; display: flex; flex-direction: column;'>\n<div style='padding: 15px; border-bottom: 1px solid rgba(150&comma; 150&comma; 150&comma; 0.2); font-weight: bold; font-size: 18px; color: inherit;'>Cargas de Trabajo Intensivas<\/div>\n<div style='padding: 15px; color: inherit;'>\n<p style='margin: 0; font-size: 14px;'>Dise\u00f1ado para cargas de trabajo intensivas y multiusuario&comma; con una clasificaci\u00f3n de carga de trabajo de hasta 180 TB\/a\u00f1o.<\/p>\n<\/p><\/div>\n<\/p><\/div>\n<div style='flex: 1 1 250px; min-width: 250px; border: 1px solid rgba(150&comma; 150&comma; 150&comma; 0.4); border-radius: 8px; overflow: hidden; display: flex; flex-direction: column;'>\n<div style='padding: 15px; border-bottom: 1px solid rgba(150&comma; 150&comma; 150&comma; 0.2); font-weight: bold; font-size: 18px; color: inherit;'>Actualizaciones de Firmware sin Interrupciones<\/div>\n<div style='padding: 15px; color: inherit;'>\n<p style='margin: 0; font-size: 14px;'>Permite actualizaciones de firmware sin necesidad de herramientas de terceros o eliminaci\u00f3n de discos&comma; a trav\u00e9s de Synology DSM.<\/p>\n<\/p><\/div>\n<\/p><\/div>\n<\/p><\/div>\n<\/p><\/div>\n<p> <!-- Separador --> <\/p>\n<hr style='border: 0; border-top: 1px solid rgba(150&comma; 150&comma; 150&comma; 0.3); margin: 30px 0;'> <\/div>\n","protected":false},"excerpt":{"rendered":"<p>Disco Duro SATA de 3.5&#8243; Serie Plus | Capacidad 16TB | Interfaz SATA 6 GB\/s | Velocidad de Rotaci\u00f3n 7200 rpm | Cach\u00e9 de 256 MB o 512 MB | MTBF de 1.2 Mill\u00f3n de Horas | Carga de Trabajo de 180 TB\/a\u00f1o.<\/p>\n","protected":false},"featured_media":97350,"comment_status":"open","ping_status":"closed","template":"","meta":[],"product_brand":[],"product_cat":[2103],"product_tag":[2022,2065,1976],"class_list":{"0":"post-97351","1":"product","2":"type-product","3":"status-publish","4":"has-post-thumbnail","6":"product_cat-discos-duros-mecanicos-hdd-servidores-almacenamiento","7":"product_tag-discos-duros-mecanicos-hdd","8":"product_tag-servidores-almacenamiento","9":"product_tag-synology","11":"first","12":"outofstock","13":"sale","14":"shipping-taxable","15":"purchasable","16":"product-type-simple"},"_links":{"self":[{"href":"https:\/\/soydeaqui.ddns.net\/pachuca\/index.php\/wp-json\/wp\/v2\/product\/97351","targetHints":{"allow":["GET"]}}],"collection":[{"href":"https:\/\/soydeaqui.ddns.net\/pachuca\/index.php\/wp-json\/wp\/v2\/product"}],"about":[{"href":"https:\/\/soydeaqui.ddns.net\/pachuca\/index.php\/wp-json\/wp\/v2\/types\/product"}],"replies":[{"embeddable":true,"href":"https:\/\/soydeaqui.ddns.net\/pachuca\/index.php\/wp-json\/wp\/v2\/comments?post=97351"}],"wp:featuredmedia":[{"embeddable":true,"href":"https:\/\/soydeaqui.ddns.net\/pachuca\/index.php\/wp-json\/wp\/v2\/media\/97350"}],"wp:attachment":[{"href":"https:\/\/soydeaqui.ddns.net\/pachuca\/index.php\/wp-json\/wp\/v2\/media?parent=97351"}],"wp:term":[{"taxonomy":"product_brand","embeddable":true,"href":"https:\/\/soydeaqui.ddns.net\/pachuca\/index.php\/wp-json\/wp\/v2\/product_brand?post=97351"},{"taxonomy":"product_cat","embeddable":true,"href":"https:\/\/soydeaqui.ddns.net\/pachuca\/index.php\/wp-json\/wp\/v2\/product_cat?post=97351"},{"taxonomy":"product_tag","embeddable":true,"href":"https:\/\/soydeaqui.ddns.net\/pachuca\/index.php\/wp-json\/wp\/v2\/product_tag?post=97351"}],"curies":[{"name":"wp","href":"https:\/\/api.w.org\/{rel}","templated":true}]}}