{"id":97324,"date":"2026-03-20T08:51:31","date_gmt":"2026-03-20T08:51:31","guid":{"rendered":"https:\/\/soydeaqui.ddns.net\/pachuca\/index.php\/producto\/kit-extensor-hdmi-de-tamano-mini-4k60hz-a-60-metros-solo-requiere-alimentacion-tx-sobre-cat6-cat6a-cat7\/"},"modified":"2026-03-20T08:51:40","modified_gmt":"2026-03-20T08:51:40","slug":"kit-extensor-hdmi-de-tamano-mini-4k60hz-a-60-metros-solo-requiere-alimentacion-tx-sobre-cat6-cat6a-cat7","status":"publish","type":"product","link":"https:\/\/soydeaqui.ddns.net\/pachuca\/index.php\/producto\/kit-extensor-hdmi-de-tamano-mini-4k60hz-a-60-metros-solo-requiere-alimentacion-tx-sobre-cat6-cat6a-cat7\/","title":{"rendered":"Kit extensor HDMI de tama\u00f1o mini | 4K60Hz a  60 metros | Solo requiere alimentaci\u00f3n TX |  Sobre CAT6\/CAT6A\/CAT7 |"},"content":{"rendered":"<div style='width: 100%; max-width: 1200px; margin: 0 auto; font-family: sans-serif; line-height: 1.6; color: inherit; background-color: transparent;'> <!-- IMAGEN 1 --> <\/p>\n<p><img style='width: 100%; height: auto; border: 1px solid rgba(150&comma;150&comma;150&comma;0.3); border-radius: 8px;' src='https:\/\/ftp3.syscom.mx\/usuarios\/luis.vargas\/EpcomTitanium\/titaniumup.jpg' alt=''><\/p>\n<p> <!-- Informaci\u00f3n principal --> <\/p>\n<div style='width: 100%; margin-bottom: 30px;'>\n<h1 style='text-align: center; color: inherit;'>TT672MINI<\/h1>\n<p style='text-align: center; margin: 10px 70px 50px 70px; color: inherit;'>kit extensor HDMI punto a punto que puede lograr latencia cero transmisi\u00f3n. La se\u00f1al HDMI 4K@60Hz se puede extender hasta 60 m mediante un cable de red CAT6\/6A\/7. Este kit es una soluci\u00f3n confiable de transmisi\u00f3n de video de ultra alta definici\u00f3n&comma; que se usa ampliamente en monitoreo de seguridad&comma; cine en casa&comma; radiodifusi\u00f3n&comma; capacitaci\u00f3n y otros campos.<\/p>\n<\/p><\/div>\n<p> <!-- Secci\u00f3n de caracter\u00edsticas --> <\/p>\n<div style='display: flex; flex-wrap: wrap; gap: 30px; margin-bottom: 30px;'> <!-- Caracter\u00edsticas Principales --> <\/p>\n<div style='flex: 1 1 300px; min-width: 280px;'> <img style='width: 100%; height: auto; border: 1px solid rgba(150&comma;150&comma;150&comma;0.3); border-radius: 8px; margin-bottom: 15px;' src='https:\/\/ftp3.syscom.mx\/usuarios\/luis.vargas\/EpcomTitanium\/TT672MINI\/TT672MINI-1.png' alt=''> <\/p>\n<h3 style='font-size: 22px; border-bottom: 2px solid currentColor; padding-bottom: 5px; margin-top: 0; color: inherit; opacity: 0.8;'>Caracter\u00edsticas Principales:<\/h3>\n<ul style='padding-left: 20px; font-size: 15px; color: inherit;'>\n<li style='margin-bottom: 5px;'><strong>Conformidad HDMI:<\/strong> HDMI 2.0<\/li>\n<li style='margin-bottom: 5px;'><strong>Cumplimiento de HDCP:<\/strong> HDCP 2.2<\/li>\n<li style='margin-bottom: 5px;'><strong>HDR<\/strong><\/li>\n<li style='margin-bottom: 5px;'><strong>Cable de red sugerido:<\/strong> CAT6\/CAT6A\/CAT7<\/li>\n<li style='margin-bottom: 5px;'><strong>Distancia de transmisi\u00f3n:<\/strong> 4K@30Hz hasta 60 metros<\/li>\n<li style='margin-bottom: 5px;'><strong>Ancho de banda de video maximo:<\/strong> 600MHz<\/li>\n<li style='margin-bottom: 5px;'><strong>Soporte de resoluci\u00f3n:<\/strong> 480i@60Hz&comma; 480p@60Hz&comma; 576i@50Hz&comma; 576p@50Hz&comma; 720p@50\/60Hz&comma; 1080i@50\/60Hz&comma; 1080p@50\/60Hz&comma; 3840&#215;2160@24\/25\/30\/50\/60Hz&comma; 4096&#215;2160@24\/25Hz&comma; 1280&#215;960&comma; 1280&#215;800&comma; 1280&#215;768&comma; 1680&#215;1050&comma; 1920&#215;1200&comma; 1360&#215;768&comma; 1366&#215;768&comma; 1600&#215;900&comma; 1024&#215;768&comma; 800&#215;60<\/li>\n<li style='margin-bottom: 5px;'><strong>Soporte de audio:<\/strong> LPCM&comma; DTS 5.1 \/ Dolby Digital 5.1CH<\/li>\n<li style='margin-bottom: 5px;'><strong>Se\u00f1al de entrada TMDS:<\/strong> 0.7~1.2Vp-p<\/li>\n<li style='margin-bottom: 5px;'><strong>Se\u00f1al de entrada de DDC:<\/strong> 5Vp-p<\/li>\n<\/ul><\/div>\n<p> <!-- Caracter\u00edsticas F\u00edsicas y El\u00e9ctricas --> <\/p>\n<div style='flex: 1 1 300px; min-width: 280px;'> <img style='width: 100%; height: auto; border: 1px solid rgba(150&comma;150&comma;150&comma;0.3); border-radius: 8px; margin-bottom: 15px;' src='https:\/\/ftp3.syscom.mx\/usuarios\/luis.vargas\/EpcomTitanium\/TT672MINI\/TT672MINI-2.png' alt=''> <\/p>\n<h3 style='font-size: 22px; border-bottom: 2px solid currentColor; padding-bottom: 5px; margin-top: 0; color: inherit; opacity: 0.8;'>Caracter\u00edsticas F\u00edsicas y El\u00e9ctricas:<\/h3>\n<ul style='padding-left: 20px; font-size: 15px; color: inherit;'>\n<li style='margin-bottom: 5px;'><strong>Entrada:<\/strong> TX: HDMI\u00d71; Micro-USB x1 | RX: RJ45x1<\/li>\n<li style='margin-bottom: 5px;'><strong>Salida:<\/strong> TX: RJ45x1 | RX: HDMI x1<\/li>\n<li style='margin-bottom: 5px;'><strong>Conector HDMI:<\/strong> Tipo A&comma; hembra&comma; 19 pines<\/li>\n<li style='margin-bottom: 5px;'><strong>Alojamiento:<\/strong> Met\u00e1lico<\/li>\n<li style='margin-bottom: 5px;'><strong>Dimensiones:<\/strong> 67.0(L) x 40.0(W) x 23.0(H) mm<\/li>\n<li style='margin-bottom: 5px;'><strong>Peso neto:<\/strong> TX: 92g RX: 91g<\/li>\n<li style='margin-bottom: 5px;'><strong>Fuente de alimentaci\u00f3n:<\/strong> 5V\/2A (solo se necesita fuente de alimentaci\u00f3n TX)<\/li>\n<li style='margin-bottom: 5px;'><strong>Consumo:<\/strong> TX+RX <5W<\/li>\n<li style='margin-bottom: 5px;'><strong>Temperatura de operaci\u00f3n:<\/strong> -20~60 \u2103<\/li>\n<li style='margin-bottom: 5px;'><strong>Temperatura de almacenamiento:<\/strong> -30~70 \u2103<\/li>\n<li style='margin-bottom: 5px;'><strong>Humedad relativa:<\/strong> 0~90%RH (sin condensaci\u00f3n)<\/li>\n<\/ul><\/div>\n<p> <!-- Caracter\u00edsticas Destacadas --> <\/p>\n<div style='flex: 1 1 300px; min-width: 280px;'> <img style='width: 100%; height: auto; border: 1px solid rgba(150&comma;150&comma;150&comma;0.3); border-radius: 8px; margin-bottom: 15px;' src='https:\/\/ftp3.syscom.mx\/usuarios\/luis.vargas\/EpcomTitanium\/TT672MINI\/TT672MINI-6.png' alt=''> <\/p>\n<h3 style='font-size: 22px; border-bottom: 2px solid currentColor; padding-bottom: 5px; margin-top: 0; color: inherit; opacity: 0.8;'>Caracter\u00edsticas Destacadas:<\/h3>\n<ul style='padding-left: 20px; font-size: 15px; color: inherit;'>\n<li style='margin-bottom: 5px;'><strong>Contenido en el paquete:<\/strong> Trasmisor&comma; receptor&comma; fuente de alimentacion x1 (DC5V\/2A)<\/li>\n<li style='margin-bottom: 5px;'><strong>Plug and play<\/strong> sin ning\u00fan ajuste manual.<\/li>\n<li style='margin-bottom: 5px;'><strong>Fuente de se\u00f1al:<\/strong> Dispositivos con puerto HDMI (PC&comma; NVR&comma; DVR&comma; etc.): Cable HDMI\u22645m<\/li>\n<\/ul><\/div>\n<\/p><\/div>\n<p> <!-- IMAGEN FINAL --> <\/p>\n<p><img style='width: 100%; height: auto; border: 1px solid rgba(150&comma;150&comma;150&comma;0.3); border-radius: 8px;' src='https:\/\/ftp3.syscom.mx\/usuarios\/luis.vargas\/EpcomTitanium\/TT672MINI\/LKV672MINI.jpg' alt=''><\/p>\n<\/p><\/div>\n","protected":false},"excerpt":{"rendered":"<p>Kit extensor HDMI de tama\u00f1o mini | 4K60Hz a  60 metros | Solo requiere alimentaci\u00f3n TX |  Sobre CAT6\/CAT6A\/CAT7 |<\/p>\n","protected":false},"featured_media":97323,"comment_status":"open","ping_status":"closed","template":"","meta":[],"product_brand":[],"product_cat":[2073,2074,2077,2075,2072,2076],"product_tag":[417,2079,2080,2083,507,2081,2078,2082],"class_list":{"0":"post-97324","1":"product","2":"type-product","3":"status-publish","4":"has-post-thumbnail","6":"product_cat-convertidores","7":"product_cat-divisores","8":"product_cat-dvi","9":"product_cat-hdmi","10":"product_cat-kits-extensores","11":"product_cat-vga","12":"product_tag-accesorios-generales","13":"product_tag-convertidores","14":"product_tag-divisores","15":"product_tag-dvi","16":"product_tag-epcom-titanium","17":"product_tag-hdmi","18":"product_tag-kits-extensores","19":"product_tag-vga","21":"first","22":"instock","23":"sale","24":"shipping-taxable","25":"purchasable","26":"product-type-simple"},"_links":{"self":[{"href":"https:\/\/soydeaqui.ddns.net\/pachuca\/index.php\/wp-json\/wp\/v2\/product\/97324","targetHints":{"allow":["GET"]}}],"collection":[{"href":"https:\/\/soydeaqui.ddns.net\/pachuca\/index.php\/wp-json\/wp\/v2\/product"}],"about":[{"href":"https:\/\/soydeaqui.ddns.net\/pachuca\/index.php\/wp-json\/wp\/v2\/types\/product"}],"replies":[{"embeddable":true,"href":"https:\/\/soydeaqui.ddns.net\/pachuca\/index.php\/wp-json\/wp\/v2\/comments?post=97324"}],"wp:featuredmedia":[{"embeddable":true,"href":"https:\/\/soydeaqui.ddns.net\/pachuca\/index.php\/wp-json\/wp\/v2\/media\/97323"}],"wp:attachment":[{"href":"https:\/\/soydeaqui.ddns.net\/pachuca\/index.php\/wp-json\/wp\/v2\/media?parent=97324"}],"wp:term":[{"taxonomy":"product_brand","embeddable":true,"href":"https:\/\/soydeaqui.ddns.net\/pachuca\/index.php\/wp-json\/wp\/v2\/product_brand?post=97324"},{"taxonomy":"product_cat","embeddable":true,"href":"https:\/\/soydeaqui.ddns.net\/pachuca\/index.php\/wp-json\/wp\/v2\/product_cat?post=97324"},{"taxonomy":"product_tag","embeddable":true,"href":"https:\/\/soydeaqui.ddns.net\/pachuca\/index.php\/wp-json\/wp\/v2\/product_tag?post=97324"}],"curies":[{"name":"wp","href":"https:\/\/api.w.org\/{rel}","templated":true}]}}