{"id":97314,"date":"2026-03-20T08:51:04","date_gmt":"2026-03-20T08:51:04","guid":{"rendered":"https:\/\/soydeaqui.ddns.net\/pachuca\/index.php\/producto\/kit-extensor-para-distancias-de-hasta-200-metros-resolucion-4k-60hz-cat-6-conexion-uno-a-uno-y-uno-a-muchos-hasta-120-mts-compatible-con-switch-gigabit-control-ir\/"},"modified":"2026-03-20T08:51:13","modified_gmt":"2026-03-20T08:51:13","slug":"kit-extensor-para-distancias-de-hasta-200-metros-resolucion-4k-60hz-cat-6-conexion-uno-a-uno-y-uno-a-muchos-hasta-120-mts-compatible-con-switch-gigabit-control-ir","status":"publish","type":"product","link":"https:\/\/soydeaqui.ddns.net\/pachuca\/index.php\/producto\/kit-extensor-para-distancias-de-hasta-200-metros-resolucion-4k-60hz-cat-6-conexion-uno-a-uno-y-uno-a-muchos-hasta-120-mts-compatible-con-switch-gigabit-control-ir\/","title":{"rendered":"Kit extensor para distancias de hasta 200 metros | Resoluci\u00f3n 4K @60Hz | Cat 6 | Conexi\u00f3n uno a uno y uno a muchos hasta 120 mts | Compatible con Switch gigabit | Control IR"},"content":{"rendered":"<div style='width: 100%; max-width: 1200px; margin: 0 auto; font-family: sans-serif; line-height: 1.6; color: inherit; background-color: transparent; padding: 40px 20px;'><!-- Imagen principal --><\/p>\n<div style='margin-bottom: 30px;'><img style='width: 100%; height: auto; border: 1px solid rgba(150&comma;150&comma;150&comma;0.3); border-radius: 8px;' src='https:\/\/ftp3.syscom.mx\/usuarios\/luis.vargas\/EpcomTitanium\/titaniumup.jpg' alt='Epcom Titanium'><\/div>\n<p><!-- T\u00edtulo y descripci\u00f3n --><\/p>\n<div style='margin-bottom: 50px; text-align: center;'>\n<h1 style='color: inherit; font-size: 28px; font-weight: 700; margin-bottom: 20px; padding-bottom: 15px; border-bottom: 2px solid rgba(150&comma;150&comma;150&comma;0.3);'>TT683-4K<\/h1>\n<p style='max-width: 900px; margin: 0 auto; font-size: 18px; color: inherit;'>La se\u00f1al HDMI 4K@60Hz se puede extender hasta 120 m a trav\u00e9s de cables de red Cat6 y superiores&comma; admitiendo conexiones uno a uno o uno a muchos a trav\u00e9s de un conmutador gigabit. Tambi\u00e9n admite transferencia de infrarrojos y puede usarse en reuniones&comma; entretenimiento en el hogar&comma; educaci\u00f3n y m\u00e1s.<\/p>\n<\/div>\n<p><!-- Caracter\u00edsticas --><\/p>\n<div style='display: flex; flex-wrap: wrap; gap: 30px; margin-bottom: 30px;'><!-- Columna 1 --><\/p>\n<div style='flex: 1 1 300px; min-width: 280px;'>\n<h3 style='font-size: 22px; border-bottom: 2px solid currentColor; padding-bottom: 5px; margin-top: 0; color: inherit; opacity: 0.8;'>Caracter\u00edsticas Principales<\/h3>\n<div style='margin-top: 15px;'><img style='width: 100%; height: auto; border: 1px solid rgba(150&comma;150&comma;150&comma;0.3); border-radius: 8px;' src='https:\/\/ftp3.syscom.mx\/usuarios\/luis.vargas\/EpcomTitanium\/TT683-4K\/TT683-4K-1.png' alt='Caracter\u00edsticas Principales'><\/div>\n<ul style='padding-left: 20px; font-size: 15px; color: inherit; margin-top: 15px;'>\n<li style='margin-bottom: 5px;'><strong>Conformidad HDMI:<\/strong> HDMI 2.0<\/li>\n<li style='margin-bottom: 5px;'><strong>Cumplimiento de HDCP:<\/strong> HDCP 2.2<\/li>\n<li style='margin-bottom: 5px;'><strong>Protocolo de transporte:<\/strong> IP<\/li>\n<li style='margin-bottom: 5px;'><strong>Cable sugerido:<\/strong> CAT6\/CAT6A\/CAT7<\/li>\n<li style='margin-bottom: 5px;'><strong>Distancia de transmisi\u00f3n:<\/strong> 120 m<\/li>\n<li style='margin-bottom: 5px;'><strong>Ancho de banda:<\/strong> 18 Gbps<\/li>\n<li style='margin-bottom: 5px;'><strong>Resoluci\u00f3n:<\/strong> 4K@60Hz<\/li>\n<li style='margin-bottom: 5px;'><strong>Soporte de audio:<\/strong> LPCM<\/li>\n<\/ul>\n<\/div>\n<p><!-- Columna 2 --><\/p>\n<div style='flex: 1 1 300px; min-width: 280px;'>\n<h3 style='font-size: 22px; border-bottom: 2px solid currentColor; padding-bottom: 5px; margin-top: 0; color: inherit; opacity: 0.8;'>Caracter\u00edsticas<\/h3>\n<div style='margin-top: 15px;'><img style='width: 100%; height: auto; border: 1px solid rgba(150&comma;150&comma;150&comma;0.3); border-radius: 8px;' src='https:\/\/ftp3.syscom.mx\/usuarios\/luis.vargas\/EpcomTitanium\/TT683-4K\/TT683-4K-2.png' alt='Caracter\u00edsticas'><\/div>\n<ul style='padding-left: 20px; font-size: 15px; color: inherit; margin-top: 15px;'>\n<li style='margin-bottom: 5px;'><strong>Soporte de resoluci\u00f3n:<\/strong>\n<ul style='list-style-type: disc; padding-left: 20px; margin-top: 5px;'>\n<li>3840&#215;2160@24\/30\/50\/60Hz<\/li>\n<li>1080p@50\/60Hz<\/li>\n<li>720p@50\/60Hz<\/li>\n<li>1920&#215;1200@60Hz<\/li>\n<li>2560&#215;1440@60Hz<\/li>\n<li>2560&#215;1600@60Hz<\/li>\n<\/ul>\n<\/li>\n<li style='margin-bottom: 5px;'><strong>Longitud de cable HDMI:<\/strong> \u22645m<\/li>\n<li style='margin-bottom: 5px;'><strong>Latencia:<\/strong> 70\u2013180ms<\/li>\n<li style='margin-bottom: 5px;'><strong>Control IR:<\/strong> S\u00ed<\/li>\n<li style='margin-bottom: 5px;'><strong>Frecuencia IR:<\/strong> 20\u201360Khz<\/li>\n<li style='margin-bottom: 5px;'><strong>Conector HDMI:<\/strong> Tipo A&comma; 19 pines<\/li>\n<li style='margin-bottom: 5px;'><strong>Receptor:<\/strong> <a href='https:\/\/www.syscom.mx\/producto\/TT6834KRX-EPCOM-TITANIUM-235705.html' style='color: inherit; text-decoration: underline; font-weight: 600;' target='_blank'>TT683-4K-RX<\/a><\/li>\n<li style='margin-top: 10px; padding: 12px 15px; border-left: 4px solid rgba(255&comma;193&comma;7&comma;0.8); background-color: rgba(255&comma;255&comma;204&comma;0.3); border-radius: 0 4px 4px 0; color: inherit;'><strong>Nota:<\/strong> M\u00e1x. 200 m en conexiones uno a uno y 120 m en uno a muchos.<\/li>\n<\/ul>\n<\/div>\n<p><!-- Columna 3 --><\/p>\n<div style='flex: 1 1 300px; min-width: 280px;'>\n<h3 style='font-size: 22px; border-bottom: 2px solid currentColor; padding-bottom: 5px; margin-top: 0; color: inherit; opacity: 0.8;'>Caracter\u00edsticas F\u00edsicas y El\u00e9ctricas<\/h3>\n<div style='margin-top: 15px;'><img style='width: 100%; height: auto; border: 1px solid rgba(150&comma;150&comma;150&comma;0.3); border-radius: 8px;' src='https:\/\/ftp3.syscom.mx\/usuarios\/luis.vargas\/EpcomTitanium\/TT683-4K\/TT683-4K-3.png' alt='Caracter\u00edsticas F\u00edsicas y El\u00e9ctricas'><\/div>\n<ul style='padding-left: 20px; font-size: 15px; color: inherit; margin-top: 15px;'>\n<li style='margin-bottom: 5px;'><strong>Alojamiento:<\/strong> Aluminio<\/li>\n<li style='margin-bottom: 5px;'><strong>Dimensiones:<\/strong> 96.8(L)\u00d794(W)\u00d723.7(H) mm<\/li>\n<li style='margin-bottom: 5px;'><strong>Peso neto:<\/strong> TX 156g \/ RX 154g<\/li>\n<li style='margin-bottom: 5px;'><strong>Fuente:<\/strong> 5V\/1A<\/li>\n<li style='margin-bottom: 5px;'><strong>Consumo:<\/strong> TX \u22643.5W \/ RX \u22642.5W<\/li>\n<li style='margin-bottom: 5px;'><strong>Temp. operaci\u00f3n:<\/strong> -20~60\u00b0C<\/li>\n<li style='margin-bottom: 5px;'><strong>Temp. almacenamiento:<\/strong> -30~70\u00b0C<\/li>\n<li style='margin-bottom: 5px;'><strong>Humedad:<\/strong> 0~90%RH (sin condensaci\u00f3n)<\/li>\n<\/ul>\n<\/div>\n<\/div>\n<p><!-- Video --><\/p>\n<div style='margin: 50px 0; padding: 40px 0; text-align: center;'>\n<h3 style='font-size: 24px; color: inherit; margin-bottom: 25px; font-weight: 700;'>Video Demostrativo<\/h3>\n<div style='position: relative; width: 100%; max-width: 900px; margin: 0 auto; padding-bottom: 56.25%; height: 0; overflow: hidden; border-radius: 8px; margin-bottom: 30px;'> <\/div>\n<div style='max-width: 800px; margin: 0 auto;'>\n<div style='background: linear-gradient(135deg&comma; rgba(15&comma;23&comma;42&comma;1) 0%&comma; rgba(30&comma;41&comma;59&comma;1) 100%); color: white; padding: 15px 0; border-radius: 8px; margin: 20px 0;'>\n<div style='font-weight: 700; font-size: 1.5rem;'>TITANIUM<\/div>\n<div style='font-size: 1rem; opacity: 0.9;'>UTP-VIDEO SOLUTIONS<\/div>\n<\/div>\n<h4 style='margin: 10px 0 5px 0; color: inherit; font-size: 18px;'><strong>4K@60Hz over 1G IP Extender with IR Pass-back<\/strong><\/h4>\n<p style='color: inherit; margin: 0;'>Extensor IP para video 4K@60Hz con retorno de se\u00f1al IR<\/p>\n<\/div>\n<\/div>\n<p><!-- Imagen final --><\/p>\n<div style='margin-top: 50px;'><img style='width: 100%; height: auto; border: 1px solid rgba(150&comma;150&comma;150&comma;0.3); border-radius: 8px;' src='https:\/\/ftp3.syscom.mx\/usuarios\/luis.vargas\/EpcomTitanium\/TT683-4K\/TT683-4K%20POSTER.jpg' alt='TT683-4K Poster'><\/div>\n<\/div>\n","protected":false},"excerpt":{"rendered":"<p>Kit extensor para distancias de hasta 200 metros | Resoluci\u00f3n 4K @60Hz | Cat 6 | Conexi\u00f3n uno a uno y uno a muchos hasta 120 mts | Compatible con Switch gigabit | Control IR<\/p>\n","protected":false},"featured_media":97313,"comment_status":"open","ping_status":"closed","template":"","meta":[],"product_brand":[],"product_cat":[2073,2074,2077,2075,2072,2076],"product_tag":[417,2079,2080,2083,507,2081,2078,2082],"class_list":{"0":"post-97314","1":"product","2":"type-product","3":"status-publish","4":"has-post-thumbnail","6":"product_cat-convertidores","7":"product_cat-divisores","8":"product_cat-dvi","9":"product_cat-hdmi","10":"product_cat-kits-extensores","11":"product_cat-vga","12":"product_tag-accesorios-generales","13":"product_tag-convertidores","14":"product_tag-divisores","15":"product_tag-dvi","16":"product_tag-epcom-titanium","17":"product_tag-hdmi","18":"product_tag-kits-extensores","19":"product_tag-vga","21":"first","22":"instock","23":"sale","24":"shipping-taxable","25":"purchasable","26":"product-type-simple"},"_links":{"self":[{"href":"https:\/\/soydeaqui.ddns.net\/pachuca\/index.php\/wp-json\/wp\/v2\/product\/97314","targetHints":{"allow":["GET"]}}],"collection":[{"href":"https:\/\/soydeaqui.ddns.net\/pachuca\/index.php\/wp-json\/wp\/v2\/product"}],"about":[{"href":"https:\/\/soydeaqui.ddns.net\/pachuca\/index.php\/wp-json\/wp\/v2\/types\/product"}],"replies":[{"embeddable":true,"href":"https:\/\/soydeaqui.ddns.net\/pachuca\/index.php\/wp-json\/wp\/v2\/comments?post=97314"}],"wp:featuredmedia":[{"embeddable":true,"href":"https:\/\/soydeaqui.ddns.net\/pachuca\/index.php\/wp-json\/wp\/v2\/media\/97313"}],"wp:attachment":[{"href":"https:\/\/soydeaqui.ddns.net\/pachuca\/index.php\/wp-json\/wp\/v2\/media?parent=97314"}],"wp:term":[{"taxonomy":"product_brand","embeddable":true,"href":"https:\/\/soydeaqui.ddns.net\/pachuca\/index.php\/wp-json\/wp\/v2\/product_brand?post=97314"},{"taxonomy":"product_cat","embeddable":true,"href":"https:\/\/soydeaqui.ddns.net\/pachuca\/index.php\/wp-json\/wp\/v2\/product_cat?post=97314"},{"taxonomy":"product_tag","embeddable":true,"href":"https:\/\/soydeaqui.ddns.net\/pachuca\/index.php\/wp-json\/wp\/v2\/product_tag?post=97314"}],"curies":[{"name":"wp","href":"https:\/\/api.w.org\/{rel}","templated":true}]}}