{"id":97302,"date":"2026-03-20T08:50:31","date_gmt":"2026-03-20T08:50:31","guid":{"rendered":"https:\/\/soydeaqui.ddns.net\/pachuca\/index.php\/producto\/unifi-protect-camara-g5-dome-para-interior-exterior-2k-4mpx-angulo-102-4-vision-nocturna-ir-hasta-9-mts-detecciones-inteligentes-audio-bidireccional-resistente-a-la-intemperie-ipx4\/"},"modified":"2026-03-20T08:50:41","modified_gmt":"2026-03-20T08:50:41","slug":"unifi-protect-camara-g5-dome-para-interior-exterior-2k-4mpx-angulo-102-4-vision-nocturna-ir-hasta-9-mts-detecciones-inteligentes-audio-bidireccional-resistente-a-la-intemperie-ipx4","status":"publish","type":"product","link":"https:\/\/soydeaqui.ddns.net\/pachuca\/index.php\/producto\/unifi-protect-camara-g5-dome-para-interior-exterior-2k-4mpx-angulo-102-4-vision-nocturna-ir-hasta-9-mts-detecciones-inteligentes-audio-bidireccional-resistente-a-la-intemperie-ipx4\/","title":{"rendered":"UniFi Protect C\u00e1mara G5 Dome  para interior\/exterior \/ 2K (4MPX), \u00e1ngulo 102.4\u00b0, visi\u00f3n nocturna IR hasta 9 mts \/ detecciones inteligentes \/ audio bidireccional \/ resistente a la intemperie IPx4 \/ antivand\u00e1lica IX08"},"content":{"rendered":"<div style='width: 100%; max-width: 1200px; margin: 0 auto; font-family: sans-serif; line-height: 1.6; color: inherit; background-color: transparent;'> <!-- Imagen principal --> <\/p>\n<div style='margin-bottom: 30px;'> <img style='width: 100%; height: auto; border: 1px solid rgba(150&comma;150&comma;150&comma;0.3); border-radius: 8px;' src='https:\/\/images.svc.ui.com\/?u=https%3A%2F%2Fcdn.ecomm.ui.com%2Fproducts%2F1c20460a-b90b-4430-bbf1-8adf26ec2122%2F46b73c63-f1fb-4b07-844e-fa3315bb0327.png&#038;q=75&#038;w=3840' alt=''> <\/div>\n<p> <!-- T\u00edtulo y subt\u00edtulo --> <\/p>\n<div style='margin-bottom: 30px;'>\n<h2 style='font-size: 22px; margin: 0; color: inherit; opacity: 0.9;'>C\u00e1mara UniFi G5 Dome<\/h2>\n<p style='font-size: 14px; color: rgba(0&comma;0&comma;0&comma;0.5); margin: 5px 0 0 0;'>UVC-G5-DOME<\/p>\n<\/p><\/div>\n<p> <!-- Descripci\u00f3n --> <\/p>\n<div style='margin-bottom: 30px;'>\n<p style='font-size: 15px; color: inherit; opacity: 0.8;'>C\u00e1mara de techo PoE 2K HD de pr\u00f3xima generaci\u00f3n con rango din\u00e1mico mejorado y rendimiento con poca luz.<\/p>\n<\/p><\/div>\n<p> <!-- Caracter\u00edsticas principales --> <\/p>\n<div style='display: flex; flex-wrap: wrap; gap: 20px; margin-bottom: 30px;'>\n<div style='flex: 1 1 250px; min-width: 220px; display: flex; align-items: center;'> <img style='width: 20px; height: 20px; margin-right: 10px; flex-shrink: 0;' src='https:\/\/assets.ecomm.ui.com\/static\/key-features\/lens.svg' alt=''> <span style='font-size: 14px; color: inherit; opacity: 0.8;'>Resoluci\u00f3n de video 2K (4MP)<\/span> <\/div>\n<div style='flex: 1 1 250px; min-width: 220px; display: flex; align-items: center;'> <img style='width: 20px; height: 20px; margin-right: 10px; flex-shrink: 0;' src='https:\/\/assets.ecomm.ui.com\/static\/key-features\/wide_angle.svg' alt=''> <span style='font-size: 14px; color: inherit; opacity: 0.8;'>\u00c1ngulo de visi\u00f3n ultra amplio (102&comma;4\u00b0)<\/span> <\/div>\n<div style='flex: 1 1 250px; min-width: 220px; display: flex; align-items: center;'> <img style='width: 20px; height: 20px; margin-right: 10px; flex-shrink: 0;' src='https:\/\/assets.ecomm.ui.com\/static\/key-features\/night.svg' alt=''> <span style='font-size: 14px; color: inherit; opacity: 0.8;'>Visi\u00f3n nocturna por infrarrojos de 9 m (30 pies)<\/span> <\/div>\n<div style='flex: 1 1 250px; min-width: 220px; display: flex; align-items: center;'> <img style='width: 20px; height: 20px; margin-right: 10px; flex-shrink: 0;' src='https:\/\/assets.ecomm.ui.com\/static\/key-features\/range.svg' alt=''> <span style='font-size: 14px; color: inherit; opacity: 0.8;'>Detecci\u00f3n de eventos con IA<\/span> <\/div>\n<div style='flex: 1 1 250px; min-width: 220px; display: flex; align-items: center;'> <img style='width: 20px; height: 20px; margin-right: 10px; flex-shrink: 0;' src='https:\/\/assets.ecomm.ui.com\/static\/key-features\/sound.svg' alt=''> <span style='font-size: 14px; color: inherit; opacity: 0.8;'>Audio bidireccional integrado<\/span> <\/div>\n<div style='flex: 1 1 250px; min-width: 220px; display: flex; align-items: center;'> <img style='width: 20px; height: 20px; margin-right: 10px; flex-shrink: 0;' src='https:\/\/assets.ecomm.ui.com\/static\/key-features\/poe.svg' alt=''> <span style='font-size: 14px; color: inherit; opacity: 0.8;'>Conectar y alimentar mediante PoE (NO incluido&comma; recomendado switch PoE UniFi o inyector <a style='color: #3598db; text-decoration: none;' href='https:\/\/www.syscom.mx\/producto\/U-POE-UBIQUITI-INC.-237708.html' target='_blank' rel='noopener'>U-POE<\/a>)<\/span> <\/div>\n<div style='flex: 1 1 250px; min-width: 220px; display: flex; align-items: center;'> <img style='width: 20px; height: 20px; margin-right: 10px; flex-shrink: 0;' src='https:\/\/assets.ecomm.ui.com\/static\/key-features\/waterdrop.svg' alt=''> <span style='font-size: 14px; color: inherit; opacity: 0.8;'>Resistente a la intemperie (cubierto para exteriores)<\/span> <\/div>\n<div style='flex: 1 1 250px; min-width: 220px; display: flex; align-items: center;'> <img style='width: 20px; height: 20px; margin-right: 10px; flex-shrink: 0;' src='https:\/\/assets.ecomm.ui.com\/static\/key-features\/hammer.svg' alt=''> <span style='font-size: 14px; color: inherit; opacity: 0.8;'>Resistente al vandalismo<\/span> <\/div>\n<\/p><\/div>\n<p> <!-- Nota importante --> <\/p>\n<div style='margin-bottom: 30px; padding: 15px; border-left: 3px solid rgba(0&comma;0&comma;0&comma;0.2); background-color: rgba(0&comma;0&comma;0&comma;0.03); border-radius: 4px;'>\n<p style='font-size: 14px; color: inherit; margin: 0;'><strong>Nota:<\/strong> Se requiere un UniFi OS Console con la aplicaci\u00f3n UniFi Protect para administrar y grabar las c\u00e1maras UniFi&comma; recomendados UCK-G2-SSD&comma; UDM-PRO&comma; UDM-SE&comma; UNVR&comma; UNVR-PRO.<\/p>\n<\/p><\/div>\n<p> <!-- Im\u00e1genes adicionales --> <\/p>\n<div style='display: flex; flex-wrap: wrap; gap: 20px; margin-bottom: 30px;'>\n<div style='flex: 1 1 100%; min-width: 300px;'> <img style='width: 100%; height: auto; border: 1px solid rgba(150&comma;150&comma;150&comma;0.3); border-radius: 8px;' src='https:\/\/images.svc.ui.com\/?u=https%3A%2F%2Fcdn.ecomm.ui.com%2Fproducts%2F1c20460a-b90b-4430-bbf1-8adf26ec2122%2F47cd11bf-f939-4bf6-bb90-a2eb2e2688dc.png&#038;q=75&#038;w=2048' alt=''> <\/div>\n<div style='flex: 1 1 100%; min-width: 300px;'> <img style='width: 100%; height: auto; border: 1px solid rgba(150&comma;150&comma;150&comma;0.3); border-radius: 8px;' src='https:\/\/images.svc.ui.com\/?u=https%3A%2F%2Fcdn.ecomm.ui.com%2Fproducts%2F1c20460a-b90b-4430-bbf1-8adf26ec2122%2Fb0272c3f-1654-4649-823f-78d1a5cfc70e.png&#038;q=75&#038;w=1920' alt=''> <\/div>\n<div style='flex: 1 1 100%; min-width: 300px;'> <img style='width: 100%; height: auto; border: 1px solid rgba(150&comma;150&comma;150&comma;0.3); border-radius: 8px;' src='https:\/\/images.svc.ui.com\/?u=https%3A%2F%2Fcdn.ecomm.ui.com%2Fproducts%2F1c20460a-b90b-4430-bbf1-8adf26ec2122%2Fe8845664-d68e-4ea8-8321-f32ebbbaffd9.png&#038;q=75&#038;w=1920' alt=''> <\/div>\n<\/p><\/div>\n<p> <!-- Especificaciones --> <\/p>\n<div style='margin-bottom: 30px;'>\n<h3 style='font-size: 20px; border-bottom: 2px solid currentColor; padding-bottom: 5px; margin: 0 0 20px 0; color: inherit; opacity: 0.8;'>Especificaciones<\/h3>\n<p> <!-- Secci\u00f3n Mec\u00e1nico --> <\/p>\n<div style='margin-bottom: 20px;'>\n<h4 style='font-size: 16px; margin: 0 0 15px 0; color: inherit; opacity: 0.9;'>Mec\u00e1nico<\/h4>\n<div style='display: flex; flex-wrap: wrap; gap: 20px;'>\n<div style='flex: 1 1 45%; min-width: 280px;'>\n<ul style='padding-left: 20px; font-size: 14px; color: inherit; list-style: none;'>\n<li style='margin-bottom: 10px; display: flex; justify-content: space-between;'><strong style='font-weight: 600; min-width: 150px;'>Dimensiones:<\/strong><span>\u00d8109&comma;2 x 64&comma;5 mm (\u00d84&comma;3 x 2&comma;5&#8242;)<\/span><\/li>\n<li style='margin-bottom: 10px; display: flex; justify-content: space-between;'><strong style='font-weight: 600; min-width: 150px;'>Peso:<\/strong><span>Sin soporte: 370 g (13&comma;1 oz)<br \/>Con soporte: 390 g (13&comma;8 oz)<\/span><\/li>\n<li style='margin-bottom: 10px; display: flex; justify-content: space-between;'><strong style='font-weight: 600; min-width: 150px;'>Material de la carcasa:<\/strong><span>Aleaci\u00f3n de aluminio&comma; policarbonato&comma; c\u00fapula con revestimiento duro.<\/span><\/li>\n<li style='margin-bottom: 10px; display: flex; justify-content: space-between;'><strong style='font-weight: 600; min-width: 150px;'>Material de montaje:<\/strong><span>Policarbonato&comma; acero inoxidable.<\/span><\/li>\n<li style='margin-bottom: 10px; display: flex; justify-content: space-between;'><strong style='font-weight: 600; min-width: 150px;'>Impermeabilizaci\u00f3n:<\/strong><span>IPX4<\/span><\/li>\n<li style='margin-bottom: 10px; display: flex; justify-content: space-between;'><strong style='font-weight: 600; min-width: 150px;'>Resistencia:<\/strong><span>IK08<\/span><\/li>\n<\/ul><\/div>\n<\/p><\/div>\n<\/p><\/div>\n<p> <!-- Secci\u00f3n \u00d3ptica --> <\/p>\n<div style='margin-bottom: 20px;'>\n<h4 style='font-size: 16px; margin: 0 0 15px 0; color: inherit; opacity: 0.9;'>\u00d3ptica<\/h4>\n<div style='display: flex; flex-wrap: wrap; gap: 20px;'>\n<div style='flex: 1 1 45%; min-width: 280px;'>\n<ul style='padding-left: 20px; font-size: 14px; color: inherit; list-style: none;'>\n<li style='margin-bottom: 10px; display: flex; justify-content: space-between;'><strong style='font-weight: 600; min-width: 150px;'>Sensor:<\/strong><span>CMOS de 5 MP<\/span><\/li>\n<li style='margin-bottom: 10px; display: flex; justify-content: space-between;'><strong style='font-weight: 600; min-width: 150px;'>Lente:<\/strong><span>Distancia focal fija<\/span><\/li>\n<li style='margin-bottom: 10px; display: flex; justify-content: space-between;'><strong style='font-weight: 600; min-width: 150px;'>\u00c1ngulo de visi\u00f3n:<\/strong><span>Alto: 102&comma;4\u00b0&comma; Vertiente: 54&comma;9\u00b0&comma; Fondo: 120&comma;6\u00b0<\/span><\/li>\n<li style='margin-bottom: 10px; display: flex; justify-content: space-between;'><strong style='font-weight: 600; min-width: 150px;'>Modo nocturno:<\/strong><span>Iluminaci\u00f3n LED IR incorporada y filtro de corte IR<\/span><\/li>\n<\/ul><\/div>\n<\/p><\/div>\n<\/p><\/div>\n<p> <!-- Secci\u00f3n Video --> <\/p>\n<div style='margin-bottom: 20px;'>\n<h4 style='font-size: 16px; margin: 0 0 15px 0; color: inherit; opacity: 0.9;'>Video<\/h4>\n<div style='display: flex; flex-wrap: wrap; gap: 20px;'>\n<div style='flex: 1 1 45%; min-width: 280px;'>\n<ul style='padding-left: 20px; font-size: 14px; color: inherit; list-style: none;'>\n<li style='margin-bottom: 10px; display: flex; justify-content: space-between;'><strong style='font-weight: 600; min-width: 150px;'>Resoluci\u00f3n:<\/strong><span>4 MP 2688 x 1512 (16:9)<\/span><\/li>\n<li style='margin-bottom: 10px; display: flex; justify-content: space-between;'><strong style='font-weight: 600; min-width: 150px;'>Velocidad m\u00e1xima de cuadros:<\/strong><span>30 FPS<\/span><\/li>\n<li style='margin-bottom: 10px; display: flex; justify-content: space-between;'><strong style='font-weight: 600; min-width: 150px;'>Configuraci\u00f3n de imagen:<\/strong><span>Color&comma; brillo&comma; nitidez&comma; contraste&comma; balance de blancos&comma; control de exposici\u00f3n&comma; 2DNR&comma; 3DNR&comma; NR por movimiento&comma; enmascaramiento&comma; superposici\u00f3n de texto<\/span><\/li>\n<\/ul><\/div>\n<\/p><\/div>\n<\/p><\/div>\n<p> <!-- Secci\u00f3n Sistema --> <\/p>\n<div style='margin-bottom: 20px;'>\n<h4 style='font-size: 16px; margin: 0 0 15px 0; color: inherit; opacity: 0.9;'>Sistema<\/h4>\n<div style='display: flex; flex-wrap: wrap; gap: 20px;'>\n<div style='flex: 1 1 45%; min-width: 280px;'>\n<ul style='padding-left: 20px; font-size: 14px; color: inherit; list-style: none;'>\n<li style='margin-bottom: 10px; display: flex; justify-content: space-between;'><strong style='font-weight: 600; min-width: 150px;'>Procesador:<\/strong><span>Chip basado en Arm\u00ae Cortex\u00ae-A7 de doble n\u00facleo<\/span><\/li>\n<li style='margin-bottom: 10px; display: flex; justify-content: space-between;'><strong style='font-weight: 600; min-width: 150px;'>Interfaz de red:<\/strong><span>Puerto RJ45 10\/100 MbE<\/span><\/li>\n<li style='margin-bottom: 10px; display: flex; justify-content: space-between;'><strong style='font-weight: 600; min-width: 150px;'>Consumo m\u00e1ximo de energ\u00eda:<\/strong><span>5W<\/span><\/li>\n<li style='margin-bottom: 10px; display: flex; justify-content: space-between;'><strong style='font-weight: 600; min-width: 150px;'>M\u00e9todo de potencia:<\/strong><span>PoE<\/span><\/li>\n<li style='margin-bottom: 10px; display: flex; justify-content: space-between;'><strong style='font-weight: 600; min-width: 150px;'>Rango de voltaje admitido:<\/strong><span>37\u201357 V CC<\/span><\/li>\n<li style='margin-bottom: 10px; display: flex; justify-content: space-between;'><strong style='font-weight: 600; min-width: 150px;'>CONDUJO:<\/strong><span>Rojo&comma; verde&comma; blanco y negro<\/span><\/li>\n<li style='margin-bottom: 10px; display: flex; justify-content: space-between;'><strong style='font-weight: 600; min-width: 150px;'>Bot\u00f3n:<\/strong><span>Restablecimiento de f\u00e1brica<\/span><\/li>\n<li style='margin-bottom: 10px; display: flex; justify-content: space-between;'><strong style='font-weight: 600; min-width: 150px;'>Montaje:<\/strong><span>Montaje en pared o techo<\/span><\/li>\n<li style='margin-bottom: 10px; display: flex; justify-content: space-between;'><strong style='font-weight: 600; min-width: 150px;'>Temperatura ambiente de funcionamiento:<\/strong><span>-20 a 40\u00ba C (-4 a 104\u00ba F)<\/span><\/li>\n<li style='margin-bottom: 10px; display: flex; justify-content: space-between;'><strong style='font-weight: 600; min-width: 150px;'>Humedad ambiente de funcionamiento:<\/strong><span>0 a 90% sin condensaci\u00f3n<\/span><\/li>\n<li style='margin-bottom: 10px; display: flex; justify-content: space-between;'><strong style='font-weight: 600; min-width: 150px;'>Certificaciones:<\/strong><span>FCC&comma; IC&comma; CE<\/span><\/li>\n<\/ul><\/div>\n<\/p><\/div>\n<\/p><\/div>\n<p> <!-- Secci\u00f3n Audio --> <\/p>\n<div style='margin-bottom: 20px;'>\n<h4 style='font-size: 16px; margin: 0 0 15px 0; color: inherit; opacity: 0.9;'>Audio<\/h4>\n<div style='display: flex; flex-wrap: wrap; gap: 20px;'>\n<div style='flex: 1 1 45%; min-width: 280px;'>\n<ul style='padding-left: 20px; font-size: 14px; color: inherit; list-style: none;'>\n<li style='margin-bottom: 10px; display: flex; justify-content: space-between;'><strong style='font-weight: 600; min-width: 150px;'>Micr\u00f3fono:<\/strong><span>S\u00ed (se puede desactivar)<\/span><\/li>\n<li style='margin-bottom: 10px; display: flex; justify-content: space-between;'><strong style='font-weight: 600; min-width: 150px;'>Vocero:<\/strong><span>S\u00ed<\/span><\/li>\n<\/ul><\/div>\n<\/p><\/div>\n<\/p><\/div>\n<p> <!-- Secci\u00f3n Software --> <\/p>\n<div style='margin-bottom: 20px;'>\n<h4 style='font-size: 16px; margin: 0 0 15px 0; color: inherit; opacity: 0.9;'>Software<\/h4>\n<div style='display: flex; flex-wrap: wrap; gap: 20px;'>\n<div style='flex: 1 1 45%; min-width: 280px;'>\n<ul style='padding-left: 20px; font-size: 14px; color: inherit; list-style: none;'>\n<li style='margin-bottom: 10px; display: flex; justify-content: space-between;'><strong style='font-weight: 600; min-width: 150px;'>Aplicaci\u00f3n web:<\/strong><span>UniFi Protect: versi\u00f3n 2.2.7 o 2.7.28 y posteriores<\/span><\/li>\n<li style='margin-bottom: 10px; display: flex; justify-content: space-between;'><strong style='font-weight: 600; min-width: 150px;'>Aplicaci\u00f3n m\u00f3vil:<\/strong><span>UniFi Protect iOS\u2122 y Android\u2122: versi\u00f3n 1.10.0 y posteriores<\/span><\/li>\n<\/ul><\/div>\n<\/p><\/div>\n<\/p><\/div>\n<\/p><\/div>\n<p> <!-- Contenido del paquete --> <\/p>\n<div style='margin-bottom: 30px;'>\n<h3 style='font-size: 20px; border-bottom: 2px solid currentColor; padding-bottom: 5px; margin: 0 0 20px 0; color: inherit; opacity: 0.8;'>Contenido del paquete<\/h3>\n<div style='display: flex; justify-content: center;'> <img style='width: 100%; max-width: 600px; height: auto; border: 1px solid rgba(150&comma;150&comma;150&comma;0.3); border-radius: 8px;' src='https:\/\/images.svc.ui.com\/?u=https%3A%2F%2Fcdn.ecomm.ui.com%2Fproducts%2F1c20460a-b90b-4430-bbf1-8adf26ec2122%2F4bdd8857-186d-43ba-83a0-e9ae1c341f7f.png&#038;q=75&#038;w=3840' alt=''> <\/div>\n<\/p><\/div>\n<\/p><\/div>\n","protected":false},"excerpt":{"rendered":"<p>UniFi Protect C\u00e1mara G5 Dome  para interior\/exterior \/ 2K (4MPX), \u00e1ngulo 102.4\u00b0, visi\u00f3n nocturna IR hasta 9 mts \/ detecciones inteligentes \/ audio bidireccional \/ resistente a la intemperie IPx4 \/ antivand\u00e1lica IX08<\/p>\n","protected":false},"featured_media":97301,"comment_status":"open","ping_status":"closed","template":"","meta":[],"product_brand":[],"product_cat":[2056],"product_tag":[122,2057,166],"class_list":{"0":"post-97302","1":"product","2":"type-product","3":"status-publish","4":"has-post-thumbnail","6":"product_cat-domo-eyeball-turret","7":"product_tag-camaras-ip-y-nvrs","8":"product_tag-domo-eyeball-turret","9":"product_tag-ubiquiti","11":"first","12":"instock","13":"sale","14":"shipping-taxable","15":"purchasable","16":"product-type-simple"},"_links":{"self":[{"href":"https:\/\/soydeaqui.ddns.net\/pachuca\/index.php\/wp-json\/wp\/v2\/product\/97302","targetHints":{"allow":["GET"]}}],"collection":[{"href":"https:\/\/soydeaqui.ddns.net\/pachuca\/index.php\/wp-json\/wp\/v2\/product"}],"about":[{"href":"https:\/\/soydeaqui.ddns.net\/pachuca\/index.php\/wp-json\/wp\/v2\/types\/product"}],"replies":[{"embeddable":true,"href":"https:\/\/soydeaqui.ddns.net\/pachuca\/index.php\/wp-json\/wp\/v2\/comments?post=97302"}],"wp:featuredmedia":[{"embeddable":true,"href":"https:\/\/soydeaqui.ddns.net\/pachuca\/index.php\/wp-json\/wp\/v2\/media\/97301"}],"wp:attachment":[{"href":"https:\/\/soydeaqui.ddns.net\/pachuca\/index.php\/wp-json\/wp\/v2\/media?parent=97302"}],"wp:term":[{"taxonomy":"product_brand","embeddable":true,"href":"https:\/\/soydeaqui.ddns.net\/pachuca\/index.php\/wp-json\/wp\/v2\/product_brand?post=97302"},{"taxonomy":"product_cat","embeddable":true,"href":"https:\/\/soydeaqui.ddns.net\/pachuca\/index.php\/wp-json\/wp\/v2\/product_cat?post=97302"},{"taxonomy":"product_tag","embeddable":true,"href":"https:\/\/soydeaqui.ddns.net\/pachuca\/index.php\/wp-json\/wp\/v2\/product_tag?post=97302"}],"curies":[{"name":"wp","href":"https:\/\/api.w.org\/{rel}","templated":true}]}}