{"id":97297,"date":"2026-03-20T08:50:19","date_gmt":"2026-03-20T08:50:19","guid":{"rendered":"https:\/\/soydeaqui.ddns.net\/pachuca\/index.php\/producto\/camara-ip-unifi-g5-bullet-2k-4mpx-30-fps-para-interior-exterior-ip55-resistencia-ik04-microfono-vision-nocturna-ir-hasta-9-mts-detecciones-inteligentes\/"},"modified":"2026-03-20T08:50:28","modified_gmt":"2026-03-20T08:50:28","slug":"camara-ip-unifi-g5-bullet-2k-4mpx-30-fps-para-interior-exterior-ip55-resistencia-ik04-microfono-vision-nocturna-ir-hasta-9-mts-detecciones-inteligentes","status":"publish","type":"product","link":"https:\/\/soydeaqui.ddns.net\/pachuca\/index.php\/producto\/camara-ip-unifi-g5-bullet-2k-4mpx-30-fps-para-interior-exterior-ip55-resistencia-ik04-microfono-vision-nocturna-ir-hasta-9-mts-detecciones-inteligentes\/","title":{"rendered":"C\u00e1mara IP UniFi G5 Bullet 2k (4MPX), 30 FPS, para interior\/exterior IP55 resistencia IK04 \/ micr\u00f3fono \/ visi\u00f3n nocturna IR hasta 9 mts \/ detecciones inteligentes"},"content":{"rendered":"<div style='width: 100%; max-width: 1200px; margin: 0 auto; font-family: sans-serif; line-height: 1.6; color: inherit; background-color: transparent;'>\n<div style='display: flex; flex-direction: column; align-items: center; gap: 30px; margin-bottom: 30px;'> <img style='width: 100%; max-width: 400px; height: auto; border: 1px solid rgba(150&comma;150&comma;150&comma;0.3); border-radius: 8px;' src='https:\/\/images.svc.ui.com\/?u=https%3A%2F%2Fcdn.ecomm.ui.com%2Fproducts%2F48ca8dea-109e-4d35-af46-b7ad03764207%2F0cd9d5ff-af60-45bd-a01f-b0fb050e76bb.png&#038;q=75&#038;w=3840' alt='C\u00e1mara UniFi Bullet G5'> <\/p>\n<h2 style='font-size: 24px; margin: 0; color: inherit;'>C\u00e1mara UniFi Bullet G5<\/h2>\n<div style='font-size: 14px; color: rgba(255&comma;255&comma;255&comma;0.6);'>UVC-G5-BULLET<\/div>\n<\/p><\/div>\n<div style='margin-bottom: 30px;'>\n<p style='font-size: 15px; color: inherit;'>C\u00e1mara PoE 2K HD de pr\u00f3xima generaci\u00f3n para interiores y exteriores.<\/p>\n<\/p><\/div>\n<div style='display: flex; flex-direction: column; gap: 15px; margin-bottom: 30px;'>\n<div style='display: flex; align-items: center; gap: 10px;'> <img style='width: 20px; height: 20px; flex-shrink: 0;' src='https:\/\/assets.ecomm.ui.com\/static\/key-features\/lens.svg' alt='Resoluci\u00f3n'> <span style='color: inherit;'>Resoluci\u00f3n de video 2K (4MP)<\/span> <\/div>\n<div style='display: flex; align-items: center; gap: 10px;'> <img style='width: 20px; height: 20px; flex-shrink: 0;' src='https:\/\/assets.ecomm.ui.com\/static\/key-features\/axes.svg' alt='Montaje'> <span style='color: inherit;'>Montaje flexible con ajuste de 3 ejes<\/span> <\/div>\n<div style='display: flex; align-items: center; gap: 10px;'> <img style='width: 20px; height: 20px; flex-shrink: 0;' src='https:\/\/assets.ecomm.ui.com\/static\/key-features\/night.svg' alt='Visi\u00f3n nocturna'> <span style='color: inherit;'>Visi\u00f3n nocturna por infrarrojos de 9 m (30 pies)<\/span> <\/div>\n<div style='display: flex; align-items: center; gap: 10px;'> <img style='width: 20px; height: 20px; flex-shrink: 0;' src='https:\/\/assets.ecomm.ui.com\/static\/key-features\/range.svg' alt='Detecci\u00f3n'> <span style='color: inherit;'>Detecci\u00f3n de eventos con IA<\/span> <\/div>\n<div style='display: flex; align-items: center; gap: 10px;'> <img style='width: 20px; height: 20px; flex-shrink: 0;' src='https:\/\/assets.ecomm.ui.com\/static\/key-features\/microphone.svg' alt='Micr\u00f3fono'> <span style='color: inherit;'>Grabe audio con un micr\u00f3fono integrado<\/span> <\/div>\n<div style='display: flex; align-items: center; gap: 10px;'> <img style='width: 20px; height: 20px; flex-shrink: 0;' src='https:\/\/assets.ecomm.ui.com\/static\/key-features\/poe.svg' alt='PoE'> <span style='color: inherit;'>Conectar y alimentar mediante PoE 802.3af (NO incluido&comma; recomendado U-POE-AT o SW POE)<\/span> <\/div>\n<div style='display: flex; align-items: center; gap: 10px;'> <img style='width: 20px; height: 20px; flex-shrink: 0;' src='https:\/\/assets.ecomm.ui.com\/static\/key-features\/waterdrop.svg' alt='Resistencia'> <span style='color: inherit;'>Resistente a la intemperie (expuesto al exterior)<\/span> <\/div>\n<\/p><\/div>\n<div style='margin-bottom: 30px;'>\n<p style='font-size: 14px; color: inherit;'>Nota: Las c\u00e1maras UniFi funcionan con la aplicaci\u00f3n UniFi Protect almacenada en una Consola UniFi&comma; necesaria para grabar&comma; administrar y monitorear.<\/p>\n<\/p><\/div>\n<div style='display: flex; flex-direction: column; gap: 30px; margin-bottom: 30px;'> <img style='width: 100%; height: auto; border: 1px solid rgba(150&comma;150&comma;150&comma;0.3); border-radius: 8px;' src='https:\/\/images.svc.ui.com\/?u=https%3A%2F%2Fcdn.ecomm.ui.com%2Fproducts%2F48ca8dea-109e-4d35-af46-b7ad03764207%2F6a99ac6d-f976-4547-9940-4def591a06ac.png&#038;q=75&#038;w=2048' alt=''> <\/p>\n<div style='display: flex; flex-wrap: wrap; gap: 30px;'> <img style='flex: 1 1 48%; min-width: 280px; height: auto; border: 1px solid rgba(150&comma;150&comma;150&comma;0.3); border-radius: 8px;' src='https:\/\/images.svc.ui.com\/?u=https%3A%2F%2Fcdn.ecomm.ui.com%2Fproducts%2F48ca8dea-109e-4d35-af46-b7ad03764207%2F6413e1e7-1910-41d7-9115-40ca5a70ccd9.png&#038;q=75&#038;w=1920' alt=''> <img style='flex: 1 1 48%; min-width: 280px; height: auto; border: 1px solid rgba(150&comma;150&comma;150&comma;0.3); border-radius: 8px;' src='https:\/\/images.svc.ui.com\/?u=https%3A%2F%2Fcdn.ecomm.ui.com%2Fproducts%2F48ca8dea-109e-4d35-af46-b7ad03764207%2F0b363803-b8b6-4ba6-8d7b-d7b3457a79d9.png&#038;q=75&#038;w=1920' alt=''> <\/div>\n<\/p><\/div>\n<div style='display: flex; flex-direction: column; gap: 30px; margin-bottom: 30px;'>\n<div>\n<h3 style='font-size: 20px; border-bottom: 2px solid currentColor; padding-bottom: 5px; margin: 0 0 15px 0; color: inherit; opacity: 0.8;'>Mec\u00e1nico<\/h3>\n<div style='display: flex; flex-direction: column; gap: 15px;'>\n<div style='display: flex; flex-wrap: wrap; justify-content: space-between; border-top: 1px solid rgba(150&comma;150&comma;150&comma;0.2); padding: 10px 0;'>\n<div style='font-weight: 500; min-width: 250px; flex: 1 1 250px; color: inherit;'>Dimensiones<\/div>\n<div style='flex: 2 1 400px; color: inherit;'>\n<div>Sin soporte: \u00d875&comma;5 x 74&comma;4 mm (\u00d83 x 2&comma;9&#8242;)<\/div>\n<div>Con soporte: \u00d875&comma;5 x 150 mm (\u00d83 x 5&comma;9&#8242;)<\/div>\n<\/p><\/div>\n<\/p><\/div>\n<div style='display: flex; flex-wrap: wrap; justify-content: space-between; border-top: 1px solid rgba(150&comma;150&comma;150&comma;0.2); padding: 10px 0;'>\n<div style='font-weight: 500; min-width: 250px; flex: 1 1 250px; color: inherit;'>Peso<\/div>\n<div style='flex: 2 1 400px; color: inherit;'>\n<div>Sin soporte: 225 g (8 oz)<\/div>\n<div>Con soporte: 315 g (11&comma;1 oz)<\/div>\n<\/p><\/div>\n<\/p><\/div>\n<div style='display: flex; flex-wrap: wrap; justify-content: space-between; border-top: 1px solid rgba(150&comma;150&comma;150&comma;0.2); padding: 10px 0;'>\n<div style='font-weight: 500; min-width: 250px; flex: 1 1 250px; color: inherit;'>Material de la carcasa<\/div>\n<div style='flex: 2 1 400px; color: inherit;'>Policarbonato&comma; aleaci\u00f3n de aluminio.<\/div>\n<\/p><\/div>\n<div style='display: flex; flex-wrap: wrap; justify-content: space-between; border-top: 1px solid rgba(150&comma;150&comma;150&comma;0.2); padding: 10px 0;'>\n<div style='font-weight: 500; min-width: 250px; flex: 1 1 250px; color: inherit;'>Material de montaje<\/div>\n<div style='flex: 2 1 400px; color: inherit;'>\n<div>Soporte de pared: aleaci\u00f3n de aluminio&comma; policarbonato<\/div>\n<div>Soporte de poste: aleaci\u00f3n de aluminio<\/div>\n<\/p><\/div>\n<\/p><\/div>\n<div style='display: flex; flex-wrap: wrap; justify-content: space-between; border-top: 1px solid rgba(150&comma;150&comma;150&comma;0.2); padding: 10px 0;'>\n<div style='font-weight: 500; min-width: 250px; flex: 1 1 250px; color: inherit;'>Impermeabilizaci\u00f3n<\/div>\n<div style='flex: 2 1 400px; color: inherit;'>IP55<\/div>\n<\/p><\/div>\n<div style='display: flex; flex-wrap: wrap; justify-content: space-between; border-top: 1px solid rgba(150&comma;150&comma;150&comma;0.2); padding: 10px 0;'>\n<div style='font-weight: 500; min-width: 250px; flex: 1 1 250px; color: inherit;'>Resistencia<\/div>\n<div style='flex: 2 1 400px; color: inherit;'>IK04<\/div>\n<\/p><\/div>\n<\/p><\/div>\n<\/p><\/div>\n<div>\n<h3 style='font-size: 20px; border-bottom: 2px solid currentColor; padding-bottom: 5px; margin: 0 0 15px 0; color: inherit; opacity: 0.8;'>\u00d3ptica<\/h3>\n<div style='display: flex; flex-direction: column; gap: 15px;'>\n<div style='display: flex; flex-wrap: wrap; justify-content: space-between; border-top: 1px solid rgba(150&comma;150&comma;150&comma;0.2); padding: 10px 0;'>\n<div style='font-weight: 500; min-width: 250px; flex: 1 1 250px; color: inherit;'>Sensor<\/div>\n<div style='flex: 2 1 400px; color: inherit;'>CMOS de 5 MP<\/div>\n<\/p><\/div>\n<div style='display: flex; flex-wrap: wrap; justify-content: space-between; border-top: 1px solid rgba(150&comma;150&comma;150&comma;0.2); padding: 10px 0;'>\n<div style='font-weight: 500; min-width: 250px; flex: 1 1 250px; color: inherit;'>Lente<\/div>\n<div style='flex: 2 1 400px; color: inherit;'>Distancia focal fija<\/div>\n<\/p><\/div>\n<div style='display: flex; flex-wrap: wrap; justify-content: space-between; border-top: 1px solid rgba(150&comma;150&comma;150&comma;0.2); padding: 10px 0;'>\n<div style='font-weight: 500; min-width: 250px; flex: 1 1 250px; color: inherit;'>\u00c1ngulo de visi\u00f3n<\/div>\n<div style='flex: 2 1 400px; color: inherit;'>Alto: 84&comma;4\u00b0&comma; Vert: 45&comma;4\u00b0&comma; Fondo: 99&comma;8\u00b0<\/div>\n<\/p><\/div>\n<div style='display: flex; flex-wrap: wrap; justify-content: space-between; border-top: 1px solid rgba(150&comma;150&comma;150&comma;0.2); padding: 10px 0;'>\n<div style='font-weight: 500; min-width: 250px; flex: 1 1 250px; color: inherit;'>Modo nocturno<\/div>\n<div style='flex: 2 1 400px; color: inherit;'>Iluminaci\u00f3n LED IR incorporada y filtro de corte IR<\/div>\n<\/p><\/div>\n<\/p><\/div>\n<\/p><\/div>\n<div>\n<h3 style='font-size: 20px; border-bottom: 2px solid currentColor; padding-bottom: 5px; margin: 0 0 15px 0; color: inherit; opacity: 0.8;'>Video<\/h3>\n<div style='display: flex; flex-direction: column; gap: 15px;'>\n<div style='display: flex; flex-wrap: wrap; justify-content: space-between; border-top: 1px solid rgba(150&comma;150&comma;150&comma;0.2); padding: 10px 0;'>\n<div style='font-weight: 500; min-width: 250px; flex: 1 1 250px; color: inherit;'>Resoluci\u00f3n<\/div>\n<div style='flex: 2 1 400px; color: inherit;'>4 MP 2688 x 1512 (16:9)<\/div>\n<\/p><\/div>\n<div style='display: flex; flex-wrap: wrap; justify-content: space-between; border-top: 1px solid rgba(150&comma;150&comma;150&comma;0.2); padding: 10px 0;'>\n<div style='font-weight: 500; min-width: 250px; flex: 1 1 250px; color: inherit;'>Velocidad m\u00e1xima de cuadros<\/div>\n<div style='flex: 2 1 400px; color: inherit;'>30 FPS<\/div>\n<\/p><\/div>\n<div style='display: flex; flex-wrap: wrap; justify-content: space-between; border-top: 1px solid rgba(150&comma;150&comma;150&comma;0.2); padding: 10px 0;'>\n<div style='font-weight: 500; min-width: 250px; flex: 1 1 250px; color: inherit;'>Configuraci\u00f3n de imagen<\/div>\n<div style='flex: 2 1 400px; color: inherit;'>Color&comma; brillo&comma; nitidez&comma; contraste&comma; balance de blancos&comma; control de exposici\u00f3n&comma; 2DNR&comma; 3DNR&comma; NR por movimiento&comma; enmascaramiento&comma; superposici\u00f3n de texto<\/div>\n<\/p><\/div>\n<\/p><\/div>\n<\/p><\/div>\n<div>\n<h3 style='font-size: 20px; border-bottom: 2px solid currentColor; padding-bottom: 5px; margin: 0 0 15px 0; color: inherit; opacity: 0.8;'>Sistema<\/h3>\n<div style='display: flex; flex-direction: column; gap: 15px;'>\n<div style='display: flex; flex-wrap: wrap; justify-content: space-between; border-top: 1px solid rgba(150&comma;150&comma;150&comma;0.2); padding: 10px 0;'>\n<div style='font-weight: 500; min-width: 250px; flex: 1 1 250px; color: inherit;'>Procesador<\/div>\n<div style='flex: 2 1 400px; color: inherit;'>Chip basado en Arm\u00ae Cortex\u00ae-A7 de doble n\u00facleo<\/div>\n<\/p><\/div>\n<div style='display: flex; flex-wrap: wrap; justify-content: space-between; border-top: 1px solid rgba(150&comma;150&comma;150&comma;0.2); padding: 10px 0;'>\n<div style='font-weight: 500; min-width: 250px; flex: 1 1 250px; color: inherit;'>Interfaz de red<\/div>\n<div style='flex: 2 1 400px; color: inherit;'>Puerto RJ45 10\/100 MbE<\/div>\n<\/p><\/div>\n<div style='display: flex; flex-wrap: wrap; justify-content: space-between; border-top: 1px solid rgba(150&comma;150&comma;150&comma;0.2); padding: 10px 0;'>\n<div style='font-weight: 500; min-width: 250px; flex: 1 1 250px; color: inherit;'>Consumo m\u00e1ximo de energ\u00eda<\/div>\n<div style='flex: 2 1 400px; color: inherit;'>4W<\/div>\n<\/p><\/div>\n<div style='display: flex; flex-wrap: wrap; justify-content: space-between; border-top: 1px solid rgba(150&comma;150&comma;150&comma;0.2); padding: 10px 0;'>\n<div style='font-weight: 500; min-width: 250px; flex: 1 1 250px; color: inherit;'>M\u00e9todo de alimentaci\u00f3n<\/div>\n<div style='flex: 2 1 400px; color: inherit;'>PoE<\/div>\n<\/p><\/div>\n<div style='display: flex; flex-wrap: wrap; justify-content: space-between; border-top: 1px solid rgba(150&comma;150&comma;150&comma;0.2); padding: 10px 0;'>\n<div style='font-weight: 500; min-width: 250px; flex: 1 1 250px; color: inherit;'>Rango de voltaje admitido<\/div>\n<div style='flex: 2 1 400px; color: inherit;'>37\u201457 V CC<\/div>\n<\/p><\/div>\n<div style='display: flex; flex-wrap: wrap; justify-content: space-between; border-top: 1px solid rgba(150&comma;150&comma;150&comma;0.2); padding: 10px 0;'>\n<div style='font-weight: 500; min-width: 250px; flex: 1 1 250px; color: inherit;'>Bot\u00f3n<\/div>\n<div style='flex: 2 1 400px; color: inherit;'>Restablecimiento de f\u00e1brica<\/div>\n<\/p><\/div>\n<div style='display: flex; flex-wrap: wrap; justify-content: space-between; border-top: 1px solid rgba(150&comma;150&comma;150&comma;0.2); padding: 10px 0;'>\n<div style='font-weight: 500; min-width: 250px; flex: 1 1 250px; color: inherit;'>Montaje<\/div>\n<div style='flex: 2 1 400px; color: inherit;'>Montaje en pared o poste<\/div>\n<\/p><\/div>\n<div style='display: flex; flex-wrap: wrap; justify-content: space-between; border-top: 1px solid rgba(150&comma;150&comma;150&comma;0.2); padding: 10px 0;'>\n<div style='font-weight: 500; min-width: 250px; flex: 1 1 250px; color: inherit;'>Temperatura ambiente de funcionamiento<\/div>\n<div style='flex: 2 1 400px; color: inherit;'>-20 a 40\u00ba C (-4 a 104\u00ba F)<\/div>\n<\/p><\/div>\n<div style='display: flex; flex-wrap: wrap; justify-content: space-between; border-top: 1px solid rgba(150&comma;150&comma;150&comma;0.2); padding: 10px 0;'>\n<div style='font-weight: 500; min-width: 250px; flex: 1 1 250px; color: inherit;'>Humedad ambiente de funcionamiento<\/div>\n<div style='flex: 2 1 400px; color: inherit;'>0 a 90% sin condensaci\u00f3n<\/div>\n<\/p><\/div>\n<div style='display: flex; flex-wrap: wrap; justify-content: space-between; border-top: 1px solid rgba(150&comma;150&comma;150&comma;0.2); padding: 10px 0;'>\n<div style='font-weight: 500; min-width: 250px; flex: 1 1 250px; color: inherit;'>Certificaciones<\/div>\n<div style='flex: 2 1 400px; color: inherit;'>FCC&comma; IC&comma; CE<\/div>\n<\/p><\/div>\n<\/p><\/div>\n<\/p><\/div>\n<div>\n<h3 style='font-size: 20px; border-bottom: 2px solid currentColor; padding-bottom: 5px; margin: 0 0 15px 0; color: inherit; opacity: 0.8;'>Audio<\/h3>\n<div style='display: flex; flex-direction: column; gap: 15px;'>\n<div style='display: flex; flex-wrap: wrap; justify-content: space-between; border-top: 1px solid rgba(150&comma;150&comma;150&comma;0.2); padding: 10px 0;'>\n<div style='font-weight: 500; min-width: 250px; flex: 1 1 250px; color: inherit;'>Micr\u00f3fono<\/div>\n<div style='flex: 2 1 400px; color: inherit;'>S\u00ed (se puede desactivar)<\/div>\n<\/p><\/div>\n<\/p><\/div>\n<\/p><\/div>\n<div>\n<h3 style='font-size: 20px; border-bottom: 2px solid currentColor; padding-bottom: 5px; margin: 0 0 15px 0; color: inherit; opacity: 0.8;'>Software<\/h3>\n<div style='display: flex; flex-direction: column; gap: 15px;'>\n<div style='display: flex; flex-wrap: wrap; justify-content: space-between; border-top: 1px solid rgba(150&comma;150&comma;150&comma;0.2); padding: 10px 0;'>\n<div style='font-weight: 500; min-width: 250px; flex: 1 1 250px; color: inherit;'>Aplicaci\u00f3n web<\/div>\n<div style='flex: 2 1 400px; color: inherit;'>UniFi Protect: versi\u00f3n 2.2.7 o 2.7.28 y posteriores<\/div>\n<\/p><\/div>\n<div style='display: flex; flex-wrap: wrap; justify-content: space-between; border-top: 1px solid rgba(150&comma;150&comma;150&comma;0.2); padding: 10px 0;'>\n<div style='font-weight: 500; min-width: 250px; flex: 1 1 250px; color: inherit;'>Aplicaci\u00f3n m\u00f3vil<\/div>\n<div style='flex: 2 1 400px; color: inherit;'>UniFi Protect iOS\u2122 y Android\u2122: versi\u00f3n 1.10.0 y posteriores<\/div>\n<\/p><\/div>\n<\/p><\/div>\n<\/p><\/div>\n<div>\n<h3 style='font-size: 20px; border-bottom: 2px solid currentColor; padding-bottom: 5px; margin: 0 0 15px 0; color: inherit; opacity: 0.8;'>Contenido del paquete:<\/h3>\n<p> <img style='width: 100%; max-width: 600px; height: auto; border: 1px solid rgba(150&comma;150&comma;150&comma;0.3); border-radius: 8px;' src='https:\/\/images.svc.ui.com\/?u=https%3A%2F%2Fcdn.ecomm.ui.com%2Fproducts%2F48ca8dea-109e-4d35-af46-b7ad03764207%2F6fe17acd-ac65-4c67-ae26-9e160c8758c5.png&#038;q=75&#038;w=1920' alt='Contenido del paquete'> <\/div>\n<\/p><\/div>\n<\/p><\/div>\n","protected":false},"excerpt":{"rendered":"<p>C\u00e1mara IP UniFi G5 Bullet 2k (4MPX), 30 FPS, para interior\/exterior IP55 resistencia IK04 \/ micr\u00f3fono \/ visi\u00f3n nocturna IR hasta 9 mts \/ detecciones inteligentes<\/p>\n","protected":false},"featured_media":97296,"comment_status":"open","ping_status":"closed","template":"","meta":[],"product_brand":[],"product_cat":[438],"product_tag":[439,122,166],"class_list":{"0":"post-97297","1":"product","2":"type-product","3":"status-publish","4":"has-post-thumbnail","6":"product_cat-bala","7":"product_tag-bala","8":"product_tag-camaras-ip-y-nvrs","9":"product_tag-ubiquiti","11":"first","12":"instock","13":"sale","14":"shipping-taxable","15":"purchasable","16":"product-type-simple"},"_links":{"self":[{"href":"https:\/\/soydeaqui.ddns.net\/pachuca\/index.php\/wp-json\/wp\/v2\/product\/97297","targetHints":{"allow":["GET"]}}],"collection":[{"href":"https:\/\/soydeaqui.ddns.net\/pachuca\/index.php\/wp-json\/wp\/v2\/product"}],"about":[{"href":"https:\/\/soydeaqui.ddns.net\/pachuca\/index.php\/wp-json\/wp\/v2\/types\/product"}],"replies":[{"embeddable":true,"href":"https:\/\/soydeaqui.ddns.net\/pachuca\/index.php\/wp-json\/wp\/v2\/comments?post=97297"}],"wp:featuredmedia":[{"embeddable":true,"href":"https:\/\/soydeaqui.ddns.net\/pachuca\/index.php\/wp-json\/wp\/v2\/media\/97296"}],"wp:attachment":[{"href":"https:\/\/soydeaqui.ddns.net\/pachuca\/index.php\/wp-json\/wp\/v2\/media?parent=97297"}],"wp:term":[{"taxonomy":"product_brand","embeddable":true,"href":"https:\/\/soydeaqui.ddns.net\/pachuca\/index.php\/wp-json\/wp\/v2\/product_brand?post=97297"},{"taxonomy":"product_cat","embeddable":true,"href":"https:\/\/soydeaqui.ddns.net\/pachuca\/index.php\/wp-json\/wp\/v2\/product_cat?post=97297"},{"taxonomy":"product_tag","embeddable":true,"href":"https:\/\/soydeaqui.ddns.net\/pachuca\/index.php\/wp-json\/wp\/v2\/product_tag?post=97297"}],"curies":[{"name":"wp","href":"https:\/\/api.w.org\/{rel}","templated":true}]}}