{"id":97275,"date":"2026-03-20T08:49:18","date_gmt":"2026-03-20T08:49:18","guid":{"rendered":"https:\/\/soydeaqui.ddns.net\/pachuca\/index.php\/producto\/bala-ip-4-megapixel-lente-mot-2-8-12-mm-60-mts-ir-exir-2-analiticos-simultaneos-deepinview-ssd-integrado-1-tb-ip67-ik10-h-265-wdr-150-db-captura-facial-busqueda-por-atributos\/"},"modified":"2026-03-20T08:49:19","modified_gmt":"2026-03-20T08:49:19","slug":"bala-ip-4-megapixel-lente-mot-2-8-12-mm-60-mts-ir-exir-2-analiticos-simultaneos-deepinview-ssd-integrado-1-tb-ip67-ik10-h-265-wdr-150-db-captura-facial-busqueda-por-atributos","status":"publish","type":"product","link":"https:\/\/soydeaqui.ddns.net\/pachuca\/index.php\/producto\/bala-ip-4-megapixel-lente-mot-2-8-12-mm-60-mts-ir-exir-2-analiticos-simultaneos-deepinview-ssd-integrado-1-tb-ip67-ik10-h-265-wdr-150-db-captura-facial-busqueda-por-atributos\/","title":{"rendered":"Bala IP 4 Megapixel \/ Lente Mot. 2.8 &#8211; 12 mm \/ 60 mts IR EXIR \/ 2 Analiticos Simultaneos \/ DeepinView \/ SSD Integrado 1 TB \/ IP67 \/ IK10 \/ H.265+ \/ WDR 150 dB \/ Captura Facial \/ B\u00fasqueda por Atributos \/ Micro SD"},"content":{"rendered":"<div style='width: 100%; max-width: 1200px; margin: 0 auto; font-family: sans-serif; line-height: 1.6; color: inherit; background-color: transparent;'>\n<div style='text-align: center; margin: 20px 0;'> <img style='width: 45%; height: auto; border: 1px solid rgba(150&comma;150&comma;150&comma;0.3); border-radius: 8px;' src='https:\/\/ftp3.syscom.mx\/usuarios\/jsosa\/HIKVISION\/imagenes\/logo\/hikvision%20see%20far.png' alt='Logo Hikvision'> <\/div>\n<div style='display: flex; flex-wrap: wrap; gap: 30px; margin-bottom: 30px;'>\n<div style='flex: 1 1 300px; min-width: 280px;'>\n<h3 style='font-size: 22px; border-bottom: 2px solid currentColor; padding-bottom: 5px; margin-top: 0; color: inherit; opacity: 0.8;'>Caracter\u00edsticas Principales<\/h3>\n<ul style='padding-left: 20px; font-size: 15px; color: inherit;'>\n<li style='margin-bottom: 5px;'><strong>Compresi\u00f3n de video:<\/strong> H.265+\/H.265\/H.264+\/H.264<\/li>\n<li style='margin-bottom: 5px;'><strong>Lente Motorizado:<\/strong> 2.8 a 12 mm (106\u00b0 a 41.8\u00b0)<\/li>\n<li style='margin-bottom: 5px;'><strong>Velocidad del shutter:<\/strong> 1 s a 100.000 s&comma; soporta Slow Shutter<\/li>\n<li style='margin-bottom: 5px;'><strong>Iluminaci\u00f3n m\u00ednima DARKFIGHTER:<\/strong> 0.0005 Lux @(F1.2&comma; AGC ON)<\/li>\n<li style='margin-bottom: 5px;'><strong>Resoluci\u00f3n m\u00e1xima:<\/strong> 60Hz: 60fps (2688 \u00d7 1520)<\/li>\n<li style='margin-bottom: 5px;'><strong>Funciones:<\/strong> WDR real 150 dB \/ BLC \/ HLC \/ 3D DNR \/ Defog \/ EIS<\/li>\n<li style='margin-bottom: 5px;'><strong>Protocolos:<\/strong> ONVIF (PROFILE S&comma; PROFILE G&comma; PROFILE T) \/ ISAPI \/ SDK \/ ISUP<\/li>\n<\/ul><\/div>\n<div style='flex: 1 1 300px; min-width: 280px;'>\n<h3 style='font-size: 22px; border-bottom: 2px solid currentColor; padding-bottom: 5px; margin-top: 0; color: inherit; opacity: 0.8;'>Entradas y Salidas \/ Alarmas \/ Red \/ Almacenamiento<\/h3>\n<ul style='padding-left: 20px; font-size: 15px; color: inherit;'>\n<li style='margin-bottom: 5px;'><strong>Entradas de alarma:<\/strong> 2 (24 VDC\/24 VAC&comma; 1 A max)<\/li>\n<li style='margin-bottom: 5px;'><strong>Salidas de alarma:<\/strong> 2 (24 VDC\/24 VAC&comma; 1 A max)<\/li>\n<li style='margin-bottom: 5px;'><strong>Entrada de audio:<\/strong> 1 l\u00ednea (3.5 mm&comma; 3.3 Vpp&comma; impedancia 4.7 K\u03a9)<\/li>\n<li style='margin-bottom: 5px;'><strong>Salida de audio:<\/strong> 1 l\u00ednea (3.5 mm&comma; 3.3 Vpp&comma; impedancia 100 \u03a9)<\/li>\n<li style='margin-bottom: 5px;'><strong>Formatos de audio:<\/strong> G.711\/G.722.1\/G.726\/MP2L2\/PCM\/MP3\/AAC-LC<\/li>\n<li style='margin-bottom: 5px;'><strong>Puerto de red:<\/strong> 1 RJ45 10\/100\/1000 Mbps<\/li>\n<li style='margin-bottom: 5px;'><strong>Protocolos de red:<\/strong> TCP\/IP&comma; HTTP&comma; HTTPS&comma; FTP&comma; ONVIF<\/li>\n<li style='margin-bottom: 5px;'><strong>Visualizaci\u00f3n simult\u00e1nea:<\/strong> Hasta 20 canales<\/li>\n<li style='margin-bottom: 5px;'><strong>Almacenamiento:<\/strong> MicroSD\/microSDHC\/microSDXC (hasta 1 TB)<\/li>\n<li style='margin-bottom: 5px;'><strong>Soporte NAS:<\/strong> NFS&comma; SMB\/CIFS con Auto Network Replenishment (ANR)<\/li>\n<\/ul><\/div>\n<div style='flex: 1 1 300px; min-width: 280px;'>\n<h3 style='font-size: 22px; border-bottom: 2px solid currentColor; padding-bottom: 5px; margin-top: 0; color: inherit; opacity: 0.8;'>Caracter\u00edsticas F\u00edsicas y El\u00e9ctricas<\/h3>\n<ul style='padding-left: 20px; font-size: 15px; color: inherit;'>\n<li style='margin-bottom: 5px;'><strong>Dimensiones:<\/strong> \u00d8144.1 mm \u00d7 374.7 mm<\/li>\n<li style='margin-bottom: 5px;'><strong>Consumo:<\/strong> 12 VDC \u00b1 20%&comma; max. 22.56 W<\/li>\n<li style='margin-bottom: 5px;'><strong>Protecci\u00f3n:<\/strong> IP67 \/ IK10<\/li>\n<li style='margin-bottom: 5px;'><strong>Peso:<\/strong> 2170 g<\/li>\n<\/ul><\/div>\n<div style='flex: 1 1 300px; min-width: 280px;'>\n<h3 style='font-size: 22px; border-bottom: 2px solid currentColor; padding-bottom: 5px; margin-top: 0; color: inherit; opacity: 0.8;'>Accesorios Compatibles<\/h3>\n<ul style='padding-left: 20px; font-size: 15px; color: inherit;'>\n<li style='margin-bottom: 5px;'><strong>Consulte:<\/strong> <a href='https:\/\/ftp3.syscom.mx\/usuarios\/alexh\/Hikvision\/Specsheet\/iDS-2CD7A46G2-IZHS%28Y%29%281T%29%28_5G%29_Datasheet_20240801.pdf?_gl=1*c66hys*_gcl_au*NTA4MzI1MjQ1LjE3NTMxMjEwMDI.' target='_blank' rel='noopener' style='color: inherit; text-decoration: underline;'>Ficha t\u00e9cnica para validar accesorios compatibles<\/a><\/li>\n<\/ul><\/div>\n<\/p><\/div>\n<div style='display: flex; flex-wrap: wrap; gap: 30px; margin-bottom: 30px;'>\n<div style='flex: 1 1 300px; min-width: 280px;'>\n<h3 style='font-size: 22px; border-bottom: 2px solid currentColor; padding-bottom: 5px; margin-top: 0; color: inherit; opacity: 0.8;'>Reconocimiento Facial<\/h3>\n<ul style='padding-left: 20px; font-size: 15px; color: inherit;'>\n<li style='margin-bottom: 5px;'>Con algoritmos integrados basados en aprendizaje profundo&comma; la c\u00e1mara puede dar la mejor toma de la cara de un objetivo a trav\u00e9s de la detecci\u00f3n&comma; seguimiento&comma; captura&comma; calificaci\u00f3n y selecci\u00f3n<\/li>\n<li style='margin-bottom: 5px;'>La c\u00e1mara captura la cara y emite las caracter\u00edsticas&comma; como el sexo&comma; la edad y expresi\u00f3n<\/li>\n<\/ul><\/div>\n<div style='flex: 1 1 300px; min-width: 280px;'>\n<h3 style='font-size: 22px; border-bottom: 2px solid currentColor; padding-bottom: 5px; margin-top: 0; color: inherit; opacity: 0.8;'>Protecci\u00f3n Perimetral<\/h3>\n<ul style='padding-left: 20px; font-size: 15px; color: inherit;'>\n<li style='margin-bottom: 5px;'>Con algoritmos integrados de detecci\u00f3n y clasificaci\u00f3n de objetivos basados en aprendizaje profundo<\/li>\n<li style='margin-bottom: 5px;'>Control de acciones de cruce de l\u00ednea&comma; intrusi\u00f3n&comma; entrada y salida de la regi\u00f3n<\/li>\n<li style='margin-bottom: 5px;'>Filtrado de alarmas err\u00f3neas causadas por hojas&comma; luces&comma; animales&comma; banderas&comma; etc.<\/li>\n<\/ul><\/div>\n<div style='flex: 1 1 300px; min-width: 280px;'>\n<h3 style='font-size: 22px; border-bottom: 2px solid currentColor; padding-bottom: 5px; margin-top: 0; color: inherit; opacity: 0.8;'>Detecci\u00f3n de Atributos<\/h3>\n<ul style='padding-left: 20px; font-size: 15px; color: inherit;'>\n<li style='margin-bottom: 5px;'>Detecci\u00f3n y captura de rostro&comma; cuerpo humano y veh\u00edculo<\/li>\n<li style='margin-bottom: 5px;'>Generaci\u00f3n de caracter\u00edsticas como g\u00e9nero&comma; edad&comma; color superior y tipo de veh\u00edculo<\/li>\n<\/ul><\/div>\n<\/p><\/div>\n<hr style='border: 0; border-top: 1px solid rgba(150&comma; 150&comma; 150&comma; 0.3); margin: 30px 0;'>\n<div style='display: flex; flex-wrap: wrap; gap: 30px; margin-bottom: 30px;'>\n<div style='flex: 1 1 300px; min-width: 280px;'>\n<h3 style='font-size: 22px; border-bottom: 2px solid currentColor; padding-bottom: 5px; margin-top: 0; color: inherit; opacity: 0.8;'>Aplicaciones<\/h3>\n<ul style='padding-left: 20px; font-size: 15px; color: inherit;'>\n<li style='margin-bottom: 5px;'>Hoteles&comma; tiendas&comma; etc.<\/li>\n<li style='margin-bottom: 5px;'>Mejora la calidad del servicio a trav\u00e9s del reconocimiento VIP del cliente<\/li>\n<li style='margin-bottom: 5px;'>Bancos&comma; parques industriales&comma; escuelas&comma; ciudad segura&comma; etc.<\/li>\n<li style='margin-bottom: 5px;'>Mejora la seguridad de las \u00e1reas p\u00fablicas a trav\u00e9s de la lista de alarmas<\/li>\n<\/ul><\/div>\n<div style='flex: 1 1 300px; min-width: 280px;'>\n<h3 style='font-size: 22px; border-bottom: 2px solid currentColor; padding-bottom: 5px; margin-top: 0; color: inherit; opacity: 0.8;'>Reconocimiento de Rostros<\/h3>\n<ul style='padding-left: 20px; font-size: 15px; color: inherit;'>\n<li style='margin-bottom: 5px;'>Soporta detecci\u00f3n&comma; captura&comma; reconocimiento y an\u00e1lisis de caracter\u00edsticas de rostros humanos al mismo tiempo<\/li>\n<li style='margin-bottom: 5px;'>Lista de alarmas en funci\u00f3n del resultado de la comparaci\u00f3n<\/li>\n<li style='margin-bottom: 5px;'>10 bibliotecas de caras con 30&comma;000 caras cada una (150&comma;000 total)<\/li>\n<\/ul><\/div>\n<div style='flex: 1 1 300px; min-width: 280px;'>\n<h3 style='font-size: 22px; border-bottom: 2px solid currentColor; padding-bottom: 5px; margin-top: 0; color: inherit; opacity: 0.8;'>\u00bfQU\u00c9 ES DEEPINVIEW?<\/h3>\n<div style='position: relative; padding-bottom: 56.25%; height: 0; overflow: hidden; margin-bottom: 30px;'>   <\/div>\n<\/p><\/div>\n<\/p><\/div>\n<\/p><\/div>\n","protected":false},"excerpt":{"rendered":"<p>Bala IP 4 Megapixel \/ Lente Mot. 2.8 &#8211; 12 mm \/ 60 mts IR EXIR \/ 2 Analiticos Simultaneos \/ DeepinView \/ SSD Integrado 1 TB \/ IP67 \/ IK10 \/ H.265+ \/ WDR 150 dB \/ Captura Facial \/ B\u00fasqueda por Atributos \/ Micro SD<\/p>\n","protected":false},"featured_media":97274,"comment_status":"open","ping_status":"closed","template":"","meta":[],"product_brand":[],"product_cat":[438],"product_tag":[439,122,54],"class_list":{"0":"post-97275","1":"product","2":"type-product","3":"status-publish","4":"has-post-thumbnail","6":"product_cat-bala","7":"product_tag-bala","8":"product_tag-camaras-ip-y-nvrs","9":"product_tag-hikvision","11":"first","12":"instock","13":"sale","14":"shipping-taxable","15":"purchasable","16":"product-type-simple"},"_links":{"self":[{"href":"https:\/\/soydeaqui.ddns.net\/pachuca\/index.php\/wp-json\/wp\/v2\/product\/97275","targetHints":{"allow":["GET"]}}],"collection":[{"href":"https:\/\/soydeaqui.ddns.net\/pachuca\/index.php\/wp-json\/wp\/v2\/product"}],"about":[{"href":"https:\/\/soydeaqui.ddns.net\/pachuca\/index.php\/wp-json\/wp\/v2\/types\/product"}],"replies":[{"embeddable":true,"href":"https:\/\/soydeaqui.ddns.net\/pachuca\/index.php\/wp-json\/wp\/v2\/comments?post=97275"}],"wp:featuredmedia":[{"embeddable":true,"href":"https:\/\/soydeaqui.ddns.net\/pachuca\/index.php\/wp-json\/wp\/v2\/media\/97274"}],"wp:attachment":[{"href":"https:\/\/soydeaqui.ddns.net\/pachuca\/index.php\/wp-json\/wp\/v2\/media?parent=97275"}],"wp:term":[{"taxonomy":"product_brand","embeddable":true,"href":"https:\/\/soydeaqui.ddns.net\/pachuca\/index.php\/wp-json\/wp\/v2\/product_brand?post=97275"},{"taxonomy":"product_cat","embeddable":true,"href":"https:\/\/soydeaqui.ddns.net\/pachuca\/index.php\/wp-json\/wp\/v2\/product_cat?post=97275"},{"taxonomy":"product_tag","embeddable":true,"href":"https:\/\/soydeaqui.ddns.net\/pachuca\/index.php\/wp-json\/wp\/v2\/product_tag?post=97275"}],"curies":[{"name":"wp","href":"https:\/\/api.w.org\/{rel}","templated":true}]}}