{"id":97273,"date":"2026-03-20T08:49:14","date_gmt":"2026-03-20T08:49:14","guid":{"rendered":"https:\/\/soydeaqui.ddns.net\/pachuca\/index.php\/producto\/domo-ip-4-megapixel-lente-mot-2-8-a-12-mm-40-mts-ir-exir-2-analiticos-simultaneos-ssd-integrado-1-tb-deepinview-2-microfonos-integrados-ip67-ik10-h-265-wdr-150-db-captura-facia\/"},"modified":"2026-03-20T08:49:15","modified_gmt":"2026-03-20T08:49:15","slug":"domo-ip-4-megapixel-lente-mot-2-8-a-12-mm-40-mts-ir-exir-2-analiticos-simultaneos-ssd-integrado-1-tb-deepinview-2-microfonos-integrados-ip67-ik10-h-265-wdr-150-db-captura-facia","status":"publish","type":"product","link":"https:\/\/soydeaqui.ddns.net\/pachuca\/index.php\/producto\/domo-ip-4-megapixel-lente-mot-2-8-a-12-mm-40-mts-ir-exir-2-analiticos-simultaneos-ssd-integrado-1-tb-deepinview-2-microfonos-integrados-ip67-ik10-h-265-wdr-150-db-captura-facia\/","title":{"rendered":"Domo IP 4 Megapixel \/ Lente Mot. 2.8 a 12 mm \/ 40 mts IR EXIR \/ 2 Analiticos Simultaneos \/ SSD Integrado 1 TB \/ DeepinView \/ 2 Micr\u00f3fonos Integrados \/ IP67 \/ IK10 \/ H.265+ \/ WDR 150 dB \/ Captura Facial \/ B\u00fasqueda por Atributos"},"content":{"rendered":"<div style='width: 100%; max-width: 1200px; margin: 0 auto; font-family: sans-serif; line-height: 1.6; color: inherit; background-color: transparent;'> <!-- Imagen logo --> <\/p>\n<p style='text-align: center; margin: 20px 0;'> <img style='width: 45%; height: auto; border: 1px solid rgba(150&comma;150&comma;150&comma;0.3); border-radius: 8px;' src='https:\/\/ftp3.syscom.mx\/usuarios\/jsosa\/HIKVISION\/imagenes\/logo\/hikvision%20see%20far.png' alt='Logo Hikvision'> <\/p>\n<p> <!-- Secci\u00f3n de especificaciones --> <\/p>\n<div style='margin-bottom: 30px;'>\n<h1 style='text-align: center; color: #232a6f; font-size: 28px; margin-bottom: 20px;'>Especificaciones<\/h1>\n<\/p><\/div>\n<p> <!-- Grid de contenido --> <\/p>\n<div style='display: flex; flex-wrap: wrap; gap: 30px;'> <!-- Columna izquierda --> <\/p>\n<div style='flex: 1 1 300px; min-width: 280px;'> <!-- Caracter\u00edsticas Principales --> <\/p>\n<div style='border: 1px solid rgba(150&comma; 150&comma; 150&comma; 0.4); border-radius: 8px; overflow: hidden; margin-bottom: 20px;'>\n<div style='padding: 15px; background-color: #df001e; color: white; font-weight: bold; font-size: 18px; border-bottom: 1px solid #a80000;'> Caracter\u00edsticas Principales: <\/div>\n<div style='padding: 15px;'>\n<ul style='padding-left: 20px; margin: 0; font-size: 14px; color: inherit; list-style-type: disc;'>\n<li style='margin-bottom: 8px;'>Resoluci\u00f3n m\u00e1xima: 4 Megapixel (2560&#215;1440)<\/li>\n<li style='margin-bottom: 8px;'>Iluminaci\u00f3n m\u00ednima: color 0.0005 Lux @ (F2.0&comma; AGC ON)<\/li>\n<li style='margin-bottom: 8px;'>Iluminaci\u00f3n m\u00ednima: 0 Lux con luz blanca<\/li>\n<li style='margin-bottom: 8px;'>Distancia Motorizado: 2.8 a 12mm (\u00e1ngulo de visi\u00f3n) 114.6\u00b0<\/li>\n<li style='margin-bottom: 8px;'>Distancia de IR: 40 mts<\/li>\n<li style='margin-bottom: 8px;'>Funciones normales: WDR 150dB \/ 3D DNR \/ BLC<\/li>\n<li style='margin-bottom: 8px;'>Compresi\u00f3n: H.265+ \/ H.265 \/ H.264+ \/ H.264<\/li>\n<li style='margin-bottom: 8px;'>Cruce de l\u00ednea \/ Intrusi\u00f3n de \u00e1rea \/ Detecci\u00f3n de rostros \/ Detecci\u00f3n de entrada\/salida de \u00e1rea \/ Objeto removido \/ Objeto olvidado<\/li>\n<li style='margin-bottom: 8px;'>Compatible con la plataforma de Hik-Connect <a href='https:\/\/appstore.hikvision.com\/' target='_blank' rel='noopener' style='color: #005cb9; text-decoration: none;'>https:\/\/appstore.hikvision.com\/<\/a><\/li>\n<li>Micr\u00f3fono Integrado<\/li>\n<\/ul><\/div>\n<\/p><\/div>\n<p> <!-- Entradas y Salidas --> <\/p>\n<div style='border: 1px solid rgba(150&comma; 150&comma; 150&comma; 0.4); border-radius: 8px; overflow: hidden; margin-bottom: 20px;'>\n<div style='padding: 15px; background-color: #df001e; color: white; font-weight: bold; font-size: 18px; border-bottom: 1px solid #a80000;'> Entradas y Salidas de Audio \/ Alarmas \/ Red \/ Almacenamiento: <\/div>\n<div style='padding: 15px;'>\n<ul style='padding-left: 20px; margin: 0; font-size: 14px; color: inherit; list-style-type: disc;'>\n<li style='margin-bottom: 8px;'>Entradas de alarma: 2<\/li>\n<li style='margin-bottom: 8px;'>Salidas de alarma: 2<\/li>\n<li style='margin-bottom: 8px;'>Entradas de audio: 1<\/li>\n<li style='margin-bottom: 8px;'>Salidas de audio: 1<\/li>\n<li style='margin-bottom: 8px;'>Puerto de red: 1 (10 \/ 100 Mbps \/ PoE 802.3af)<\/li>\n<li style='margin-bottom: 8px;'>Almacenamiento Integrado de 1 TB<\/li>\n<li style='margin-bottom: 8px;'>Soporta doble micr\u00f3fono Integrado<\/li>\n<li>Soporta ONVIF (PROFILE S) \/ ISAPI<\/li>\n<\/ul><\/div>\n<\/p><\/div>\n<\/p><\/div>\n<p> <!-- Columna derecha --> <\/p>\n<div style='flex: 1 1 300px; min-width: 280px;'> <!-- Caracter\u00edsticas F\u00edsicas y El\u00e9ctricas --> <\/p>\n<div style='border: 1px solid rgba(150&comma; 150&comma; 150&comma; 0.4); border-radius: 8px; overflow: hidden; margin-bottom: 20px;'>\n<div style='padding: 15px; background-color: #df001e; color: white; font-weight: bold; font-size: 18px; border-bottom: 1px solid #a80000;'> Caracter\u00edsticas F\u00edsicas y El\u00e9ctricas: <\/div>\n<div style='padding: 15px;'>\n<ul style='padding-left: 20px; margin: 0; font-size: 14px; color: inherit; list-style-type: disc;'>\n<li style='margin-bottom: 8px;'>Alimentaci\u00f3n: 12 Vcc \/ PoE 802.3 af \/ 16.8 W<\/li>\n<li style='margin-bottom: 8px;'>Temperatura de operaci\u00f3n: -40\u00b0C a 65\u00b0C \/ Humedad al 95% m\u00e1ximo<\/li>\n<li style='margin-bottom: 8px;'>Uso en exterior IP67&comma; IK10<\/li>\n<li style='margin-bottom: 8px;'>Dimensiones: 244 mm x 174 mm x 173 mm<\/li>\n<li>Peso: 970 grs<\/li>\n<\/ul><\/div>\n<\/p><\/div>\n<p> <!-- Accesorios Opcionales --> <\/p>\n<div style='border: 1px solid rgba(150&comma; 150&comma; 150&comma; 0.4); border-radius: 8px; overflow: hidden; margin-bottom: 20px;'>\n<div style='padding: 15px; background-color: #df001e; color: white; font-weight: bold; font-size: 18px; border-bottom: 1px solid #a80000;'> Accesorios Opcionales: <\/div>\n<div style='padding: 15px;'>\n<ul style='padding-left: 20px; margin: 0; font-size: 14px; color: inherit; list-style-type: disc;'>\n<li style='margin-bottom: 8px;'>Montaje de Techo&comma; modelo: <a href='https:\/\/www.syscom.mx\/producto\/DS-1271ZJ-140-DM45-HIKVISION-162829.html' target='_blank' rel='noopener' style='color: inherit; text-decoration: underline;'>DS-1271ZJ-140-DM45<\/a><\/li>\n<li style='margin-bottom: 8px;'>Montaje de poste vertical&comma; modelo: <a href='https:\/\/www.syscom.mx\/producto\/DS-1475ZJ-SUS-HIKVISION-156174.html' target='_blank' rel='noopener' style='color: inherit; text-decoration: underline;'>DS-1475ZJ-SUS<\/a><\/li>\n<li style='margin-bottom: 8px;'>Montaje de esquina&comma; modelo: <a href='https:\/\/www.syscom.mx\/producto\/DS-1276ZJ-SUS-HIKVISION-156173.html' target='_blank' rel='noopener' style='color: inherit; text-decoration: underline;'>DS-1276ZJ-SUS<\/a><\/li>\n<li style='margin-bottom: 8px;'>Montaje de Plaf\u00f3n&comma; modelo: <a href='https:\/\/www.syscom.mx\/producto\/DS-1227ZJ-DM37-HIKVISION-168988.html' target='_blank' rel='noopener' style='color: inherit; text-decoration: underline;'>DS-1227ZJ-DM37<\/a><\/li>\n<li style='margin-bottom: 8px;'>Montaje de Esquina&comma; modelo: <a href='https:\/\/www.syscom.mx\/producto\/DS-1476ZJ-SUS-HIKVISION-156175.html' target='_blank' rel='noopener' style='color: inherit; text-decoration: underline;'>DS-1476ZJ-SUS<\/a><\/li>\n<li style='margin-bottom: 8px;'>Montaje de Techo Inclinado&comma; modelo: <a href='https:\/\/www.syscom.mx\/producto\/DS-1281ZJ-DM23-HIKVISION-171391.html' target='_blank' rel='noopener' style='color: inherit; text-decoration: underline;'>DS-1281ZJ-DM23<\/a><\/li>\n<li style='margin-bottom: 8px;'>Montaje Vertical para poste&comma; modelo: <a href='https:\/\/www.syscom.mx\/producto\/DS-1475ZJ-Y-HIKVISION-167603.html' target='_blank' rel='noopener' style='color: inherit; text-decoration: underline;'>DS-1475ZJ-Y<\/a><\/li>\n<li style='margin-bottom: 8px;'>Montaje de Esquina en Pared&comma; modelo: <a href='https:\/\/www.syscom.mx\/producto\/DS-1476ZJ-Y-HIKVISION-167604.html' target='_blank' rel='noopener' style='color: inherit; text-decoration: underline;'>DS-1476ZJ-Y<\/a><\/li>\n<li style='margin-bottom: 8px;'>Montaje de Conexi\u00f3n&comma; modelo: <a href='https:\/\/www.syscom.mx\/producto\/DS-2280ZJ-WA140-HIKVISION-223861.html' target='_blank' rel='noopener' style='color: inherit; text-decoration: underline;'>DS-2280ZJ-WA140<\/a><\/li>\n<li>Montaje Vertical para poste&comma; modelo: <a href='https:\/\/www.syscom.mx\/producto\/DS-1475ZJ-Y-HIKVISION-167603.html' target='_blank' rel='noopener' style='color: inherit; text-decoration: underline;'>DS-1475ZJ-Y<\/a><\/li>\n<\/ul><\/div>\n<\/p><\/div>\n<\/p><\/div>\n<p> <!-- Secci\u00f3n completa abajo --> <\/p>\n<div style='flex: 1 1 100%;'> <!-- Caracter\u00edsticas Destacadas --> <\/p>\n<div style='border: 1px solid rgba(150&comma; 150&comma; 150&comma; 0.4); border-radius: 8px; overflow: hidden; margin-bottom: 20px;'>\n<div style='padding: 15px; background-color: #df001e; color: white; font-weight: bold; font-size: 18px; border-bottom: 1px solid #a80000;'> Caracter\u00edsticas Destacadas: <\/div>\n<div style='padding: 15px;'>\n<ul style='padding-left: 20px; margin: 0; font-size: 14px; color: inherit; list-style-type: disc;'>\n<li style='margin-bottom: 15px;'> La c\u00e1mara soporta doble micr\u00f3fono integrado (interconstruido) para enviar el video y el audio por el mismo cable de red sin tener que a\u00f1adir nada m\u00e1s. <\/li>\n<li style='margin-bottom: 15px;'> Compatible con la plataforma de Hik-Connect para una conexi\u00f3n m\u00e1s r\u00e1pida y sencilla. <\/li>\n<li style='margin-bottom: 15px;'> <strong>Reconocimiento facial:<\/strong><br \/> Con algoritmos integrados basados en aprendizaje profundo&comma; la c\u00e1mara puede dar la mejor toma de la cara de un objetivo a trav\u00e9s de la detecci\u00f3n&comma; seguimiento&comma; captura&comma; calificaci\u00f3n y selecci\u00f3n. La c\u00e1mara captura la cara y emite las caracter\u00edsticas&comma; como el sexo&comma; la edad y expresi\u00f3n. <\/li>\n<li style='margin-bottom: 15px;'> <strong>Protecci\u00f3n perimetral:<\/strong><br \/> Con algoritmos integrados de detecci\u00f3n y clasificaci\u00f3n de objetivos basados en aprendizaje profundo&comma; la c\u00e1mara lleva a cabo el deber de protecci\u00f3n del per\u00edmetro&comma; control de las acciones de cruce de l\u00ednea&comma; intrusi\u00f3n&comma; entrada y salida de la regi\u00f3n. Los algoritmos filtran en gran medida la alarma err\u00f3nea causada por la interferencia de hojas&comma; luces&comma; animales&comma; banderas&comma; etc. <\/li>\n<li> <strong>Detecci\u00f3n de atributos:<\/strong><br \/> Con los algoritmos de aprendizaje profundo incorporados&comma; la c\u00e1mara detecta y captura la cara&comma; el cuerpo humano&comma; el veh\u00edculo en el regi\u00f3n especificada y genera las caracter\u00edsticas&comma; como g\u00e9nero&comma; edad&comma; color superior y tipo de veh\u00edculo. <\/li>\n<\/ul><\/div>\n<\/p><\/div>\n<\/p><\/div>\n<p> <!-- Imagen final --> <\/p>\n<div style='flex: 1 1 100%; margin-top: 30px;'> <img style='width: 100%; height: auto; border: 1px solid rgba(150&comma;150&comma;150&comma;0.3); border-radius: 8px;' src='https:\/\/ftp3.syscom.mx\/usuarios\/jsosa\/HIKVISION\/imagenes\/banners\/solution%20complete.png' alt='Soluci\u00f3n completa'> <\/div>\n<\/p><\/div>\n<\/p><\/div>\n","protected":false},"excerpt":{"rendered":"<p>Domo IP 4 Megapixel \/ Lente Mot. 2.8 a 12 mm \/ 40 mts IR EXIR \/ 2 Analiticos Simultaneos \/ SSD Integrado 1 TB \/ DeepinView \/ 2 Micr\u00f3fonos Integrados \/ IP67 \/ IK10 \/ H.265+ \/ WDR 150 dB \/ Captura Facial \/ B\u00fasqueda por Atributos<\/p>\n","protected":false},"featured_media":97272,"comment_status":"open","ping_status":"closed","template":"","meta":[],"product_brand":[],"product_cat":[2056],"product_tag":[122,2057,54],"class_list":{"0":"post-97273","1":"product","2":"type-product","3":"status-publish","4":"has-post-thumbnail","6":"product_cat-domo-eyeball-turret","7":"product_tag-camaras-ip-y-nvrs","8":"product_tag-domo-eyeball-turret","9":"product_tag-hikvision","11":"first","12":"outofstock","13":"sale","14":"shipping-taxable","15":"purchasable","16":"product-type-simple"},"_links":{"self":[{"href":"https:\/\/soydeaqui.ddns.net\/pachuca\/index.php\/wp-json\/wp\/v2\/product\/97273","targetHints":{"allow":["GET"]}}],"collection":[{"href":"https:\/\/soydeaqui.ddns.net\/pachuca\/index.php\/wp-json\/wp\/v2\/product"}],"about":[{"href":"https:\/\/soydeaqui.ddns.net\/pachuca\/index.php\/wp-json\/wp\/v2\/types\/product"}],"replies":[{"embeddable":true,"href":"https:\/\/soydeaqui.ddns.net\/pachuca\/index.php\/wp-json\/wp\/v2\/comments?post=97273"}],"wp:featuredmedia":[{"embeddable":true,"href":"https:\/\/soydeaqui.ddns.net\/pachuca\/index.php\/wp-json\/wp\/v2\/media\/97272"}],"wp:attachment":[{"href":"https:\/\/soydeaqui.ddns.net\/pachuca\/index.php\/wp-json\/wp\/v2\/media?parent=97273"}],"wp:term":[{"taxonomy":"product_brand","embeddable":true,"href":"https:\/\/soydeaqui.ddns.net\/pachuca\/index.php\/wp-json\/wp\/v2\/product_brand?post=97273"},{"taxonomy":"product_cat","embeddable":true,"href":"https:\/\/soydeaqui.ddns.net\/pachuca\/index.php\/wp-json\/wp\/v2\/product_cat?post=97273"},{"taxonomy":"product_tag","embeddable":true,"href":"https:\/\/soydeaqui.ddns.net\/pachuca\/index.php\/wp-json\/wp\/v2\/product_tag?post=97273"}],"curies":[{"name":"wp","href":"https:\/\/api.w.org\/{rel}","templated":true}]}}