{"id":97271,"date":"2026-03-20T08:49:10","date_gmt":"2026-03-20T08:49:10","guid":{"rendered":"https:\/\/soydeaqui.ddns.net\/pachuca\/index.php\/producto\/domo-ip-4-megapixel-lente-mot-2-8-a-12-mm-2-40-mts-ir-exir-2-analiticos-simultaneos-deepinview-2-microfonos-integrados-ip67-ik10-h-265-wdr-150-db-captura-facial-busqueda-por-a\/"},"modified":"2026-03-20T08:49:11","modified_gmt":"2026-03-20T08:49:11","slug":"domo-ip-4-megapixel-lente-mot-2-8-a-12-mm-2-40-mts-ir-exir-2-analiticos-simultaneos-deepinview-2-microfonos-integrados-ip67-ik10-h-265-wdr-150-db-captura-facial-busqueda-por-a","status":"publish","type":"product","link":"https:\/\/soydeaqui.ddns.net\/pachuca\/index.php\/producto\/domo-ip-4-megapixel-lente-mot-2-8-a-12-mm-2-40-mts-ir-exir-2-analiticos-simultaneos-deepinview-2-microfonos-integrados-ip67-ik10-h-265-wdr-150-db-captura-facial-busqueda-por-a\/","title":{"rendered":"Domo IP 4 Megapixel \/ Lente Mot. 2.8 a 12 mm 2 \/ 40 mts IR EXIR \/ 2 Analiticos Simultaneos \/ DeepinView \/ 2 Micr\u00f3fonos Integrados  \/ IP67 \/ IK10 \/ H.265+ \/ WDR 150 dB \/ Captura Facial \/ B\u00fasqueda por Atributos \/ Conteo de Personas"},"content":{"rendered":"<div style='width: 100%; max-width: 1200px; margin: 0 auto; font-family: sans-serif; line-height: 1.6; color: inherit; background-color: transparent;'>\n<p style='text-align: center; margin-bottom: 30px;'> <img style='width: 45%; max-width: 400px; height: auto; border: 1px solid rgba(150&comma;150&comma;150&comma;0.3); border-radius: 8px;' src='https:\/\/ftp3.syscom.mx\/usuarios\/jsosa\/HIKVISION\/imagenes\/logo\/hikvision%20see%20far.png' alt='Logo Hikvision See Far'> <\/p>\n<div style='display: flex; flex-wrap: wrap; gap: 30px; margin-bottom: 30px;'>\n<div style='flex: 1 1 300px; min-width: 280px;'>\n<h3 style='font-size: 22px; border-bottom: 2px solid currentColor; padding-bottom: 5px; margin-top: 0; color: inherit; opacity: 0.8;'>Caracter\u00edsticas Principales<\/h3>\n<ul style='padding-left: 20px; font-size: 15px; color: inherit;'>\n<li style='margin-bottom: 5px;'>Resoluci\u00f3n m\u00e1xima: <strong>4 Megapixel (2560&#215;1440)<\/strong><\/li>\n<li style='margin-bottom: 5px;'>Iluminaci\u00f3n m\u00ednima (color): <strong>0.0005 Lux @ (F2.0&comma; AGC ON)<\/strong><\/li>\n<li style='margin-bottom: 5px;'>Iluminaci\u00f3n m\u00ednima (B\/N): <strong>0 Lux con luz blanca<\/strong><\/li>\n<li style='margin-bottom: 5px;'>Rango del lente motorizado: <strong>2.8 a 12mm (\u00e1ngulo de visi\u00f3n 114.6\u00b0)<\/strong><\/li>\n<li style='margin-bottom: 5px;'>Distancia de IR: <strong>40 mts<\/strong><\/li>\n<li style='margin-bottom: 5px;'>Funciones de imagen: <strong>WDR 150dB \/ 3D DNR \/ BLC<\/strong><\/li>\n<li style='margin-bottom: 5px;'>Compresi\u00f3n de video: <strong>H.265+ \/ H.265 \/ H.264+ \/ H.264<\/strong><\/li>\n<li style='margin-bottom: 5px;'>Detecci\u00f3n inteligente: <strong>Cruce de l\u00ednea \/ Intrusi\u00f3n de \u00e1rea \/ Detecci\u00f3n de rostros \/ Detecci\u00f3n de entrada\/salida de \u00e1rea \/ Objeto removido \/ Objeto olvidado<\/strong><\/li>\n<li style='margin-bottom: 5px;'>Plataforma compatible: <strong>Hik-Connect<\/strong> <a style='color: inherit; text-decoration: underline;' href='https:\/\/appstore.hikvision.com\/' target='_blank' rel='noopener'>https:\/\/appstore.hikvision.com\/<\/a><\/li>\n<li style='margin-bottom: 5px;'>Audio: <strong>Micr\u00f3fono integrado<\/strong><\/li>\n<\/ul><\/div>\n<div style='flex: 1 1 300px; min-width: 280px;'>\n<h3 style='font-size: 22px; border-bottom: 2px solid currentColor; padding-bottom: 5px; margin-top: 0; color: inherit; opacity: 0.8;'>Conexiones y Comunicaciones<\/h3>\n<ul style='padding-left: 20px; font-size: 15px; color: inherit;'>\n<li style='margin-bottom: 5px;'>Entradas de alarma: <strong>2<\/strong><\/li>\n<li style='margin-bottom: 5px;'>Salidas de alarma: <strong>2<\/strong><\/li>\n<li style='margin-bottom: 5px;'>Entradas de audio: <strong>1<\/strong><\/li>\n<li style='margin-bottom: 5px;'>Salidas de audio: <strong>1<\/strong><\/li>\n<li style='margin-bottom: 5px;'>Puerto de red: <strong>1 (10\/100 Mbps \/ PoE 802.3af)<\/strong><\/li>\n<li style='margin-bottom: 5px;'>Protocolos compatibles: <strong>ONVIF (PROFILE S) \/ ISAPI<\/strong><\/li>\n<\/ul>\n<h3 style='font-size: 22px; border-bottom: 2px solid currentColor; padding-bottom: 5px; margin-top: 25px; color: inherit; opacity: 0.8;'>Caracter\u00edsticas F\u00edsicas y El\u00e9ctricas<\/h3>\n<ul style='padding-left: 20px; font-size: 15px; color: inherit;'>\n<li style='margin-bottom: 5px;'>Alimentaci\u00f3n: <strong>12 Vcc \/ PoE 802.3af \/ 16.8 W<\/strong><\/li>\n<li style='margin-bottom: 5px;'>Temperatura de operaci\u00f3n: <strong>-40\u00b0C a 65\u00b0C<\/strong><\/li>\n<li style='margin-bottom: 5px;'>Humedad de operaci\u00f3n: <strong>hasta 95% m\u00e1ximo<\/strong><\/li>\n<li style='margin-bottom: 5px;'>Protecci\u00f3n: <strong>IP67 (exterior) \/ IK10<\/strong><\/li>\n<li style='margin-bottom: 5px;'>Dimensiones: <strong>244 mm x 174 mm x 173 mm<\/strong><\/li>\n<li style='margin-bottom: 5px;'>Peso: <strong>970 grs<\/strong><\/li>\n<\/ul><\/div>\n<\/p><\/div>\n<hr style='border: 0; border-top: 1px solid rgba(150&comma; 150&comma; 150&comma; 0.3); margin: 30px 0;'>\n<div style='display: flex; flex-wrap: wrap; gap: 20px; margin-bottom: 30px;'>\n<div style='flex: 1 1 300px; border: 1px solid rgba(150&comma; 150&comma; 150&comma; 0.4); border-radius: 8px; overflow: hidden; display: flex; flex-direction: column;'>\n<div style='padding: 15px; border-bottom: 1px solid rgba(150&comma; 150&comma; 150&comma; 0.2); font-weight: bold; font-size: 18px; color: inherit;'>Caracter\u00edsticas Destacadas<\/div>\n<div style='padding: 15px; color: inherit;'>\n<ul style='padding-left: 20px; margin: 0; font-size: 14px; list-style-type: disc;'>\n<li style='margin-bottom: 15px;'> <strong>Doble micr\u00f3fono integrado:<\/strong> Permite enviar video y audio por el mismo cable de red sin necesidad de conexiones adicionales. <\/li>\n<li style='margin-bottom: 15px;'> <strong>Plataforma Hik-Connect:<\/strong> Para una conexi\u00f3n m\u00e1s r\u00e1pida y sencilla. <\/li>\n<li style='margin-bottom: 15px;'> <strong>Reconocimiento facial:<\/strong> Con algoritmos de aprendizaje profundo para detecci\u00f3n&comma; seguimiento&comma; captura&comma; calificaci\u00f3n y selecci\u00f3n de rostros. Captura caracter\u00edsticas como sexo&comma; edad y expresi\u00f3n. <\/li>\n<li style='margin-bottom: 15px;'> <strong>Protecci\u00f3n perimetral:<\/strong> Con algoritmos de detecci\u00f3n y clasificaci\u00f3n de objetivos basados en aprendizaje profundo para control de cruce de l\u00ednea&comma; intrusi\u00f3n&comma; entrada y salida de la regi\u00f3n. Filtra alarmas err\u00f3neas causadas por hojas&comma; luces&comma; animales&comma; banderas&comma; etc. <\/li>\n<li style='margin-bottom: 15px;'> <strong>Detecci\u00f3n de atributos:<\/strong> Detecta y captura rostros&comma; cuerpos humanos y veh\u00edculos en regiones espec\u00edficas&comma; generando caracter\u00edsticas como g\u00e9nero&comma; edad&comma; color de ropa y tipo de veh\u00edculo. <\/li>\n<\/ul><\/div>\n<\/p><\/div>\n<div style='flex: 1 1 300px; border: 1px solid rgba(150&comma; 150&comma; 150&comma; 0.4); border-radius: 8px; overflow: hidden; display: flex; flex-direction: column;'>\n<div style='padding: 15px; border-bottom: 1px solid rgba(150&comma; 150&comma; 150&comma; 0.2); font-weight: bold; font-size: 18px; color: inherit;'>Accesorios Opcionales<\/div>\n<div style='padding: 15px; color: inherit;'>\n<ul style='padding-left: 20px; margin: 0; font-size: 14px; list-style-type: disc;'>\n<li style='margin-bottom: 10px;'>Montaje de Techo: <a style='color: inherit; text-decoration: underline;' href='https:\/\/www.syscom.mx\/producto\/DS-1271ZJ-140-DM45-HIKVISION-162829.html' target='_blank' rel='noopener'>DS-1271ZJ-140-DM45<\/a><\/li>\n<li style='margin-bottom: 10px;'>Montaje de poste vertical: <a style='color: inherit; text-decoration: underline;' href='https:\/\/www.syscom.mx\/producto\/DS-1475ZJ-SUS-HIKVISION-156174.html' target='_blank' rel='noopener'>DS-1475ZJ-SUS<\/a><\/li>\n<li style='margin-bottom: 10px;'>Montaje de esquina: <a style='color: inherit; text-decoration: underline;' href='https:\/\/www.syscom.mx\/producto\/DS-1276ZJ-SUS-HIKVISION-156173.html' target='_blank' rel='noopener'>DS-1276ZJ-SUS<\/a><\/li>\n<li style='margin-bottom: 10px;'>Montaje de Plaf\u00f3n: <a style='color: inherit; text-decoration: underline;' href='https:\/\/www.syscom.mx\/producto\/DS-1227ZJ-DM37-HIKVISION-168988.html' target='_blank' rel='noopener'>DS-1227ZJ-DM37<\/a><\/li>\n<li style='margin-bottom: 10px;'>Montaje de Esquina: <a style='color: inherit; text-decoration: underline;' href='https:\/\/www.syscom.mx\/producto\/DS-1476ZJ-SUS-HIKVISION-156175.html' target='_blank' rel='noopener'>DS-1476ZJ-SUS<\/a><\/li>\n<li style='margin-bottom: 10px;'>Montaje de Techo Inclinado: <a style='color: inherit; text-decoration: underline;' href='https:\/\/www.syscom.mx\/producto\/DS-1281ZJ-DM23-HIKVISION-171391.html' target='_blank' rel='noopener'>DS-1281ZJ-DM23<\/a><\/li>\n<li style='margin-bottom: 10px;'>Montaje Vertical para poste: <a style='color: inherit; text-decoration: underline;' href='https:\/\/www.syscom.mx\/producto\/DS-1475ZJ-Y-HIKVISION-167603.html' target='_blank' rel='noopener'>DS-1475ZJ-Y<\/a><\/li>\n<li style='margin-bottom: 10px;'>Montaje de Esquina en Pared: <a style='color: inherit; text-decoration: underline;' href='https:\/\/www.syscom.mx\/producto\/DS-1476ZJ-Y-HIKVISION-167604.html' target='_blank' rel='noopener'>DS-1476ZJ-Y<\/a><\/li>\n<li style='margin-bottom: 10px;'>Montaje de Conexi\u00f3n: <a style='color: inherit; text-decoration: underline;' href='https:\/\/www.syscom.mx\/producto\/DS-2280ZJ-WA140-HIKVISION-223861.html' target='_blank' rel='noopener'>DS-2280ZJ-WA140<\/a><\/li>\n<li style='margin-bottom: 0;'>Montaje Vertical para poste: <a style='color: inherit; text-decoration: underline;' href='https:\/\/www.syscom.mx\/producto\/DS-1475ZJ-Y-HIKVISION-167603.html' target='_blank' rel='noopener'>DS-1475ZJ-Y<\/a><\/li>\n<\/ul><\/div>\n<\/p><\/div>\n<\/p><\/div>\n<hr style='border: 0; border-top: 1px solid rgba(150&comma; 150&comma; 150&comma; 0.3); margin: 30px 0;'>\n<div style='display: flex; flex-direction: column; align-items: center; margin-top: 30px;'> <img style='width: 100%; max-width: 600px; height: auto; border: 1px solid rgba(150&comma;150&comma;150&comma;0.3); border-radius: 8px;' src='https:\/\/ftp3.syscom.mx\/usuarios\/jsosa\/HIKVISION\/imagenes\/banners\/solution%20complete.png' alt='Soluci\u00f3n completa Hikvision'> <\/div>\n<\/p><\/div>\n","protected":false},"excerpt":{"rendered":"<p>Domo IP 4 Megapixel \/ Lente Mot. 2.8 a 12 mm 2 \/ 40 mts IR EXIR \/ 2 Analiticos Simultaneos \/ DeepinView \/ 2 Micr\u00f3fonos Integrados  \/ IP67 \/ IK10 \/ H.265+ \/ WDR 150 dB \/ Captura Facial \/ B\u00fasqueda por Atributos \/ Conteo de Personas<\/p>\n","protected":false},"featured_media":97270,"comment_status":"open","ping_status":"closed","template":"","meta":[],"product_brand":[],"product_cat":[2056],"product_tag":[122,2057,54],"class_list":{"0":"post-97271","1":"product","2":"type-product","3":"status-publish","4":"has-post-thumbnail","6":"product_cat-domo-eyeball-turret","7":"product_tag-camaras-ip-y-nvrs","8":"product_tag-domo-eyeball-turret","9":"product_tag-hikvision","11":"first","12":"instock","13":"sale","14":"shipping-taxable","15":"purchasable","16":"product-type-simple"},"_links":{"self":[{"href":"https:\/\/soydeaqui.ddns.net\/pachuca\/index.php\/wp-json\/wp\/v2\/product\/97271","targetHints":{"allow":["GET"]}}],"collection":[{"href":"https:\/\/soydeaqui.ddns.net\/pachuca\/index.php\/wp-json\/wp\/v2\/product"}],"about":[{"href":"https:\/\/soydeaqui.ddns.net\/pachuca\/index.php\/wp-json\/wp\/v2\/types\/product"}],"replies":[{"embeddable":true,"href":"https:\/\/soydeaqui.ddns.net\/pachuca\/index.php\/wp-json\/wp\/v2\/comments?post=97271"}],"wp:featuredmedia":[{"embeddable":true,"href":"https:\/\/soydeaqui.ddns.net\/pachuca\/index.php\/wp-json\/wp\/v2\/media\/97270"}],"wp:attachment":[{"href":"https:\/\/soydeaqui.ddns.net\/pachuca\/index.php\/wp-json\/wp\/v2\/media?parent=97271"}],"wp:term":[{"taxonomy":"product_brand","embeddable":true,"href":"https:\/\/soydeaqui.ddns.net\/pachuca\/index.php\/wp-json\/wp\/v2\/product_brand?post=97271"},{"taxonomy":"product_cat","embeddable":true,"href":"https:\/\/soydeaqui.ddns.net\/pachuca\/index.php\/wp-json\/wp\/v2\/product_cat?post=97271"},{"taxonomy":"product_tag","embeddable":true,"href":"https:\/\/soydeaqui.ddns.net\/pachuca\/index.php\/wp-json\/wp\/v2\/product_tag?post=97271"}],"curies":[{"name":"wp","href":"https:\/\/api.w.org\/{rel}","templated":true}]}}