{"id":97262,"date":"2026-03-20T08:48:47","date_gmt":"2026-03-20T08:48:47","guid":{"rendered":"https:\/\/soydeaqui.ddns.net\/pachuca\/index.php\/producto\/kit-solar-ip-all-in-one-doble-deteccion-radar-pir-pt-ip-4-megapixel-lente-2-8-mm-panel-solar-bateria-de-respaldo-de-litio-50-76wh-hasta-1-5-dias-conexion-4g-audio-de-dos-vias-acc\/"},"modified":"2026-03-20T08:48:58","modified_gmt":"2026-03-20T08:48:58","slug":"kit-solar-ip-all-in-one-doble-deteccion-radar-pir-pt-ip-4-megapixel-lente-2-8-mm-panel-solar-bateria-de-respaldo-de-litio-50-76wh-hasta-1-5-dias-conexion-4g-audio-de-dos-vias-acc","status":"publish","type":"product","link":"https:\/\/soydeaqui.ddns.net\/pachuca\/index.php\/producto\/kit-solar-ip-all-in-one-doble-deteccion-radar-pir-pt-ip-4-megapixel-lente-2-8-mm-panel-solar-bateria-de-respaldo-de-litio-50-76wh-hasta-1-5-dias-conexion-4g-audio-de-dos-vias-acc\/","title":{"rendered":"Kit Solar IP All in One \/ Doble Detecci\u00f3n (Radar + PIR) \/ PT IP 4 Megapixel \/ Lente 2.8 mm \/ Panel Solar \/ Bater\u00eda de Respaldo de Litio 50.76Wh (Hasta 1.5 d\u00edas) \/ Conexi\u00f3n 4G \/ Audio de Dos V\u00edas \/ Accesorios de Inst. \/ D"},"content":{"rendered":"<div style='width: 100%; max-width: 1200px; margin: 0 auto; font-family: sans-serif; line-height: 1.6; color: inherit; background-color: transparent;'> <!-- Imagen logo --> <\/p>\n<div style='width: 100%; text-align: center; margin: 20px 0;'> <img style='width: 45%; height: auto; border: 1px solid rgba(150&comma;150&comma;150&comma;0.3); border-radius: 8px;' src='https:\/\/ftp3.syscom.mx\/usuarios\/jsosa\/HIKVISION\/imagenes\/logo\/hikvision%20see%20far.png' alt='Logo Hikvision'> <\/div>\n<p> <!-- Video YouTube --> <\/p>\n<div style='position: relative; padding-bottom: 56.25%; height: 0; overflow: hidden; margin: 20px 0;'>   <\/div>\n<p> <!-- Imagen principal --> <\/p>\n<div style='width: 100%; text-align: center; margin: 20px 0;'> <img style='width: 100%; height: auto; border: 1px solid rgba(150&comma;150&comma;150&comma;0.3); border-radius: 8px; max-width: 1280px;' src='https:\/\/ftp3.syscom.mx\/usuarios\/fotos\/DS2DE2C400IWGK\/4G\/C09S20\/LA\/232985-ds-2de2c400.jpg' alt='Kit Solar Hikvision'> <\/div>\n<p> <!-- Secci\u00f3n de caracter\u00edsticas con grid --> <\/p>\n<div style='display: grid; grid-template-columns: repeat(auto-fit&comma; minmax(280px&comma; 1fr)); gap: 30px; margin: 30px 0;'> <!-- Columna 1 --> <\/p>\n<div style='display: flex; flex-direction: column; gap: 20px;'>\n<div style='border: 1px solid rgba(150&comma; 150&comma; 150&comma; 0.4); border-radius: 8px; overflow: hidden; display: flex; flex-direction: column;'>\n<div style='padding: 15px; border-bottom: 1px solid rgba(150&comma; 150&comma; 150&comma; 0.2); font-weight: bold; font-size: 18px; color: inherit; background: #df001e; border-bottom: 1px solid #a80000; color: white;'> Caracter\u00edsticas Principales: <\/div>\n<div style='padding: 15px; color: inherit;'>\n<ul style='padding-left: 20px; margin: 0; font-size: 14px; list-style-type: disc;'>\n<li style='margin-bottom: 5px;'><span style='color: inherit; font-family: sans-serif;'>Sensor de imagen: 1\/2.7&#8242; CMOS Scan Progresivo.<\/span><\/li>\n<li style='margin-bottom: 5px;'><span style='color: inherit; font-family: sans-serif;'>Iluminaci\u00f3n m\u00ednima: Color: 0.005 Lux @ (F1.6&comma; AGC ON).<\/span><\/li>\n<li style='margin-bottom: 5px;'><span style='color: inherit; font-family: sans-serif;'>Distancia focal: 2.8 mm.<\/span><\/li>\n<li style='margin-bottom: 5px;'><span style='color: inherit; font-family: sans-serif;'>Distancia de IR: 30 m IR EXIR inteligente(modo Performance)&comma; 10 m IR EXIR inteligente(modo Proactivo).<\/span><\/li>\n<li style='margin-bottom: 5px;'><span style='color: inherit; font-family: sans-serif;'>Dia \/ Noche real (filtro ICR).<\/span><\/li>\n<li style='margin-bottom: 5px;'><span style='color: inherit; font-family: sans-serif;'>Funciones : WDR 120dB&comma; 3D-DNR \/ EIS \/ HLC \/ BLC.<\/span><\/li>\n<\/ul><\/div>\n<\/p><\/div>\n<div style='border: 1px solid rgba(150&comma; 150&comma; 150&comma; 0.4); border-radius: 8px; overflow: hidden; display: flex; flex-direction: column;'>\n<div style='padding: 15px; border-bottom: 1px solid rgba(150&comma; 150&comma; 150&comma; 0.2); font-weight: bold; font-size: 18px; color: inherit; background: #df001e; border-bottom: 1px solid #a80000; color: white;'> Entradas y Salidas de Audio \/ Alarmas \/ Red \/ Almacenamiento: <\/div>\n<div style='padding: 15px; color: inherit;'>\n<ul style='padding-left: 20px; margin: 0; font-size: 14px; list-style-type: disc;'>\n<li style='margin-bottom: 5px;'><span style='color: inherit; font-family: sans-serif;'>Soporta Micro SD de hasta 512 GB (no incluida).<\/span><\/li>\n<li style='margin-bottom: 5px;'><span style='color: inherit; font-family: sans-serif;'>Red: 1 puerto RJ45 (10 \/ 100 Mbps) para configuraci\u00f3n.<\/span><\/li>\n<li style='margin-bottom: 5px;'><span style='color: inherit; font-family: sans-serif;'>Ranura para SIM de datos 4G&comma; nanoSIM.<\/span><\/li>\n<li style='margin-bottom: 5px;'><span style='color: inherit; font-family: sans-serif;'>Micr\u00f3fono y Altavoz integrados.<\/span><\/li>\n<\/ul><\/div>\n<\/p><\/div>\n<\/p><\/div>\n<p> <!-- Columna 2 --> <\/p>\n<div style='display: flex; flex-direction: column; gap: 20px;'>\n<div style='border: 1px solid rgba(150&comma; 150&comma; 150&comma; 0.4); border-radius: 8px; overflow: hidden; display: flex; flex-direction: column;'>\n<div style='padding: 15px; border-bottom: 1px solid rgba(150&comma; 150&comma; 150&comma; 0.2); font-weight: bold; font-size: 18px; color: inherit; background: #df001e; border-bottom: 1px solid #a80000; color: white;'> Caracter\u00edsticas F\u00edsicas y El\u00e9ctricas: <\/div>\n<div style='padding: 15px; color: inherit;'>\n<ul style='padding-left: 20px; margin: 0; font-size: 14px; list-style-type: disc;'>\n<li style='margin-bottom: 5px;'><span style='color: inherit; font-family: sans-serif;'>Aplicaci\u00f3n: Exterior.<\/span><\/li>\n<li style='margin-bottom: 5px;'><span style='color: inherit; font-family: sans-serif;'>Protecci\u00f3n: IP67.<\/span><\/li>\n<li style='margin-bottom: 5px;'><span style='color: inherit; font-family: sans-serif;'>Temperatura de operaci\u00f3n: 0\u00b0C a 50\u00b0C.<\/span><\/li>\n<li style='margin-bottom: 5px;'><span style='color: inherit; font-family: sans-serif;'>Alimentaci\u00f3n \/ Consumo: 12 Vcc \/ 7W (no incluido)<\/span><\/li>\n<li style='margin-bottom: 5px;'><span style='color: inherit; font-family: sans-serif;'>Dimensiones: 133&comma;1mm x 177.64mm x 412.44cm<\/span><\/li>\n<li style='margin-bottom: 5px;'><span style='color: inherit; font-family: sans-serif;'>Peso: .85 kgs.<\/span><\/li>\n<li style='margin-bottom: 5px;'><span style='color: inherit; font-family: sans-serif; font-weight: bold;'>Incluye:<\/span> c\u00e1mara&comma; panel solar&comma; bater\u00eda de respaldo&comma; montaje de pared.<\/li>\n<\/ul><\/div>\n<\/p><\/div>\n<div style='border: 1px solid rgba(150&comma; 150&comma; 150&comma; 0.4); border-radius: 8px; overflow: hidden; display: flex; flex-direction: column;'>\n<div style='padding: 15px; border-bottom: 1px solid rgba(150&comma; 150&comma; 150&comma; 0.2); font-weight: bold; font-size: 18px; color: inherit; background: #df001e; border-bottom: 1px solid #a80000; color: white;'> Caracter\u00edsticas Generales <\/div>\n<div style='padding: 15px; color: inherit;'>\n<ul style='padding-left: 20px; margin: 0; font-size: 14px; list-style-type: disc;'>\n<li style='margin-bottom: 5px;'><span style='color: inherit; font-family: sans-serif; font-weight: bold;'>Bateria:<\/span>\n<ul style='margin: 5px 0 0 20px; padding: 0; font-size: 14px; list-style-type: disc;'>\n<li style='margin-bottom: 5px;'><span style='color: inherit; font-family: sans-serif;'>Tipo: Litio.<\/span><\/li>\n<li style='margin-bottom: 5px;'><span style='color: inherit; font-family: sans-serif;'>Capacidad: 50.76Wh.<\/span><\/li>\n<li style='margin-bottom: 5px;'><span style='color: inherit; font-family: sans-serif;'>Voltaje de carga\/salida: 12.6V<\/span><\/li>\n<\/ul>\n<\/li>\n<\/ul><\/div>\n<\/p><\/div>\n<\/p><\/div>\n<\/p><\/div>\n<p> <!-- Secci\u00f3n de consideraciones --> <\/p>\n<div style='border: 1px solid rgba(150&comma; 150&comma; 150&comma; 0.4); border-radius: 8px; overflow: hidden; margin: 30px 0;'>\n<div style='padding: 15px; border-bottom: 1px solid rgba(150&comma; 150&comma; 150&comma; 0.2); font-weight: bold; font-size: 18px; color: inherit; background: #df001e; border-bottom: 1px solid #a80000; color: white;'> Consideraciones: <\/div>\n<div style='padding: 15px; color: inherit;'>\n<ul style='padding-left: 20px; margin: 0; font-size: 14px; list-style-type: disc;'>\n<li style='margin-bottom: 5px;'><span style='color: inherit; font-family: sans-serif;'>El <strong>SIM<\/strong> no est\u00e1 incluido en el kit&comma; debe ser adquirido por separado.<\/span><\/li>\n<li style='margin-bottom: 5px;'><span style='color: inherit; font-family: sans-serif;'>Este kit solar es aut\u00f3nomo&comma; se puede conectar directo a la App de Hik-Connect (escaneando el codigo QR)&comma; s\u00f3lo es necesario agregar el SIM de datos para que consuma internet y vizualizarlo de manera remota.<\/span><\/li>\n<li style='margin-bottom: 5px;'><span style='color: inherit; font-family: sans-serif;'>No requiere alimentacion adicional&comma; el mismo equipo cuenta con un panel solar y banco de baterias para tener autonom\u00eda.<\/span><\/li>\n<li style='margin-bottom: 5px;'><span style='color: inherit; font-family: sans-serif;'>Si necesitamos tener grabaci\u00f3n requiere una memoria micro SD para su grabaci\u00f3n local.<\/span><\/li>\n<li style='margin-bottom: 5px;'><span style='color: inherit; font-family: sans-serif;'>Podemos tener audio de dos vias (audio bidireccional) desde la App Hik-Connect.<\/span><\/li>\n<li style='margin-bottom: 5px;'><span style='color: inherit; font-family: sans-serif;'>Para alcanzar los 1.5 d\u00edas de duraci\u00f3n de la bater\u00eda &comma; el modo de operaci\u00f3n de la c\u00e1mara debe estar en StandBy.<\/span><\/li>\n<\/ul><\/div>\n<\/p><\/div>\n<p> <!-- Imagen final --> <\/p>\n<div style='width: 100%; text-align: center; margin: 20px 0;'> <img style='width: 100%; height: auto; border: 1px solid rgba(150&comma;150&comma;150&comma;0.3); border-radius: 8px;' src='https:\/\/ftp3.syscom.mx\/usuarios\/jsosa\/HIKVISION\/imagenes\/banners\/solution%20complete.png' alt='Soluci\u00f3n Completa Hikvision'> <\/div>\n<\/p><\/div>\n","protected":false},"excerpt":{"rendered":"<p>Kit Solar IP All in One \/ Doble Detecci\u00f3n (Radar + PIR) \/ PT IP 4 Megapixel \/ Lente 2.8 mm \/ Panel Solar \/ Bater\u00eda de Respaldo de Litio 50.76Wh (Hasta 1.5 d\u00edas) \/ Conexi\u00f3n 4G \/ Audio de Dos V\u00edas \/ Accesorios de Inst. \/ D<\/p>\n","protected":false},"featured_media":97261,"comment_status":"open","ping_status":"closed","template":"","meta":[],"product_brand":[],"product_cat":[1224],"product_tag":[122,54,1225],"class_list":{"0":"post-97262","1":"product","2":"type-product","3":"status-publish","4":"has-post-thumbnail","6":"product_cat-ptz","7":"product_tag-camaras-ip-y-nvrs","8":"product_tag-hikvision","9":"product_tag-ptz","11":"first","12":"outofstock","13":"sale","14":"shipping-taxable","15":"purchasable","16":"product-type-simple"},"_links":{"self":[{"href":"https:\/\/soydeaqui.ddns.net\/pachuca\/index.php\/wp-json\/wp\/v2\/product\/97262","targetHints":{"allow":["GET"]}}],"collection":[{"href":"https:\/\/soydeaqui.ddns.net\/pachuca\/index.php\/wp-json\/wp\/v2\/product"}],"about":[{"href":"https:\/\/soydeaqui.ddns.net\/pachuca\/index.php\/wp-json\/wp\/v2\/types\/product"}],"replies":[{"embeddable":true,"href":"https:\/\/soydeaqui.ddns.net\/pachuca\/index.php\/wp-json\/wp\/v2\/comments?post=97262"}],"wp:featuredmedia":[{"embeddable":true,"href":"https:\/\/soydeaqui.ddns.net\/pachuca\/index.php\/wp-json\/wp\/v2\/media\/97261"}],"wp:attachment":[{"href":"https:\/\/soydeaqui.ddns.net\/pachuca\/index.php\/wp-json\/wp\/v2\/media?parent=97262"}],"wp:term":[{"taxonomy":"product_brand","embeddable":true,"href":"https:\/\/soydeaqui.ddns.net\/pachuca\/index.php\/wp-json\/wp\/v2\/product_brand?post=97262"},{"taxonomy":"product_cat","embeddable":true,"href":"https:\/\/soydeaqui.ddns.net\/pachuca\/index.php\/wp-json\/wp\/v2\/product_cat?post=97262"},{"taxonomy":"product_tag","embeddable":true,"href":"https:\/\/soydeaqui.ddns.net\/pachuca\/index.php\/wp-json\/wp\/v2\/product_tag?post=97262"}],"curies":[{"name":"wp","href":"https:\/\/api.w.org\/{rel}","templated":true}]}}