{"id":97257,"date":"2026-03-20T08:48:34","date_gmt":"2026-03-20T08:48:34","guid":{"rendered":"https:\/\/soydeaqui.ddns.net\/pachuca\/index.php\/producto\/kit-solar-ip-all-in-one-doble-deteccion-radar-pir-pt-ip-4-megapixel-lente-2-8-mm-panel-solar-bateria-de-respaldo-de-litio-90wh-hasta-2-dias-conexion-4g-audio-de-dos-vias-accesori\/"},"modified":"2026-03-20T08:48:44","modified_gmt":"2026-03-20T08:48:44","slug":"kit-solar-ip-all-in-one-doble-deteccion-radar-pir-pt-ip-4-megapixel-lente-2-8-mm-panel-solar-bateria-de-respaldo-de-litio-90wh-hasta-2-dias-conexion-4g-audio-de-dos-vias-accesori","status":"publish","type":"product","link":"https:\/\/soydeaqui.ddns.net\/pachuca\/index.php\/producto\/kit-solar-ip-all-in-one-doble-deteccion-radar-pir-pt-ip-4-megapixel-lente-2-8-mm-panel-solar-bateria-de-respaldo-de-litio-90wh-hasta-2-dias-conexion-4g-audio-de-dos-vias-accesori\/","title":{"rendered":"Kit Solar IP All in One \/ Doble Detecci\u00f3n (Radar + PIR) \/ PT IP 4 Megapixel \/ Lente 2.8 mm \/ Panel Solar \/ Bater\u00eda de Respaldo de Litio 90Wh (Hasta 2 d\u00edas) \/ Conexi\u00f3n 4G \/ Audio de Dos V\u00edas \/ Accesorios de Inst. \/ Direc"},"content":{"rendered":"<div style='width: 100%; max-width: 1200px; margin: 0 auto; font-family: sans-serif; line-height: 1.6; color: inherit; background-color: transparent;'> <!-- Imagen logo --> <\/p>\n<div style='width: 100%; display: flex; justify-content: center; margin: 20px 0;'> <img style='width: 45%; height: auto; border: 1px solid rgba(150&comma;150&comma;150&comma;0.3); border-radius: 8px;' src='https:\/\/ftp3.syscom.mx\/usuarios\/jsosa\/HIKVISION\/imagenes\/logo\/hikvision%20see%20far.png' alt='Logo Hikvision'> <\/div>\n<p> <!-- Video --> <\/p>\n<div style='position: relative; padding-bottom: 56.25%; height: 0; overflow: hidden; margin: 30px 0;'>   <\/div>\n<p> <!-- Imagen principal --> <\/p>\n<div style='width: 100%; display: flex; justify-content: center; margin: 20px 0;'> <img style='width: 100%; max-width: 1280px; height: auto; border: 1px solid rgba(150&comma;150&comma;150&comma;0.3); border-radius: 8px;' src='https:\/\/ftp3.syscom.mx\/usuarios\/fotos\/DS2DE2C400IWGK\/4G\/C09S20\/LA\/232985-ds-2de2c400.jpg' alt='Kit Solar Hikvision'> <\/div>\n<p> <!-- Secci\u00f3n de caracter\u00edsticas --> <\/p>\n<div style='display: flex; flex-wrap: wrap; gap: 30px; margin-top: 40px;'> <!-- Columna 1 --> <\/p>\n<div style='flex: 1 1 400px; min-width: 300px;'>\n<div style='border: 1px solid rgba(150&comma;150&comma;150&comma;0.4); border-radius: 8px; overflow: hidden; margin-bottom: 20px;'>\n<div style='padding: 15px; background-color: #df001e; border-bottom: 1px solid #a80000; font-weight: bold; font-size: 18px; color: white;'>Caracter\u00edsticas Principales:<\/div>\n<div style='padding: 15px; color: inherit;'>\n<ul style='padding-left: 20px; margin: 0; font-size: 14px; list-style-type: disc;'>\n<li style='margin-bottom: 5px;'><strong>Sensor de imagen:<\/strong> 1\/2.7&#8242; CMOS Scan Progresivo<\/li>\n<li style='margin-bottom: 5px;'><strong>Iluminaci\u00f3n m\u00ednima:<\/strong> Color: 0.005 Lux @ (F1.6&comma; AGC ON)<\/li>\n<li style='margin-bottom: 5px;'><strong>Distancia focal:<\/strong> 2.8 mm<\/li>\n<li style='margin-bottom: 5px;'><strong>Distancia de IR:<\/strong> 30 m IR EXIR inteligente (modo Performance)&comma; 10 m IR EXIR inteligente (modo Proactivo)<\/li>\n<li style='margin-bottom: 5px;'><strong>D\u00eda \/ Noche:<\/strong> Real (filtro ICR)<\/li>\n<li style='margin-bottom: 5px;'><strong>Funciones:<\/strong> WDR 120dB&comma; 3D-DNR \/ EIS \/ HLC \/ BLC<\/li>\n<\/ul><\/div>\n<\/p><\/div>\n<div style='border: 1px solid rgba(150&comma;150&comma;150&comma;0.4); border-radius: 8px; overflow: hidden;'>\n<div style='padding: 15px; background-color: #df001e; border-bottom: 1px solid #a80000; font-weight: bold; font-size: 18px; color: white;'>Entradas y Salidas de Audio \/ Alarmas \/ Red \/ Almacenamiento:<\/div>\n<div style='padding: 15px; color: inherit;'>\n<ul style='padding-left: 20px; margin: 0; font-size: 14px; list-style-type: disc;'>\n<li style='margin-bottom: 5px;'><strong>Almacenamiento:<\/strong> Soporta Micro SD de hasta 256 GB (no incluida)<\/li>\n<li style='margin-bottom: 5px;'><strong>Red:<\/strong> 1 puerto RJ45 (10 \/ 100 Mbps) para configuraci\u00f3n<\/li>\n<li style='margin-bottom: 5px;'><strong>4G:<\/strong> Ranura para SIM de datos 4G&comma; nanoSIM<\/li>\n<li style='margin-bottom: 5px;'><strong>Audio:<\/strong> Micr\u00f3fono y Altavoz integrados<\/li>\n<\/ul><\/div>\n<\/p><\/div>\n<\/p><\/div>\n<p> <!-- Columna 2 --> <\/p>\n<div style='flex: 1 1 400px; min-width: 300px;'>\n<div style='border: 1px solid rgba(150&comma;150&comma;150&comma;0.4); border-radius: 8px; overflow: hidden; margin-bottom: 20px;'>\n<div style='padding: 15px; background-color: #df001e; border-bottom: 1px solid #a80000; font-weight: bold; font-size: 18px; color: white;'>Caracter\u00edsticas F\u00edsicas y El\u00e9ctricas:<\/div>\n<div style='padding: 15px; color: inherit;'>\n<ul style='padding-left: 20px; margin: 0; font-size: 14px; list-style-type: disc;'>\n<li style='margin-bottom: 5px;'><strong>Aplicaci\u00f3n:<\/strong> Exterior<\/li>\n<li style='margin-bottom: 5px;'><strong>Protecci\u00f3n:<\/strong> IP67<\/li>\n<li style='margin-bottom: 5px;'><strong>Temperatura de operaci\u00f3n:<\/strong> 0\u00b0C a 50\u00b0C<\/li>\n<li style='margin-bottom: 5px;'><strong>Alimentaci\u00f3n \/ Consumo:<\/strong> 12 Vcc \/ 7W (no incluido)<\/li>\n<li style='margin-bottom: 5px;'><strong>Dimensiones:<\/strong> 133&comma;1mm x 177.64mm x 412.44cm<\/li>\n<li style='margin-bottom: 5px;'><strong>Peso:<\/strong> 0.85 kgs<\/li>\n<li style='margin-bottom: 5px;'><strong>Incluye:<\/strong> c\u00e1mara&comma; panel solar&comma; bater\u00eda de respaldo&comma; montaje de pared y poste<\/li>\n<\/ul><\/div>\n<\/p><\/div>\n<div style='border: 1px solid rgba(150&comma;150&comma;150&comma;0.4); border-radius: 8px; overflow: hidden;'>\n<div style='padding: 15px; background-color: #df001e; border-bottom: 1px solid #a80000; font-weight: bold; font-size: 18px; color: white;'>Caracter\u00edsticas Generales<\/div>\n<div style='padding: 15px; color: inherit;'>\n<ul style='padding-left: 20px; margin: 0; font-size: 14px; list-style-type: disc;'>\n<li style='margin-bottom: 5px;'><strong>Bater\u00eda:<\/strong><\/li>\n<ul style='padding-left: 25px; margin: 0; font-size: 14px; list-style-type: disc;'>\n<li style='margin-bottom: 5px;'><strong>Tipo:<\/strong> Litio<\/li>\n<li style='margin-bottom: 5px;'><strong>Capacidad:<\/strong> 90Wh<\/li>\n<li style='margin-bottom: 5px;'><strong>Voltaje de carga\/salida:<\/strong> 12.6V<\/li>\n<\/ul>\n<\/ul><\/div>\n<\/p><\/div>\n<\/p><\/div>\n<\/p><\/div>\n<p> <!-- Separador --> <\/p>\n<hr style='border: 0; border-top: 1px solid rgba(150&comma;150&comma;150&comma;0.3); margin: 30px 0;'> <!-- Consideraciones --> <\/p>\n<div style='margin-top: 30px;'>\n<div style='border: 1px solid rgba(150&comma;150&comma;150&comma;0.4); border-radius: 8px; overflow: hidden;'>\n<div style='padding: 15px; background-color: #df001e; border-bottom: 1px solid #a80000; font-weight: bold; font-size: 18px; color: white;'>Consideraciones:<\/div>\n<div style='padding: 15px; color: inherit;'>\n<ul style='padding-left: 20px; margin: 0; font-size: 14px; list-style-type: disc;'>\n<li style='margin-bottom: 5px;'>El <strong>SIM<\/strong> no est\u00e1 incluido en el kit&comma; debe ser adquirido por separado.<\/li>\n<li style='margin-bottom: 5px;'>Este kit solar es aut\u00f3nomo&comma; se puede conectar directo a la App de Hik-Connect (escaneando el c\u00f3digo QR)&comma; s\u00f3lo es necesario agregar el SIM de datos para que consuma internet y visualizarlo de manera remota.<\/li>\n<li style='margin-bottom: 5px;'>No requiere alimentaci\u00f3n adicional&comma; el mismo equipo cuenta con un panel solar y banco de bater\u00edas para tener autonom\u00eda.<\/li>\n<li style='margin-bottom: 5px;'>Si necesitamos tener grabaci\u00f3n requiere una memoria micro SD para su grabaci\u00f3n local.<\/li>\n<li style='margin-bottom: 5px;'>Podemos tener audio de dos v\u00edas (audio bidireccional) desde la App Hik-Connect.<\/li>\n<li style='margin-bottom: 5px;'>Para alcanzar los 1.5 d\u00edas de duraci\u00f3n de la bater\u00eda&comma; el modo de operaci\u00f3n de la c\u00e1mara debe estar en StandBy.<\/li>\n<\/ul><\/div>\n<\/p><\/div>\n<\/p><\/div>\n<p> <!-- Banner final --> <\/p>\n<div style='width: 100%; display: flex; justify-content: center; margin: 30px 0;'> <img style='width: 100%; max-width: 1200px; height: auto; border: 1px solid rgba(150&comma;150&comma;150&comma;0.3); border-radius: 8px;' src='https:\/\/ftp3.syscom.mx\/usuarios\/jsosa\/HIKVISION\/imagenes\/banners\/solution%20complete.png' alt='Soluci\u00f3n Completa Hikvision'> <\/div>\n<\/p><\/div>\n","protected":false},"excerpt":{"rendered":"<p>Kit Solar IP All in One \/ Doble Detecci\u00f3n (Radar + PIR) \/ PT IP 4 Megapixel \/ Lente 2.8 mm \/ Panel Solar \/ Bater\u00eda de Respaldo de Litio 90Wh (Hasta 2 d\u00edas) \/ Conexi\u00f3n 4G \/ Audio de Dos V\u00edas \/ Accesorios de Inst. \/ Direc<\/p>\n","protected":false},"featured_media":97256,"comment_status":"open","ping_status":"closed","template":"","meta":[],"product_brand":[],"product_cat":[1224],"product_tag":[122,54,1225],"class_list":{"0":"post-97257","1":"product","2":"type-product","3":"status-publish","4":"has-post-thumbnail","6":"product_cat-ptz","7":"product_tag-camaras-ip-y-nvrs","8":"product_tag-hikvision","9":"product_tag-ptz","11":"first","12":"outofstock","13":"sale","14":"shipping-taxable","15":"purchasable","16":"product-type-simple"},"_links":{"self":[{"href":"https:\/\/soydeaqui.ddns.net\/pachuca\/index.php\/wp-json\/wp\/v2\/product\/97257","targetHints":{"allow":["GET"]}}],"collection":[{"href":"https:\/\/soydeaqui.ddns.net\/pachuca\/index.php\/wp-json\/wp\/v2\/product"}],"about":[{"href":"https:\/\/soydeaqui.ddns.net\/pachuca\/index.php\/wp-json\/wp\/v2\/types\/product"}],"replies":[{"embeddable":true,"href":"https:\/\/soydeaqui.ddns.net\/pachuca\/index.php\/wp-json\/wp\/v2\/comments?post=97257"}],"wp:featuredmedia":[{"embeddable":true,"href":"https:\/\/soydeaqui.ddns.net\/pachuca\/index.php\/wp-json\/wp\/v2\/media\/97256"}],"wp:attachment":[{"href":"https:\/\/soydeaqui.ddns.net\/pachuca\/index.php\/wp-json\/wp\/v2\/media?parent=97257"}],"wp:term":[{"taxonomy":"product_brand","embeddable":true,"href":"https:\/\/soydeaqui.ddns.net\/pachuca\/index.php\/wp-json\/wp\/v2\/product_brand?post=97257"},{"taxonomy":"product_cat","embeddable":true,"href":"https:\/\/soydeaqui.ddns.net\/pachuca\/index.php\/wp-json\/wp\/v2\/product_cat?post=97257"},{"taxonomy":"product_tag","embeddable":true,"href":"https:\/\/soydeaqui.ddns.net\/pachuca\/index.php\/wp-json\/wp\/v2\/product_tag?post=97257"}],"curies":[{"name":"wp","href":"https:\/\/api.w.org\/{rel}","templated":true}]}}