{"id":97255,"date":"2026-03-20T08:48:30","date_gmt":"2026-03-20T08:48:30","guid":{"rendered":"https:\/\/soydeaqui.ddns.net\/pachuca\/index.php\/producto\/camara-ip-dsm-para-monitoreo-de-conduccion-resolucion-720p-hd-6-detecciones-de-conduccion-inteligente-audio-bidireccional-conector-m12\/"},"modified":"2026-03-20T08:48:31","modified_gmt":"2026-03-20T08:48:31","slug":"camara-ip-dsm-para-monitoreo-de-conduccion-resolucion-720p-hd-6-detecciones-de-conduccion-inteligente-audio-bidireccional-conector-m12","status":"publish","type":"product","link":"https:\/\/soydeaqui.ddns.net\/pachuca\/index.php\/producto\/camara-ip-dsm-para-monitoreo-de-conduccion-resolucion-720p-hd-6-detecciones-de-conduccion-inteligente-audio-bidireccional-conector-m12\/","title":{"rendered":"C\u00e1mara IP DSM para Monitoreo de Conducci\u00f3n \/ Resoluci\u00f3n 720p HD \/ 6 Detecciones de Conducci\u00f3n Inteligente \/ Audio Bidireccional \/ Conector M12"},"content":{"rendered":"<div style='width: 100%; max-width: 1200px; margin: 0 auto; font-family: sans-serif; line-height: 1.6; color: inherit; background-color: transparent;'>\n<p style='text-align: center;'><img style='width: 100%; max-width: 400px; height: auto; border: 1px solid rgba(150&comma;150&comma;150&comma;0.3); border-radius: 8px;' src='http:\/\/ftp3.syscom.mx\/usuarios\/jdelafuente\/HIKVISION\/hikvision%20logo%20complete.png' alt='Logo Hikvision'><\/p>\n<div style='margin-bottom: 30px;'>\n<p style='font-size: 18px; text-align: center; color: inherit; opacity: 0.85;'> C\u00e1mara IP DSM para detecci\u00f3n de comportamiento de conductor: Detecci\u00f3n de avisos de distracci\u00f3n&comma; conducci\u00f3n con fatiga (cierre de ojos)&comma; detecci\u00f3n de gafas de sol con infrarrojos&comma; detecci\u00f3n de manipulaci\u00f3n&comma; detecci\u00f3n de cintur\u00f3n de seguridad desabrochado&comma; conducci\u00f3n con fatiga (bostezo)&comma; detecci\u00f3n de excepciones del conductor&comma; detecci\u00f3n de manipulaci\u00f3n <\/p>\n<\/p><\/div>\n<div style='display: flex; flex-wrap: wrap; gap: 30px; margin-bottom: 30px;'>\n<div style='flex: 1 1 300px; min-width: 280px;'>\n<h3 style='font-size: 22px; border-bottom: 2px solid currentColor; padding-bottom: 5px; margin-top: 0; color: inherit; opacity: 0.8;'>Caracter\u00edsticas principales<\/h3>\n<ul style='padding-left: 20px; font-size: 15px; color: inherit;'>\n<li style='margin-bottom: 5px;'>C\u00e1mara IP m\u00f3vil 720P<\/li>\n<li style='margin-bottom: 5px;'>Lente 6 mm<\/li>\n<li style='margin-bottom: 5px;'>Conector tipo aviaci\u00f3n M12 (por el mismo cable de video inyecta la alimentaci\u00f3n) Compatible solo con mNVR Hikvision<\/li>\n<li style='margin-bottom: 5px;'>Alimentaci\u00f3n: 9 Vcc a 36 Vcc (la alimentaci\u00f3n la suministra el NVR)<\/li>\n<li style='margin-bottom: 5px;'>10 mts IR (visi\u00f3n nocturna)<\/li>\n<li style='margin-bottom: 5px;'>Cable incluido 50cm<\/li>\n<li style='margin-bottom: 5px;'>Dimensiones: 91.5 * 91.5 * 107.9 mm<\/li>\n<li style='margin-bottom: 5px;'>Peso: 405 grs<\/li>\n<li style='margin-bottom: 5px;'>Garant\u00eda: 5 a\u00f1os<\/li>\n<\/ul><\/div>\n<div style='flex: 1 1 300px; min-width: 280px;'>\n<h3 style='font-size: 22px; border-bottom: 2px solid currentColor; padding-bottom: 5px; margin-top: 0; color: inherit; opacity: 0.8;'>Compatibilidad<\/h3>\n<ul style='padding-left: 20px; font-size: 15px; color: inherit;'>\n<li style='margin-bottom: 5px;'>Compatible con NVR`s m\u00f3viles:<\/li>\n<li style='margin-bottom: 5px;'><a href='https:\/\/www.syscom.pro\/products\/227407' style='color: inherit; text-decoration: underline; opacity: 0.9; font-weight: 500;'>AE-MN5043(M12)<\/a><\/li>\n<\/ul><\/div>\n<\/p><\/div>\n<hr style='border: 0; border-top: 1px solid rgba(150&comma;150&comma;150&comma;0.3); margin: 30px 0;'>\n<div style='margin-top: 30px;'> <img style='width: 100%; height: auto; border: 1px solid rgba(150&comma;150&comma;150&comma;0.3); border-radius: 8px;' src='https:\/\/ftp3.syscom.mx\/usuarios\/jsosa\/HIKVISION\/imagenes\/banners\/solution%20complete.png' alt='Soluci\u00f3n completa'> <\/div>\n<\/p><\/div>\n","protected":false},"excerpt":{"rendered":"<p>C\u00e1mara IP DSM para Monitoreo de Conducci\u00f3n \/ Resoluci\u00f3n 720p HD \/ 6 Detecciones de Conducci\u00f3n Inteligente \/ Audio Bidireccional \/ Conector M12<\/p>\n","protected":false},"featured_media":97254,"comment_status":"open","ping_status":"closed","template":"","meta":[],"product_brand":[],"product_cat":[2272,1406],"product_tag":[2273,1409,54,1345],"class_list":{"0":"post-97255","1":"product","2":"type-product","3":"status-publish","4":"has-post-thumbnail","6":"product_cat-camaras-moviles","7":"product_cat-videograbadoras-moviles-videovigilancia","8":"product_tag-camaras-moviles","9":"product_tag-dash-cams-y-body-cams","10":"product_tag-hikvision","11":"product_tag-videograbadoras-moviles","13":"first","14":"outofstock","15":"sale","16":"shipping-taxable","17":"purchasable","18":"product-type-simple"},"_links":{"self":[{"href":"https:\/\/soydeaqui.ddns.net\/pachuca\/index.php\/wp-json\/wp\/v2\/product\/97255","targetHints":{"allow":["GET"]}}],"collection":[{"href":"https:\/\/soydeaqui.ddns.net\/pachuca\/index.php\/wp-json\/wp\/v2\/product"}],"about":[{"href":"https:\/\/soydeaqui.ddns.net\/pachuca\/index.php\/wp-json\/wp\/v2\/types\/product"}],"replies":[{"embeddable":true,"href":"https:\/\/soydeaqui.ddns.net\/pachuca\/index.php\/wp-json\/wp\/v2\/comments?post=97255"}],"wp:featuredmedia":[{"embeddable":true,"href":"https:\/\/soydeaqui.ddns.net\/pachuca\/index.php\/wp-json\/wp\/v2\/media\/97254"}],"wp:attachment":[{"href":"https:\/\/soydeaqui.ddns.net\/pachuca\/index.php\/wp-json\/wp\/v2\/media?parent=97255"}],"wp:term":[{"taxonomy":"product_brand","embeddable":true,"href":"https:\/\/soydeaqui.ddns.net\/pachuca\/index.php\/wp-json\/wp\/v2\/product_brand?post=97255"},{"taxonomy":"product_cat","embeddable":true,"href":"https:\/\/soydeaqui.ddns.net\/pachuca\/index.php\/wp-json\/wp\/v2\/product_cat?post=97255"},{"taxonomy":"product_tag","embeddable":true,"href":"https:\/\/soydeaqui.ddns.net\/pachuca\/index.php\/wp-json\/wp\/v2\/product_tag?post=97255"}],"curies":[{"name":"wp","href":"https:\/\/api.w.org\/{rel}","templated":true}]}}